{"id":527,"date":"2025-11-17T05:22:28","date_gmt":"2025-11-17T05:22:28","guid":{"rendered":"https:\/\/bestfitnessstore.com\/?post_type=product&#038;p=527"},"modified":"2025-11-17T05:22:28","modified_gmt":"2025-11-17T05:22:28","slug":"sole-e25-elliptisk-crosstrainer","status":"publish","type":"product","link":"http:\/\/bestfitnessstore.com\/sv\/product\/sole-e25-elliptical-cross-trainer\/","title":{"rendered":"Sole E25 elliptisk crosstrainer"},"content":{"rendered":"<div class=\"product-attribute-container-desktop desktop-only\">\n<div class=\"additional-attributes-wrapper table-wrapper\">\n<h4>PRODUKTINFORMATION<\/h4>\n<div class=\"attributes-container\">\n<ul class=\"product-attributes-container\">\n<li><span class=\"specification-title\">F\u00f6rpackningens vikt (KG):\u00a0<\/span><span class=\"specification-data\">105.000000<\/span><\/li>\n<li><span class=\"specification-title\">Str\u00f6mf\u00f6rs\u00f6rjningsmetod:\u00a0<\/span><span class=\"specification-data\">Eln\u00e4t<\/span><\/li>\n<li><span class=\"specification-title\">H\u00e5llare f\u00f6r surfplatta:\u00a0<\/span><span class=\"specification-data\">Ja<\/span><\/li>\n<li><span class=\"specification-title\">Transporthjul:\u00a0<\/span><span class=\"specification-data\">Ja<\/span><\/li>\n<li><span class=\"specification-title\">Sv\u00e4nghjulets vikt (KG):\u00a0<\/span><span class=\"specification-data\">9<\/span><\/li>\n<li><span class=\"specification-title\">\u00d6vervakning av hj\u00e4rtfrekvens:\u00a0<\/span><span class=\"specification-data\">Inbyggda sensorer och Bluetooth<\/span><\/li>\n<li><span class=\"specification-title\">Inbyggda program:\u00a0<\/span><span class=\"specification-data\">10<\/span><\/li>\n<li><span class=\"specification-title\">L\u00e5dans m\u00e5tt (LxBxH):\u00a0<\/span><span class=\"specification-data\">168 x 44,50 x 85,50 cm<\/span><\/li>\n<\/ul>\n<ul class=\"product-attributes-container\">\n<li><span class=\"specification-title\">Produktens vikt (KG):\u00a0<\/span><span class=\"specification-data\">95<\/span><\/li>\n<li><span class=\"specification-title\">Integration av appar:\u00a0<\/span><span class=\"specification-data\">KinoMap, Sole+, Zwift<\/span><\/li>\n<li><span class=\"specification-title\">Bluetooth:\u00a0<\/span><span class=\"specification-data\">Ja<\/span><\/li>\n<li><span class=\"specification-title\">Sv\u00e4nghjulets position:\u00a0<\/span><span class=\"specification-data\">Front<\/span><\/li>\n<li><span class=\"specification-title\">Stegl\u00e4ngd:\u00a0<\/span><span class=\"specification-data\">50.80<\/span><\/li>\n<li><span class=\"specification-title\">Maximal anv\u00e4ndarvikt (kg):\u00a0<\/span><span class=\"specification-data\">158,00 (kg)<\/span><\/li>\n<li><span class=\"specification-title\">Produktens m\u00e5tt (LxBxH):\u00a0<\/span><span class=\"specification-data\">177 x 60 x 177 cm<\/span><\/li>\n<\/ul>\n<\/div>\n<\/div>\n<\/div>\n<div class=\"product-features\">\n<h4>YTTERLIGARE FUNKTIONER<\/h4>\n<div class=\"more-container\">\n<div class=\"unshow-text\">\n<ul class=\"product-features-container\">\n<li><span class=\"specification-title\">Str\u00f6mk\u00e4lla:<\/span>\u00a0<span class=\"specification-data\">AC120V\/60HZ \/ AC230V\/50HZ<\/span><\/li>\n<li><span class=\"specification-title\">Sv\u00e4nghjul:<\/span>\u00a0<span class=\"specification-data\">9 kg<\/span><\/li>\n<li><span class=\"specification-title\">Motst\u00e5ndstyp:<\/span>\u00a0<span class=\"specification-data\">ECB<\/span><\/li>\n<li><span class=\"specification-title\">Motst\u00e5ndstyp:<\/span>\u00a0<span class=\"specification-data\">1-20<\/span><\/li>\n<li><span class=\"specification-title\">Styrst\u00e5ng:<\/span>\u00a0<span class=\"specification-data\">Standardhandtag med kontroller f\u00f6r motst\u00e5nd och lutning<\/span><\/li>\n<li><span class=\"specification-title\">Inbyggd HR-mottagare:<\/span>\u00a0<span class=\"specification-data\">BLE &amp; 5KHz<\/span><\/li>\n<li><span class=\"specification-title\">Handpuls:<\/span>\u00a0<span class=\"specification-data\">Sensorer inbyggda i styret<\/span><\/li>\n<li><span class=\"specification-title\">Konsol:<\/span>\u00a0<span class=\"specification-data\">7,5\u201d LCD-sk\u00e4rm<\/span><\/li>\n<\/ul>\n<\/div>\n<\/div>\n<\/div>\n<div class=\"product-warranty\">\n<h4>GARANTI<\/h4>\n<div class=\"text-container\"><strong>Hemmabruk:<\/strong>\u00a010 \u00e5r p\u00e5 motorn, 5 \u00e5r p\u00e5 reservdelar, 3 \u00e5r p\u00e5 arbetstid. Upp till 2 timmars anv\u00e4ndning per dag i en l\u00e4mplig hemmilj\u00f6. Platser med fuktig, ot\u00e4t betong eller omr\u00e5den med konstant luftfl\u00f6de till externa omr\u00e5den klassas inte som l\u00e4mpliga. Det ska finnas tillr\u00e4cklig isolering och v\u00e4rmek\u00e4lla, annars upph\u00f6r garantin att g\u00e4lla.<\/div>\n<\/div>\n<div class=\"product-next-day\">\n<h4>EXPRESSLEVERANS<\/h4>\n<div class=\"text-container\">M\u00e5nga av v\u00e5ra produkter har expressleverans och leverans p\u00e5 utsatt datum, vilket inneb\u00e4r att du f\u00e5r din produkt levererad redan i morgon eller p\u00e5 ett datum som passar dig. Kontrollera leveransalternativen i kassan f\u00f6r att se tillg\u00e4ngligheten f\u00f6r din korg och ditt postnummer. Leveransvillkor g\u00e4ller.<\/div>\n<\/div>","protected":false},"excerpt":{"rendered":"<p>Sole E25 Elliptical Cross Trainer har m\u00e5nga funktioner och \u00e4r det perfekta tillskottet till alla hemmagym. Rampvinkeln \u00e4r helt justerbar fr\u00e5n ett plant plan till 20 olika lutningsniv\u00e5er, vilket g\u00f6r att anv\u00e4ndarna kan rikta in sig p\u00e5 alla st\u00f6rre muskelgrupper i underkroppen. Tillsammans med den 20 tum l\u00e5nga stegl\u00e4ngden och den mjuka r\u00f6relsen finns ett kraftfullt sv\u00e4nghjul p\u00e5 9 kg och 20 motst\u00e5ndsniv\u00e5er som kan justeras via reglagen p\u00e5 styret. En 7,5\u201d LCD-display ger dig tr\u00e4ningsinformation i realtid och konsolen har \u00e4ven kylfl\u00e4ktar, en enhetsh\u00e5llare, en USB-laddningsport och inbyggda Bluetooth\u00ae-h\u00f6gtalare. E25 har Bluetooth\u00ae 5.0 med FTMS-protokoll och \u00e4r kompatibel med ledande tr\u00e4ningsappar som Zwift och Kinomap, plus Strava, Apple Health Kit och mer via SOLE+-appen. Det finns 10 inbyggda tr\u00e4ningsprogram, bland annat Manual, 5 standardprogram, 2 User och 2 HRC. F\u00f6r pulsm\u00e4tning har E25 handpulssensorer p\u00e5 det statiska styret samt en inbyggd BLE- och 5KHz-mottagare.<\/p>\n<div class=\"product-attribute-container-desktop desktop-only\">\n<div class=\"additional-attributes-wrapper table-wrapper\"><\/div>\n<\/div>","protected":false},"featured_media":529,"comment_status":"open","ping_status":"closed","template":"","meta":{"site-sidebar-layout":"default","site-content-layout":"","ast-site-content-layout":"default","site-content-style":"default","site-sidebar-style":"default","ast-global-header-display":"","ast-banner-title-visibility":"","ast-main-header-display":"","ast-hfb-above-header-display":"","ast-hfb-below-header-display":"","ast-hfb-mobile-header-display":"","site-post-title":"","ast-breadcrumbs-content":"","ast-featured-img":"","footer-sml-layout":"","theme-transparent-header-meta":"default","adv-header-id-meta":"","stick-header-meta":"","header-above-stick-meta":"","header-main-stick-meta":"","header-below-stick-meta":"","astra-migrate-meta-layouts":"set","ast-page-background-enabled":"default","ast-page-background-meta":{"desktop":{"background-color":"var(--ast-global-color-5)","background-image":"","background-repeat":"repeat","background-position":"center center","background-size":"auto","background-attachment":"scroll","background-type":"","background-media":"","overlay-type":"","overlay-color":"","overlay-opacity":"","overlay-gradient":""},"tablet":{"background-color":"","background-image":"","background-repeat":"repeat","background-position":"center center","background-size":"auto","background-attachment":"scroll","background-type":"","background-media":"","overlay-type":"","overlay-color":"","overlay-opacity":"","overlay-gradient":""},"mobile":{"background-color":"","background-image":"","background-repeat":"repeat","background-position":"center center","background-size":"auto","background-attachment":"scroll","background-type":"","background-media":"","overlay-type":"","overlay-color":"","overlay-opacity":"","overlay-gradient":""}},"ast-content-background-meta":{"desktop":{"background-color":"var(--ast-global-color-4)","background-image":"","background-repeat":"repeat","background-position":"center center","background-size":"auto","background-attachment":"scroll","background-type":"","background-media":"","overlay-type":"","overlay-color":"","overlay-opacity":"","overlay-gradient":""},"tablet":{"background-color":"var(--ast-global-color-4)","background-image":"","background-repeat":"repeat","background-position":"center center","background-size":"auto","background-attachment":"scroll","background-type":"","background-media":"","overlay-type":"","overlay-color":"","overlay-opacity":"","overlay-gradient":""},"mobile":{"background-color":"var(--ast-global-color-4)","background-image":"","background-repeat":"repeat","background-position":"center center","background-size":"auto","background-attachment":"scroll","background-type":"","background-media":"","overlay-type":"","overlay-color":"","overlay-opacity":"","overlay-gradient":""}}},"product_brand":[],"product_cat":[18],"product_tag":[23],"class_list":{"0":"post-527","1":"product","2":"type-product","3":"status-publish","4":"has-post-thumbnail","6":"product_cat-cross-trainers","7":"product_tag-cross-trainers","8":"desktop-align-left","9":"tablet-align-left","10":"mobile-align-left","12":"first","13":"instock","14":"sale","15":"taxable","16":"shipping-taxable","17":"purchasable","18":"product-type-simple"},"_links":{"self":[{"href":"http:\/\/bestfitnessstore.com\/sv\/wp-json\/wp\/v2\/product\/527","targetHints":{"allow":["GET"]}}],"collection":[{"href":"http:\/\/bestfitnessstore.com\/sv\/wp-json\/wp\/v2\/product"}],"about":[{"href":"http:\/\/bestfitnessstore.com\/sv\/wp-json\/wp\/v2\/types\/product"}],"replies":[{"embeddable":true,"href":"http:\/\/bestfitnessstore.com\/sv\/wp-json\/wp\/v2\/comments?post=527"}],"wp:featuredmedia":[{"embeddable":true,"href":"http:\/\/bestfitnessstore.com\/sv\/wp-json\/wp\/v2\/media\/529"}],"wp:attachment":[{"href":"http:\/\/bestfitnessstore.com\/sv\/wp-json\/wp\/v2\/media?parent=527"}],"wp:term":[{"taxonomy":"product_brand","embeddable":true,"href":"http:\/\/bestfitnessstore.com\/sv\/wp-json\/wp\/v2\/product_brand?post=527"},{"taxonomy":"product_cat","embeddable":true,"href":"http:\/\/bestfitnessstore.com\/sv\/wp-json\/wp\/v2\/product_cat?post=527"},{"taxonomy":"product_tag","embeddable":true,"href":"http:\/\/bestfitnessstore.com\/sv\/wp-json\/wp\/v2\/product_tag?post=527"}],"curies":[{"name":"wp","href":"https:\/\/api.w.org\/{rel}","templated":true}]}}