{"id":449,"date":"2025-11-16T07:39:26","date_gmt":"2025-11-16T07:39:26","guid":{"rendered":"https:\/\/bestfitnessstore.com\/?post_type=product&#038;p=449"},"modified":"2025-11-16T07:39:26","modified_gmt":"2025-11-16T07:39:26","slug":"matrix-fitness-e50-elliptisk-tranare-med-xer-konsol","status":"publish","type":"product","link":"http:\/\/bestfitnessstore.com\/sv\/product\/matrix-fitness-e50-elliptical-trainer-with-xer-console\/","title":{"rendered":"Matrix Fitness E50 elliptisk tr\u00e4nare med XER-konsol"},"content":{"rendered":"<div class=\"product-attribute-container-desktop desktop-only\">\n<div class=\"additional-attributes-wrapper table-wrapper\">\n<h4>PRODUKTINFORMATION<\/h4>\n<div class=\"attributes-container\">\n<ul class=\"product-attributes-container\">\n<li><span class=\"specification-title\">F\u00f6rpackningens vikt (KG):\u00a0<\/span><span class=\"specification-data\">146.000000<\/span><\/li>\n<li><span class=\"specification-title\">Str\u00f6mf\u00f6rs\u00f6rjningsmetod:\u00a0<\/span><span class=\"specification-data\">Eln\u00e4t<\/span><\/li>\n<li><span class=\"specification-title\">H\u00e5llare f\u00f6r surfplatta:\u00a0<\/span><span class=\"specification-data\">Ja<\/span><\/li>\n<li><span class=\"specification-title\">Transporthjul:\u00a0<\/span><span class=\"specification-data\">Ja<\/span><\/li>\n<li><span class=\"specification-title\">Maximal anv\u00e4ndarh\u00f6jd (cm):\u00a0<\/span><span class=\"specification-data\">201<\/span><\/li>\n<li><span class=\"specification-title\">Stegl\u00e4ngd:\u00a0<\/span><span class=\"specification-data\">51<\/span><\/li>\n<li><span class=\"specification-title\">\u00d6vervakning av hj\u00e4rtfrekvens:\u00a0<\/span><span class=\"specification-data\">Bluetooth, inbyggda sensorer<\/span><\/li>\n<li><span class=\"specification-title\">Inbyggda program:\u00a0<\/span><span class=\"specification-data\">10 f\u00f6rinst\u00e4llda tr\u00e4ningspass inklusive: Kalori, Distans, Fettf\u00f6rbr\u00e4nning, Lutning, Intervaller (lutning), Intervaller (motst\u00e5nd), Manuell, Rullande backar, Hastighet, Sprint 8, Tid<\/span><\/li>\n<\/ul>\n<ul class=\"product-attributes-container\">\n<li><span class=\"specification-title\">Produktens vikt (KG):\u00a0<\/span><span class=\"specification-data\">133<\/span><\/li>\n<li><span class=\"specification-title\">Integration av appar:\u00a0<\/span><span class=\"specification-data\">ViewFit<\/span><\/li>\n<li><span class=\"specification-title\">Bluetooth:\u00a0<\/span><span class=\"specification-data\">Ja<\/span><\/li>\n<li><span class=\"specification-title\">Minsta anv\u00e4ndarh\u00f6jd (cm):\u00a0<\/span><span class=\"specification-data\">147<\/span><\/li>\n<li><span class=\"specification-title\">Sv\u00e4nghjulets position:\u00a0<\/span><span class=\"specification-data\">Front<\/span><\/li>\n<li><span class=\"specification-title\">Steg p\u00e5 h\u00f6jd (CM):\u00a0<\/span><span class=\"specification-data\">23<\/span><\/li>\n<li><span class=\"specification-title\">Maximal anv\u00e4ndarvikt (kg):\u00a0<\/span><span class=\"specification-data\">147,00 (kg)<\/span><\/li>\n<li><span class=\"specification-title\">Produktens m\u00e5tt (LxBxH):\u00a0<\/span><span class=\"specification-data\">148 x 76 x 180 cm<\/span><\/li>\n<\/ul>\n<\/div>\n<\/div>\n<\/div>\n<div class=\"product-features\">\n<h4>YTTERLIGARE FUNKTIONER<\/h4>\n<div class=\"more-container\">\n<div class=\"unshow-text\">\n<ul class=\"product-features-container\">\n<li><span class=\"specification-title\">Ram:<\/span>\u00a0<span class=\"specification-data\">Suspension Elliptical-teknik<\/span><\/li>\n<li><span class=\"specification-title\">Motst\u00e5ndssystem:<\/span>\u00a0<span class=\"specification-data\">Exact Force Induktionsbroms<\/span><\/li>\n<li><span class=\"specification-title\">Motst\u00e5ndsniv\u00e5er:<\/span>\u00a0<span class=\"specification-data\">30 niv\u00e5er, elektronisk<\/span><\/li>\n<li><span class=\"specification-title\">XER-konsolen:<\/span>\u00a0<span class=\"specification-data\">10\u201d peksk\u00e4rm med Bluetooth-anslutning, USB-port, konsolappar, l\u00e4shylla, energisparl\u00e4ge, Viewfit-anslutning (integrera med Fitness-appar) och Passport\u2122 Ready<\/span><\/li>\n<li><span class=\"specification-title\">Pedaler:<\/span>\u00a0<span class=\"specification-data\">\u00d6verdimensionerad med gummiinl\u00e4gg<\/span><\/li>\n<li><span class=\"specification-title\">Avst\u00e5nd mellan pedalerna:<\/span>\u00a0<span class=\"specification-data\">6,5 cm \/ 2,6\u2033<\/span><\/li>\n<li><span class=\"specification-title\">Typ av styrst\u00e5ng:<\/span>\u00a0<span class=\"specification-data\">Multi-position, dubbel verkan<\/span><\/li>\n<li><span class=\"specification-title\">Extramaterial:<\/span>\u00a0<span class=\"specification-data\">Vattenflaskh\u00e5llare, tillbeh\u00f6rsfack, station\u00e4ra handtag med pulsgrepp och motst\u00e5ndsreglage<\/span><\/li>\n<li><span class=\"specification-title\">Aktivt fotavtryck (LxBxH):<\/span>\u00a0<span class=\"specification-data\">173 x 76 x 180 cm \/ 68\u2033 x 30\u2033 x 71\u2033<\/span><\/li>\n<li><span class=\"specification-title\">Talare:<\/span>\u00a0<span class=\"specification-data\">3W<\/span><\/li>\n<li><span class=\"specification-title\">Polar HR-rem medf\u00f6ljer:<\/span>\u00a0<span class=\"specification-data\">Ja<\/span><\/li>\n<li><span class=\"specification-title\">V\u00e4nligen notera:<\/span>\u00a0<span class=\"specification-data\">Leveranstiden f\u00f6r denna produkt \u00e4r 2-4 veckor<\/span><\/li>\n<\/ul>\n<\/div>\n<\/div>\n<\/div>\n<div class=\"product-warranty\">\n<h4>GARANTI<\/h4>\n<div class=\"text-container\"><strong>Hemmabruk:<\/strong>\u00a0Livstidsgaranti f\u00f6r ram, 3 \u00e5r f\u00f6r delar och arbete<\/div>\n<\/div>","protected":false},"excerpt":{"rendered":"<p>Matrix Fitness E50 Elliptical Trainer har utformats speciellt f\u00f6r att passa in i ditt hem med minimal st\u00f6rning, medan genomt\u00e4nkt teknik ger smidig prestanda, naturlig r\u00f6relse och ergonomisk komfort. Exact Force Induction Brake-motst\u00e5ndssystemet ger omedelbara, mjuka och exakta motst\u00e5nds\u00e4ndringar med en knapptryckning, och utan r\u00f6rliga delar \u00e4r det tystare och mer h\u00e5llbart ocks\u00e5. Med 30 motst\u00e5ndsniv\u00e5er \u00e4r E50 tillr\u00e4ckligt flexibel f\u00f6r att utmana anv\u00e4ndare av alla tr\u00e4nings- och erfarenhetsniv\u00e5er, och den \u00e4r l\u00e4ttillg\u00e4nglig tack vare sin 51 cm l\u00e5nga stegl\u00e4ngd och 23 cm h\u00f6ga instegsh\u00f6jd. E50 anv\u00e4nder Matrix exklusiva Suspension Elliptical Technology, som har en hjul- och sp\u00e5rfri design f\u00f6r att minska buller och friktion f\u00f6r l\u00e5ngvarig kvalitet samtidigt som den ger en j\u00e4mn, konsekvent k\u00e4nsla genom ellipsen. XER-konsolen har en tydlig 10-tums peksk\u00e4rm och en intuitiv startsk\u00e4rm som ger enkel \u00e5tkomst till en m\u00e4ngd av dina favoritunderh\u00e5llningsappar, till exempel Netflix, Facebook och mycket mer! E50 Elliptical med XER-konsol erbjuder 10 program, inklusive kalori, distans, fettf\u00f6rbr\u00e4nning, lutning, intervaller (lutning), intervaller (motst\u00e5nd), manuell, rullande backar, hastighet, sprint 8, tid. Sprint 8 - Detta vetenskapligt validerade h\u00f6gintensiva intervalltr\u00e4ningsprogram br\u00e4nner fett och bygger muskler i korta tr\u00e4ningspass som alla kan passa in i sitt schema. ViewFit - Det integrerade ViewFit-anslutningssystemet skickar tr\u00e4ningsdata till de tr\u00e4ningsappar och verktyg som du redan anv\u00e4nder. Det g\u00f6r det ocks\u00e5 enkelt att dela data i dina valda sociala n\u00e4tverk. Passport Ready - Passport-kompatibilitet g\u00f6r det enkelt att uppleva de globala HD-destinationsbilderna i det uppslukande Virtual Active-programmet p\u00e5 din stora sk\u00e4rm. Inkluderar Bluetooth-anslutning.<\/p>\n<div class=\"product-attribute-container-desktop desktop-only\">\n<div class=\"additional-attributes-wrapper table-wrapper\"><\/div>\n<\/div>","protected":false},"featured_media":452,"comment_status":"open","ping_status":"closed","template":"","meta":{"site-sidebar-layout":"default","site-content-layout":"","ast-site-content-layout":"default","site-content-style":"default","site-sidebar-style":"default","ast-global-header-display":"","ast-banner-title-visibility":"","ast-main-header-display":"","ast-hfb-above-header-display":"","ast-hfb-below-header-display":"","ast-hfb-mobile-header-display":"","site-post-title":"","ast-breadcrumbs-content":"","ast-featured-img":"","footer-sml-layout":"","theme-transparent-header-meta":"default","adv-header-id-meta":"","stick-header-meta":"","header-above-stick-meta":"","header-main-stick-meta":"","header-below-stick-meta":"","astra-migrate-meta-layouts":"set","ast-page-background-enabled":"default","ast-page-background-meta":{"desktop":{"background-color":"var(--ast-global-color-5)","background-image":"","background-repeat":"repeat","background-position":"center center","background-size":"auto","background-attachment":"scroll","background-type":"","background-media":"","overlay-type":"","overlay-color":"","overlay-opacity":"","overlay-gradient":""},"tablet":{"background-color":"","background-image":"","background-repeat":"repeat","background-position":"center center","background-size":"auto","background-attachment":"scroll","background-type":"","background-media":"","overlay-type":"","overlay-color":"","overlay-opacity":"","overlay-gradient":""},"mobile":{"background-color":"","background-image":"","background-repeat":"repeat","background-position":"center center","background-size":"auto","background-attachment":"scroll","background-type":"","background-media":"","overlay-type":"","overlay-color":"","overlay-opacity":"","overlay-gradient":""}},"ast-content-background-meta":{"desktop":{"background-color":"var(--ast-global-color-4)","background-image":"","background-repeat":"repeat","background-position":"center center","background-size":"auto","background-attachment":"scroll","background-type":"","background-media":"","overlay-type":"","overlay-color":"","overlay-opacity":"","overlay-gradient":""},"tablet":{"background-color":"var(--ast-global-color-4)","background-image":"","background-repeat":"repeat","background-position":"center center","background-size":"auto","background-attachment":"scroll","background-type":"","background-media":"","overlay-type":"","overlay-color":"","overlay-opacity":"","overlay-gradient":""},"mobile":{"background-color":"var(--ast-global-color-4)","background-image":"","background-repeat":"repeat","background-position":"center center","background-size":"auto","background-attachment":"scroll","background-type":"","background-media":"","overlay-type":"","overlay-color":"","overlay-opacity":"","overlay-gradient":""}}},"product_brand":[],"product_cat":[18],"product_tag":[23],"class_list":{"0":"post-449","1":"product","2":"type-product","3":"status-publish","4":"has-post-thumbnail","6":"product_cat-cross-trainers","7":"product_tag-cross-trainers","8":"desktop-align-left","9":"tablet-align-left","10":"mobile-align-left","12":"first","13":"instock","14":"sale","15":"taxable","16":"shipping-taxable","17":"purchasable","18":"product-type-simple"},"_links":{"self":[{"href":"http:\/\/bestfitnessstore.com\/sv\/wp-json\/wp\/v2\/product\/449","targetHints":{"allow":["GET"]}}],"collection":[{"href":"http:\/\/bestfitnessstore.com\/sv\/wp-json\/wp\/v2\/product"}],"about":[{"href":"http:\/\/bestfitnessstore.com\/sv\/wp-json\/wp\/v2\/types\/product"}],"replies":[{"embeddable":true,"href":"http:\/\/bestfitnessstore.com\/sv\/wp-json\/wp\/v2\/comments?post=449"}],"wp:featuredmedia":[{"embeddable":true,"href":"http:\/\/bestfitnessstore.com\/sv\/wp-json\/wp\/v2\/media\/452"}],"wp:attachment":[{"href":"http:\/\/bestfitnessstore.com\/sv\/wp-json\/wp\/v2\/media?parent=449"}],"wp:term":[{"taxonomy":"product_brand","embeddable":true,"href":"http:\/\/bestfitnessstore.com\/sv\/wp-json\/wp\/v2\/product_brand?post=449"},{"taxonomy":"product_cat","embeddable":true,"href":"http:\/\/bestfitnessstore.com\/sv\/wp-json\/wp\/v2\/product_cat?post=449"},{"taxonomy":"product_tag","embeddable":true,"href":"http:\/\/bestfitnessstore.com\/sv\/wp-json\/wp\/v2\/product_tag?post=449"}],"curies":[{"name":"wp","href":"https:\/\/api.w.org\/{rel}","templated":true}]}}