{"id":427,"date":"2025-11-16T01:26:37","date_gmt":"2025-11-16T01:26:37","guid":{"rendered":"https:\/\/bestfitnessstore.com\/?post_type=product&#038;p=427"},"modified":"2025-11-16T01:30:06","modified_gmt":"2025-11-16T01:30:06","slug":"matrix-fitness-kommersiell-endurance-elliptisk-traningscykel-med-led-konsol","status":"publish","type":"product","link":"http:\/\/bestfitnessstore.com\/sv\/product\/matrix-fitness-commercial-endurance-suspension-elliptical-with-led-console\/","title":{"rendered":"Matrix Fitness Commercial Endurance Suspension Elliptical med LED-konsol"},"content":{"rendered":"<p><strong>PRODUKTINFORMATION<\/strong><br \/>\nF\u00f6rpackningens vikt (KG): 183.500000<br \/>\nStr\u00f6mf\u00f6rs\u00f6rjningsmetod: Elektricitet fr\u00e5n eln\u00e4tet<br \/>\nH\u00e5llare f\u00f6r surfplatta: Ja<br \/>\nTransporthjul: Ja<br \/>\nMaximal anv\u00e4ndarh\u00f6jd (cm): 201<br \/>\nStridsl\u00e4ngd: 53,30<br \/>\n\u00d6vervakning av hj\u00e4rtfrekvens: Inbyggda sensorer och Bluetooth<br \/>\nInbyggda program: Manuell, rullande backar, intervaller, tidsm\u00e5l, distansm\u00e5l, kalorim\u00e5l, m\u00e5lpuls (hastighet), m\u00e5lpuls (lutning), sprint 8, anpassad<br \/>\nProduktens vikt (KG): 148<br \/>\nIntegration av appar: KinoMap, Zwift<br \/>\nBluetooth: Ja<br \/>\nMinsta anv\u00e4ndarh\u00f6jd (cm): 147<br \/>\nSv\u00e4nghjulets position: Fram<br \/>\nH\u00f6jd p\u00e5 fotsteg (CM): 24<br \/>\nMaximal anv\u00e4ndarvikt (kg): 183,50 (kg)<br \/>\nProduktm\u00e5tt (LxBxH): 174,50 x 74 x 179 cm<\/p>\n<p><strong>YTTERLIGARE FUNKTIONER<\/strong><br \/>\nAvst\u00e5nd mellan pedalerna: 6,4 cm \/ 2,5\u201d<br \/>\nMotst\u00e5ndssystem: Borstl\u00f6s generator<br \/>\nMotst\u00e5ndsniv\u00e5er: 30<br \/>\nH\u00f6jd f\u00f6r p\u00e5stigning: 24 cm \/ 9,5\u201d<br \/>\nSkridl\u00e4ngd: 53,3 cm \/ 21\u201d<br \/>\nKontakt och telemetrisk hj\u00e4rtfrekvens: F\u00f6r noggrann \u00f6vervakning av hj\u00e4rtfrekvensen<br \/>\nKonsol: LED-konsol<br \/>\nDisplay: LED med stora siffror och meddelandecentral<br \/>\nTr\u00e4ningspass: Go, Manual, Interval Training, Fat Burn, Rolling Hills, Target Heart Rate, Glute Training* och konditionstest.<br \/>\nSpr\u00e5k: engelska, tyska, franska, italienska, spanska, nederl\u00e4ndska Engelska, tyska, franska, italienska, spanska, nederl\u00e4ndska, portugisiska, svenska, finska, turkiska, danska, polska<br \/>\nFunktioner i konsolen: RFID-inloggning som tillval; h\u00f6rlursuttag; USB-port; l\u00e4shylla<br \/>\nMonteringsvikt: 148 kg \/ 326,3 lbs.<br \/>\nTransportvikt: 183,5 kg \/ 404,5 lbs.<br \/>\nMax anv\u00e4ndarvikt: 182 kg \/ 400 lbs.<br \/>\nM\u00e5tt p\u00e5 monterad enhet: 174,5 x 74 x 179 cm \/ 68,7\u201d x 29,1\u201d x 70,5\u201d<br \/>\nLedtid: Tillverkas p\u00e5 best\u00e4llning - genomsnittlig ledtid 2-14 veckor<\/p>\n<p><strong>GARANTI<\/strong><br \/>\nHem &amp; l\u00e4tt\/fullst\u00e4ndig kommersiell anv\u00e4ndning: 2 \u00e5r, delar och arbete<\/p>","protected":false},"excerpt":{"rendered":"<p>Matrix Fitness Commercial Endurance Suspension Elliptical \u00e4r utrustad med Matrix patenterade upph\u00e4ngningsdesign, som minimerar buller och friktion och f\u00f6rl\u00e4nger produktens livsl\u00e4ngd, \u00e4ven i milj\u00f6er med h\u00f6g anv\u00e4ndning. Varje ellips k\u00e4nns smidig och naturlig tack vare en konstant acceleration och f\u00f6rfinad ergonomi. En stegl\u00e4ngd p\u00e5 53 cm, optimerat pedalavst\u00e5nd och \u00f6verdimensionerade pedaler \u00f6kar komforten f\u00f6r alla anv\u00e4ndare. Motst\u00e5ndsintervallet p\u00e5 5-705 W \u00e4r f\u00f6rdelat p\u00e5 30 motst\u00e5ndsniv\u00e5er, som kan justeras med stora reglage p\u00e5 de fasta handtagen under displayen. LED-konsolens enkla navigering inneb\u00e4r att praktiskt taget vem som helst kan kliva upp p\u00e5 maskinen och komma ig\u00e5ng n\u00e4stan direkt. Den stora sifferdisplayen och meddelandecentret ger tydlig och l\u00e4ttl\u00e4st tr\u00e4ningsfeedback som h\u00e5ller medlemmarna p\u00e5 r\u00e4tt sp\u00e5r f\u00f6r att n\u00e5 sina m\u00e5l. Varje tr\u00e4ningspass \u00e4r en s\u00f6ml\u00f6s och smidig upplevelse, med praktiska funktioner som RFID-inloggning (tillval), h\u00f6rlursuttag, USB-port och en l\u00e4splatta f\u00f6r personliga enheter. Tr\u00e4ningspassen inkluderar Go, Manual, Interval Training, Fat Burn, Rolling Hills, Target Heart Rate, Glute Training* och Fitness Tests. *Program kan komma att \u00e4ndras. Kommersiell produkt som byggs p\u00e5 best\u00e4llning - genomsnittlig ledtid \u00e4r 2-14 veckor, v\u00e4nligen kontakta oss f\u00f6r mer information.<\/p>\n<div class=\"product-attribute-container-desktop desktop-only\">\n<div class=\"additional-attributes-wrapper table-wrapper\"><\/div>\n<\/div>","protected":false},"featured_media":428,"comment_status":"open","ping_status":"closed","template":"","meta":{"site-sidebar-layout":"default","site-content-layout":"","ast-site-content-layout":"default","site-content-style":"default","site-sidebar-style":"default","ast-global-header-display":"","ast-banner-title-visibility":"","ast-main-header-display":"","ast-hfb-above-header-display":"","ast-hfb-below-header-display":"","ast-hfb-mobile-header-display":"","site-post-title":"","ast-breadcrumbs-content":"","ast-featured-img":"","footer-sml-layout":"","theme-transparent-header-meta":"default","adv-header-id-meta":"","stick-header-meta":"","header-above-stick-meta":"","header-main-stick-meta":"","header-below-stick-meta":"","astra-migrate-meta-layouts":"set","ast-page-background-enabled":"default","ast-page-background-meta":{"desktop":{"background-color":"var(--ast-global-color-5)","background-image":"","background-repeat":"repeat","background-position":"center center","background-size":"auto","background-attachment":"scroll","background-type":"","background-media":"","overlay-type":"","overlay-color":"","overlay-opacity":"","overlay-gradient":""},"tablet":{"background-color":"","background-image":"","background-repeat":"repeat","background-position":"center center","background-size":"auto","background-attachment":"scroll","background-type":"","background-media":"","overlay-type":"","overlay-color":"","overlay-opacity":"","overlay-gradient":""},"mobile":{"background-color":"","background-image":"","background-repeat":"repeat","background-position":"center center","background-size":"auto","background-attachment":"scroll","background-type":"","background-media":"","overlay-type":"","overlay-color":"","overlay-opacity":"","overlay-gradient":""}},"ast-content-background-meta":{"desktop":{"background-color":"var(--ast-global-color-4)","background-image":"","background-repeat":"repeat","background-position":"center center","background-size":"auto","background-attachment":"scroll","background-type":"","background-media":"","overlay-type":"","overlay-color":"","overlay-opacity":"","overlay-gradient":""},"tablet":{"background-color":"var(--ast-global-color-4)","background-image":"","background-repeat":"repeat","background-position":"center center","background-size":"auto","background-attachment":"scroll","background-type":"","background-media":"","overlay-type":"","overlay-color":"","overlay-opacity":"","overlay-gradient":""},"mobile":{"background-color":"var(--ast-global-color-4)","background-image":"","background-repeat":"repeat","background-position":"center center","background-size":"auto","background-attachment":"scroll","background-type":"","background-media":"","overlay-type":"","overlay-color":"","overlay-opacity":"","overlay-gradient":""}}},"product_brand":[],"product_cat":[18],"product_tag":[23],"class_list":{"0":"post-427","1":"product","2":"type-product","3":"status-publish","4":"has-post-thumbnail","6":"product_cat-cross-trainers","7":"product_tag-cross-trainers","8":"desktop-align-left","9":"tablet-align-left","10":"mobile-align-left","12":"first","13":"instock","14":"sale","15":"taxable","16":"shipping-taxable","17":"purchasable","18":"product-type-simple"},"_links":{"self":[{"href":"http:\/\/bestfitnessstore.com\/sv\/wp-json\/wp\/v2\/product\/427","targetHints":{"allow":["GET"]}}],"collection":[{"href":"http:\/\/bestfitnessstore.com\/sv\/wp-json\/wp\/v2\/product"}],"about":[{"href":"http:\/\/bestfitnessstore.com\/sv\/wp-json\/wp\/v2\/types\/product"}],"replies":[{"embeddable":true,"href":"http:\/\/bestfitnessstore.com\/sv\/wp-json\/wp\/v2\/comments?post=427"}],"wp:featuredmedia":[{"embeddable":true,"href":"http:\/\/bestfitnessstore.com\/sv\/wp-json\/wp\/v2\/media\/428"}],"wp:attachment":[{"href":"http:\/\/bestfitnessstore.com\/sv\/wp-json\/wp\/v2\/media?parent=427"}],"wp:term":[{"taxonomy":"product_brand","embeddable":true,"href":"http:\/\/bestfitnessstore.com\/sv\/wp-json\/wp\/v2\/product_brand?post=427"},{"taxonomy":"product_cat","embeddable":true,"href":"http:\/\/bestfitnessstore.com\/sv\/wp-json\/wp\/v2\/product_cat?post=427"},{"taxonomy":"product_tag","embeddable":true,"href":"http:\/\/bestfitnessstore.com\/sv\/wp-json\/wp\/v2\/product_tag?post=427"}],"curies":[{"name":"wp","href":"https:\/\/api.w.org\/{rel}","templated":true}]}}