{"id":419,"date":"2025-11-16T01:18:08","date_gmt":"2025-11-16T01:18:08","guid":{"rendered":"https:\/\/bestfitnessstore.com\/?post_type=product&#038;p=419"},"modified":"2025-11-16T01:18:08","modified_gmt":"2025-11-16T01:18:08","slug":"matrix-fitness-a50-uppstigningstranare-med-xur-konsol","status":"publish","type":"product","link":"http:\/\/bestfitnessstore.com\/sv\/product\/matrix-fitness-a50-ascent-trainer-with-xur-console\/","title":{"rendered":"Matrix Fitness A50 Ascent Trainer med XUR-konsol"},"content":{"rendered":"<p><strong>PRODUKTINFORMATION<\/strong><br \/>\nF\u00f6rpackningens vikt (KG): 182.000000<br \/>\nStr\u00f6mf\u00f6rs\u00f6rjningsmetod: Elektricitet fr\u00e5n eln\u00e4tet<br \/>\nH\u00e5llare f\u00f6r surfplatta: Ja<br \/>\nTransporthjul: Ja<br \/>\nMaximal anv\u00e4ndarh\u00f6jd (cm): 201<br \/>\nStridsl\u00e4ngd: 61<br \/>\n\u00d6vervakning av hj\u00e4rtfrekvens: Inbyggda sensorer och Bluetooth<br \/>\nInbyggda program: Manuell,Rullande backar,Intervaller,Tidsm\u00e5l,Avst\u00e5ndsm\u00e5l,Kalorim\u00e5l,M\u00e5lpuls (hastighet),M\u00e5lpuls (lutning),Sprint 8,Anpassad<br \/>\nProduktens vikt (KG): 144<br \/>\nIntegration av appar: KinoMap, Zwift<br \/>\nBluetooth: Ja<br \/>\nMinsta anv\u00e4ndarh\u00f6jd (cm): 147<br \/>\nSv\u00e4nghjulets position: Fram<br \/>\nH\u00f6jd p\u00e5 fotsteg (CM): 22<br \/>\nMaximal anv\u00e4ndarvikt (kg): 159,00 (kg)<br \/>\nProduktm\u00e5tt (LxBxH): 191 x 86 x 174 cm<\/p>\n<p><strong>YTTERLIGARE FUNKTIONER<\/strong><br \/>\nVariabel stegl\u00e4ngd: 51 - 61 cm \/ 20\u201d - 24\u201d<br \/>\nLutning med kraft: 24% - 54%<br \/>\nFj\u00e4drande elliptisk teknik: Hjul- och sp\u00e5rfri design som minskar buller och friktion<br \/>\nPerfectStride\u2122-teknik: Kombinerar en idealisk stegr\u00f6relse och ergonomiskt korrekt fotpositionering med variabel stegl\u00e4ngd f\u00f6r den ultimata naturliga tr\u00e4ningen<br \/>\nMotst\u00e5ndssystem: Exact Force induktionsbroms<br \/>\nMotst\u00e5ndsniv\u00e5er: 30 niv\u00e5er, elektroniska<br \/>\nTyp av styrst\u00e5ng: Multi-grepp, dubbelverkande<br \/>\nExtrautrustning: Vattenflaskh\u00e5llare, tillbeh\u00f6rsfack, station\u00e4ra handtag med pulsgrepp och reglage f\u00f6r motst\u00e5nd\/inklination<br \/>\nXUR-konsol: 22\u201d ljusstark HD-peksk\u00e4rm med ut\u00f6kad Bluetooth-anslutning, USB-port, HDMI-port, konsolappar, l\u00e4shylla, energisparl\u00e4ge, ViewFit-anslutning (integrera med tr\u00e4ningsappar). WiFi kr\u00e4vs f\u00f6r appar och programuppdateringar.<br \/>\nTr\u00e4ningsprogram: 12<br \/>\nAppar f\u00f6r konsolen: Virtual Active, Sprint8, YouTube, Spotify, Netflix och mycket mer. Abonnemang ing\u00e5r inte<br \/>\nPedaler: \u00d6verdimensionerade med gummiinl\u00e4gg<br \/>\nM\u00e5tt (LxBxH): 191 x 86 x 174 cm \/ 75,2\u201d x 33,9\u201d x 68,5\u201d<br \/>\nMonteringsvikt: 159 kg<br \/>\nAnv\u00e4ndarens viktkapacitet: 159 kg \/ 350 lbs<\/p>\n<p><strong>GARANTI<\/strong><br \/>\nHemmabruk: 3 \u00e5r P\/L<\/p>","protected":false},"excerpt":{"rendered":"<p>Matrix Fitness A50 Ascent Trainer ger dig den ultimata uppstigningstr\u00e4ningsupplevelsen, tack vare dess 24% - 54% lutningsfunktion. PerfectStride\u2122 Technology kombinerar en idealisk stegr\u00f6relse och ergonomiskt korrekt fotpositionering med en variabel stegl\u00e4ngd (51 - 61 cm), plus med 30 niv\u00e5er av elektroniskt motst\u00e5nd, du \u00e4r garanterad en utmaning oavsett din konditionsniv\u00e5. Med Matrix Suspension Elliptical Technology har A50 en hjul- och sp\u00e5rfri design som minskar buller och friktion f\u00f6r l\u00e5ngvarig kvalitet samtidigt som den ger en j\u00e4mn och konsekvent k\u00e4nsla genom ellipsen. Komplett med Matrix helt nya premiumkonsol XUR kan du uppleva deras st\u00f6rsta och ljusstarkaste 22\u201d HD-peksk\u00e4rm som ger liv \u00e5t dina virtuella resor, filmer och videor. Med avancerad Bluetooth- och ViewFit-anslutning kan du synkronisera med de appar du redan anv\u00e4nder, som MyFitnessPal, Strava med flera, eller njuta av dina underh\u00e5llningsfavoriter, inklusive Netflix, Spotify och YouTube (abonnemang ing\u00e5r ej). Anslut din telefon eller surfplatta via HDMI f\u00f6r att spegla din enhet p\u00e5 HD-sk\u00e4rmen, surfa p\u00e5 webben, spela musik med de integrerade 5-watts h\u00f6gtalarna och mycket mer! H\u00e5ll varje tr\u00e4ningspass varierat och motiverande med 12 inbyggda metriska tr\u00e4ningsprogram (inklusive det v\u00e4lk\u00e4nda Sprint8 HIIT-programmet), skapa dina egna anpassade tr\u00e4ningspass och upprepa tr\u00e4ningspass som sparas automatiskt i din tr\u00e4ningskalender. F\u00e5 den mest exakta pulsfeedbacken som fitnessutrustning kan ge med integrerad Polar pulsteknik, med ett Polar pulsband som ing\u00e5r i XUR. Multi-grip dual action och station\u00e4ra styrst\u00e4nger g\u00f6r att du snabbt kan \u00e4ndra fokus f\u00f6r din session, med motst\u00e5nd \/ lutningsknapp integrerad som g\u00f6r det m\u00f6jligt att \u00e4ndra i farten.<\/p>\n<div class=\"product-attribute-container-desktop desktop-only\">\n<div class=\"additional-attributes-wrapper table-wrapper\"><\/div>\n<\/div>","protected":false},"featured_media":422,"comment_status":"open","ping_status":"closed","template":"","meta":{"site-sidebar-layout":"default","site-content-layout":"","ast-site-content-layout":"default","site-content-style":"default","site-sidebar-style":"default","ast-global-header-display":"","ast-banner-title-visibility":"","ast-main-header-display":"","ast-hfb-above-header-display":"","ast-hfb-below-header-display":"","ast-hfb-mobile-header-display":"","site-post-title":"","ast-breadcrumbs-content":"","ast-featured-img":"","footer-sml-layout":"","theme-transparent-header-meta":"default","adv-header-id-meta":"","stick-header-meta":"","header-above-stick-meta":"","header-main-stick-meta":"","header-below-stick-meta":"","astra-migrate-meta-layouts":"set","ast-page-background-enabled":"default","ast-page-background-meta":{"desktop":{"background-color":"var(--ast-global-color-5)","background-image":"","background-repeat":"repeat","background-position":"center center","background-size":"auto","background-attachment":"scroll","background-type":"","background-media":"","overlay-type":"","overlay-color":"","overlay-opacity":"","overlay-gradient":""},"tablet":{"background-color":"","background-image":"","background-repeat":"repeat","background-position":"center center","background-size":"auto","background-attachment":"scroll","background-type":"","background-media":"","overlay-type":"","overlay-color":"","overlay-opacity":"","overlay-gradient":""},"mobile":{"background-color":"","background-image":"","background-repeat":"repeat","background-position":"center center","background-size":"auto","background-attachment":"scroll","background-type":"","background-media":"","overlay-type":"","overlay-color":"","overlay-opacity":"","overlay-gradient":""}},"ast-content-background-meta":{"desktop":{"background-color":"var(--ast-global-color-4)","background-image":"","background-repeat":"repeat","background-position":"center center","background-size":"auto","background-attachment":"scroll","background-type":"","background-media":"","overlay-type":"","overlay-color":"","overlay-opacity":"","overlay-gradient":""},"tablet":{"background-color":"var(--ast-global-color-4)","background-image":"","background-repeat":"repeat","background-position":"center center","background-size":"auto","background-attachment":"scroll","background-type":"","background-media":"","overlay-type":"","overlay-color":"","overlay-opacity":"","overlay-gradient":""},"mobile":{"background-color":"var(--ast-global-color-4)","background-image":"","background-repeat":"repeat","background-position":"center center","background-size":"auto","background-attachment":"scroll","background-type":"","background-media":"","overlay-type":"","overlay-color":"","overlay-opacity":"","overlay-gradient":""}}},"product_brand":[],"product_cat":[18],"product_tag":[23],"class_list":{"0":"post-419","1":"product","2":"type-product","3":"status-publish","4":"has-post-thumbnail","6":"product_cat-cross-trainers","7":"product_tag-cross-trainers","8":"desktop-align-left","9":"tablet-align-left","10":"mobile-align-left","12":"first","13":"instock","14":"sale","15":"taxable","16":"shipping-taxable","17":"purchasable","18":"product-type-simple"},"_links":{"self":[{"href":"http:\/\/bestfitnessstore.com\/sv\/wp-json\/wp\/v2\/product\/419","targetHints":{"allow":["GET"]}}],"collection":[{"href":"http:\/\/bestfitnessstore.com\/sv\/wp-json\/wp\/v2\/product"}],"about":[{"href":"http:\/\/bestfitnessstore.com\/sv\/wp-json\/wp\/v2\/types\/product"}],"replies":[{"embeddable":true,"href":"http:\/\/bestfitnessstore.com\/sv\/wp-json\/wp\/v2\/comments?post=419"}],"wp:featuredmedia":[{"embeddable":true,"href":"http:\/\/bestfitnessstore.com\/sv\/wp-json\/wp\/v2\/media\/422"}],"wp:attachment":[{"href":"http:\/\/bestfitnessstore.com\/sv\/wp-json\/wp\/v2\/media?parent=419"}],"wp:term":[{"taxonomy":"product_brand","embeddable":true,"href":"http:\/\/bestfitnessstore.com\/sv\/wp-json\/wp\/v2\/product_brand?post=419"},{"taxonomy":"product_cat","embeddable":true,"href":"http:\/\/bestfitnessstore.com\/sv\/wp-json\/wp\/v2\/product_cat?post=419"},{"taxonomy":"product_tag","embeddable":true,"href":"http:\/\/bestfitnessstore.com\/sv\/wp-json\/wp\/v2\/product_tag?post=419"}],"curies":[{"name":"wp","href":"https:\/\/api.w.org\/{rel}","templated":true}]}}