{"id":394,"date":"2025-11-16T00:30:48","date_gmt":"2025-11-16T00:30:48","guid":{"rendered":"https:\/\/bestfitnessstore.com\/?post_type=product&#038;p=394"},"modified":"2025-11-16T00:30:48","modified_gmt":"2025-11-16T00:30:48","slug":"life-fitness-e5-elliptisk-crosstrainer-med-go-konsol","status":"publish","type":"product","link":"http:\/\/bestfitnessstore.com\/sv\/product\/life-fitness-e5-elliptical-cross-trainer-with-go-console\/","title":{"rendered":"Life Fitness E5 crosstrainer med Go-konsol"},"content":{"rendered":"<div class=\"product-attribute-container-desktop desktop-only\">\n<div class=\"additional-attributes-wrapper table-wrapper\">\n<h2>PRODUKTINFORMATION<\/h2>\n<div class=\"attributes-container\">\n<ul class=\"product-attributes-container\">\n<li><span class=\"specification-title\">F\u00f6rpackningens vikt (KG):\u00a0<\/span><span class=\"specification-data\">136.500000<\/span><\/li>\n<li><span class=\"specification-title\">Str\u00f6mf\u00f6rs\u00f6rjningsmetod:\u00a0<\/span><span class=\"specification-data\">Eln\u00e4t<\/span><\/li>\n<li><span class=\"specification-title\">H\u00e5llare f\u00f6r surfplatta:\u00a0<\/span><span class=\"specification-data\">Ja<\/span><\/li>\n<li><span class=\"specification-title\">Transporthjul:\u00a0<\/span><span class=\"specification-data\">Ja<\/span><\/li>\n<li><span class=\"specification-title\">Stegl\u00e4ngd:\u00a0<\/span><span class=\"specification-data\">61<\/span><\/li>\n<li><span class=\"specification-title\">\u00d6vervakning av hj\u00e4rtfrekvens:\u00a0<\/span><span class=\"specification-data\">Inbyggda sensorer<\/span><\/li>\n<li><span class=\"specification-title\">Inbyggda program:\u00a0<\/span><span class=\"specification-data\">13 f\u00f6rinst\u00e4llningar inklusive: Manual, Random, Hill, EZ Resistance, Sport Training, Fat Burn, Cardio, Heart Rate Hill\u2122, Heart Rate Interval, Extreme Heart Rate\u2122, Calorie, Distance, Target Heart Rate plus Quick Start, Race Mode, Cool Down\/Warm Up Modes<\/span><\/li>\n<\/ul>\n<ul class=\"product-attributes-container\">\n<li><span class=\"specification-title\">Produktens vikt (KG):\u00a0<\/span><span class=\"specification-data\">114<\/span><\/li>\n<li><span class=\"specification-title\">Integration av appar:\u00a0<\/span><span class=\"specification-data\">Life Fitness Connect<\/span><\/li>\n<li><span class=\"specification-title\">Bluetooth:\u00a0<\/span><span class=\"specification-data\">Ja<\/span><\/li>\n<li><span class=\"specification-title\">Sv\u00e4nghjulets position:\u00a0<\/span><span class=\"specification-data\">Bakre delen<\/span><\/li>\n<li><span class=\"specification-title\">Steg p\u00e5 h\u00f6jd (CM):\u00a0<\/span><span class=\"specification-data\">25.50<\/span><\/li>\n<li><span class=\"specification-title\">Maximal anv\u00e4ndarvikt (kg):\u00a0<\/span><span class=\"specification-data\">181,00 (kg)<\/span><\/li>\n<li><span class=\"specification-title\">Produktens m\u00e5tt (LxBxH):\u00a0<\/span><span class=\"specification-data\">213 x 86 x 168 cm<\/span><\/li>\n<\/ul>\n<\/div>\n<\/div>\n<\/div>\n<div class=\"product-features\">\n<h2>YTTERLIGARE FUNKTIONER<\/h2>\n<div class=\"more-container\">\n<div class=\"unshow-text\">\n<ul class=\"product-features-container\">\n<li><span class=\"specification-title\">Design av klubbkvalitet:<\/span>\u00a0<span class=\"specification-data\">Slitstark st\u00e5lram med klubbinspirerad Titanium-finish<\/span><\/li>\n<li><span class=\"specification-title\">Justerbar stegl\u00e4ngd:<\/span>\u00a0<span class=\"specification-data\">46-61 cm<\/span><\/li>\n<li><span class=\"specification-title\">WhisperStride\u2122-teknik:<\/span>\u00a0<span class=\"specification-data\">Ger ett lugnt och smidigt l\u00f6psteg<\/span><\/li>\n<li><span class=\"specification-title\">Link6\u2122 elliptisk drivenhet:<\/span>\u00a0<span class=\"specification-data\">Naturligt steg som speglar m\u00e4nniskans r\u00f6relser<\/span><\/li>\n<li><span class=\"specification-title\">Motst\u00e5nd:<\/span>\u00a0<span class=\"specification-data\">20 niv\u00e5er<\/span><\/li>\n<li><span class=\"specification-title\">Display:<\/span>\u00a0<span class=\"specification-data\">4 x 6\u2033 LCD med bl\u00e5 bakgrund och vita tecken; instruktionsmeddelande, 2 anv\u00e4ndarprofiler<\/span><\/li>\n<li><span class=\"specification-title\">G\u00e5 till konsolen:<\/span>\u00a0<span class=\"specification-data\">2 anv\u00e4ndarprofiler, 13 tr\u00e4ningspass, 1 anpassat tr\u00e4ningspass per anv\u00e4ndarprofil<\/span><\/li>\n<li><span class=\"specification-title\">Feedback fr\u00e5n tr\u00e4ningspasset:<\/span>\u00a0<span class=\"specification-data\">Kalorier, distans, hastighet (mph\/km\/h), niv\u00e5, tempo, tid, hj\u00e4rtfrekvens, m\u00e5lhj\u00e4rtfrekvens, MET, animerade symboler<\/span><\/li>\n<li><span class=\"specification-title\">Anpassade tr\u00e4ningspass:<\/span>\u00a0<span class=\"specification-data\">1 per anv\u00e4ndarprofil<\/span><\/li>\n<li><span class=\"specification-title\">ActivityZone\u2122:<\/span>\u00a0<span class=\"specification-data\">Coachar dig genom tr\u00e4ningspass med Leg Sculptor och Total Body Trainer<\/span><\/li>\n<li><span class=\"specification-title\">Hj\u00e4rtfrekvensm\u00e4tare:<\/span>\u00a0<span class=\"specification-data\">Kontaktgrepp p\u00e5 b\u00e5da styrparen, telemetri\u00f6vervakning med tr\u00e5dl\u00f6s hj\u00e4rtfrekvens med br\u00f6strem<\/span><\/li>\n<li><span class=\"specification-title\">D\u00e4mpade, \u00f6verdimensionerade och halkskyddade pedaler:<\/span>\u00a0<span class=\"specification-data\">Komfort, st\u00f6d och naturlig r\u00f6relsefrihet<\/span><\/li>\n<li><span class=\"specification-title\">Flyttbart styre med flera grepp:<\/span>\u00a0<span class=\"specification-data\">Ger tr\u00e4ning f\u00f6r hela kroppen<\/span><\/li>\n<li><span class=\"specification-title\">ErgoGrip\u2122 station\u00e4rt styre fram:<\/span>\u00a0<span class=\"specification-data\">Ger stabilitet under tr\u00e4ningspass som endast omfattar nedre delen av kroppen<\/span><\/li>\n<li><span class=\"specification-title\">Motst\u00e5nd\/stegkontroll med en knapptryckning:<\/span>\u00a0<span class=\"specification-data\">Placerad p\u00e5 handtag med flera grepp f\u00f6r enkel justering<\/span><\/li>\n<li><span class=\"specification-title\">Tillbeh\u00f6r:<\/span>\u00a0<span class=\"specification-data\">Tillbeh\u00f6rsfack, 2 muggh\u00e5llare<\/span><\/li>\n<li><span class=\"specification-title\">Energisparl\u00e4ge:<\/span>\u00a0<span class=\"specification-data\">Minskar energif\u00f6rbrukningen n\u00e4r den inte anv\u00e4nds<\/span><\/li>\n<\/ul>\n<\/div>\n<\/div>\n<\/div>\n<div class=\"product-warranty\">\n<h2>GARANTI<\/h2>\n<div class=\"text-container\"><strong>Hemmabruk:<\/strong>\u00a010 \u00e5r p\u00e5 ram, 5 \u00e5r p\u00e5 motor, 3 \u00e5r p\u00e5 reservdelar och arbete, 3 m\u00e5nader p\u00e5 kosmetiska detaljer.<\/div>\n<\/div>\n<div class=\"product-next-day\">\n<h2>EXPRESSLEVERANS<\/h2>\n<div class=\"text-container\">M\u00e5nga av v\u00e5ra produkter har expressleverans och leverans p\u00e5 utsatt datum, vilket inneb\u00e4r att du f\u00e5r din produkt levererad redan i morgon eller p\u00e5 ett datum som passar dig. Kontrollera leveransalternativen i kassan f\u00f6r att se tillg\u00e4ngligheten f\u00f6r din korg och ditt postnummer. Leveransvillkor g\u00e4ller.<\/div>\n<\/div>\n<div class=\"product-attribute-container-desktop desktop-only\">\n<div class=\"additional-attributes-wrapper table-wrapper\"><\/div>\n<\/div>","protected":false},"excerpt":{"rendered":"<p>Life Fitness E5 Elliptical Cross Trainer med Go-konsol ing\u00e5r i den innovativa E-serien och \u00e4r en h\u00f6gkvalitativ plattform f\u00f6r helkroppstr\u00e4ning med banbrytande funktioner. Med en justerbar stegbana passar den alla anv\u00e4ndare och g\u00f6r att du kan v\u00e4xla mellan olika tr\u00e4ningsomr\u00e5den. Med en kraftfull elliptisk drivning och WhisperStride\u2122-teknik kan du njuta av exceptionellt mjuka och tysta r\u00f6relser, medan den avancerade konsolen ger sp\u00e4nnande virtuella tr\u00e4ningsalternativ. Steget \u00e4r perfekt f\u00f6r alla anv\u00e4ndare och kan justeras fr\u00e5n 46 cm till 61 cm med en knapptryckning. Den kraftfulla elliptiska drivningen \u00e4r otroligt bekv\u00e4m och ger en j\u00e4mn och naturlig r\u00f6relse, medan WhisperStride\u2122-tekniken garanterar ett av de tystaste stegen som finns. D\u00e4mpade, halkfria pedaler ger s\u00e4ker fotf\u00e4ste och komfort medan tv\u00e5 upps\u00e4ttningar styrst\u00e4nger g\u00f6r att du kan v\u00e4xla fr\u00e5n tr\u00e4ning av hela kroppen till tr\u00e4ning av underkroppen. Det r\u00f6rliga styret med flera grepp har ocks\u00e5 praktiska kontroller f\u00f6r tummotst\u00e5nd och steg f\u00f6r enkel justering av tr\u00e4ningspasset. Go Console har ett l\u00e4ttanv\u00e4nt LCD-gr\u00e4nssnitt, komplett med 13 utmanande tr\u00e4ningsprogram som hj\u00e4lper dig att inspirera din tr\u00e4ning och n\u00e5 dina m\u00e5l snabbare. Programmen blandar hastighet och motst\u00e5nd och inkluderar fettf\u00f6rbr\u00e4nning, backtr\u00e4ning och sporttr\u00e4ning, samt den engagerande Activity Zone\u2122 - en helkroppstr\u00e4nare med Leg Sculptor\u2122 och mycket mer. Det finns ocks\u00e5 ett utbud av pulsfokuserade tr\u00e4ningspass. Med kontaktpulssensorer i det station\u00e4ra styret kan du enkelt h\u00e5lla koll p\u00e5 din puls eller v\u00e4lja att anv\u00e4nda det medf\u00f6ljande br\u00f6stb\u00e4ltet f\u00f6r optimala resultat. LCD-sk\u00e4rmen visar \u00e4ven all annan viktig tr\u00e4ningsstatistik, vilket g\u00f6r det enkelt att f\u00f6lja upp dina framsteg. E5 har ett exceptionellt, klubbinspirerat utseende och har en attraktiv titanfinish, vilket g\u00f6r den till ett sl\u00e5ende komplement till alla hemmilj\u00f6er. E5 med GO-konsol har ocks\u00e5 ett tillbeh\u00f6rsfack, 2 muggh\u00e5llare och ett energisparl\u00e4ge.<\/p>\n<div class=\"product-attribute-container-desktop desktop-only\">\n<div class=\"additional-attributes-wrapper table-wrapper\"><\/div>\n<\/div>","protected":false},"featured_media":396,"comment_status":"open","ping_status":"closed","template":"","meta":{"site-sidebar-layout":"default","site-content-layout":"","ast-site-content-layout":"default","site-content-style":"default","site-sidebar-style":"default","ast-global-header-display":"","ast-banner-title-visibility":"","ast-main-header-display":"","ast-hfb-above-header-display":"","ast-hfb-below-header-display":"","ast-hfb-mobile-header-display":"","site-post-title":"","ast-breadcrumbs-content":"","ast-featured-img":"","footer-sml-layout":"","theme-transparent-header-meta":"default","adv-header-id-meta":"","stick-header-meta":"","header-above-stick-meta":"","header-main-stick-meta":"","header-below-stick-meta":"","astra-migrate-meta-layouts":"set","ast-page-background-enabled":"default","ast-page-background-meta":{"desktop":{"background-color":"var(--ast-global-color-5)","background-image":"","background-repeat":"repeat","background-position":"center center","background-size":"auto","background-attachment":"scroll","background-type":"","background-media":"","overlay-type":"","overlay-color":"","overlay-opacity":"","overlay-gradient":""},"tablet":{"background-color":"","background-image":"","background-repeat":"repeat","background-position":"center center","background-size":"auto","background-attachment":"scroll","background-type":"","background-media":"","overlay-type":"","overlay-color":"","overlay-opacity":"","overlay-gradient":""},"mobile":{"background-color":"","background-image":"","background-repeat":"repeat","background-position":"center center","background-size":"auto","background-attachment":"scroll","background-type":"","background-media":"","overlay-type":"","overlay-color":"","overlay-opacity":"","overlay-gradient":""}},"ast-content-background-meta":{"desktop":{"background-color":"var(--ast-global-color-4)","background-image":"","background-repeat":"repeat","background-position":"center center","background-size":"auto","background-attachment":"scroll","background-type":"","background-media":"","overlay-type":"","overlay-color":"","overlay-opacity":"","overlay-gradient":""},"tablet":{"background-color":"var(--ast-global-color-4)","background-image":"","background-repeat":"repeat","background-position":"center center","background-size":"auto","background-attachment":"scroll","background-type":"","background-media":"","overlay-type":"","overlay-color":"","overlay-opacity":"","overlay-gradient":""},"mobile":{"background-color":"var(--ast-global-color-4)","background-image":"","background-repeat":"repeat","background-position":"center center","background-size":"auto","background-attachment":"scroll","background-type":"","background-media":"","overlay-type":"","overlay-color":"","overlay-opacity":"","overlay-gradient":""}}},"product_brand":[],"product_cat":[18],"product_tag":[23],"class_list":{"0":"post-394","1":"product","2":"type-product","3":"status-publish","4":"has-post-thumbnail","6":"product_cat-cross-trainers","7":"product_tag-cross-trainers","8":"desktop-align-left","9":"tablet-align-left","10":"mobile-align-left","12":"first","13":"instock","14":"sale","15":"taxable","16":"shipping-taxable","17":"purchasable","18":"product-type-simple"},"_links":{"self":[{"href":"http:\/\/bestfitnessstore.com\/sv\/wp-json\/wp\/v2\/product\/394","targetHints":{"allow":["GET"]}}],"collection":[{"href":"http:\/\/bestfitnessstore.com\/sv\/wp-json\/wp\/v2\/product"}],"about":[{"href":"http:\/\/bestfitnessstore.com\/sv\/wp-json\/wp\/v2\/types\/product"}],"replies":[{"embeddable":true,"href":"http:\/\/bestfitnessstore.com\/sv\/wp-json\/wp\/v2\/comments?post=394"}],"wp:featuredmedia":[{"embeddable":true,"href":"http:\/\/bestfitnessstore.com\/sv\/wp-json\/wp\/v2\/media\/396"}],"wp:attachment":[{"href":"http:\/\/bestfitnessstore.com\/sv\/wp-json\/wp\/v2\/media?parent=394"}],"wp:term":[{"taxonomy":"product_brand","embeddable":true,"href":"http:\/\/bestfitnessstore.com\/sv\/wp-json\/wp\/v2\/product_brand?post=394"},{"taxonomy":"product_cat","embeddable":true,"href":"http:\/\/bestfitnessstore.com\/sv\/wp-json\/wp\/v2\/product_cat?post=394"},{"taxonomy":"product_tag","embeddable":true,"href":"http:\/\/bestfitnessstore.com\/sv\/wp-json\/wp\/v2\/product_tag?post=394"}],"curies":[{"name":"wp","href":"https:\/\/api.w.org\/{rel}","templated":true}]}}