{"id":1481,"date":"2025-11-26T07:25:21","date_gmt":"2025-11-26T07:25:21","guid":{"rendered":"https:\/\/bestfitnessstore.com\/?post_type=product&#038;p=1481"},"modified":"2025-11-26T07:25:21","modified_gmt":"2025-11-26T07:25:21","slug":"spirit-xt485-ent-hopfallbart-lopband","status":"publish","type":"product","link":"http:\/\/bestfitnessstore.com\/sv\/product\/spirit-xt485-ent-folding-treadmill\/","title":{"rendered":"Spirit XT485 ENT hopf\u00e4llbart l\u00f6pband"},"content":{"rendered":"<div class=\"product-attribute-container-desktop desktop-only\">\n<div class=\"additional-attributes-wrapper table-wrapper\">\n<h4>PRODUKTINFORMATION<\/h4>\n<div class=\"attributes-container\">\n<ul class=\"product-attributes-container\">\n<li><span class=\"specification-title\">F\u00f6rpackningens vikt (KG):\u00a0<\/span><span class=\"specification-data\">143.500000<\/span><\/li>\n<li><span class=\"specification-title\">Str\u00f6mf\u00f6rs\u00f6rjningsmetod:\u00a0<\/span><span class=\"specification-data\">Eln\u00e4t<\/span><\/li>\n<li><span class=\"specification-title\">H\u00e5llare f\u00f6r surfplatta:\u00a0<\/span><span class=\"specification-data\">Ja<\/span><\/li>\n<li><span class=\"specification-title\">F\u00e4llbar:\u00a0<\/span><span class=\"specification-data\">Ja<\/span><\/li>\n<li><span class=\"specification-title\">Maximal anv\u00e4ndarvikt (kg):\u00a0<\/span><span class=\"specification-data\">150,00 (kg)<\/span><\/li>\n<li><span class=\"specification-title\">Transporthjul:\u00a0<\/span><span class=\"specification-data\">Ja<\/span><\/li>\n<li><span class=\"specification-title\">L\u00e5dans m\u00e5tt (LxBxH):\u00a0<\/span><span class=\"specification-data\">217 x 94 x 37,50 cm<\/span><\/li>\n<\/ul>\n<ul class=\"product-attributes-container\">\n<li><span class=\"specification-title\">Produktens vikt (KG):\u00a0<\/span><span class=\"specification-data\">129.50<\/span><\/li>\n<li><span class=\"specification-title\">Integration av appar:\u00a0<\/span><span class=\"specification-data\">KinoMap, Netflix, SPIRIT+, Zwift<\/span><\/li>\n<li><span class=\"specification-title\">Bluetooth:\u00a0<\/span><span class=\"specification-data\">Ja<\/span><\/li>\n<li><span class=\"specification-title\">\u00d6vervakning av hj\u00e4rtfrekvens:\u00a0<\/span><span class=\"specification-data\">Inbyggda sensorer och Bluetooth<\/span><\/li>\n<li><span class=\"specification-title\">Inbyggda program:\u00a0<\/span><span class=\"specification-data\">Manuell, backe, fettf\u00f6rbr\u00e4nning, cardio, styrka, backe, fusion, 5 km, 10 km, tid, distans, kalorier, 2 anv\u00e4ndare, 4 hj\u00e4rtfrekvens, konditionstest<\/span><\/li>\n<li><span class=\"specification-title\">Produktens m\u00e5tt (LxBxH):\u00a0<\/span><span class=\"specification-data\">206 x 92 x 175,50 cm<\/span><\/li>\n<\/ul>\n<\/div>\n<\/div>\n<\/div>\n<div class=\"product-features\">\n<h4>YTTERLIGARE FUNKTIONER<\/h4>\n<div class=\"more-container\">\n<div class=\"unshow-text\">\n<ul class=\"product-features-container\">\n<li><span class=\"specification-title\">Konsol:<\/span>\u00a0<span class=\"specification-data\">10,1\u201d peksk\u00e4rm, telefonkant, lutande och vridbar h\u00e5llare f\u00f6r surfplatta, Bluetooth-h\u00f6gtalare, USB-laddningsport, justerbar fl\u00e4kt, barnl\u00e5s, ljuduttag, 12 f\u00f6rinstallerade appar<\/span><\/li>\n<li><span class=\"specification-title\">Skydd 360\u2122:<\/span>\u00a0<span class=\"specification-data\">Barnl\u00e5s, str\u00f6mindikatorlampa, aktivering av s\u00e4kerhetsnyckel, ledst\u00e5ngsl\u00e5s<\/span><\/li>\n<li><span class=\"specification-title\">Hj\u00e4rtfrekvens:<\/span>\u00a0<span class=\"specification-data\">Kontakt och Bluetooth (5 kHz &amp; Bluetooth), br\u00f6stband ing\u00e5r ej<\/span><\/li>\n<li><span class=\"specification-title\">Hastighet\/Inklination:<\/span>\u00a0<span class=\"specification-data\">1-20 km\/h \/ 15 niv\u00e5er<\/span><\/li>\n<li><span class=\"specification-title\">Reglage p\u00e5 styret:<\/span>\u00a0<span class=\"specification-data\">Ja, hastighet och lutning<\/span><\/li>\n<li><span class=\"specification-title\">Drivmotor:<\/span>\u00a0<span class=\"specification-data\">4,0 HK<\/span><\/li>\n<li><span class=\"specification-title\">D\u00e4ck:<\/span>\u00a0<span class=\"specification-data\">25 mm fenol, silikonsm\u00f6rjning<\/span><\/li>\n<li><span class=\"specification-title\">B\u00e4lte:<\/span>\u00a0<span class=\"specification-data\">560 x 1525 mm<\/span><\/li>\n<li><span class=\"specification-title\">Roller:<\/span>\u00a0<span class=\"specification-data\">60 \/ 60<\/span><\/li>\n<li><span class=\"specification-title\">Ram:<\/span>\u00a0<span class=\"specification-data\">F\u00e4llbar, med lyfthj\u00e4lp och l\u00e5ngsam utf\u00e4llning, t\u00e5lig pulverlackering<\/span><\/li>\n<li><span class=\"specification-title\">V\u00e4nligen notera:<\/span>\u00a0<span class=\"specification-data\">Tabletten ing\u00e5r inte<\/span><\/li>\n<\/ul>\n<\/div>\n<\/div>\n<\/div>\n<div class=\"product-warranty\">\n<h4>GARANTI<\/h4>\n<div class=\"text-container\"><strong>Hemmabruk:<\/strong>\u00a010 \u00e5r p\u00e5 motor, 3 \u00e5r p\u00e5 delar och 3 \u00e5r p\u00e5 arbete. Produkten ska anv\u00e4ndas\/f\u00f6rvaras i en l\u00e4mplig milj\u00f6 (platser med fuktig, ot\u00e4tad betong eller omr\u00e5den med konstant luftfl\u00f6de till externa omr\u00e5den klassas inte som l\u00e4mpliga).<\/div>\n<\/div>","protected":false},"excerpt":{"rendered":"<p>Spirit XT485 ENT hopf\u00e4llbart l\u00f6pband, den rymliga l\u00f6pytan p\u00e5 560 x 1525 mm och den p\u00e5litliga 4,0 HP PowerMax\u2122 drivmotorn ger dig allt utrymme och kraft du beh\u00f6ver f\u00f6r en bekv\u00e4m och effektiv tr\u00e4ning, direkt\u00e5tkomst till hastighets- och lutningsknappar p\u00e5 konsolen och nya vippreglage g\u00f6r att du kan \u00f6ka hastigheten upp till 20 km\/h och lutningen i 15 niv\u00e5er enkelt n\u00e4r du \u00e4r p\u00e5 spr\u00e5ng. Spirit XT485ENT:s 10,1\u201d peksk\u00e4rm har ett intuitivt anv\u00e4ndargr\u00e4nssnitt som g\u00f6r det enkelt att navigera genom tr\u00e4ningsprogram och olika konditionstester. Det finns f\u00f6rinstallerade appar som Netflix, CNN och mer, samt inbyggda sk\u00e4rmspeglingsfunktioner och en USB-laddningsport f\u00f6r o\u00e4ndliga m\u00f6jligheter till underh\u00e5llning eller motivation. F\u00f6rinst\u00e4llda program inkluderar Manual, Hill, Fat Burn, Cardio, Strength, HIIT, Fusion, 5K, 10K, Time, Distance, Calories, 2 User, 4 Heart Rate och Fitness Tests. Din hj\u00e4rtfrekvens m\u00e4ts via kontaktpulssensorer eller via ett br\u00f6stband (ing\u00e5r ej). XT485ENT kan ocks\u00e5 anslutas till n\u00e5gra ledande tr\u00e4ningsappar som Zwift och Kinomap, plus Map My Fitness, Apple Health Kit och mycket mer via Spirit+ App. Konsolen \u00e4r komplett med en dedikerad lutnings- och vridbar h\u00e5llare f\u00f6r surfplattor, en l\u00e4shylla, integrerade Bluetooth-h\u00f6gtalare, en telefonhylla, tv\u00e5 muggh\u00e5llare, en justerbar kylfl\u00e4kt och barnl\u00e5s. Spirit XT485:s hopf\u00e4llbara ram \u00e4r utrustad med Lift Assist och Slow Deploy f\u00f6r s\u00e4ker hop- och utf\u00e4llning och har en t\u00e5lig pulverlackering.<\/p>\n<div class=\"product-attribute-container-desktop desktop-only\">\n<div class=\"additional-attributes-wrapper table-wrapper\"><\/div>\n<\/div>","protected":false},"featured_media":1485,"comment_status":"open","ping_status":"closed","template":"","meta":{"site-sidebar-layout":"default","site-content-layout":"","ast-site-content-layout":"default","site-content-style":"default","site-sidebar-style":"default","ast-global-header-display":"","ast-banner-title-visibility":"","ast-main-header-display":"","ast-hfb-above-header-display":"","ast-hfb-below-header-display":"","ast-hfb-mobile-header-display":"","site-post-title":"","ast-breadcrumbs-content":"","ast-featured-img":"","footer-sml-layout":"","theme-transparent-header-meta":"default","adv-header-id-meta":"","stick-header-meta":"","header-above-stick-meta":"","header-main-stick-meta":"","header-below-stick-meta":"","astra-migrate-meta-layouts":"set","ast-page-background-enabled":"default","ast-page-background-meta":{"desktop":{"background-color":"var(--ast-global-color-5)","background-image":"","background-repeat":"repeat","background-position":"center center","background-size":"auto","background-attachment":"scroll","background-type":"","background-media":"","overlay-type":"","overlay-color":"","overlay-opacity":"","overlay-gradient":""},"tablet":{"background-color":"","background-image":"","background-repeat":"repeat","background-position":"center center","background-size":"auto","background-attachment":"scroll","background-type":"","background-media":"","overlay-type":"","overlay-color":"","overlay-opacity":"","overlay-gradient":""},"mobile":{"background-color":"","background-image":"","background-repeat":"repeat","background-position":"center center","background-size":"auto","background-attachment":"scroll","background-type":"","background-media":"","overlay-type":"","overlay-color":"","overlay-opacity":"","overlay-gradient":""}},"ast-content-background-meta":{"desktop":{"background-color":"var(--ast-global-color-4)","background-image":"","background-repeat":"repeat","background-position":"center center","background-size":"auto","background-attachment":"scroll","background-type":"","background-media":"","overlay-type":"","overlay-color":"","overlay-opacity":"","overlay-gradient":""},"tablet":{"background-color":"var(--ast-global-color-4)","background-image":"","background-repeat":"repeat","background-position":"center center","background-size":"auto","background-attachment":"scroll","background-type":"","background-media":"","overlay-type":"","overlay-color":"","overlay-opacity":"","overlay-gradient":""},"mobile":{"background-color":"var(--ast-global-color-4)","background-image":"","background-repeat":"repeat","background-position":"center center","background-size":"auto","background-attachment":"scroll","background-type":"","background-media":"","overlay-type":"","overlay-color":"","overlay-opacity":"","overlay-gradient":""}}},"product_brand":[],"product_cat":[21],"product_tag":[25],"class_list":{"0":"post-1481","1":"product","2":"type-product","3":"status-publish","4":"has-post-thumbnail","6":"product_cat-treadmills","7":"product_tag-treadmills","8":"desktop-align-left","9":"tablet-align-left","10":"mobile-align-left","12":"first","13":"instock","14":"sale","15":"taxable","16":"shipping-taxable","17":"purchasable","18":"product-type-simple"},"_links":{"self":[{"href":"http:\/\/bestfitnessstore.com\/sv\/wp-json\/wp\/v2\/product\/1481","targetHints":{"allow":["GET"]}}],"collection":[{"href":"http:\/\/bestfitnessstore.com\/sv\/wp-json\/wp\/v2\/product"}],"about":[{"href":"http:\/\/bestfitnessstore.com\/sv\/wp-json\/wp\/v2\/types\/product"}],"replies":[{"embeddable":true,"href":"http:\/\/bestfitnessstore.com\/sv\/wp-json\/wp\/v2\/comments?post=1481"}],"wp:featuredmedia":[{"embeddable":true,"href":"http:\/\/bestfitnessstore.com\/sv\/wp-json\/wp\/v2\/media\/1485"}],"wp:attachment":[{"href":"http:\/\/bestfitnessstore.com\/sv\/wp-json\/wp\/v2\/media?parent=1481"}],"wp:term":[{"taxonomy":"product_brand","embeddable":true,"href":"http:\/\/bestfitnessstore.com\/sv\/wp-json\/wp\/v2\/product_brand?post=1481"},{"taxonomy":"product_cat","embeddable":true,"href":"http:\/\/bestfitnessstore.com\/sv\/wp-json\/wp\/v2\/product_cat?post=1481"},{"taxonomy":"product_tag","embeddable":true,"href":"http:\/\/bestfitnessstore.com\/sv\/wp-json\/wp\/v2\/product_tag?post=1481"}],"curies":[{"name":"wp","href":"https:\/\/api.w.org\/{rel}","templated":true}]}}