{"id":1294,"date":"2025-11-25T16:41:13","date_gmt":"2025-11-25T16:41:13","guid":{"rendered":"https:\/\/bestfitnessstore.com\/?post_type=product&#038;p=1294"},"modified":"2025-11-25T16:41:13","modified_gmt":"2025-11-25T16:41:13","slug":"nordictrack-commercial-le-hopfallbart-lopband","status":"publish","type":"product","link":"http:\/\/bestfitnessstore.com\/sv\/product\/nordictrack-commercial-le-folding-treadmill\/","title":{"rendered":"NordicTrack Commercial LE hopf\u00e4llbart l\u00f6pband"},"content":{"rendered":"<div class=\"product-app-integration\">\n<h4>APP-ANSLUTNING<\/h4>\n<div class=\"app-integration-container\">\n<div data-content-type=\"row\" data-appearance=\"contained\" data-element=\"main\">\n<div data-enable-parallax=\"0\" data-parallax-speed=\"0.5\" data-background-images=\"{}\" data-background-type=\"image\" data-video-loop=\"true\" data-video-play-only-visible=\"true\" data-video-lazy-load=\"true\" data-video-fallback-src=\"\" data-element=\"inner\" data-pb-style=\"BI8RT7Q\">\n<div data-content-type=\"html\" data-appearance=\"default\" data-element=\"main\" data-decoded=\"true\">\n<div class=\"app\">\n<div class=\"app-logo\"><img decoding=\"async\" src=\"https:\/\/www.fitness-superstore.co.uk\/media\/wysiwyg\/app_connectivity\/ifit-square-logo-lg.png\" alt=\"Ifit Square-logotypen\" \/><\/div>\n<div class=\"app-content\">\n<p class=\"app-title\">IFIT<\/p>\n<p class=\"app-description\">Ta hem studioklasser och globala tr\u00e4ningspass live eller p\u00e5 beg\u00e4ran<\/p>\n<\/div>\n<\/div>\n<\/div>\n<\/div>\n<\/div>\n<\/div>\n<p>*Prenumerationer kan kr\u00e4vas. Med reservation f\u00f6r \u00e4ndringar.<\/p>\n<\/div>\n<div class=\"product-attribute-container-desktop desktop-only\">\n<div class=\"additional-attributes-wrapper table-wrapper\">\n<h4>PRODUKTINFORMATION<\/h4>\n<div class=\"attributes-container\">\n<ul class=\"product-attributes-container\">\n<li><span class=\"specification-title\">F\u00f6rpackningens vikt (KG):\u00a0<\/span><span class=\"specification-data\">140.000000<\/span><\/li>\n<li><span class=\"specification-title\">Integration av appar:\u00a0<\/span><span class=\"specification-data\">iFIT<\/span><\/li>\n<li><span class=\"specification-title\">F\u00e4llbar:\u00a0<\/span><span class=\"specification-data\">Ja<\/span><\/li>\n<li><span class=\"specification-title\">Maximal anv\u00e4ndarvikt (kg):\u00a0<\/span><span class=\"specification-data\">182,00 (kg)<\/span><\/li>\n<li><span class=\"specification-title\">Produktens m\u00e5tt (LxBxH):\u00a0<\/span><span class=\"specification-data\">196 x 94 x 151 cm<\/span><\/li>\n<li><span class=\"specification-title\">F\u00e4lld M\u00e5tt (LxBxH):\u00a0<\/span><span class=\"specification-data\">112 x 94 x 175 cm<\/span><\/li>\n<\/ul>\n<ul class=\"product-attributes-container\">\n<li><span class=\"specification-title\">Str\u00f6mf\u00f6rs\u00f6rjningsmetod:\u00a0<\/span><span class=\"specification-data\">Eln\u00e4t<\/span><\/li>\n<li><span class=\"specification-title\">Bluetooth:\u00a0<\/span><span class=\"specification-data\">Ja<\/span><\/li>\n<li><span class=\"specification-title\">\u00d6vervakning av hj\u00e4rtfrekvens:\u00a0<\/span><span class=\"specification-data\">Bluetooth<\/span><\/li>\n<li><span class=\"specification-title\">Transporthjul:\u00a0<\/span><span class=\"specification-data\">Ja<\/span><\/li>\n<li><span class=\"specification-title\">L\u00e5dans m\u00e5tt (LxBxH):\u00a0<\/span><span class=\"specification-data\">214 x 90 x 37 cm<\/span><\/li>\n<\/ul>\n<\/div>\n<\/div>\n<\/div>\n<div class=\"product-features\">\n<h4>YTTERLIGARE FUNKTIONER<\/h4>\n<div class=\"more-container\">\n<div class=\"unshow-text\">\n<ul class=\"product-features-container\">\n<li><span class=\"specification-title\">Motor:<\/span>\u00a0<span class=\"specification-data\">3.6 Drivsystem f\u00f6r kraftv\u00e4rme<\/span><\/li>\n<li><span class=\"specification-title\">Hastighet:<\/span>\u00a0<span class=\"specification-data\">0-20 km\/h<\/span><\/li>\n<li><span class=\"specification-title\">Decline\/Incline:<\/span>\u00a0<span class=\"specification-data\">-3 - 12%<\/span><\/li>\n<li><span class=\"specification-title\">L\u00f6pande omr\u00e5de:<\/span>\u00a0<span class=\"specification-data\">55 x 152 cm<\/span><\/li>\n<li><span class=\"specification-title\">Konsol:<\/span>\u00a0<span class=\"specification-data\">7\u201d flerf\u00e4rgsdisplay med h\u00f6g kontrast (lutning)<\/span><\/li>\n<li><span class=\"specification-title\">Avl\u00e4sningar:<\/span>\u00a0<span class=\"specification-data\">Lutning, distans, tid, tempo, kalorier, vertikal \u00f6kning<\/span><\/li>\n<li><span class=\"specification-title\">IFIT:<\/span>\u00a0<span class=\"specification-data\">F\u00e5 tillg\u00e5ng till globala tr\u00e4ningspass och streamingsessioner ledda av tr\u00e4nare i v\u00e4rldsklass som pressar dig till det yttersta f\u00f6r att maximera dina resultat. 30 dagars iFIT Train-pr\u00f6vning ing\u00e5r<\/span><\/li>\n<li><span class=\"specification-title\">AutoBreeze\u2122 tr\u00e4ningsfl\u00e4kt:<\/span>\u00a0<span class=\"specification-data\">H\u00e5ll dig sval medan du springer<\/span><\/li>\n<li><span class=\"specification-title\">RunFlex\u2122-d\u00e4mpning:<\/span>\u00a0<span class=\"specification-data\">Justerbara inst\u00e4llningar f\u00f6r komfort och st\u00f6td\u00e4mpning<\/span><\/li>\n<li><span class=\"specification-title\">SpaceSaver-design med EasyLift Assist:<\/span>\u00a0<span class=\"specification-data\">F\u00f6r vertikal f\u00f6rvaring och enkel montering<\/span><\/li>\n<li><span class=\"specification-title\">IFIT Trial:<\/span>\u00a0<span class=\"specification-data\">30-dagars iFIT-pr\u00f6vning ing\u00e5r. Kreditkort kr\u00e4vs f\u00f6r aktivering. iFIT-medlemskapet f\u00f6rnyas automatiskt om det inte s\u00e4gs upp i f\u00f6rv\u00e4g. 30-dagars provperiod g\u00e4ller endast f\u00f6r nya medlemskap.<\/span><\/li>\n<\/ul>\n<\/div>\n<\/div>\n<\/div>\n<div class=\"product-warranty\">\n<h4>GARANTI<\/h4>\n<div class=\"text-container\"><strong>Hemmabruk:<\/strong>\u00a0Livstid p\u00e5 ram, 10 \u00e5r p\u00e5 motor, tv\u00e5 \u00e5r p\u00e5 delar och arbete (villkor g\u00e4ller) under f\u00f6ruts\u00e4ttning att produkten registreras inom 28 dagar efter k\u00f6pet. Standardgarantin \u00e4r 12 m\u00e5nader f\u00f6r delar och arbete Villkor Denna garanti g\u00e4ller endast f\u00f6r den ursprungliga k\u00f6paren (du) och kan inte \u00f6verl\u00e5tas. Garantin t\u00e4cker inte: 1. Normalt slitage (exempel p\u00e5 delar som uts\u00e4tts f\u00f6r normalt slitage \u00e4r g\u00e5ngremmar, drivremmar, batterier, bromsbel\u00e4gg och hoppmattor). 2. Alla provisoriska reparationer, anpassningar eller \u00e4ndringar f\u00f6r att modifiera denna produkt fr\u00e5n dess normala syfte och funktion enligt beskrivningen i anv\u00e4ndarhandboken. 3. Skador till f\u00f6ljd av: a) Upps\u00e5tliga eller illvilliga handlingar. b) Transport. c) Felaktig installation, montering eller anslutning som inte \u00f6verensst\u00e4mmer med ICON:s specifikationer eller rekommendationer. d) Missbruk, felaktig anv\u00e4ndning, underl\u00e5tenhet att f\u00f6lja instruktioner eller felaktig eller onormal anv\u00e4ndning. e) Bristande efterlevnad av instruktionerna i din anv\u00e4ndarhandbok (t.ex. anv\u00e4ndning av andra reng\u00f6rings- och underh\u00e5llsprodukter \u00e4n de som rekommenderas, underl\u00e5tenhet att st\u00e4nga av produkten efter anv\u00e4ndning osv.) f) Anv\u00e4ndning utanf\u00f6r hemmet (inklusive men inte begr\u00e4nsat till anv\u00e4ndning i kommersiella, professionella, hyres- eller institutionella milj\u00f6er). g) Reparationer som inte utf\u00f6rs av en ICON-auktoriserad tj\u00e4nsteleverant\u00f6r eller anv\u00e4ndning av delar som inte tillhandah\u00e5lls eller auktoriseras av ICON. h) Olyckor, st\u00f6tar, str\u00f6mavbrott, blixtnedslag, stormar, vatten, eld, djur eller andra orsaker som ICON inte kan p\u00e5verka. i) Felaktig placering inklusive, men inte begr\u00e4nsat till, fuktiga, dammiga eller utomhusmilj\u00f6er (exempel inkluderar garage, k\u00e4llare, verandor och uteplatser).<\/div>\n<\/div>","protected":false},"excerpt":{"rendered":"<div id=\"fullDescription\" class=\"full-description\">\n<div class=\"text-container\">NordicTrack Commercial LE hopf\u00e4llbart l\u00f6pband drivs av ett 3,6 CHP drivsystem och kan n\u00e5 hastigheter upp till 20 km\/h och har en lutning\/nedg\u00e5ng p\u00e5 12% - -3%. Det har ett rymligt 55 x 152 cm slitbaneb\u00e4lte som f\u00f6rst\u00e4rks av RunFlex\u2122-d\u00e4mpning, som simulerar k\u00e4nslan av att vandra, g\u00e5, springa och jogga utomhus. Commercial LE:s 7\u201d flerf\u00e4rgsdisplay med h\u00f6g kontrast visar alla viktiga tr\u00e4ningsm\u00e5tt, inklusive lutning, distans, tid, tempo, kalorier och vertikal \u00f6kning. Ladda ner iFIT-appen till din smarta enhet (*30 dagars iFIT Train-pr\u00f6vning ing\u00e5r) f\u00f6r att f\u00e5 tillg\u00e5ng till ett v\u00e4xande bibliotek med tr\u00e4narledda tr\u00e4ningspass, automatiskt f\u00f6lja dina framsteg, replikera verkliga l\u00f6prundor med Google Maps\u2122, t\u00e4vla med dina v\u00e4nner och skr\u00e4ddarsy din tr\u00e4ning efter dina specifika m\u00e5l. Commercial LE \u00e4r ocks\u00e5 utrustad med ActivePulse\u2122-teknik (SmartBeat-armband kr\u00e4vs) som automatiskt justerar hastighet och lutning f\u00f6r att h\u00e5lla din puls i den optimala zonen. Lyssna p\u00e5 din tr\u00e4nares motiverande v\u00e4gledning via de integrerade h\u00f6gtalarna, eller anslut dina Bluetooth-h\u00f6rlurar f\u00f6r att verkligen k\u00e4nna dig uppslukad av din l\u00f6prunda. N\u00e4r du har avslutat din l\u00f6ptur kan Commercial LE:s d\u00e4ck enkelt lyftas f\u00f6r att spara golvyta i ditt rum. Andra integrerade funktioner inkluderar en AutoBreeze\u2122-fl\u00e4kt och en USB-C-port f\u00f6r att h\u00e5lla din telefon fulladdad medan du tr\u00e4nar. *30-dagars iFIT Train Trial ing\u00e5r. Kreditkort kr\u00e4vs f\u00f6r aktivering. iFIT Train-medlemskapet f\u00f6rnyas automatiskt om det inte s\u00e4gs upp i f\u00f6rv\u00e4g. 30-dagars provperiod g\u00e4ller endast f\u00f6r nya medlemskap.&nbsp;<\/p>\n<\/div>\n<\/div>\n<div class=\"product-app-integration\"><\/div>","protected":false},"featured_media":1295,"comment_status":"open","ping_status":"closed","template":"","meta":{"site-sidebar-layout":"default","site-content-layout":"","ast-site-content-layout":"default","site-content-style":"default","site-sidebar-style":"default","ast-global-header-display":"","ast-banner-title-visibility":"","ast-main-header-display":"","ast-hfb-above-header-display":"","ast-hfb-below-header-display":"","ast-hfb-mobile-header-display":"","site-post-title":"","ast-breadcrumbs-content":"","ast-featured-img":"","footer-sml-layout":"","theme-transparent-header-meta":"default","adv-header-id-meta":"","stick-header-meta":"","header-above-stick-meta":"","header-main-stick-meta":"","header-below-stick-meta":"","astra-migrate-meta-layouts":"set","ast-page-background-enabled":"default","ast-page-background-meta":{"desktop":{"background-color":"var(--ast-global-color-5)","background-image":"","background-repeat":"repeat","background-position":"center center","background-size":"auto","background-attachment":"scroll","background-type":"","background-media":"","overlay-type":"","overlay-color":"","overlay-opacity":"","overlay-gradient":""},"tablet":{"background-color":"","background-image":"","background-repeat":"repeat","background-position":"center center","background-size":"auto","background-attachment":"scroll","background-type":"","background-media":"","overlay-type":"","overlay-color":"","overlay-opacity":"","overlay-gradient":""},"mobile":{"background-color":"","background-image":"","background-repeat":"repeat","background-position":"center center","background-size":"auto","background-attachment":"scroll","background-type":"","background-media":"","overlay-type":"","overlay-color":"","overlay-opacity":"","overlay-gradient":""}},"ast-content-background-meta":{"desktop":{"background-color":"var(--ast-global-color-4)","background-image":"","background-repeat":"repeat","background-position":"center center","background-size":"auto","background-attachment":"scroll","background-type":"","background-media":"","overlay-type":"","overlay-color":"","overlay-opacity":"","overlay-gradient":""},"tablet":{"background-color":"var(--ast-global-color-4)","background-image":"","background-repeat":"repeat","background-position":"center center","background-size":"auto","background-attachment":"scroll","background-type":"","background-media":"","overlay-type":"","overlay-color":"","overlay-opacity":"","overlay-gradient":""},"mobile":{"background-color":"var(--ast-global-color-4)","background-image":"","background-repeat":"repeat","background-position":"center center","background-size":"auto","background-attachment":"scroll","background-type":"","background-media":"","overlay-type":"","overlay-color":"","overlay-opacity":"","overlay-gradient":""}}},"product_brand":[],"product_cat":[21],"product_tag":[25],"class_list":{"0":"post-1294","1":"product","2":"type-product","3":"status-publish","4":"has-post-thumbnail","6":"product_cat-treadmills","7":"product_tag-treadmills","8":"desktop-align-left","9":"tablet-align-left","10":"mobile-align-left","12":"first","13":"instock","14":"sale","15":"taxable","16":"shipping-taxable","17":"purchasable","18":"product-type-simple"},"_links":{"self":[{"href":"http:\/\/bestfitnessstore.com\/sv\/wp-json\/wp\/v2\/product\/1294","targetHints":{"allow":["GET"]}}],"collection":[{"href":"http:\/\/bestfitnessstore.com\/sv\/wp-json\/wp\/v2\/product"}],"about":[{"href":"http:\/\/bestfitnessstore.com\/sv\/wp-json\/wp\/v2\/types\/product"}],"replies":[{"embeddable":true,"href":"http:\/\/bestfitnessstore.com\/sv\/wp-json\/wp\/v2\/comments?post=1294"}],"wp:featuredmedia":[{"embeddable":true,"href":"http:\/\/bestfitnessstore.com\/sv\/wp-json\/wp\/v2\/media\/1295"}],"wp:attachment":[{"href":"http:\/\/bestfitnessstore.com\/sv\/wp-json\/wp\/v2\/media?parent=1294"}],"wp:term":[{"taxonomy":"product_brand","embeddable":true,"href":"http:\/\/bestfitnessstore.com\/sv\/wp-json\/wp\/v2\/product_brand?post=1294"},{"taxonomy":"product_cat","embeddable":true,"href":"http:\/\/bestfitnessstore.com\/sv\/wp-json\/wp\/v2\/product_cat?post=1294"},{"taxonomy":"product_tag","embeddable":true,"href":"http:\/\/bestfitnessstore.com\/sv\/wp-json\/wp\/v2\/product_tag?post=1294"}],"curies":[{"name":"wp","href":"https:\/\/api.w.org\/{rel}","templated":true}]}}