{"id":1277,"date":"2025-11-25T16:13:34","date_gmt":"2025-11-25T16:13:34","guid":{"rendered":"https:\/\/bestfitnessstore.com\/?post_type=product&#038;p=1277"},"modified":"2025-11-25T16:13:34","modified_gmt":"2025-11-25T16:13:34","slug":"nordictrack-commercial-1250-hopfallbart-lopband","status":"publish","type":"product","link":"http:\/\/bestfitnessstore.com\/sv\/product\/nordictrack-commercial-1250-folding-treadmill\/","title":{"rendered":"NordicTrack Commercial 1250 hopf\u00e4llbart l\u00f6pband"},"content":{"rendered":"<div class=\"product-attribute-container-desktop desktop-only\">\n<div class=\"additional-attributes-wrapper table-wrapper\">\n<h4>PRODUKTINFORMATION<\/h4>\n<div class=\"attributes-container\">\n<ul class=\"product-attributes-container\">\n<li><span class=\"specification-title\">F\u00f6rpackningens vikt (KG):\u00a0<\/span><span class=\"specification-data\">140.000000<\/span><\/li>\n<li><span class=\"specification-title\">Integration av appar:\u00a0<\/span><span class=\"specification-data\">iFIT<\/span><\/li>\n<li><span class=\"specification-title\">F\u00e4llbar:\u00a0<\/span><span class=\"specification-data\">Ja<\/span><\/li>\n<li><span class=\"specification-title\">Transporthjul:\u00a0<\/span><span class=\"specification-data\">Ja<\/span><\/li>\n<li><span class=\"specification-title\">L\u00e5dans m\u00e5tt (LxBxH):\u00a0<\/span><span class=\"specification-data\">214 x 90 x 37 cm<\/span><\/li>\n<\/ul>\n<ul class=\"product-attributes-container\">\n<li><span class=\"specification-title\">Str\u00f6mf\u00f6rs\u00f6rjningsmetod:\u00a0<\/span><span class=\"specification-data\">Eln\u00e4t<\/span><\/li>\n<li><span class=\"specification-title\">Bluetooth:\u00a0<\/span><span class=\"specification-data\">Ja<\/span><\/li>\n<li><span class=\"specification-title\">Maximal anv\u00e4ndarvikt (kg):\u00a0<\/span><span class=\"specification-data\">182,00 (kg)<\/span><\/li>\n<li><span class=\"specification-title\">Produktens m\u00e5tt (LxBxH):\u00a0<\/span><span class=\"specification-data\">196 x 94 x 151 cm<\/span><\/li>\n<li><span class=\"specification-title\">F\u00e4lld M\u00e5tt (LxBxH):\u00a0<\/span><span class=\"specification-data\">112 x 94 x 175 cm<\/span><\/li>\n<\/ul>\n<\/div>\n<\/div>\n<\/div>\n<div class=\"product-features\">\n<h4>YTTERLIGARE FUNKTIONER<\/h4>\n<div class=\"more-container\">\n<div class=\"unshow-text\">\n<ul class=\"product-features-container\">\n<li><span class=\"specification-title\">Motor:<\/span>\u00a0<span class=\"specification-data\">3.6 Drivsystem f\u00f6r kraftv\u00e4rme<\/span><\/li>\n<li><span class=\"specification-title\">Hastighet:<\/span>\u00a0<span class=\"specification-data\">0-20 km\/h<\/span><\/li>\n<li><span class=\"specification-title\">Decline\/Incline:<\/span>\u00a0<span class=\"specification-data\">-3%-12%<\/span><\/li>\n<li><span class=\"specification-title\">L\u00f6pande omr\u00e5de:<\/span>\u00a0<span class=\"specification-data\">55 x 152 cm<\/span><\/li>\n<li><span class=\"specification-title\">Konsol:<\/span>\u00a0<span class=\"specification-data\">10\u201d lutningsbar HD-peksk\u00e4rm<\/span><\/li>\n<li><span class=\"specification-title\">IFIT:<\/span>\u00a0<span class=\"specification-data\">F\u00e5 tillg\u00e5ng till globala tr\u00e4ningspass, str\u00f6mmande sessioner som leds av tr\u00e4nare i v\u00e4rldsklass som driver dig l\u00e4ngre f\u00f6r att maximera dina resultat. Synkas med Strava, Garmin, Google Fit och Apple Health. - iFIT Pro-medlemskap kr\u00e4vs<\/span><\/li>\n<li><span class=\"specification-title\">AutoAdjust\u2122-teknik:<\/span>\u00a0<span class=\"specification-data\">L\u00e5t tr\u00e4ningsredskapet justera hastighet och lutning automatiskt<\/span><\/li>\n<li><span class=\"specification-title\">AutoBreeze\u2122 tr\u00e4ningsfl\u00e4kt:<\/span>\u00a0<span class=\"specification-data\">H\u00e5ll dig sval medan du springer<\/span><\/li>\n<li><span class=\"specification-title\">RunFlex\u2122-d\u00e4mpning:<\/span>\u00a0<span class=\"specification-data\">Justerbar inst\u00e4llning f\u00f6r komfort och st\u00f6td\u00e4mpning<\/span><\/li>\n<li><span class=\"specification-title\">SpaceSaver-design med EasyLift-st\u00f6td\u00e4mpare:<\/span>\u00a0<span class=\"specification-data\">F\u00f6r vertikal f\u00f6rvaring och enkel montering<\/span><\/li>\n<\/ul>\n<\/div>\n<\/div>\n<\/div>\n<div class=\"product-warranty\">\n<h4>GARANTI<\/h4>\n<div class=\"text-container\"><strong>Hemmabruk:<\/strong>\u00a0Livstid p\u00e5 ram, 10 \u00e5r p\u00e5 motor, tv\u00e5 \u00e5r p\u00e5 delar och arbete (villkor g\u00e4ller) under f\u00f6ruts\u00e4ttning att produkten registreras inom 28 dagar efter k\u00f6pet. Standardgarantin \u00e4r 12 m\u00e5nader f\u00f6r delar och arbete Villkor Denna garanti g\u00e4ller endast f\u00f6r den ursprungliga k\u00f6paren (du) och kan inte \u00f6verl\u00e5tas. Garantin t\u00e4cker inte: 1. Normalt slitage (exempel p\u00e5 delar som uts\u00e4tts f\u00f6r normalt slitage \u00e4r g\u00e5ngremmar, drivremmar, batterier, bromsbel\u00e4gg och hoppmattor). 2. Alla provisoriska reparationer, anpassningar eller \u00e4ndringar f\u00f6r att modifiera denna produkt fr\u00e5n dess normala syfte och funktion enligt beskrivningen i anv\u00e4ndarhandboken. 3. Skador till f\u00f6ljd av: a) Upps\u00e5tliga eller illvilliga handlingar. b) Transport. c) Felaktig installation, montering eller anslutning som inte \u00f6verensst\u00e4mmer med ICON:s specifikationer eller rekommendationer. d) Missbruk, felaktig anv\u00e4ndning, underl\u00e5tenhet att f\u00f6lja instruktioner eller felaktig eller onormal anv\u00e4ndning. e) Bristande efterlevnad av instruktionerna i din anv\u00e4ndarhandbok (t.ex. anv\u00e4ndning av andra reng\u00f6rings- och underh\u00e5llsprodukter \u00e4n de som rekommenderas, underl\u00e5tenhet att st\u00e4nga av produkten efter anv\u00e4ndning osv.) f) Anv\u00e4ndning utanf\u00f6r hemmet (inklusive men inte begr\u00e4nsat till anv\u00e4ndning i kommersiella, professionella, hyres- eller institutionella milj\u00f6er). g) Reparationer som inte utf\u00f6rs av en ICON-auktoriserad tj\u00e4nsteleverant\u00f6r eller anv\u00e4ndning av delar som inte tillhandah\u00e5lls eller auktoriseras av ICON. h) Olyckor, st\u00f6tar, str\u00f6mavbrott, blixtnedslag, stormar, vatten, eld, djur eller andra orsaker som ICON inte kan p\u00e5verka. i) Felaktig placering inklusive, men inte begr\u00e4nsat till, fuktiga, dammiga eller utomhusmilj\u00f6er (exempel inkluderar garage, k\u00e4llare, verandor och uteplatser).<\/div>\n<\/div>","protected":false},"excerpt":{"rendered":"<p>Under locket har NordicTrack Commercial 1250 Folding l\u00f6pband ett 3,6 CHP drivsystem, vilket g\u00f6r att det kan n\u00e5 en lutning p\u00e5 -3 - 12% och en maximal hastighet p\u00e5 20 km\/h - det betyder att du kan springa upp till en 5-minuters mil (3:07-minuters kilometer) direkt p\u00e5 ditt l\u00f6pband. Det hopf\u00e4llbara l\u00f6pbandet Commercial 1250 har en l\u00f6pyta p\u00e5 55 x 152 cm, med RunFlex\u2122-d\u00e4mpning som \u00e4r utformad f\u00f6r att absorbera st\u00f6tar och ge stabilitet s\u00e5 att du kan springa en extra mil. Tillsammans med iFIT skapar NordicTrack Commercial 1250 hopf\u00e4llbart l\u00f6pband en tr\u00e4ningsupplevelse som inte liknar n\u00e5gon annan och som f\u00e5r dig att komma tillbaka f\u00f6r mer. Logga in p\u00e5 ditt iFIT Pro-konto (medlemskap ing\u00e5r ej) direkt p\u00e5 Commercial 1250:s lutningsbara 10\u2019 HD-peksk\u00e4rm och p\u00e5 startsidan visas n\u00e4sta tr\u00e4ningspass i din personliga plan. N\u00e4r du tr\u00e4nar f\u00f6ljer iFIT din prestation och \u00e4ndrar automatiskt intervallet f\u00f6r lutning 12% till -3% och hastighet 0-20 km\/h till exakt vad du beh\u00f6ver, s\u00e5 att varje tr\u00e4ningspass \u00e4r handsfree och personligt anpassat f\u00f6r dig. L\u00e4gg till din egen Bluetooth\u00ae -aktiverade pulsm\u00e4tare, s\u00e5 kan iFIT automatiskt \u00e4ndra din tr\u00e4ningsintensitet f\u00f6r att h\u00e5lla dig i en m\u00e5lzon med ActivePulse\u2122. Dina iFIT-tr\u00e4nare \u00e4r professionella idrottare och fitnessexperter - de vet hur de ska hj\u00e4lpa dig att f\u00e5 de best\u00e5ende resultat du \u00e4r ute efter. iFIT har \u00f6ver 10 000 tr\u00e4ningspass och \u00e4r v\u00e4rldens st\u00f6rsta bibliotek f\u00f6r utomhustr\u00e4ning. N\u00e4r du \u00e4r klar med tr\u00e4ningen \u00e4r det enkelt att f\u00e4lla ihop och rulla bort l\u00f6pbandet f\u00f6r att maximera golvytan. Andra funktioner inkluderar en integrerad AutoBreeze\u2122-fl\u00e4kt och en inbyggd USB-C-port f\u00f6r att h\u00e5lla din telefon fulladdad medan du tr\u00e4nar.<\/p>\n<div class=\"product-attribute-container-desktop desktop-only\">\n<div class=\"additional-attributes-wrapper table-wrapper\"><\/div>\n<\/div>","protected":false},"featured_media":1280,"comment_status":"open","ping_status":"closed","template":"","meta":{"site-sidebar-layout":"default","site-content-layout":"","ast-site-content-layout":"default","site-content-style":"default","site-sidebar-style":"default","ast-global-header-display":"","ast-banner-title-visibility":"","ast-main-header-display":"","ast-hfb-above-header-display":"","ast-hfb-below-header-display":"","ast-hfb-mobile-header-display":"","site-post-title":"","ast-breadcrumbs-content":"","ast-featured-img":"","footer-sml-layout":"","theme-transparent-header-meta":"default","adv-header-id-meta":"","stick-header-meta":"","header-above-stick-meta":"","header-main-stick-meta":"","header-below-stick-meta":"","astra-migrate-meta-layouts":"set","ast-page-background-enabled":"default","ast-page-background-meta":{"desktop":{"background-color":"var(--ast-global-color-5)","background-image":"","background-repeat":"repeat","background-position":"center center","background-size":"auto","background-attachment":"scroll","background-type":"","background-media":"","overlay-type":"","overlay-color":"","overlay-opacity":"","overlay-gradient":""},"tablet":{"background-color":"","background-image":"","background-repeat":"repeat","background-position":"center center","background-size":"auto","background-attachment":"scroll","background-type":"","background-media":"","overlay-type":"","overlay-color":"","overlay-opacity":"","overlay-gradient":""},"mobile":{"background-color":"","background-image":"","background-repeat":"repeat","background-position":"center center","background-size":"auto","background-attachment":"scroll","background-type":"","background-media":"","overlay-type":"","overlay-color":"","overlay-opacity":"","overlay-gradient":""}},"ast-content-background-meta":{"desktop":{"background-color":"var(--ast-global-color-4)","background-image":"","background-repeat":"repeat","background-position":"center center","background-size":"auto","background-attachment":"scroll","background-type":"","background-media":"","overlay-type":"","overlay-color":"","overlay-opacity":"","overlay-gradient":""},"tablet":{"background-color":"var(--ast-global-color-4)","background-image":"","background-repeat":"repeat","background-position":"center center","background-size":"auto","background-attachment":"scroll","background-type":"","background-media":"","overlay-type":"","overlay-color":"","overlay-opacity":"","overlay-gradient":""},"mobile":{"background-color":"var(--ast-global-color-4)","background-image":"","background-repeat":"repeat","background-position":"center center","background-size":"auto","background-attachment":"scroll","background-type":"","background-media":"","overlay-type":"","overlay-color":"","overlay-opacity":"","overlay-gradient":""}}},"product_brand":[],"product_cat":[21],"product_tag":[25],"class_list":{"0":"post-1277","1":"product","2":"type-product","3":"status-publish","4":"has-post-thumbnail","6":"product_cat-treadmills","7":"product_tag-treadmills","8":"desktop-align-left","9":"tablet-align-left","10":"mobile-align-left","12":"first","13":"instock","14":"sale","15":"taxable","16":"shipping-taxable","17":"purchasable","18":"product-type-simple"},"_links":{"self":[{"href":"http:\/\/bestfitnessstore.com\/sv\/wp-json\/wp\/v2\/product\/1277","targetHints":{"allow":["GET"]}}],"collection":[{"href":"http:\/\/bestfitnessstore.com\/sv\/wp-json\/wp\/v2\/product"}],"about":[{"href":"http:\/\/bestfitnessstore.com\/sv\/wp-json\/wp\/v2\/types\/product"}],"replies":[{"embeddable":true,"href":"http:\/\/bestfitnessstore.com\/sv\/wp-json\/wp\/v2\/comments?post=1277"}],"wp:featuredmedia":[{"embeddable":true,"href":"http:\/\/bestfitnessstore.com\/sv\/wp-json\/wp\/v2\/media\/1280"}],"wp:attachment":[{"href":"http:\/\/bestfitnessstore.com\/sv\/wp-json\/wp\/v2\/media?parent=1277"}],"wp:term":[{"taxonomy":"product_brand","embeddable":true,"href":"http:\/\/bestfitnessstore.com\/sv\/wp-json\/wp\/v2\/product_brand?post=1277"},{"taxonomy":"product_cat","embeddable":true,"href":"http:\/\/bestfitnessstore.com\/sv\/wp-json\/wp\/v2\/product_cat?post=1277"},{"taxonomy":"product_tag","embeddable":true,"href":"http:\/\/bestfitnessstore.com\/sv\/wp-json\/wp\/v2\/product_tag?post=1277"}],"curies":[{"name":"wp","href":"https:\/\/api.w.org\/{rel}","templated":true}]}}