{"id":1124,"date":"2025-11-25T10:01:39","date_gmt":"2025-11-25T10:01:39","guid":{"rendered":"https:\/\/bestfitnessstore.com\/?post_type=product&#038;p=1124"},"modified":"2025-11-25T10:01:39","modified_gmt":"2025-11-25T10:01:39","slug":"roddmaskin-waterrower-pure-vr3","status":"publish","type":"product","link":"http:\/\/bestfitnessstore.com\/sv\/product\/waterrower-pure-vr3-rowing-machine\/","title":{"rendered":"WaterRower Pure VR3 Roddmaskin"},"content":{"rendered":"<div class=\"product-attribute-container-desktop desktop-only\">\n<div class=\"additional-attributes-wrapper table-wrapper\">\n<h5>PRODUKTINFORMATION<\/h5>\n<div class=\"attributes-container\">\n<ul class=\"product-attributes-container\">\n<li><span class=\"specification-title\">F\u00f6rpackningens vikt (KG):\u00a0<\/span><span class=\"specification-data\">35.000000<\/span><\/li>\n<li><span class=\"specification-title\">Str\u00f6mf\u00f6rs\u00f6rjningsmetod:\u00a0<\/span><span class=\"specification-data\">Sj\u00e4lvf\u00f6rs\u00f6rjande<\/span><\/li>\n<li><span class=\"specification-title\">Rower Typ:\u00a0<\/span><span class=\"specification-data\">Vatten<\/span><\/li>\n<li><span class=\"specification-title\">Maximal anv\u00e4ndarh\u00f6jd (cm):\u00a0<\/span><span class=\"specification-data\">208<\/span><\/li>\n<li><span class=\"specification-title\">Maximal anv\u00e4ndarvikt (kg):\u00a0<\/span><span class=\"specification-data\">130,00 (kg)<\/span><\/li>\n<\/ul>\n<ul class=\"product-attributes-container\">\n<li><span class=\"specification-title\">Produktens vikt (KG):\u00a0<\/span><span class=\"specification-data\">25<\/span><\/li>\n<li><span class=\"specification-title\">Integration av appar:\u00a0<\/span><span class=\"specification-data\">asensei, CityRow, EXR, KinoMap<\/span><\/li>\n<li><span class=\"specification-title\">Transporthjul:\u00a0<\/span><span class=\"specification-data\">Ja<\/span><\/li>\n<li><span class=\"specification-title\">F\u00e4llbar:\u00a0<\/span><span class=\"specification-data\">Nej<\/span><\/li>\n<li><span class=\"specification-title\">Produktens m\u00e5tt (LxBxH):\u00a0<\/span><span class=\"specification-data\">208 x 56 x 45 cm<\/span><\/li>\n<\/ul>\n<\/div>\n<\/div>\n<\/div>\n<div class=\"product-features\">\n<h5>YTTERLIGARE FUNKTIONER<\/h5>\n<div class=\"more-container\">\n<div class=\"unshow-text\">\n<ul class=\"product-features-container\">\n<li><span class=\"specification-title\">\u00d6vervaka:<\/span>\u00a0<span class=\"specification-data\">S4 Prestationsmonitor<\/span><\/li>\n<li><span class=\"specification-title\">Material i ramen:<\/span>\u00a0<span class=\"specification-data\">Ek<\/span><\/li>\n<li><span class=\"specification-title\">Kraft:<\/span>\u00a0<span class=\"specification-data\">4x AA-batterier<\/span><\/li>\n<li><span class=\"specification-title\">Bluetooth-kompatibel:<\/span>\u00a0<span class=\"specification-data\">Ja (med ComModule - s\u00e4ljs separat)<\/span><\/li>\n<li><span class=\"specification-title\">Monterade m\u00e5tt (LxBxH):<\/span>\u00a0<span class=\"specification-data\">208 x 56 x 45 cm<\/span><\/li>\n<li><span class=\"specification-title\">Vikt (utan vatten):<\/span>\u00a0<span class=\"specification-data\">25 kg<\/span><\/li>\n<li><span class=\"specification-title\">Maximal anv\u00e4ndarvikt:<\/span>\u00a0<span class=\"specification-data\">130 kg \/ 20,5 stenar<\/span><\/li>\n<li><span class=\"specification-title\">Maximal anv\u00e4ndarh\u00f6jd:<\/span>\u00a0<span class=\"specification-data\">208 cm \/ 6 ft 8in<\/span><\/li>\n<li><span class=\"specification-title\">Kompatibla tillbeh\u00f6r (s\u00e4ljs separat):<\/span>\u00a0<span class=\"specification-data\">ComModul<\/span><\/li>\n<\/ul>\n<\/div>\n<\/div>\n<\/div>\n<div class=\"product-warranty\">\n<h5>GARANTI<\/h5>\n<div class=\"text-container\"><strong>Hemmabruk:<\/strong>\u00a02 \u00e5r<\/div>\n<\/div>","protected":false},"excerpt":{"rendered":"<p>WaterRower\u00ae:s sortiment av roddmaskiner erbjuder en o\u00f6vertr\u00e4ffad representation av realistisk rodd p\u00e5 vatten, och WaterRower Pure VR3 roddmaskin \u00e4r inte annorlunda. Det \u00e4r ett billigare alternativ till WaterRower\u00ae Original Series, som fortfarande inneh\u00e5ller n\u00e5gra av WaterRower\u00aes patenterade funktioner som g\u00f6r att dessa maskiner sticker ut fr\u00e5n m\u00e4ngden. VR3 \u00e4r tillverkad i USA och har en solid ekram med smalare tr\u00e4sektioner j\u00e4mf\u00f6rt med andra roddmaskiner i sortimentet. Den har WaterFly-hjulet, som simulerar envattensrodd p\u00e5 ett exakt s\u00e4tt som ingen annan. Vattentanken ger ett j\u00e4mnt roddtag som ger mindre belastning p\u00e5 lederna och nedre delen av ryggen, och n\u00e4r du \u00f6kar takten \u00f6kar motst\u00e5ndet naturligt ocks\u00e5. Varje r\u00f6relse \u00e4r smidig, och VR3:s konturerade s\u00e4te och ramsystem med dubbla skenor ger utm\u00e4rkt stabilitet. WaterRower\u00ae Pure VR3 roddmaskin \u00e4r utrustad med S4 Performance Monitor, som erbjuder avancerade funktioner j\u00e4mf\u00f6rt med andra standard Quick-Start LCD-monitorer. Den visar tid, distans, hastighet, intensitet och slagfrekvens och kan anslutas till ett stort antal popul\u00e4ra iOS- och Android-appar f\u00f6r inomhusrodd som Asensei, EXR, WRTV, CityRow med flera (ComModule kr\u00e4vs f\u00f6r Bluetooth-anslutning - s\u00e4ljs separat). WaterRower\u00ae Pure VR3 roddmaskin har integrerade transporthjul som g\u00f6r den l\u00e4tt att flytta runt p\u00e5 gymgolvet och kan f\u00f6rvaras vertikalt n\u00e4r den inte anv\u00e4nds f\u00f6r att spara golvyta. WaterRower\u00ae \u00e4r ett registrerat varum\u00e4rke som tillh\u00f6r WaterRower (UK) Ltd och dess dotterbolag.<\/p>\n<div class=\"product-attribute-container-desktop desktop-only\">\n<div class=\"additional-attributes-wrapper table-wrapper\"><\/div>\n<\/div>","protected":false},"featured_media":1126,"comment_status":"open","ping_status":"closed","template":"","meta":{"site-sidebar-layout":"default","site-content-layout":"","ast-site-content-layout":"default","site-content-style":"default","site-sidebar-style":"default","ast-global-header-display":"","ast-banner-title-visibility":"","ast-main-header-display":"","ast-hfb-above-header-display":"","ast-hfb-below-header-display":"","ast-hfb-mobile-header-display":"","site-post-title":"","ast-breadcrumbs-content":"","ast-featured-img":"","footer-sml-layout":"","theme-transparent-header-meta":"default","adv-header-id-meta":"","stick-header-meta":"","header-above-stick-meta":"","header-main-stick-meta":"","header-below-stick-meta":"","astra-migrate-meta-layouts":"set","ast-page-background-enabled":"default","ast-page-background-meta":{"desktop":{"background-color":"var(--ast-global-color-5)","background-image":"","background-repeat":"repeat","background-position":"center center","background-size":"auto","background-attachment":"scroll","background-type":"","background-media":"","overlay-type":"","overlay-color":"","overlay-opacity":"","overlay-gradient":""},"tablet":{"background-color":"","background-image":"","background-repeat":"repeat","background-position":"center center","background-size":"auto","background-attachment":"scroll","background-type":"","background-media":"","overlay-type":"","overlay-color":"","overlay-opacity":"","overlay-gradient":""},"mobile":{"background-color":"","background-image":"","background-repeat":"repeat","background-position":"center center","background-size":"auto","background-attachment":"scroll","background-type":"","background-media":"","overlay-type":"","overlay-color":"","overlay-opacity":"","overlay-gradient":""}},"ast-content-background-meta":{"desktop":{"background-color":"var(--ast-global-color-4)","background-image":"","background-repeat":"repeat","background-position":"center center","background-size":"auto","background-attachment":"scroll","background-type":"","background-media":"","overlay-type":"","overlay-color":"","overlay-opacity":"","overlay-gradient":""},"tablet":{"background-color":"var(--ast-global-color-4)","background-image":"","background-repeat":"repeat","background-position":"center center","background-size":"auto","background-attachment":"scroll","background-type":"","background-media":"","overlay-type":"","overlay-color":"","overlay-opacity":"","overlay-gradient":""},"mobile":{"background-color":"var(--ast-global-color-4)","background-image":"","background-repeat":"repeat","background-position":"center center","background-size":"auto","background-attachment":"scroll","background-type":"","background-media":"","overlay-type":"","overlay-color":"","overlay-opacity":"","overlay-gradient":""}}},"product_brand":[],"product_cat":[20],"product_tag":[24],"class_list":{"0":"post-1124","1":"product","2":"type-product","3":"status-publish","4":"has-post-thumbnail","6":"product_cat-rowing-machine","7":"product_tag-rowing-machines","8":"desktop-align-left","9":"tablet-align-left","10":"mobile-align-left","12":"first","13":"instock","14":"sale","15":"taxable","16":"shipping-taxable","17":"purchasable","18":"product-type-simple"},"_links":{"self":[{"href":"http:\/\/bestfitnessstore.com\/sv\/wp-json\/wp\/v2\/product\/1124","targetHints":{"allow":["GET"]}}],"collection":[{"href":"http:\/\/bestfitnessstore.com\/sv\/wp-json\/wp\/v2\/product"}],"about":[{"href":"http:\/\/bestfitnessstore.com\/sv\/wp-json\/wp\/v2\/types\/product"}],"replies":[{"embeddable":true,"href":"http:\/\/bestfitnessstore.com\/sv\/wp-json\/wp\/v2\/comments?post=1124"}],"wp:featuredmedia":[{"embeddable":true,"href":"http:\/\/bestfitnessstore.com\/sv\/wp-json\/wp\/v2\/media\/1126"}],"wp:attachment":[{"href":"http:\/\/bestfitnessstore.com\/sv\/wp-json\/wp\/v2\/media?parent=1124"}],"wp:term":[{"taxonomy":"product_brand","embeddable":true,"href":"http:\/\/bestfitnessstore.com\/sv\/wp-json\/wp\/v2\/product_brand?post=1124"},{"taxonomy":"product_cat","embeddable":true,"href":"http:\/\/bestfitnessstore.com\/sv\/wp-json\/wp\/v2\/product_cat?post=1124"},{"taxonomy":"product_tag","embeddable":true,"href":"http:\/\/bestfitnessstore.com\/sv\/wp-json\/wp\/v2\/product_tag?post=1124"}],"curies":[{"name":"wp","href":"https:\/\/api.w.org\/{rel}","templated":true}]}}