{"id":1105,"date":"2025-11-25T09:49:42","date_gmt":"2025-11-25T09:49:42","guid":{"rendered":"https:\/\/bestfitnessstore.com\/?post_type=product&#038;p=1105"},"modified":"2025-11-25T09:49:42","modified_gmt":"2025-11-25T09:49:42","slug":"vattensamaskin-a1-serie-roddmaskin","status":"publish","type":"product","link":"http:\/\/bestfitnessstore.com\/sv\/product\/waterrower-a1-series-rowing-machine\/","title":{"rendered":"WaterRower A1-serie roddmaskin"},"content":{"rendered":"<div class=\"product-attribute-container-desktop desktop-only\">\n<div class=\"additional-attributes-wrapper table-wrapper\">\n<h4>PRODUKTINFORMATION<\/h4>\n<div class=\"attributes-container\">\n<ul class=\"product-attributes-container\">\n<li><span class=\"specification-title\">F\u00f6rpackningens vikt (KG):\u00a0<\/span><span class=\"specification-data\">36.500000<\/span><\/li>\n<li><span class=\"specification-title\">Str\u00f6mf\u00f6rs\u00f6rjningsmetod:\u00a0<\/span><span class=\"specification-data\">Sj\u00e4lvf\u00f6rs\u00f6rjande<\/span><\/li>\n<li><span class=\"specification-title\">Transporthjul:\u00a0<\/span><span class=\"specification-data\">Ja<\/span><\/li>\n<li><span class=\"specification-title\">Maximal anv\u00e4ndarvikt (kg):\u00a0<\/span><span class=\"specification-data\">150,00 (kg)<\/span><\/li>\n<\/ul>\n<ul class=\"product-attributes-container\">\n<li><span class=\"specification-title\">Produktens vikt (KG):\u00a0<\/span><span class=\"specification-data\">30.50<\/span><\/li>\n<li><span class=\"specification-title\">Rower Typ:\u00a0<\/span><span class=\"specification-data\">Vatten<\/span><\/li>\n<li><span class=\"specification-title\">Maximal anv\u00e4ndarh\u00f6jd (cm):\u00a0<\/span><span class=\"specification-data\">208<\/span><\/li>\n<li><span class=\"specification-title\">Produktens m\u00e5tt (LxBxH):\u00a0<\/span><span class=\"specification-data\">215 x 56 x 53 cm<\/span><\/li>\n<\/ul>\n<\/div>\n<\/div>\n<\/div>\n<div class=\"product-features\">\n<h4>YTTERLIGARE FUNKTIONER<\/h4>\n<div class=\"more-container\">\n<div class=\"unshow-text\">\n<ul class=\"product-features-container\">\n<li><span class=\"specification-title\">\u00d6vervaka:<\/span>\u00a0<span class=\"specification-data\">A1 Snabbstart LCD-monitor<\/span><\/li>\n<li><span class=\"specification-title\">Material:<\/span>\u00a0<span class=\"specification-data\">Tr\u00e4, aluminium<\/span><\/li>\n<li><span class=\"specification-title\">R\u00e4ls:<\/span>\u00a0<span class=\"specification-data\">Monorail i aluminium<\/span><\/li>\n<li><span class=\"specification-title\">Kraft:<\/span>\u00a0<span class=\"specification-data\">2 x AA-batterier<\/span><\/li>\n<li><span class=\"specification-title\">SmartRow Kompatibel:<\/span>\u00a0<span class=\"specification-data\">Ja<\/span><\/li>\n<li><span class=\"specification-title\">Monterade m\u00e5tt (LxBxH):<\/span>\u00a0<span class=\"specification-data\">215 x 56 x 53 cm<\/span><\/li>\n<li><span class=\"specification-title\">Sitth\u00f6jd:<\/span>\u00a0<span class=\"specification-data\">30 cm<\/span><\/li>\n<li><span class=\"specification-title\">Vikt (utan vatten):<\/span>\u00a0<span class=\"specification-data\">30,5 kg<\/span><\/li>\n<li><span class=\"specification-title\">Maximal anv\u00e4ndarvikt:<\/span>\u00a0<span class=\"specification-data\">150 kg \/ 330 lb<\/span><\/li>\n<li><span class=\"specification-title\">Maximal anv\u00e4ndarh\u00f6jd:<\/span>\u00a0<span class=\"specification-data\">208 cm \/ 6 ft 10 in<\/span><\/li>\n<\/ul>\n<\/div>\n<\/div>\n<\/div>\n<div class=\"product-warranty\">\n<h4>GARANTI<\/h4>\n<div class=\"text-container\"><strong>Hem &amp; l\u00e4tt \/ fullst\u00e4ndig kommersiell anv\u00e4ndning:<\/strong>\u00a05 \u00e5rs ram, 3 \u00e5rs reservdelar<\/div>\n<\/div>\n<div class=\"product-next-day\">\n<h4>EXPRESSLEVERANS<\/h4>\n<div class=\"text-container\">M\u00e5nga av v\u00e5ra produkter har expressleverans och leverans p\u00e5 utsatt datum, vilket inneb\u00e4r att du f\u00e5r din produkt levererad redan i morgon eller p\u00e5 ett datum som passar dig. Kontrollera leveransalternativen i kassan f\u00f6r att se tillg\u00e4ngligheten f\u00f6r din korg och ditt postnummer. Leveransvillkor g\u00e4ller.<\/div>\n<\/div>","protected":false},"excerpt":{"rendered":"<div id=\"fullDescription\" class=\"full-description\">\n<div class=\"text-container\">Roddmaskinen WaterRower A1 \u00e4r instegsmodellen i WaterRower\u00ae-sortimentet och \u00e4r l\u00e4tt och b\u00e4rbar, ursprungligen utformad f\u00f6r att anv\u00e4ndas i grupprodd inomhus. A1 \u00e4r handgjord och kombinerar den eleganta estetiken hos en hybridram av massiv ek och aluminium med h\u00e5llbarhet i kommersiell klass. Den kan till och med f\u00f6rvaras vertikalt n\u00e4r den inte anv\u00e4nds - tre A1 som st\u00e5r tillsammans tar bara upp lika mycket golvyta som en vanlig inomhuscykel. A1 \u00e4r utrustad med ett WaterFlywheel och \u00e4r unik i sin efterlikning av rodd p\u00e5 vatten. Till skillnad fr\u00e5n traditionella luft- eller magnetroddmaskiner har WaterRower\u00ae A1 ett j\u00e4mnt roddtag utan d\u00f6da punkter, vilket ger minimal belastning p\u00e5 leder och nedre delen av ryggen. A1:s bekv\u00e4ma positionering och geometri g\u00f6r det enkelt att ro med god form och anv\u00e4nda alla stora muskelgrupper f\u00f6r en effektiv konditionstr\u00e4ning. Utrustad med A1 Quick-Start LCD-monitor \u00e4r det enkelt att h\u00e5lla koll p\u00e5 din prestation n\u00e4r du ror. Monitorn visar grundl\u00e4ggande roddm\u00e4tv\u00e4rden som distans, 500 m splittid och kalorier, och \u00e4r inb\u00e4ddad i fotbr\u00e4dan f\u00f6r ett oavbrutet roddtag. Andra integrerade funktioner \u00e4r transporthjul f\u00f6r enkel f\u00f6rflyttning och justerbara fotplattor. WaterRower\u00ae \u00e4r ett registrerat varum\u00e4rke som tillh\u00f6r WaterRower (UK) Ltd och dess dotterbolag.&nbsp;<\/p>\n<\/div>\n<\/div>\n<div class=\"product-attribute-container-desktop desktop-only\">\n<div class=\"additional-attributes-wrapper table-wrapper\"><\/div>\n<\/div>","protected":false},"featured_media":1108,"comment_status":"open","ping_status":"closed","template":"","meta":{"site-sidebar-layout":"default","site-content-layout":"","ast-site-content-layout":"default","site-content-style":"default","site-sidebar-style":"default","ast-global-header-display":"","ast-banner-title-visibility":"","ast-main-header-display":"","ast-hfb-above-header-display":"","ast-hfb-below-header-display":"","ast-hfb-mobile-header-display":"","site-post-title":"","ast-breadcrumbs-content":"","ast-featured-img":"","footer-sml-layout":"","theme-transparent-header-meta":"default","adv-header-id-meta":"","stick-header-meta":"","header-above-stick-meta":"","header-main-stick-meta":"","header-below-stick-meta":"","astra-migrate-meta-layouts":"set","ast-page-background-enabled":"default","ast-page-background-meta":{"desktop":{"background-color":"var(--ast-global-color-5)","background-image":"","background-repeat":"repeat","background-position":"center center","background-size":"auto","background-attachment":"scroll","background-type":"","background-media":"","overlay-type":"","overlay-color":"","overlay-opacity":"","overlay-gradient":""},"tablet":{"background-color":"","background-image":"","background-repeat":"repeat","background-position":"center center","background-size":"auto","background-attachment":"scroll","background-type":"","background-media":"","overlay-type":"","overlay-color":"","overlay-opacity":"","overlay-gradient":""},"mobile":{"background-color":"","background-image":"","background-repeat":"repeat","background-position":"center center","background-size":"auto","background-attachment":"scroll","background-type":"","background-media":"","overlay-type":"","overlay-color":"","overlay-opacity":"","overlay-gradient":""}},"ast-content-background-meta":{"desktop":{"background-color":"var(--ast-global-color-4)","background-image":"","background-repeat":"repeat","background-position":"center center","background-size":"auto","background-attachment":"scroll","background-type":"","background-media":"","overlay-type":"","overlay-color":"","overlay-opacity":"","overlay-gradient":""},"tablet":{"background-color":"var(--ast-global-color-4)","background-image":"","background-repeat":"repeat","background-position":"center center","background-size":"auto","background-attachment":"scroll","background-type":"","background-media":"","overlay-type":"","overlay-color":"","overlay-opacity":"","overlay-gradient":""},"mobile":{"background-color":"var(--ast-global-color-4)","background-image":"","background-repeat":"repeat","background-position":"center center","background-size":"auto","background-attachment":"scroll","background-type":"","background-media":"","overlay-type":"","overlay-color":"","overlay-opacity":"","overlay-gradient":""}}},"product_brand":[],"product_cat":[20],"product_tag":[24],"class_list":{"0":"post-1105","1":"product","2":"type-product","3":"status-publish","4":"has-post-thumbnail","6":"product_cat-rowing-machine","7":"product_tag-rowing-machines","8":"desktop-align-left","9":"tablet-align-left","10":"mobile-align-left","12":"first","13":"instock","14":"sale","15":"taxable","16":"shipping-taxable","17":"purchasable","18":"product-type-simple"},"_links":{"self":[{"href":"http:\/\/bestfitnessstore.com\/sv\/wp-json\/wp\/v2\/product\/1105","targetHints":{"allow":["GET"]}}],"collection":[{"href":"http:\/\/bestfitnessstore.com\/sv\/wp-json\/wp\/v2\/product"}],"about":[{"href":"http:\/\/bestfitnessstore.com\/sv\/wp-json\/wp\/v2\/types\/product"}],"replies":[{"embeddable":true,"href":"http:\/\/bestfitnessstore.com\/sv\/wp-json\/wp\/v2\/comments?post=1105"}],"wp:featuredmedia":[{"embeddable":true,"href":"http:\/\/bestfitnessstore.com\/sv\/wp-json\/wp\/v2\/media\/1108"}],"wp:attachment":[{"href":"http:\/\/bestfitnessstore.com\/sv\/wp-json\/wp\/v2\/media?parent=1105"}],"wp:term":[{"taxonomy":"product_brand","embeddable":true,"href":"http:\/\/bestfitnessstore.com\/sv\/wp-json\/wp\/v2\/product_brand?post=1105"},{"taxonomy":"product_cat","embeddable":true,"href":"http:\/\/bestfitnessstore.com\/sv\/wp-json\/wp\/v2\/product_cat?post=1105"},{"taxonomy":"product_tag","embeddable":true,"href":"http:\/\/bestfitnessstore.com\/sv\/wp-json\/wp\/v2\/product_tag?post=1105"}],"curies":[{"name":"wp","href":"https:\/\/api.w.org\/{rel}","templated":true}]}}