{"id":1100,"date":"2025-11-25T09:47:35","date_gmt":"2025-11-25T09:47:35","guid":{"rendered":"https:\/\/bestfitnessstore.com\/?post_type=product&#038;p=1100"},"modified":"2025-11-25T09:47:35","modified_gmt":"2025-11-25T09:47:35","slug":"roddmaskin-proform-pro-r10","status":"publish","type":"product","link":"http:\/\/bestfitnessstore.com\/sv\/product\/proform-pro-r10-rowing-machine\/","title":{"rendered":"ProForm Pro R10 Roddmaskin"},"content":{"rendered":"<div class=\"product-attribute-container-desktop desktop-only\">\n<div class=\"additional-attributes-wrapper table-wrapper\">\n<h4>PRODUKTINFORMATION<\/h4>\n<div class=\"attributes-container\">\n<ul class=\"product-attributes-container\">\n<li><span class=\"specification-title\">F\u00f6rpackningens vikt (KG):\u00a0<\/span><span class=\"specification-data\">55.000000<\/span><\/li>\n<li><span class=\"specification-title\">Integration av appar:\u00a0<\/span><span class=\"specification-data\">iFIT<\/span><\/li>\n<li><span class=\"specification-title\">Rower Typ:\u00a0<\/span><span class=\"specification-data\">Magnetisk<\/span><\/li>\n<li><span class=\"specification-title\">F\u00e4llbar:\u00a0<\/span><span class=\"specification-data\">Ja<\/span><\/li>\n<li><span class=\"specification-title\">Produktens m\u00e5tt (LxBxH):\u00a0<\/span><span class=\"specification-data\">221 x 56 x 115 cm<\/span><\/li>\n<li><span class=\"specification-title\">F\u00e4lld M\u00e5tt (LxBxH):\u00a0<\/span><span class=\"specification-data\">104 x 56 x 119,50 cm<\/span><\/li>\n<\/ul>\n<ul class=\"product-attributes-container\">\n<li><span class=\"specification-title\">Produktens vikt (KG):\u00a0<\/span><span class=\"specification-data\">48<\/span><\/li>\n<li><span class=\"specification-title\">Bluetooth:\u00a0<\/span><span class=\"specification-data\">Ja<\/span><\/li>\n<li><span class=\"specification-title\">Transporthjul:\u00a0<\/span><span class=\"specification-data\">Ja<\/span><\/li>\n<li><span class=\"specification-title\">Maximal anv\u00e4ndarvikt (kg):\u00a0<\/span><span class=\"specification-data\">114,00 (kg)<\/span><\/li>\n<li><span class=\"specification-title\">L\u00e5dans m\u00e5tt (LxBxH):\u00a0<\/span><span class=\"specification-data\">120 x 58 x 65 cm<\/span><\/li>\n<\/ul>\n<\/div>\n<\/div>\n<\/div>\n<div class=\"product-features\">\n<h4>YTTERLIGARE FUNKTIONER<\/h4>\n<div class=\"more-container\">\n<div class=\"unshow-text\">\n<ul class=\"product-features-container\">\n<li><span class=\"specification-title\">Digital QuickResistance\u00ae:<\/span>\u00a0<span class=\"specification-data\">24 niv\u00e5er<\/span><\/li>\n<li><span class=\"specification-title\">Sv\u00e4nghjul:<\/span>\u00a0<span class=\"specification-data\">Tr\u00f6ghet f\u00f6rb\u00e4ttrad<\/span><\/li>\n<li><span class=\"specification-title\">Ergonomisk formgjuten sits:<\/span>\u00a0<span class=\"specification-data\">F\u00f6r en bekv\u00e4m stroke<\/span><\/li>\n<li><span class=\"specification-title\">Pedaler:<\/span>\u00a0<span class=\"specification-data\">\u00d6verdimensionerad och sv\u00e4ngbar f\u00f6r flexibilitet; justerbara fotremmar i nylon<\/span><\/li>\n<li><span class=\"specification-title\">Handtag:<\/span>\u00a0<span class=\"specification-data\">Mjuk ber\u00f6ring; ergonomisk<\/span><\/li>\n<li><span class=\"specification-title\">Display:<\/span>\u00a0<span class=\"specification-data\">10\u201d peksk\u00e4rm i fullf\u00e4rg<\/span><\/li>\n<li><span class=\"specification-title\">Justerbar konsolvinkel:<\/span>\u00a0<span class=\"specification-data\">Hitta den perfekta betraktningsvinkeln<\/span><\/li>\n<li><span class=\"specification-title\">IFIT-kompatibel:<\/span>\u00a0<span class=\"specification-data\">Upplev individualiserade, virtuella tr\u00e4ningspass ledda av v\u00e4rldens b\u00e4sta tr\u00e4nare i bekv\u00e4mligheten av ditt eget hem (iFIT Pro-medlemskap kr\u00e4vs)<\/span><\/li>\n<li><span class=\"specification-title\">Rymdbesparande design:<\/span>\u00a0<span class=\"specification-data\">Innovativ hopf\u00e4llbar ram<\/span><\/li>\n<li><span class=\"specification-title\">Andra funktioner:<\/span>\u00a0<span class=\"specification-data\">Dubbla 2\u201d-h\u00f6gtalare<\/span><\/li>\n<\/ul>\n<\/div>\n<\/div>\n<\/div>\n<div class=\"product-warranty\">\n<h4>GARANTI<\/h4>\n<div class=\"text-container\"><strong>Hemmabruk:<\/strong>\u00a0Tv\u00e5 \u00e5rs garanti p\u00e5 delar och arbete (villkor g\u00e4ller) under f\u00f6ruts\u00e4ttning att produkten registreras inom 28 dagar efter k\u00f6pet. Standardgarantin \u00e4r 12 m\u00e5nader f\u00f6r delar och arbete. ICON \u00e4r tillverkare av NordicTrack och Pro-Form. Nedan hittar du deras garantipolicy. ICON Health and Fitness, Inc (ICON) garanterar att denna produkt \u00e4r fri fr\u00e5n tillverknings- och materialfel under normala anv\u00e4ndnings- och servicef\u00f6rh\u00e5llanden under en period av 12 m\u00e5nader fr\u00e5n det ursprungliga ink\u00f6psdatumet. Obs: Garantif\u00f6rl\u00e4ngningar kan g\u00e4lla f\u00f6r denna produkt under f\u00f6ruts\u00e4ttning att den registreras hos ditt lokala kundservicecenter inom 28 dagar efter ink\u00f6pet. F\u00f6r att registrera denna produkt och kvalificera dig f\u00f6r eventuella garantif\u00f6rl\u00e4ngningar som kan g\u00e4lla, fyll i garantiregistreringskortet och skicka det med ditt ink\u00f6psbevis till adressen som anges p\u00e5 baksidan av detta h\u00e4fte eller registrera dig online p\u00e5 iconsupport.eu. Fullst\u00e4ndig information om garantif\u00f6rl\u00e4ngningar och ICON:s tillverkargaranti finns tillg\u00e4nglig p\u00e5 beg\u00e4ran fr\u00e5n ditt lokala kundservicecenter eller online p\u00e5 iconsupport.eu. Villkor Denna garanti g\u00e4ller endast f\u00f6r den ursprungliga k\u00f6paren (du) och \u00e4r inte \u00f6verf\u00f6rbar. Garantin t\u00e4cker inte: 1. normalt slitage; 2. eventuella anpassningar eller \u00e4ndringar f\u00f6r att uppgradera produkten fr\u00e5n dess normala syfte enligt beskrivningen i anv\u00e4ndarhandboken; 3. skador till f\u00f6ljd av: a) transport; b) missbruk, felaktig anv\u00e4ndning, underl\u00e5tenhet att f\u00f6lja instruktioner eller felaktig eller onormal anv\u00e4ndning; c) anv\u00e4ndning utanf\u00f6r hemmet (inklusive men inte begr\u00e4nsat till kommersiella, professionella eller uthyrnings\u00e4ndam\u00e5l); d) reparationer som inte tillhandah\u00e5lls av en ICON-auktoriserad tj\u00e4nsteleverant\u00f6r; e) olyckor, blixtnedslag, vatten, brand eller andra orsaker utanf\u00f6r ICON: s kontroll; f) felaktig placering inklusive, men inte begr\u00e4nsat till, fuktiga, dammiga eller utomhusmilj\u00f6er (exempel: garage, k\u00e4llare) ICON \u00e4r inte ansvarigt f\u00f6r indirekta, speciella eller f\u00f6ljdskador som uppst\u00e5r p\u00e5 grund av eller i samband med anv\u00e4ndningen eller prestandan hos produkten eller skador med avseende p\u00e5 ekonomisk f\u00f6rlust, f\u00f6rlust av egendom, f\u00f6rlust av int\u00e4kter eller vinster, f\u00f6rlust av njutning eller anv\u00e4ndning eller kostnader f\u00f6r borttagning eller installation. Denna garanti t\u00e4cker produkter som k\u00f6pts och anv\u00e4nts inom Europeiska unionen, men alla produkter distribueras inte i alla l\u00e4nder. Detta kan leda till f\u00f6rseningar i garantiskyddet om du har k\u00f6pt produkten i ett annat land och den inte st\u00f6ds i det land d\u00e4r du bor. Det kan vara n\u00f6dv\u00e4ndigt att utf\u00f6ra reparationer p\u00e5 ett ICON-auktoriserat reparationscenter. ICON f\u00f6rbeh\u00e5ller sig r\u00e4tten att f\u00f6rl\u00e4nga eller \u00f6ka t\u00e4ckningen. Garantin \u00e4r ett till\u00e4gg till och p\u00e5verkar inte p\u00e5 n\u00e5got s\u00e4tt dina lagstadgade r\u00e4ttigheter enligt g\u00e4llande nationell lagstiftning eller dina r\u00e4ttigheter gentemot \u00e5terf\u00f6rs\u00e4ljaren enligt f\u00f6rs\u00e4ljnings-\/k\u00f6pavtalet.<\/p>\n<\/div>\n<\/div>\n<div class=\"product-next-day\">\n<h4>EXPRESSLEVERANS<\/h4>\n<div class=\"text-container\">M\u00e5nga av v\u00e5ra produkter har expressleverans och leverans p\u00e5 utsatt datum, vilket inneb\u00e4r att du f\u00e5r din produkt levererad redan i morgon eller p\u00e5 ett datum som passar dig. Kontrollera leveransalternativen i kassan f\u00f6r att se tillg\u00e4ngligheten f\u00f6r din korg och ditt postnummer. Leveransvillkor g\u00e4ller.<\/div>\n<\/div>","protected":false},"excerpt":{"rendered":"<p>ProForm Pro 10 roddmaskin erbjuder ett utmanande tr\u00e4ningspass f\u00f6r alla anv\u00e4ndare med 24 niv\u00e5er av Digital QuickResistance\u00ae, som enkelt kan justeras via konsolens knappar. Det \u00e4r l\u00e4tt att sitta bekv\u00e4mt, med en ergonomiskt formgjuten sits, ett soft-touch-handtag och \u00f6verdimensionerade sv\u00e4ngbara pedaler med justerbara nylonremmar f\u00f6r s\u00e4ker fasts\u00e4ttning. Med iFIT-kompatibilitet* kan du f\u00f6lja din tr\u00e4nare och se ditt tr\u00e4ningspass p\u00e5 den kristallklara 10-tums peksk\u00e4rmen i fullf\u00e4rg. Konsolen kan justeras till en vinkel som passar alla roddare. Dina digitala personliga tr\u00e4nare justerar motst\u00e5ndet i din roddmaskin automatiskt, s\u00e5 att du bara beh\u00f6ver fokusera p\u00e5 att utf\u00f6ra det perfekta roddtaget. N\u00e4r du har avslutat ditt roddpass kan Pro R10 enkelt f\u00f6rvaras tack vare den innovativa hopf\u00e4llbara ramen och de frontmonterade transporthjulen. *iFIT Pro-medlemskap kr\u00e4vs.<\/p>\n<div class=\"product-attribute-container-desktop desktop-only\">\n<div class=\"additional-attributes-wrapper table-wrapper\"><\/div>\n<\/div>","protected":false},"featured_media":1103,"comment_status":"open","ping_status":"closed","template":"","meta":{"site-sidebar-layout":"default","site-content-layout":"","ast-site-content-layout":"default","site-content-style":"default","site-sidebar-style":"default","ast-global-header-display":"","ast-banner-title-visibility":"","ast-main-header-display":"","ast-hfb-above-header-display":"","ast-hfb-below-header-display":"","ast-hfb-mobile-header-display":"","site-post-title":"","ast-breadcrumbs-content":"","ast-featured-img":"","footer-sml-layout":"","theme-transparent-header-meta":"default","adv-header-id-meta":"","stick-header-meta":"","header-above-stick-meta":"","header-main-stick-meta":"","header-below-stick-meta":"","astra-migrate-meta-layouts":"set","ast-page-background-enabled":"default","ast-page-background-meta":{"desktop":{"background-color":"var(--ast-global-color-5)","background-image":"","background-repeat":"repeat","background-position":"center center","background-size":"auto","background-attachment":"scroll","background-type":"","background-media":"","overlay-type":"","overlay-color":"","overlay-opacity":"","overlay-gradient":""},"tablet":{"background-color":"","background-image":"","background-repeat":"repeat","background-position":"center center","background-size":"auto","background-attachment":"scroll","background-type":"","background-media":"","overlay-type":"","overlay-color":"","overlay-opacity":"","overlay-gradient":""},"mobile":{"background-color":"","background-image":"","background-repeat":"repeat","background-position":"center center","background-size":"auto","background-attachment":"scroll","background-type":"","background-media":"","overlay-type":"","overlay-color":"","overlay-opacity":"","overlay-gradient":""}},"ast-content-background-meta":{"desktop":{"background-color":"var(--ast-global-color-4)","background-image":"","background-repeat":"repeat","background-position":"center center","background-size":"auto","background-attachment":"scroll","background-type":"","background-media":"","overlay-type":"","overlay-color":"","overlay-opacity":"","overlay-gradient":""},"tablet":{"background-color":"var(--ast-global-color-4)","background-image":"","background-repeat":"repeat","background-position":"center center","background-size":"auto","background-attachment":"scroll","background-type":"","background-media":"","overlay-type":"","overlay-color":"","overlay-opacity":"","overlay-gradient":""},"mobile":{"background-color":"var(--ast-global-color-4)","background-image":"","background-repeat":"repeat","background-position":"center center","background-size":"auto","background-attachment":"scroll","background-type":"","background-media":"","overlay-type":"","overlay-color":"","overlay-opacity":"","overlay-gradient":""}}},"product_brand":[],"product_cat":[20],"product_tag":[24],"class_list":{"0":"post-1100","1":"product","2":"type-product","3":"status-publish","4":"has-post-thumbnail","6":"product_cat-rowing-machine","7":"product_tag-rowing-machines","8":"desktop-align-left","9":"tablet-align-left","10":"mobile-align-left","12":"first","13":"instock","14":"sale","15":"taxable","16":"shipping-taxable","17":"purchasable","18":"product-type-simple"},"_links":{"self":[{"href":"http:\/\/bestfitnessstore.com\/sv\/wp-json\/wp\/v2\/product\/1100","targetHints":{"allow":["GET"]}}],"collection":[{"href":"http:\/\/bestfitnessstore.com\/sv\/wp-json\/wp\/v2\/product"}],"about":[{"href":"http:\/\/bestfitnessstore.com\/sv\/wp-json\/wp\/v2\/types\/product"}],"replies":[{"embeddable":true,"href":"http:\/\/bestfitnessstore.com\/sv\/wp-json\/wp\/v2\/comments?post=1100"}],"wp:featuredmedia":[{"embeddable":true,"href":"http:\/\/bestfitnessstore.com\/sv\/wp-json\/wp\/v2\/media\/1103"}],"wp:attachment":[{"href":"http:\/\/bestfitnessstore.com\/sv\/wp-json\/wp\/v2\/media?parent=1100"}],"wp:term":[{"taxonomy":"product_brand","embeddable":true,"href":"http:\/\/bestfitnessstore.com\/sv\/wp-json\/wp\/v2\/product_brand?post=1100"},{"taxonomy":"product_cat","embeddable":true,"href":"http:\/\/bestfitnessstore.com\/sv\/wp-json\/wp\/v2\/product_cat?post=1100"},{"taxonomy":"product_tag","embeddable":true,"href":"http:\/\/bestfitnessstore.com\/sv\/wp-json\/wp\/v2\/product_tag?post=1100"}],"curies":[{"name":"wp","href":"https:\/\/api.w.org\/{rel}","templated":true}]}}