{"id":1090,"date":"2025-11-25T09:42:58","date_gmt":"2025-11-25T09:42:58","guid":{"rendered":"https:\/\/bestfitnessstore.com\/?post_type=product&#038;p=1090"},"modified":"2025-11-25T09:42:58","modified_gmt":"2025-11-25T09:42:58","slug":"proform-550-r-roddmaskin","status":"publish","type":"product","link":"http:\/\/bestfitnessstore.com\/sv\/product\/proform-550-r-rowing-machine\/","title":{"rendered":"ProForm 550 R Roddmaskin"},"content":{"rendered":"<div class=\"product-attribute-container-desktop desktop-only\">\n<div class=\"additional-attributes-wrapper table-wrapper\">\n<h5>PRODUKTINFORMATION<\/h5>\n<div class=\"attributes-container\">\n<ul class=\"product-attributes-container\">\n<li><span class=\"specification-title\">F\u00f6rpackningens vikt (KG):\u00a0<\/span><span class=\"specification-data\">34.000000<\/span><\/li>\n<li><span class=\"specification-title\">Integration av appar:\u00a0<\/span><span class=\"specification-data\">iFIT<\/span><\/li>\n<li><span class=\"specification-title\">Rower Typ:\u00a0<\/span><span class=\"specification-data\">Magnetisk<\/span><\/li>\n<li><span class=\"specification-title\">F\u00e4llbar:\u00a0<\/span><span class=\"specification-data\">Ja<\/span><\/li>\n<li><span class=\"specification-title\">Produktens m\u00e5tt (LxBxH):\u00a0<\/span><span class=\"specification-data\">182,10 x 58,10 x 67,50 cm<\/span><\/li>\n<\/ul>\n<ul class=\"product-attributes-container\">\n<li><span class=\"specification-title\">Str\u00f6mf\u00f6rs\u00f6rjningsmetod:\u00a0<\/span><span class=\"specification-data\">Eln\u00e4t<\/span><\/li>\n<li><span class=\"specification-title\">H\u00e5llare f\u00f6r surfplatta:\u00a0<\/span><span class=\"specification-data\">Ja<\/span><\/li>\n<li><span class=\"specification-title\">Transporthjul:\u00a0<\/span><span class=\"specification-data\">Ja<\/span><\/li>\n<li><span class=\"specification-title\">Maximal anv\u00e4ndarvikt (kg):\u00a0<\/span><span class=\"specification-data\">114,00 (kg)<\/span><\/li>\n<li><span class=\"specification-title\">L\u00e5dans m\u00e5tt (LxBxH):\u00a0<\/span><span class=\"specification-data\">125 x 28 x 62 cm<\/span><\/li>\n<\/ul>\n<\/div>\n<\/div>\n<\/div>\n<div class=\"product-features\">\n<h5>YTTERLIGARE FUNKTIONER<\/h5>\n<div class=\"more-container\">\n<div class=\"unshow-text\">\n<ul class=\"product-features-container\">\n<li><span class=\"specification-title\">Tyst magnetiskt motst\u00e5nd\u2122:<\/span>\u00a0<span class=\"specification-data\">Smidiga motst\u00e5nds\u00e4ndringar i farten<\/span><\/li>\n<li><span class=\"specification-title\">Motst\u00e5ndsniv\u00e5er:<\/span>\u00a0<span class=\"specification-data\">8<\/span><\/li>\n<li><span class=\"specification-title\">Pedaler:<\/span>\u00a0<span class=\"specification-data\">\u00d6verdimensionerad och sv\u00e4ngbar; justerbara nylonremmar<\/span><\/li>\n<li><span class=\"specification-title\">Handtag:<\/span>\u00a0<span class=\"specification-data\">Ergonomiskt handtag med mjukt grepp<\/span><\/li>\n<li><span class=\"specification-title\">Enhetshylla:<\/span>\u00a0<span class=\"specification-data\">Rymmer din mobiltelefon eller surfplatta (enheten ing\u00e5r ej)<\/span><\/li>\n<li><span class=\"specification-title\">IFIT-kompatibel:<\/span>\u00a0<span class=\"specification-data\">Upplev individualiserade, virtuella tr\u00e4ningspass ledda av v\u00e4rldens b\u00e4sta tr\u00e4nare i bekv\u00e4mligheten av ditt eget hem - medlemskap i iFIT Train kr\u00e4vs<\/span><\/li>\n<li><span class=\"specification-title\">Rymdbesparande design:<\/span>\u00a0<span class=\"specification-data\">Innovativ hopf\u00e4llbar ram<\/span><\/li>\n<li><span class=\"specification-title\">IFIT Trial:<\/span>\u00a0<span class=\"specification-data\">30-dagars iFIT Train-pr\u00f6vning ing\u00e5r. Kreditkort kr\u00e4vs f\u00f6r aktivering. iFIT Train-medlemskapet f\u00f6rnyas automatiskt om det inte s\u00e4gs upp i f\u00f6rv\u00e4g. 30-dagars provperiod g\u00e4ller endast f\u00f6r nya medlemskap.<\/span><\/li>\n<\/ul>\n<\/div>\n<\/div>\n<\/div>\n<div class=\"product-warranty\">\n<h5>GARANTI<\/h5>\n<div class=\"text-container\"><strong>Hemmabruk:<\/strong>\u00a0Tv\u00e5 \u00e5rs garanti p\u00e5 delar och arbete (villkor g\u00e4ller) under f\u00f6ruts\u00e4ttning att produkten registreras inom 28 dagar efter k\u00f6pet. Standardgarantin \u00e4r 12 m\u00e5nader f\u00f6r delar och arbete Villkor Denna garanti g\u00e4ller endast f\u00f6r den ursprungliga k\u00f6paren (du) och kan inte \u00f6verl\u00e5tas. Garantin t\u00e4cker inte: 1. Normalt slitage (exempel p\u00e5 delar som uts\u00e4tts f\u00f6r normalt slitage \u00e4r g\u00e5ngremmar, drivremmar, batterier, bromsbel\u00e4gg och hoppmattor). 2. Alla provisoriska reparationer, anpassningar eller \u00e4ndringar f\u00f6r att modifiera denna produkt fr\u00e5n dess normala syfte och funktion enligt beskrivningen i anv\u00e4ndarhandboken. 3. Skador till f\u00f6ljd av: a) Upps\u00e5tliga eller illvilliga handlingar. b) Transport. c) Felaktig installation, montering eller anslutning som inte \u00f6verensst\u00e4mmer med ICON:s specifikationer eller rekommendationer. d) Missbruk, felaktig anv\u00e4ndning, underl\u00e5tenhet att f\u00f6lja instruktioner eller felaktig eller onormal anv\u00e4ndning. e) Bristande efterlevnad av instruktionerna i din anv\u00e4ndarhandbok (t.ex. anv\u00e4ndning av andra reng\u00f6rings- och underh\u00e5llsprodukter \u00e4n de som rekommenderas, underl\u00e5tenhet att st\u00e4nga av produkten efter anv\u00e4ndning osv.) f) Anv\u00e4ndning utanf\u00f6r hemmet (inklusive men inte begr\u00e4nsat till anv\u00e4ndning i kommersiella, professionella, hyres- eller institutionella milj\u00f6er). g) Reparationer som inte utf\u00f6rs av en ICON-auktoriserad tj\u00e4nsteleverant\u00f6r eller anv\u00e4ndning av delar som inte tillhandah\u00e5lls eller auktoriseras av ICON. h) Olyckor, st\u00f6tar, str\u00f6mfluktuationer, blixtnedslag, stormar, vatten, brand, djur eller andra orsaker som ICON inte kan p\u00e5verka. i) Felaktig placering inklusive, men inte begr\u00e4nsat till, fuktiga, dammiga eller utomhusmilj\u00f6er (exempel inkluderar garage, k\u00e4llare, verandor och uteplatser).<\/div>\n<\/div>","protected":false},"excerpt":{"rendered":"<p>Roddmaskinen ProForm 550 R har 8 niv\u00e5er av digitalt motst\u00e5nd som ger den r\u00e4tta tr\u00e4ningen som din kropp beh\u00f6ver. Fr\u00e5n \u00e5terh\u00e4mtning till h\u00f6g intensitet, du kan v\u00e4lja det digitala motst\u00e5nd du beh\u00f6ver f\u00f6r att matcha dina m\u00e5l. Silent Magnetic Resistance\u2122-systemet ger en j\u00e4mn och tyst roddupplevelse, utformad f\u00f6r att hj\u00e4lpa din roddr\u00f6relse att k\u00e4nnas mer flytande f\u00f6r en s\u00f6ml\u00f6s tr\u00e4ning f\u00f6r hela kroppen. F\u00e5 ut mer av 550R roddmaskin med iFIT. Logga in p\u00e5 ditt iFIT-konto* p\u00e5 din egen enhet (surfplatta\/smartphone ing\u00e5r ej) och anslut den till 550R roddmaskin f\u00f6r att starta n\u00e4sta tr\u00e4ningspass i din personliga plan. Medan du tr\u00e4nar f\u00f6ljer iFIT din prestation och \u00e4ndrar automatiskt de 8 motst\u00e5ndsniv\u00e5erna till den intensitet du beh\u00f6ver. Med iFIT f\u00e5r du tillg\u00e5ng till \u00f6ver 10 000 tr\u00e4ningspass, smarta funktioner och coachning av kunniga iFIT-tr\u00e4nare p\u00e5 engagerande platser runt om i v\u00e4rlden. Tr\u00e4narna finns d\u00e4r f\u00f6r att hj\u00e4lpa dig med formen, h\u00e5lla dig motiverad att avsluta starkt och erbjuda insikter om globala platser f\u00f6r att du ska h\u00e5lla dig engagerad i b\u00e5de korta och l\u00e5nga sessioner. K\u00e4nn dig trygg och stabil i bekv\u00e4ma, \u00f6verdimensionerade pedaler som \u00e4r vridbara och har justerbara fotremmar i nylon f\u00f6r att passa de flesta storlekar. Dra enkelt i remmen f\u00f6r att sl\u00e4ppa foten i slutet av tr\u00e4ningspasset eller f\u00f6r att hoppa in i ett crosstrainingspass. 550R har ocks\u00e5 ett bekv\u00e4mt handtag med mjukt grepp som k\u00e4nns bra under hela tr\u00e4ningspasset. N\u00e4r du har avslutat ditt tr\u00e4ningspass kan 550R vikas ihop p\u00e5 mitten och \u00e4r l\u00e4tt att rulla bort f\u00f6r att spara golvyta. * 30-dagars iFIT Train Trial ing\u00e5r. Kreditkort kr\u00e4vs f\u00f6r aktivering. iFIT Train-medlemskapet f\u00f6rnyas automatiskt om det inte s\u00e4gs upp i f\u00f6rv\u00e4g. 30-dagars provperiod g\u00e4ller endast f\u00f6r nya medlemskap.<\/p>\n<div class=\"product-attribute-container-desktop desktop-only\">\n<div class=\"additional-attributes-wrapper table-wrapper\"><\/div>\n<\/div>","protected":false},"featured_media":1094,"comment_status":"open","ping_status":"closed","template":"","meta":{"site-sidebar-layout":"default","site-content-layout":"","ast-site-content-layout":"default","site-content-style":"default","site-sidebar-style":"default","ast-global-header-display":"","ast-banner-title-visibility":"","ast-main-header-display":"","ast-hfb-above-header-display":"","ast-hfb-below-header-display":"","ast-hfb-mobile-header-display":"","site-post-title":"","ast-breadcrumbs-content":"","ast-featured-img":"","footer-sml-layout":"","theme-transparent-header-meta":"default","adv-header-id-meta":"","stick-header-meta":"","header-above-stick-meta":"","header-main-stick-meta":"","header-below-stick-meta":"","astra-migrate-meta-layouts":"set","ast-page-background-enabled":"default","ast-page-background-meta":{"desktop":{"background-color":"var(--ast-global-color-5)","background-image":"","background-repeat":"repeat","background-position":"center center","background-size":"auto","background-attachment":"scroll","background-type":"","background-media":"","overlay-type":"","overlay-color":"","overlay-opacity":"","overlay-gradient":""},"tablet":{"background-color":"","background-image":"","background-repeat":"repeat","background-position":"center center","background-size":"auto","background-attachment":"scroll","background-type":"","background-media":"","overlay-type":"","overlay-color":"","overlay-opacity":"","overlay-gradient":""},"mobile":{"background-color":"","background-image":"","background-repeat":"repeat","background-position":"center center","background-size":"auto","background-attachment":"scroll","background-type":"","background-media":"","overlay-type":"","overlay-color":"","overlay-opacity":"","overlay-gradient":""}},"ast-content-background-meta":{"desktop":{"background-color":"var(--ast-global-color-4)","background-image":"","background-repeat":"repeat","background-position":"center center","background-size":"auto","background-attachment":"scroll","background-type":"","background-media":"","overlay-type":"","overlay-color":"","overlay-opacity":"","overlay-gradient":""},"tablet":{"background-color":"var(--ast-global-color-4)","background-image":"","background-repeat":"repeat","background-position":"center center","background-size":"auto","background-attachment":"scroll","background-type":"","background-media":"","overlay-type":"","overlay-color":"","overlay-opacity":"","overlay-gradient":""},"mobile":{"background-color":"var(--ast-global-color-4)","background-image":"","background-repeat":"repeat","background-position":"center center","background-size":"auto","background-attachment":"scroll","background-type":"","background-media":"","overlay-type":"","overlay-color":"","overlay-opacity":"","overlay-gradient":""}}},"product_brand":[],"product_cat":[20],"product_tag":[24],"class_list":{"0":"post-1090","1":"product","2":"type-product","3":"status-publish","4":"has-post-thumbnail","6":"product_cat-rowing-machine","7":"product_tag-rowing-machines","8":"desktop-align-left","9":"tablet-align-left","10":"mobile-align-left","12":"first","13":"instock","14":"sale","15":"taxable","16":"shipping-taxable","17":"purchasable","18":"product-type-simple"},"_links":{"self":[{"href":"http:\/\/bestfitnessstore.com\/sv\/wp-json\/wp\/v2\/product\/1090","targetHints":{"allow":["GET"]}}],"collection":[{"href":"http:\/\/bestfitnessstore.com\/sv\/wp-json\/wp\/v2\/product"}],"about":[{"href":"http:\/\/bestfitnessstore.com\/sv\/wp-json\/wp\/v2\/types\/product"}],"replies":[{"embeddable":true,"href":"http:\/\/bestfitnessstore.com\/sv\/wp-json\/wp\/v2\/comments?post=1090"}],"wp:featuredmedia":[{"embeddable":true,"href":"http:\/\/bestfitnessstore.com\/sv\/wp-json\/wp\/v2\/media\/1094"}],"wp:attachment":[{"href":"http:\/\/bestfitnessstore.com\/sv\/wp-json\/wp\/v2\/media?parent=1090"}],"wp:term":[{"taxonomy":"product_brand","embeddable":true,"href":"http:\/\/bestfitnessstore.com\/sv\/wp-json\/wp\/v2\/product_brand?post=1090"},{"taxonomy":"product_cat","embeddable":true,"href":"http:\/\/bestfitnessstore.com\/sv\/wp-json\/wp\/v2\/product_cat?post=1090"},{"taxonomy":"product_tag","embeddable":true,"href":"http:\/\/bestfitnessstore.com\/sv\/wp-json\/wp\/v2\/product_tag?post=1090"}],"curies":[{"name":"wp","href":"https:\/\/api.w.org\/{rel}","templated":true}]}}