{"id":1008,"date":"2025-11-24T15:43:27","date_gmt":"2025-11-24T15:43:27","guid":{"rendered":"https:\/\/bestfitnessstore.com\/?post_type=product&#038;p=1008"},"modified":"2025-11-24T15:43:27","modified_gmt":"2025-11-24T15:43:27","slug":"body-solid-r300-endurance-latt-kommersiell-luftroddmaskin","status":"publish","type":"product","link":"http:\/\/bestfitnessstore.com\/sv\/product\/body-solid-r300-endurance-light-commercial-air-rowing-machine\/","title":{"rendered":"Body-Solid R300 Endurance Light Commercial luftroddmaskin"},"content":{"rendered":"<div class=\"product-attribute-container-desktop desktop-only\">\n<div class=\"additional-attributes-wrapper table-wrapper\">\n<h4>PRODUKTINFORMATION<\/h4>\n<div class=\"attributes-container\">\n<ul class=\"product-attributes-container\">\n<li><span class=\"specification-title\">F\u00f6rpackningens vikt (KG):\u00a0<\/span><span class=\"specification-data\">45.000000<\/span><\/li>\n<li><span class=\"specification-title\">Str\u00f6mf\u00f6rs\u00f6rjningsmetod:\u00a0<\/span><span class=\"specification-data\">Sj\u00e4lvf\u00f6rs\u00f6rjande<\/span><\/li>\n<li><span class=\"specification-title\">Bluetooth:\u00a0<\/span><span class=\"specification-data\">Nej<\/span><\/li>\n<li><span class=\"specification-title\">Transporthjul:\u00a0<\/span><span class=\"specification-data\">Nej<\/span><\/li>\n<li><span class=\"specification-title\">Justerbart motst\u00e5nd:\u00a0<\/span><span class=\"specification-data\">Ja<\/span><\/li>\n<li><span class=\"specification-title\">Inbyggda program:\u00a0<\/span><span class=\"specification-data\">8 f\u00f6rinst\u00e4llda tr\u00e4ningspass inklusive: Snabbstart, Distans, Tid, Kalorier, Spel, Intervaller<\/span><\/li>\n<\/ul>\n<ul class=\"product-attributes-container\">\n<li><span class=\"specification-title\">Produktens vikt (KG):\u00a0<\/span><span class=\"specification-data\">37<\/span><\/li>\n<li><span class=\"specification-title\">H\u00e5llare f\u00f6r surfplatta:\u00a0<\/span><span class=\"specification-data\">Ja<\/span><\/li>\n<li><span class=\"specification-title\">Rower Typ:\u00a0<\/span><span class=\"specification-data\">Luft \/ hydraulik<\/span><\/li>\n<li><span class=\"specification-title\">F\u00e4llbar:\u00a0<\/span><span class=\"specification-data\">Nej<\/span><\/li>\n<li><span class=\"specification-title\">Maximal anv\u00e4ndarvikt (kg):\u00a0<\/span><span class=\"specification-data\">150,00 (kg)<\/span><\/li>\n<li><span class=\"specification-title\">Produktens m\u00e5tt (LxBxH):\u00a0<\/span><span class=\"specification-data\">241,50 x 62 x 101 cm<\/span><\/li>\n<\/ul>\n<\/div>\n<\/div>\n<\/div>\n<div class=\"product-features\">\n<h4>YTTERLIGARE FUNKTIONER<\/h4>\n<div class=\"more-container\">\n<div class=\"unshow-text\">\n<ul class=\"product-features-container\">\n<li><span class=\"specification-title\">Effektivt tr\u00e4ningspass:<\/span>\u00a0<span class=\"specification-data\">L\u00e5g belastning och helkropp<\/span><\/li>\n<li><span class=\"specification-title\">Musklerna arbetade:<\/span>\u00a0<span class=\"specification-data\">Quadriceps, hamstrings, magmuskler, obliques, lats, biceps, triceps, h\u00f6ftb\u00f6jare och mycket mer<\/span><\/li>\n<li><span class=\"specification-title\">Anv\u00e4ndarstyrt motst\u00e5nd:<\/span>\u00a0<span class=\"specification-data\">Svarar p\u00e5 din intensitetsniv\u00e5 och \u00f6kar i takt med att du \u00f6kar farten<\/span><\/li>\n<li><span class=\"specification-title\">Precisionskonstruerat sv\u00e4nghjul:<\/span>\u00a0<span class=\"specification-data\">Bullret \u00e4r reducerat till ett minimum<\/span><\/li>\n<li><span class=\"specification-title\">Texturerat, ergonomiskt handtag:<\/span>\u00a0<span class=\"specification-data\">Ro med naturliga hand- och armpositioner<\/span><\/li>\n<li><span class=\"specification-title\">Justerbara fotst\u00f6d:<\/span>\u00a0<span class=\"specification-data\">S\u00e4kert och bekv\u00e4mt fotf\u00e4ste<\/span><\/li>\n<li><span class=\"specification-title\">Interaktiv konsol:<\/span>\u00a0<span class=\"specification-data\">Rapporterar tid, hj\u00e4rtfrekvens, kalorier, paddelbredd, slagfrekvens, distanscykel och watt<\/span><\/li>\n<li><span class=\"specification-title\">Polar-kompatibel:<\/span>\u00a0<span class=\"specification-data\">Br\u00f6stb\u00e4lte ing\u00e5r ej - Polar T31 &amp; T34 okodade b\u00e4lten som s\u00e4nder vid 5 kHz \u00e4r kompatibla<\/span><\/li>\n<li><span class=\"specification-title\">Nickelpl\u00e4terad kedja:<\/span>\u00a0<span class=\"specification-data\">O\u00f6vertr\u00e4ffad h\u00e5llbarhet<\/span><\/li>\n<li><span class=\"specification-title\">Effektiv lagring:<\/span>\u00a0<span class=\"specification-data\">Kan enkelt delas upp i flera delar<\/span><\/li>\n<\/ul>\n<\/div>\n<\/div>\n<\/div>\n<div class=\"product-warranty\">\n<h4>GARANTI<\/h4>\n<div class=\"text-container\"><strong>Hem &amp; l\u00e4tt kommersiell anv\u00e4ndning:<\/strong>\u00a03 \u00e5r f\u00f6r delar, 1 \u00e5r f\u00f6r arbetskraft<\/div>\n<div><\/div>\n<\/div>\n<div class=\"product-next-day\">\n<h4>EXPRESSLEVERANS<\/h4>\n<div class=\"text-container\">M\u00e5nga av v\u00e5ra produkter har expressleverans och leverans p\u00e5 utsatt datum, vilket inneb\u00e4r att du f\u00e5r din produkt levererad redan i morgon eller p\u00e5 ett datum som passar dig. Kontrollera leveransalternativen i kassan f\u00f6r att se tillg\u00e4ngligheten f\u00f6r din korg och ditt postnummer. Leveransvillkor g\u00e4ller.<\/div>\n<\/div>","protected":false},"excerpt":{"rendered":"<div id=\"fullDescription\" class=\"full-description\">\n<div class=\"text-container\">Endurance by Body-Solid R300 Indoor Rower ger en effektiv tr\u00e4ning f\u00f6r hela kroppen med l\u00e5g p\u00e5verkan. Roddr\u00f6relsen ger inte bara anv\u00e4ndaren h\u00f6gintensiv kalorif\u00f6rbr\u00e4nnande konditionstr\u00e4ning utan tr\u00e4nar \u00e4ven quadriceps, hamstrings, magmuskler, obliques, lats, biceps, triceps, h\u00f6ftb\u00f6jare med mera. Anv\u00e4ndarkontrollerat luftmotst\u00e5nd ger anv\u00e4ndaren full kontroll f\u00f6r en balanserad och samordnad tr\u00e4ning. Motst\u00e5ndet \u00f6kar i takt med att du \u00f6kar hastigheten, men tack vare det precisionstillverkade sv\u00e4nghjulet reduceras ljudet till ett minimum. Ett texturerat, ergonomiskt handtag g\u00f6r att anv\u00e4ndaren kan ro med naturliga hand- och armpositioner medan fullt justerbara fotst\u00f6d ger anv\u00e4ndaren en s\u00e4ker och bekv\u00e4m tr\u00e4ning p\u00e5 R300. Anv\u00e4ndarna kan h\u00e5lla sig underh\u00e5llna eller h\u00e5lla koll p\u00e5 sina tr\u00e4ningsframsteg med den praktiska telefonh\u00e5llaren. Den interaktiva konsolen rapporterar tid, hj\u00e4rtfrekvens, kalorier, paddelbredd, slagfrekvens, distanscykel och watt och \u00e4r Polar-kompatibel (br\u00f6stb\u00e4lte s\u00e4ljs separat). Konsolen \u00e4r sofistikerad men enkel att anv\u00e4nda och har 8 olika tr\u00e4ningsprogram inbyggda, vilket garanterar att dina tr\u00e4ningspass \u00e4r varierande och motiverande. N\u00e4r du har rott f\u00e4rdigt kan R300 enkelt delas upp i flera delar f\u00f6r effektiv f\u00f6rvaring.&nbsp;<\/p>\n<\/div>\n<\/div>\n<div class=\"product-attribute-container-desktop desktop-only\">\n<div class=\"additional-attributes-wrapper table-wrapper\"><\/div>\n<\/div>","protected":false},"featured_media":1009,"comment_status":"open","ping_status":"closed","template":"","meta":{"site-sidebar-layout":"default","site-content-layout":"","ast-site-content-layout":"default","site-content-style":"default","site-sidebar-style":"default","ast-global-header-display":"","ast-banner-title-visibility":"","ast-main-header-display":"","ast-hfb-above-header-display":"","ast-hfb-below-header-display":"","ast-hfb-mobile-header-display":"","site-post-title":"","ast-breadcrumbs-content":"","ast-featured-img":"","footer-sml-layout":"","theme-transparent-header-meta":"default","adv-header-id-meta":"","stick-header-meta":"","header-above-stick-meta":"","header-main-stick-meta":"","header-below-stick-meta":"","astra-migrate-meta-layouts":"set","ast-page-background-enabled":"default","ast-page-background-meta":{"desktop":{"background-color":"var(--ast-global-color-5)","background-image":"","background-repeat":"repeat","background-position":"center center","background-size":"auto","background-attachment":"scroll","background-type":"","background-media":"","overlay-type":"","overlay-color":"","overlay-opacity":"","overlay-gradient":""},"tablet":{"background-color":"","background-image":"","background-repeat":"repeat","background-position":"center center","background-size":"auto","background-attachment":"scroll","background-type":"","background-media":"","overlay-type":"","overlay-color":"","overlay-opacity":"","overlay-gradient":""},"mobile":{"background-color":"","background-image":"","background-repeat":"repeat","background-position":"center center","background-size":"auto","background-attachment":"scroll","background-type":"","background-media":"","overlay-type":"","overlay-color":"","overlay-opacity":"","overlay-gradient":""}},"ast-content-background-meta":{"desktop":{"background-color":"var(--ast-global-color-4)","background-image":"","background-repeat":"repeat","background-position":"center center","background-size":"auto","background-attachment":"scroll","background-type":"","background-media":"","overlay-type":"","overlay-color":"","overlay-opacity":"","overlay-gradient":""},"tablet":{"background-color":"var(--ast-global-color-4)","background-image":"","background-repeat":"repeat","background-position":"center center","background-size":"auto","background-attachment":"scroll","background-type":"","background-media":"","overlay-type":"","overlay-color":"","overlay-opacity":"","overlay-gradient":""},"mobile":{"background-color":"var(--ast-global-color-4)","background-image":"","background-repeat":"repeat","background-position":"center center","background-size":"auto","background-attachment":"scroll","background-type":"","background-media":"","overlay-type":"","overlay-color":"","overlay-opacity":"","overlay-gradient":""}}},"product_brand":[],"product_cat":[20],"product_tag":[24],"class_list":{"0":"post-1008","1":"product","2":"type-product","3":"status-publish","4":"has-post-thumbnail","6":"product_cat-rowing-machine","7":"product_tag-rowing-machines","8":"desktop-align-left","9":"tablet-align-left","10":"mobile-align-left","12":"first","13":"instock","14":"sale","15":"taxable","16":"shipping-taxable","17":"purchasable","18":"product-type-simple"},"_links":{"self":[{"href":"http:\/\/bestfitnessstore.com\/sv\/wp-json\/wp\/v2\/product\/1008","targetHints":{"allow":["GET"]}}],"collection":[{"href":"http:\/\/bestfitnessstore.com\/sv\/wp-json\/wp\/v2\/product"}],"about":[{"href":"http:\/\/bestfitnessstore.com\/sv\/wp-json\/wp\/v2\/types\/product"}],"replies":[{"embeddable":true,"href":"http:\/\/bestfitnessstore.com\/sv\/wp-json\/wp\/v2\/comments?post=1008"}],"wp:featuredmedia":[{"embeddable":true,"href":"http:\/\/bestfitnessstore.com\/sv\/wp-json\/wp\/v2\/media\/1009"}],"wp:attachment":[{"href":"http:\/\/bestfitnessstore.com\/sv\/wp-json\/wp\/v2\/media?parent=1008"}],"wp:term":[{"taxonomy":"product_brand","embeddable":true,"href":"http:\/\/bestfitnessstore.com\/sv\/wp-json\/wp\/v2\/product_brand?post=1008"},{"taxonomy":"product_cat","embeddable":true,"href":"http:\/\/bestfitnessstore.com\/sv\/wp-json\/wp\/v2\/product_cat?post=1008"},{"taxonomy":"product_tag","embeddable":true,"href":"http:\/\/bestfitnessstore.com\/sv\/wp-json\/wp\/v2\/product_tag?post=1008"}],"curies":[{"name":"wp","href":"https:\/\/api.w.org\/{rel}","templated":true}]}}