{"id":991,"date":"2025-11-24T15:24:14","date_gmt":"2025-11-24T15:24:14","guid":{"rendered":"https:\/\/bestfitnessstore.com\/?post_type=product&#038;p=991"},"modified":"2025-11-24T15:24:14","modified_gmt":"2025-11-24T15:24:14","slug":"rower-pionowy-spirit-xbu55","status":"publish","type":"product","link":"http:\/\/bestfitnessstore.com\/pl\/product\/spirit-xbu55-upright-bike\/","title":{"rendered":"Rower poziomy Spirit XBU55"},"content":{"rendered":"<div class=\"product-attribute-container-desktop desktop-only\">\n<div class=\"additional-attributes-wrapper table-wrapper\">\n<h4>INFORMACJE O PRODUKCIE<\/h4>\n<div class=\"attributes-container\">\n<ul class=\"product-attributes-container\">\n<li><span class=\"specification-title\">Waga opakowania (KG):\u00a0<\/span><span class=\"specification-data\">54.400002<\/span><\/li>\n<li><span class=\"specification-title\">Metoda zasilania:\u00a0<\/span><span class=\"specification-data\">Sie\u0107 elektryczna<\/span><\/li>\n<li><span class=\"specification-title\">Uchwyt na tablet:\u00a0<\/span><span class=\"specification-data\">Tak<\/span><\/li>\n<li><span class=\"specification-title\">Regulacja ramy:\u00a0<\/span><span class=\"specification-data\">Siode\u0142ko do przodu i do ty\u0142u, siode\u0142ko w g\u00f3r\u0119 i w d\u00f3\u0142<\/span><\/li>\n<li><span class=\"specification-title\">K\u00f3\u0142ka transportowe:\u00a0<\/span><span class=\"specification-data\">Tak<\/span><\/li>\n<li><span class=\"specification-title\">Monitorowanie t\u0119tna:\u00a0<\/span><span class=\"specification-data\">Wbudowane czujniki i Bluetooth<\/span><\/li>\n<li><span class=\"specification-title\">Wbudowane programy:\u00a0<\/span><span class=\"specification-data\">Manual, Hill, Fat Burn, Cardio, Strength, HIIT, Fusion, Time, Distance, Calories, 2 Custom, 4 Heart Rate<\/span><\/li>\n<li><span class=\"specification-title\">Wymiary pude\u0142ka (d\u0142. x szer. x wys.):\u00a0<\/span><span class=\"specification-data\">117,50 x 46 x 78 cm<\/span><\/li>\n<\/ul>\n<ul class=\"product-attributes-container\">\n<li><span class=\"specification-title\">Waga produktu (KG):\u00a0<\/span><span class=\"specification-data\">54.40<\/span><\/li>\n<li><span class=\"specification-title\">Integracja aplikacji:\u00a0<\/span><span class=\"specification-data\">KinoMap, SPIRIT+, Zwift<\/span><\/li>\n<li><span class=\"specification-title\">Bluetooth:\u00a0<\/span><span class=\"specification-data\">Tak<\/span><\/li>\n<li><span class=\"specification-title\">Typ cyklu:\u00a0<\/span><span class=\"specification-data\">Pionowo<\/span><\/li>\n<li><span class=\"specification-title\">Masa ko\u0142a zamachowego (KG):\u00a0<\/span><span class=\"specification-data\">14<\/span><\/li>\n<li><span class=\"specification-title\">Maksymalna waga u\u017cytkownika (kg):\u00a0<\/span><span class=\"specification-data\">150,00 (kg)<\/span><\/li>\n<li><span class=\"specification-title\">Wymiary produktu (d\u0142. x szer. x wys.):\u00a0<\/span><span class=\"specification-data\">108 x 55 x 157 cm<\/span><\/li>\n<\/ul>\n<\/div>\n<\/div>\n<\/div>\n<div class=\"product-features\">\n<h4>DODATKOWE FUNKCJE<\/h4>\n<div class=\"more-container\">\n<div class=\"unshow-text\">\n<ul class=\"product-features-container\">\n<li><span class=\"specification-title\">Konsola:<\/span>\u00a0<span class=\"specification-data\">Wielokolorowy wy\u015bwietlacz LCD 7,5\u201d, wykres pracy serca, uchylny\/obrotowy uchwyt na tablet, regulowany wentylator, g\u0142o\u015bniki Bluetooth, port \u0142adowania USB<\/span><\/li>\n<li><span class=\"specification-title\">T\u0119tno:<\/span>\u00a0<span class=\"specification-data\">Kontaktowy i telemetryczny (5 kHz i Bluetooth), pas piersiowy nie wchodzi w sk\u0142ad zestawu<\/span><\/li>\n<li><span class=\"specification-title\">Poziomy oporu:<\/span>\u00a0<span class=\"specification-data\">20 poziom\u00f3w<\/span><\/li>\n<li><span class=\"specification-title\">Ko\u0142o zamachowe:<\/span>\u00a0<span class=\"specification-data\">14 kg<\/span><\/li>\n<li><span class=\"specification-title\">Siedzenie:<\/span>\u00a0<span class=\"specification-data\">Du\u017ce, wy\u015bcie\u0142ane siedzisko<\/span><\/li>\n<li><span class=\"specification-title\">Peda\u0142y:<\/span>\u00a0<span class=\"specification-data\">Ponadwymiarowy i samobalansuj\u0105cy z systemem szybkiego zatrzasku<\/span><\/li>\n<li><span class=\"specification-title\">Uwaga:<\/span>\u00a0<span class=\"specification-data\">Tablet nie wchodzi w sk\u0142ad zestawu<\/span><\/li>\n<\/ul>\n<\/div>\n<\/div>\n<\/div>\n<div class=\"product-warranty\">\n<h4>GWARANCJA<\/h4>\n<div class=\"text-container\"><strong>Do u\u017cytku domowego:<\/strong>\u00a010 lat na silnik, 3 lata na cz\u0119\u015bci i 3 lata na robocizn\u0119. Produkt musi by\u0107 u\u017cywany\/przechowywany w odpowiednim \u015brodowisku (lokalizacje z wilgotnym, nieuszczelnionym betonem lub obszary ze sta\u0142ym przep\u0142ywem powietrza do obszar\u00f3w zewn\u0119trznych nie s\u0105 klasyfikowane jako odpowiednie).<\/p>\n<\/div>\n<\/div>\n<div>\n<h4>DOSTAWA EKSPRESOWA<\/h4>\n<div class=\"text-container\">Wiele z naszych produkt\u00f3w ma opcje dostawy ekspresowej i z wyznaczon\u0105 dat\u0105, co oznacza, \u017ce produkt zostanie dostarczony ju\u017c jutro lub w wybranym przez Ciebie terminie. Sprawd\u017a opcje dostawy przy kasie, aby zobaczy\u0107 dost\u0119pno\u015b\u0107 dla swojego koszyka i kodu pocztowego. Obowi\u0105zuj\u0105 warunki dostawy.<\/div>\n<\/div>","protected":false},"excerpt":{"rendered":"<p>\u0141\u0105cz\u0105c komfort z wydajno\u015bci\u0105, rower stacjonarny Spirit XBU55 jest m\u0105drym dodatkiem do domowej si\u0142owni dla fan\u00f3w kolarstwa. Ka\u017cde naci\u015bni\u0119cie peda\u0142\u00f3w jest p\u0142ynne dzi\u0119ki 14-kilogramowemu ko\u0142u zamachowemu, a 20 poziom\u00f3w oporu zapewnia, \u017ce ka\u017cda jazda jest tak wymagaj\u0105ca, jak tego potrzebujesz. W pe\u0142ni regulowane, amortyzowane siedzisko, du\u017ce peda\u0142y z zatrzaskami i ergonomiczna konstrukcja kierownicy sprawiaj\u0105, \u017ce na XBU55 mo\u017cna szybko poczu\u0107 si\u0119 komfortowo. Po\u015brodku konsoli znajduje si\u0119 7,5-calowy, wielokolorowy wy\u015bwietlacz LCD, kt\u00f3ry pokazuje wszystkie wa\u017cne dane treningowe, w tym t\u0119tno, kt\u00f3re mo\u017cna zmierzy\u0107, trzymaj\u0105c si\u0119 zintegrowanych punkt\u00f3w kontaktowych lub za pomoc\u0105 pasa piersiowego Bluetooth (brak w zestawie). Do wyboru jest wiele wst\u0119pnie ustawionych program\u00f3w treningowych, w tym r\u0119czny, Hill, Fat Burn, Cardio, Strength, HIIT, Fusion, Time, Distance, Calories, 2 Custom i 4 Heart Rate. XBU55 \u0142\u0105czy si\u0119 r\u00f3wnie\u017c z wiod\u0105cymi aplikacjami fitness, takimi jak Zwift i Kinomap, a tak\u017ce Map My Fitness, Apple Health Kit i innymi za po\u015brednictwem aplikacji Spirit+. Konsola jest wyposa\u017cona w dedykowany tytu\u0142 i obrotowy uchwyt na tablet nad ekranem, regulowany wentylator ch\u0142odz\u0105cy, port \u0142adowania USB, przyciski bezpo\u015bredniego dost\u0119pu do oporu i zintegrowane g\u0142o\u015bniki Bluetooth.<\/p>\n<div class=\"product-attribute-container-desktop desktop-only\">\n<div class=\"additional-attributes-wrapper table-wrapper\"><\/div>\n<\/div>","protected":false},"featured_media":993,"comment_status":"open","ping_status":"closed","template":"","meta":{"site-sidebar-layout":"default","site-content-layout":"","ast-site-content-layout":"default","site-content-style":"default","site-sidebar-style":"default","ast-global-header-display":"","ast-banner-title-visibility":"","ast-main-header-display":"","ast-hfb-above-header-display":"","ast-hfb-below-header-display":"","ast-hfb-mobile-header-display":"","site-post-title":"","ast-breadcrumbs-content":"","ast-featured-img":"","footer-sml-layout":"","theme-transparent-header-meta":"default","adv-header-id-meta":"","stick-header-meta":"","header-above-stick-meta":"","header-main-stick-meta":"","header-below-stick-meta":"","astra-migrate-meta-layouts":"set","ast-page-background-enabled":"default","ast-page-background-meta":{"desktop":{"background-color":"var(--ast-global-color-5)","background-image":"","background-repeat":"repeat","background-position":"center center","background-size":"auto","background-attachment":"scroll","background-type":"","background-media":"","overlay-type":"","overlay-color":"","overlay-opacity":"","overlay-gradient":""},"tablet":{"background-color":"","background-image":"","background-repeat":"repeat","background-position":"center center","background-size":"auto","background-attachment":"scroll","background-type":"","background-media":"","overlay-type":"","overlay-color":"","overlay-opacity":"","overlay-gradient":""},"mobile":{"background-color":"","background-image":"","background-repeat":"repeat","background-position":"center center","background-size":"auto","background-attachment":"scroll","background-type":"","background-media":"","overlay-type":"","overlay-color":"","overlay-opacity":"","overlay-gradient":""}},"ast-content-background-meta":{"desktop":{"background-color":"var(--ast-global-color-4)","background-image":"","background-repeat":"repeat","background-position":"center center","background-size":"auto","background-attachment":"scroll","background-type":"","background-media":"","overlay-type":"","overlay-color":"","overlay-opacity":"","overlay-gradient":""},"tablet":{"background-color":"var(--ast-global-color-4)","background-image":"","background-repeat":"repeat","background-position":"center center","background-size":"auto","background-attachment":"scroll","background-type":"","background-media":"","overlay-type":"","overlay-color":"","overlay-opacity":"","overlay-gradient":""},"mobile":{"background-color":"var(--ast-global-color-4)","background-image":"","background-repeat":"repeat","background-position":"center center","background-size":"auto","background-attachment":"scroll","background-type":"","background-media":"","overlay-type":"","overlay-color":"","overlay-opacity":"","overlay-gradient":""}}},"product_brand":[],"product_cat":[19],"product_tag":[22],"class_list":{"0":"post-991","1":"product","2":"type-product","3":"status-publish","4":"has-post-thumbnail","6":"product_cat-excise-bikes","7":"product_tag-exercise-bikes","8":"desktop-align-left","9":"tablet-align-left","10":"mobile-align-left","12":"first","13":"instock","14":"sale","15":"taxable","16":"shipping-taxable","17":"purchasable","18":"product-type-simple"},"_links":{"self":[{"href":"http:\/\/bestfitnessstore.com\/pl\/wp-json\/wp\/v2\/product\/991","targetHints":{"allow":["GET"]}}],"collection":[{"href":"http:\/\/bestfitnessstore.com\/pl\/wp-json\/wp\/v2\/product"}],"about":[{"href":"http:\/\/bestfitnessstore.com\/pl\/wp-json\/wp\/v2\/types\/product"}],"replies":[{"embeddable":true,"href":"http:\/\/bestfitnessstore.com\/pl\/wp-json\/wp\/v2\/comments?post=991"}],"wp:featuredmedia":[{"embeddable":true,"href":"http:\/\/bestfitnessstore.com\/pl\/wp-json\/wp\/v2\/media\/993"}],"wp:attachment":[{"href":"http:\/\/bestfitnessstore.com\/pl\/wp-json\/wp\/v2\/media?parent=991"}],"wp:term":[{"taxonomy":"product_brand","embeddable":true,"href":"http:\/\/bestfitnessstore.com\/pl\/wp-json\/wp\/v2\/product_brand?post=991"},{"taxonomy":"product_cat","embeddable":true,"href":"http:\/\/bestfitnessstore.com\/pl\/wp-json\/wp\/v2\/product_cat?post=991"},{"taxonomy":"product_tag","embeddable":true,"href":"http:\/\/bestfitnessstore.com\/pl\/wp-json\/wp\/v2\/product_tag?post=991"}],"curies":[{"name":"wp","href":"https:\/\/api.w.org\/{rel}","templated":true}]}}