{"id":960,"date":"2025-11-24T15:03:20","date_gmt":"2025-11-24T15:03:20","guid":{"rendered":"https:\/\/bestfitnessstore.com\/?post_type=product&#038;p=960"},"modified":"2025-11-24T15:03:20","modified_gmt":"2025-11-24T15:03:20","slug":"spirit-cu800-led-rower-pionowy-grafitowo-szary","status":"publish","type":"product","link":"http:\/\/bestfitnessstore.com\/pl\/product\/spirit-cu800-led-upright-bike-graphite-grey\/","title":{"rendered":"Rower stacjonarny Spirit CU800+ LED (grafitowo-szary)"},"content":{"rendered":"<div class=\"product-attribute-container-desktop desktop-only\">\n<div class=\"additional-attributes-wrapper table-wrapper\">\n<h4>INFORMACJE O PRODUKCIE<\/h4>\n<div class=\"attributes-container\">\n<ul class=\"product-attributes-container\">\n<li><span class=\"specification-title\">Waga opakowania (KG):\u00a0<\/span><span class=\"specification-data\">57.400002<\/span><\/li>\n<li><span class=\"specification-title\">Metoda zasilania:\u00a0<\/span><span class=\"specification-data\">Samozasilanie<\/span><\/li>\n<li><span class=\"specification-title\">Uchwyt na tablet:\u00a0<\/span><span class=\"specification-data\">Tak<\/span><\/li>\n<li><span class=\"specification-title\">Peda\u0142y:\u00a0<\/span><span class=\"specification-data\">Standard, pasek<\/span><\/li>\n<li><span class=\"specification-title\">Typ cyklu:\u00a0<\/span><span class=\"specification-data\">Pionowo<\/span><\/li>\n<li><span class=\"specification-title\">System oporu:\u00a0<\/span><span class=\"specification-data\">Generator bezszczotkowy<\/span><\/li>\n<li><span class=\"specification-title\">Maksymalna waga u\u017cytkownika (kg):\u00a0<\/span><span class=\"specification-data\">205,00 (kg)<\/span><\/li>\n<li><span class=\"specification-title\">Wymiary produktu (d\u0142. x szer. x wys.):\u00a0<\/span><span class=\"specification-data\">123 x 65 x 146,50 cm<\/span><\/li>\n<\/ul>\n<ul class=\"product-attributes-container\">\n<li><span class=\"specification-title\">Waga produktu (KG):\u00a0<\/span><span class=\"specification-data\">57<\/span><\/li>\n<li><span class=\"specification-title\">Integracja aplikacji:\u00a0<\/span><span class=\"specification-data\">KinoMap, Zwift<\/span><\/li>\n<li><span class=\"specification-title\">Bluetooth:\u00a0<\/span><span class=\"specification-data\">Tak<\/span><\/li>\n<li><span class=\"specification-title\">Regulacja ramy:\u00a0<\/span><span class=\"specification-data\">Siode\u0142ko do przodu i do ty\u0142u, siode\u0142ko w g\u00f3r\u0119 i w d\u00f3\u0142<\/span><\/li>\n<li><span class=\"specification-title\">K\u00f3\u0142ka transportowe:\u00a0<\/span><span class=\"specification-data\">Tak<\/span><\/li>\n<li><span class=\"specification-title\">Masa ko\u0142a zamachowego (KG):\u00a0<\/span><span class=\"specification-data\">14<\/span><\/li>\n<li><span class=\"specification-title\">Wbudowane programy:\u00a0<\/span><span class=\"specification-data\">Manual, Hill, Fat burn, Cardio, HIIT, Interval, 2 Heart Rate, Custom, Fit Test, Constant Power<\/span><\/li>\n<\/ul>\n<\/div>\n<\/div>\n<\/div>\n<div class=\"product-features\">\n<h4>DODATKOWE FUNKCJE<\/h4>\n<div class=\"more-container\">\n<div class=\"unshow-text\">\n<ul class=\"product-features-container\">\n<li><span class=\"specification-title\">Moc:<\/span>\u00a0<span class=\"specification-data\">Generator<\/span><\/li>\n<li><span class=\"specification-title\">Konsola:<\/span>\u00a0<span class=\"specification-data\">Du\u017ca bia\u0142a dioda LED z kolorowymi sekcjami, czarne dno, 18-znakowe okno komunikatu, okna poziomu, okna RPM<\/span><\/li>\n<li><span class=\"specification-title\">Bluetooth:<\/span>\u00a0<span class=\"specification-data\">Pod\u0142\u0105cz do pasa piersiowego\/aplikacji\/s\u0142uchawek<\/span><\/li>\n<li><span class=\"specification-title\">Port USB:<\/span>\u00a0<span class=\"specification-data\">Do \u0142adowania urz\u0105dze\u0144<\/span><\/li>\n<li><span class=\"specification-title\">Fan:<\/span>\u00a0<span class=\"specification-data\">Ch\u0142odzenie podczas trening\u00f3w<\/span><\/li>\n<li><span class=\"specification-title\">Ko\u0142o zamachowe:<\/span>\u00a0<span class=\"specification-data\">14kg \/ 30.87lbs<\/span><\/li>\n<li><span class=\"specification-title\">Poziomy oporu:<\/span>\u00a0<span class=\"specification-data\">1-40<\/span><\/li>\n<li><span class=\"specification-title\">Uk\u0142ad nap\u0119dowy:<\/span>\u00a0<span class=\"specification-data\">Pasek Poly-V z samonapinaczem<\/span><\/li>\n<li><span class=\"specification-title\">Siedzenie:<\/span>\u00a0<span class=\"specification-data\">Podw\u00f3jna amortyzacja<\/span><\/li>\n<li><span class=\"specification-title\">Ponadwymiarowe peda\u0142y:<\/span>\u00a0<span class=\"specification-data\">Z systemem szybkiego zatrzasku<\/span><\/li>\n<\/ul>\n<\/div>\n<\/div>\n<\/div>\n<div class=\"product-warranty\">\n<h4>GWARANCJA<\/h4>\n<div class=\"text-container\"><strong>Do u\u017cytku domowego i lekkiego\/komercyjnego:<\/strong>\u00a03 lata na cz\u0119\u015bci i robocizn\u0119. Produkt musi by\u0107 u\u017cywany\/przechowywany w odpowiednim \u015brodowisku (lokalizacje z wilgotnym, nieuszczelnionym betonem lub obszary ze sta\u0142ym przep\u0142ywem powietrza do obszar\u00f3w zewn\u0119trznych nie s\u0105 klasyfikowane jako odpowiednie).<\/div>\n<\/div>","protected":false},"excerpt":{"rendered":"<p>Kompaktowa rama roweru stacjonarnego Spirit CU800+ LED jest wyposa\u017cona w ko\u0142o zamachowe o wadze 14 kg i zintegrowany generator zapewniaj\u0105cy p\u0142ynn\u0105 i stabiln\u0105 jazd\u0119. Ponadwymiarowe peda\u0142y z systemem szybkiego zatrzasku zapewniaj\u0105 bezpiecze\u0144stwo st\u00f3p, a wy\u015bcie\u0142ane ergonomiczne siedzisko z pe\u0142n\u0105 regulacj\u0105 zapewnia dodatkowy komfort. 40 poziom\u00f3w oporu zaspokoi potrzeby wszystkich u\u017cytkownik\u00f3w, od pocz\u0105tkuj\u0105cych po zaawansowanych. Opcje kontaktowego i bezprzewodowego monitorowania t\u0119tna pozwalaj\u0105 u\u017cytkownikom \u015bledzi\u0107, jak ci\u0119\u017cko pracuj\u0105, pomagaj\u0105c im pozosta\u0107 w efektywnej strefie treningowej. \u015aled\u017a sw\u00f3j trening (r\u0119czny, g\u00f3rski, spalanie t\u0142uszczu, cardio, HIIT, interwa\u0142owy, 2 t\u0119tna, niestandardowy, test dopasowania, sta\u0142a moc) na jasnej, bia\u0142ej konsoli LED z wieloma oknami, zmieniaj\u0105c pas piersiowy\/aplikacj\u0119 i s\u0142uchawki. Konsola jest wyposa\u017cona w port USB do \u0142adowania urz\u0105dzenia, wentylator treningowy zapewniaj\u0105cy ch\u0142\u00f3d podczas treningu oraz Bluetooth do pod\u0142\u0105czenia pasa piersiowego\/aplikacji i s\u0142uchawek.<\/p>\n<div class=\"product-attribute-container-desktop desktop-only\">\n<div class=\"additional-attributes-wrapper table-wrapper\"><\/div>\n<\/div>","protected":false},"featured_media":963,"comment_status":"open","ping_status":"closed","template":"","meta":{"site-sidebar-layout":"default","site-content-layout":"","ast-site-content-layout":"default","site-content-style":"default","site-sidebar-style":"default","ast-global-header-display":"","ast-banner-title-visibility":"","ast-main-header-display":"","ast-hfb-above-header-display":"","ast-hfb-below-header-display":"","ast-hfb-mobile-header-display":"","site-post-title":"","ast-breadcrumbs-content":"","ast-featured-img":"","footer-sml-layout":"","theme-transparent-header-meta":"default","adv-header-id-meta":"","stick-header-meta":"","header-above-stick-meta":"","header-main-stick-meta":"","header-below-stick-meta":"","astra-migrate-meta-layouts":"set","ast-page-background-enabled":"default","ast-page-background-meta":{"desktop":{"background-color":"var(--ast-global-color-5)","background-image":"","background-repeat":"repeat","background-position":"center center","background-size":"auto","background-attachment":"scroll","background-type":"","background-media":"","overlay-type":"","overlay-color":"","overlay-opacity":"","overlay-gradient":""},"tablet":{"background-color":"","background-image":"","background-repeat":"repeat","background-position":"center center","background-size":"auto","background-attachment":"scroll","background-type":"","background-media":"","overlay-type":"","overlay-color":"","overlay-opacity":"","overlay-gradient":""},"mobile":{"background-color":"","background-image":"","background-repeat":"repeat","background-position":"center center","background-size":"auto","background-attachment":"scroll","background-type":"","background-media":"","overlay-type":"","overlay-color":"","overlay-opacity":"","overlay-gradient":""}},"ast-content-background-meta":{"desktop":{"background-color":"var(--ast-global-color-4)","background-image":"","background-repeat":"repeat","background-position":"center center","background-size":"auto","background-attachment":"scroll","background-type":"","background-media":"","overlay-type":"","overlay-color":"","overlay-opacity":"","overlay-gradient":""},"tablet":{"background-color":"var(--ast-global-color-4)","background-image":"","background-repeat":"repeat","background-position":"center center","background-size":"auto","background-attachment":"scroll","background-type":"","background-media":"","overlay-type":"","overlay-color":"","overlay-opacity":"","overlay-gradient":""},"mobile":{"background-color":"var(--ast-global-color-4)","background-image":"","background-repeat":"repeat","background-position":"center center","background-size":"auto","background-attachment":"scroll","background-type":"","background-media":"","overlay-type":"","overlay-color":"","overlay-opacity":"","overlay-gradient":""}}},"product_brand":[],"product_cat":[19],"product_tag":[22],"class_list":{"0":"post-960","1":"product","2":"type-product","3":"status-publish","4":"has-post-thumbnail","6":"product_cat-excise-bikes","7":"product_tag-exercise-bikes","8":"desktop-align-left","9":"tablet-align-left","10":"mobile-align-left","12":"first","13":"instock","14":"sale","15":"taxable","16":"shipping-taxable","17":"purchasable","18":"product-type-simple"},"_links":{"self":[{"href":"http:\/\/bestfitnessstore.com\/pl\/wp-json\/wp\/v2\/product\/960","targetHints":{"allow":["GET"]}}],"collection":[{"href":"http:\/\/bestfitnessstore.com\/pl\/wp-json\/wp\/v2\/product"}],"about":[{"href":"http:\/\/bestfitnessstore.com\/pl\/wp-json\/wp\/v2\/types\/product"}],"replies":[{"embeddable":true,"href":"http:\/\/bestfitnessstore.com\/pl\/wp-json\/wp\/v2\/comments?post=960"}],"wp:featuredmedia":[{"embeddable":true,"href":"http:\/\/bestfitnessstore.com\/pl\/wp-json\/wp\/v2\/media\/963"}],"wp:attachment":[{"href":"http:\/\/bestfitnessstore.com\/pl\/wp-json\/wp\/v2\/media?parent=960"}],"wp:term":[{"taxonomy":"product_brand","embeddable":true,"href":"http:\/\/bestfitnessstore.com\/pl\/wp-json\/wp\/v2\/product_brand?post=960"},{"taxonomy":"product_cat","embeddable":true,"href":"http:\/\/bestfitnessstore.com\/pl\/wp-json\/wp\/v2\/product_cat?post=960"},{"taxonomy":"product_tag","embeddable":true,"href":"http:\/\/bestfitnessstore.com\/pl\/wp-json\/wp\/v2\/product_tag?post=960"}],"curies":[{"name":"wp","href":"https:\/\/api.w.org\/{rel}","templated":true}]}}