{"id":594,"date":"2025-11-22T08:52:25","date_gmt":"2025-11-22T08:52:25","guid":{"rendered":"https:\/\/bestfitnessstore.com\/?post_type=product&#038;p=594"},"modified":"2025-11-22T08:52:25","modified_gmt":"2025-11-22T08:52:25","slug":"bowflex-ic-bike-sei","status":"publish","type":"product","link":"http:\/\/bestfitnessstore.com\/pl\/product\/bowflex-ic-bike-sei\/","title":{"rendered":"Bowflex IC Bike SEi"},"content":{"rendered":"<div class=\"product-attribute-container-desktop desktop-only\">\n<div class=\"additional-attributes-wrapper table-wrapper\">\n<h4>INFORMACJE O PRODUKCIE<\/h4>\n<div class=\"attributes-container\">\n<ul class=\"product-attributes-container\">\n<li><span class=\"specification-title\">Waga opakowania (KG):\u00a0<\/span><span class=\"specification-data\">66.400002<\/span><\/li>\n<li><span class=\"specification-title\">Metoda zasilania:\u00a0<\/span><span class=\"specification-data\">Sie\u0107 elektryczna<\/span><\/li>\n<li><span class=\"specification-title\">Uchwyt na tablet:\u00a0<\/span><span class=\"specification-data\">Tak<\/span><\/li>\n<li><span class=\"specification-title\">Peda\u0142y:\u00a0<\/span><span class=\"specification-data\">Klipsy SPD, klatka na palce<\/span><\/li>\n<li><span class=\"specification-title\">Typ cyklu:\u00a0<\/span><span class=\"specification-data\">Racer<\/span><\/li>\n<li><span class=\"specification-title\">System oporu:\u00a0<\/span><span class=\"specification-data\">Magnetyczny<\/span><\/li>\n<li><span class=\"specification-title\">Maksymalna waga u\u017cytkownika (kg):\u00a0<\/span><span class=\"specification-data\">150,00 (kg)<\/span><\/li>\n<li><span class=\"specification-title\">Wymiary pude\u0142ka (d\u0142. x szer. x wys.):\u00a0<\/span><span class=\"specification-data\">111 x 25,10 x 88,90 cm<\/span><\/li>\n<\/ul>\n<ul class=\"product-attributes-container\">\n<li><span class=\"specification-title\">Waga produktu (KG):\u00a0<\/span><span class=\"specification-data\">61.40<\/span><\/li>\n<li><span class=\"specification-title\">Integracja aplikacji:\u00a0<\/span><span class=\"specification-data\">JRNY, Peloton, Zwift<\/span><\/li>\n<li><span class=\"specification-title\">Bluetooth:\u00a0<\/span><span class=\"specification-data\">Tak<\/span><\/li>\n<li><span class=\"specification-title\">Regulacja ramy:\u00a0<\/span><span class=\"specification-data\">Kierownica do przodu i do ty\u0142u, kierownica w g\u00f3r\u0119 i w d\u00f3\u0142, siode\u0142ko do przodu i do ty\u0142u, siode\u0142ko w g\u00f3r\u0119 i w d\u00f3\u0142<\/span><\/li>\n<li><span class=\"specification-title\">K\u00f3\u0142ka transportowe:\u00a0<\/span><span class=\"specification-data\">Tak<\/span><\/li>\n<li><span class=\"specification-title\">Monitorowanie t\u0119tna:\u00a0<\/span><span class=\"specification-data\">Bluetooth<\/span><\/li>\n<li><span class=\"specification-title\">Wymiary produktu (d\u0142. x szer. x wys.):\u00a0<\/span><span class=\"specification-data\">138,90 x 54,50 x 134,20 cm<\/span><\/li>\n<\/ul>\n<\/div>\n<\/div>\n<\/div>\n<div class=\"product-features\"><strong>DODATKOWE FUNKCJE<\/strong><\/p>\n<div class=\"more-container\">\n<div class=\"unshow-text\">\n<ul class=\"product-features-container\">\n<li><span class=\"specification-title\">Op\u00f3r magnetyczny:<\/span>\u00a0<span class=\"specification-data\">100 poziom\u00f3w oporu<\/span><\/li>\n<li><span class=\"specification-title\">7-calowy kolorowy wy\u015bwietlacz:<\/span>\u00a0<span class=\"specification-data\">\u015aled\u017a swoje statystyki podczas jazdy<\/span><\/li>\n<li><span class=\"specification-title\">Zgodno\u015b\u0107 z JRNY\u2122:<\/span>\u00a0<span class=\"specification-data\">Spersonalizowane do\u015bwiadczenie fitness, kt\u00f3re obejmuje dynamiczny coaching, wideo prowadzone przez trenera, nagrody i nie tylko (ograniczona liczba trening\u00f3w dost\u0119pnych w ramach bezp\u0142atnej subskrypcji. Odblokuj pe\u0142ny potencja\u0142 JRNY dzi\u0119ki subskrypcji). Aplikacja mobilna JRNY wymaga systemu Apple iOS 14.0 lub nowszego \/ Android 7.1 lub nowszego.<\/span><\/li>\n<li><span class=\"specification-title\">*JRNY\u2122 Trial:<\/span>\u00a0<span class=\"specification-data\">Bezp\u0142atny 2-miesi\u0119czny okres pr\u00f3bny dla nowych cz\u0142onk\u00f3w. Oferta jest ograniczona do nowych cz\u0142onk\u00f3w JRNY i mo\u017ce ulec zmianie bez powiadomienia. Cz\u0142onkostwo JRNY\u2122 odnawia si\u0119 automatycznie co roku wed\u0142ug aktualnych stawek rocznych plus obowi\u0105zuj\u0105ce podatki, chyba \u017ce zostanie anulowane co najmniej 48 godzin przed ko\u0144cem bezp\u0142atnego okresu.<\/span><\/li>\n<li><span class=\"specification-title\">Aplikacje innych firm:<\/span>\u00a0<span class=\"specification-data\">Zachowaj otwarte opcje dzi\u0119ki kompatybilno\u015bci z Peloton\u00ae i Zwift\u00ae (wymagane subskrypcje).<\/span><\/li>\n<li><span class=\"specification-title\">Monitorowanie t\u0119tna:<\/span>\u00a0<span class=\"specification-data\">Synchronizacja z opask\u0105 Bluetooth\u00ae do pomiaru t\u0119tna (brak w zestawie)<\/span><\/li>\n<li><span class=\"specification-title\">Siedzenie i kierownica:<\/span>\u00a0<span class=\"specification-data\">Rozszerzony zakres ustawie\u0144 dla optymalnego pozycjonowania<\/span><\/li>\n<li><span class=\"specification-title\">Peda\u0142y dwustronne:<\/span>\u00a0<span class=\"specification-data\">U\u017cywaj klips\u00f3w SPD\u00ae lub klatek na palce<\/span><\/li>\n<li><span class=\"specification-title\">Uchwyty do hantli:<\/span>\u00a0<span class=\"specification-data\">\u0141atwy dost\u0119p do hantli 1,5 kg (hantle w zestawie)<\/span><\/li>\n<li><span class=\"specification-title\">Uchwyt na butelk\u0119 z wod\u0105:<\/span>\u00a0<span class=\"specification-data\">Dbaj o nawodnienie podczas jazdy<\/span><\/li>\n<li><span class=\"specification-title\">Uwaga:<\/span>\u00a0<span class=\"specification-data\">Tablet nie wchodzi w sk\u0142ad zestawu<\/span><\/li>\n<\/ul>\n<\/div>\n<\/div>\n<\/div>\n<div class=\"product-warranty\">\n<h4>GWARANCJA<\/h4>\n<div class=\"text-container\"><strong>Do u\u017cytku domowego i lekko komercyjnego:<\/strong>\u00a0U\u017cytek domowy - 2 lata, Lekki u\u017cytek komercyjny - 12 miesi\u0119cy. Lekkie \u015brodowisko komercyjne definiuje si\u0119 jako Studio Treningu Personalnego, Centrum Rehabilitacji, Si\u0142owni\u0119 Korporacyjn\u0105 lub podobn\u0105, z mniej ni\u017c 3 godzinami u\u017cytkowania dziennie. Nie obejmuje to \u015brodowisk, kt\u00f3re maj\u0105 p\u0142atnych cz\u0142onk\u00f3w.<\/div>\n<\/div>\n<div class=\"product-next-day\">\n<h4>ss<\/h4>\n<div class=\"text-container\">Wiele z naszych produkt\u00f3w ma opcje dostawy ekspresowej i z wyznaczon\u0105 dat\u0105, co oznacza, \u017ce produkt zostanie dostarczony ju\u017c jutro lub w wybranym przez Ciebie terminie. Sprawd\u017a opcje dostawy przy kasie, aby zobaczy\u0107 dost\u0119pno\u015b\u0107 dla swojego koszyka i kodu pocztowego. Obowi\u0105zuj\u0105 warunki dostawy.<\/div>\n<\/div>","protected":false},"excerpt":{"rendered":"<p>Rower treningowy BowFlex IC Bike SEi zapewnia doskona\u0142e wra\u017cenia kardio w zaciszu w\u0142asnego domu. Poczuj, jak stajesz si\u0119 silniejszy dzi\u0119ki 100 poziomom oporu magnetycznego, z pokr\u0119t\u0142em z przodu i na \u015brodku, umo\u017cliwiaj\u0105cym szybk\u0105 zmian\u0119 oporu w trakcie pchania. Rozszerzony zakres ustawie\u0144 siode\u0142ka i kierownicy pozwala znale\u017a\u0107 odpowiednie dla siebie dopasowanie, a dwustronne peda\u0142y pozwalaj\u0105 na u\u017cycie klips\u00f3w SPD\u00ae lub klatek na palce w zale\u017cno\u015bci od obuwia. Miej oko na swoje statystyki w pe\u0142nym kolorze dzi\u0119ki 7-calowemu wy\u015bwietlaczowi, pokazuj\u0105cemu czas, dystans, pr\u0119dko\u015b\u0107 i nie tylko, z wy\u015bcie\u0142anym stojakiem na telefon lub tablet. IC Bike SEi ma dost\u0119p do biblioteki bezp\u0142atnych, niezb\u0119dnych trening\u00f3w w aplikacji JRNY\u2122 od samego pocz\u0105tku. Odblokuj pe\u0142ny potencja\u0142 JRNY\u2122 dzi\u0119ki cz\u0142onkostwu Mobile-Only (bezp\u0142atny 2-miesi\u0119czny okres pr\u00f3bny dla nowych cz\u0142onk\u00f3w*) i do\u015bwiadcz adaptacyjnych trening\u00f3w studyjnych, zaj\u0119\u0107 prowadzonych przez trenera, tras Explore the World\u00ae, \u015bledzenia wydajno\u015bci i trening\u00f3w ca\u0142ego cia\u0142a na rowerze i poza nim (w zestawie para hantli o wadze 1,5 kg). Dzi\u0119ki IC Bike SEi nie jeste\u015b ograniczony tylko do jednej aplikacji - mo\u017cesz tak\u017ce je\u017adzi\u0107 z innymi popularnymi aplikacjami rowerowymi, takimi jak Peloton\u00ae i Zwift\u00ae (wymagane subskrypcje). Mo\u017cesz nawet pod\u0142\u0105czy\u0107 opask\u0119 Bluetooth\u00ae do monitorowania t\u0119tna podczas jazdy. IC Bike SEi oferuje r\u00f3wnie\u017c precyzj\u0119 wat\u00f3w klasy A, wbudowane k\u00f3\u0142ka transportowe i zintegrowane uchwyty na butelk\u0119 z wod\u0105 i hantle.<\/p>\n<div class=\"product-attribute-container-desktop desktop-only\">\n<div class=\"additional-attributes-wrapper table-wrapper\"><\/div>\n<\/div>","protected":false},"featured_media":596,"comment_status":"open","ping_status":"closed","template":"","meta":{"site-sidebar-layout":"default","site-content-layout":"","ast-site-content-layout":"default","site-content-style":"default","site-sidebar-style":"default","ast-global-header-display":"","ast-banner-title-visibility":"","ast-main-header-display":"","ast-hfb-above-header-display":"","ast-hfb-below-header-display":"","ast-hfb-mobile-header-display":"","site-post-title":"","ast-breadcrumbs-content":"","ast-featured-img":"","footer-sml-layout":"","theme-transparent-header-meta":"default","adv-header-id-meta":"","stick-header-meta":"","header-above-stick-meta":"","header-main-stick-meta":"","header-below-stick-meta":"","astra-migrate-meta-layouts":"set","ast-page-background-enabled":"default","ast-page-background-meta":{"desktop":{"background-color":"var(--ast-global-color-5)","background-image":"","background-repeat":"repeat","background-position":"center center","background-size":"auto","background-attachment":"scroll","background-type":"","background-media":"","overlay-type":"","overlay-color":"","overlay-opacity":"","overlay-gradient":""},"tablet":{"background-color":"","background-image":"","background-repeat":"repeat","background-position":"center center","background-size":"auto","background-attachment":"scroll","background-type":"","background-media":"","overlay-type":"","overlay-color":"","overlay-opacity":"","overlay-gradient":""},"mobile":{"background-color":"","background-image":"","background-repeat":"repeat","background-position":"center center","background-size":"auto","background-attachment":"scroll","background-type":"","background-media":"","overlay-type":"","overlay-color":"","overlay-opacity":"","overlay-gradient":""}},"ast-content-background-meta":{"desktop":{"background-color":"var(--ast-global-color-4)","background-image":"","background-repeat":"repeat","background-position":"center center","background-size":"auto","background-attachment":"scroll","background-type":"","background-media":"","overlay-type":"","overlay-color":"","overlay-opacity":"","overlay-gradient":""},"tablet":{"background-color":"var(--ast-global-color-4)","background-image":"","background-repeat":"repeat","background-position":"center center","background-size":"auto","background-attachment":"scroll","background-type":"","background-media":"","overlay-type":"","overlay-color":"","overlay-opacity":"","overlay-gradient":""},"mobile":{"background-color":"var(--ast-global-color-4)","background-image":"","background-repeat":"repeat","background-position":"center center","background-size":"auto","background-attachment":"scroll","background-type":"","background-media":"","overlay-type":"","overlay-color":"","overlay-opacity":"","overlay-gradient":""}}},"product_brand":[],"product_cat":[19],"product_tag":[26],"class_list":{"0":"post-594","1":"product","2":"type-product","3":"status-publish","4":"has-post-thumbnail","6":"product_cat-excise-bikes","7":"product_tag-express","8":"desktop-align-left","9":"tablet-align-left","10":"mobile-align-left","12":"first","13":"instock","14":"sale","15":"taxable","16":"shipping-taxable","17":"purchasable","18":"product-type-simple"},"_links":{"self":[{"href":"http:\/\/bestfitnessstore.com\/pl\/wp-json\/wp\/v2\/product\/594","targetHints":{"allow":["GET"]}}],"collection":[{"href":"http:\/\/bestfitnessstore.com\/pl\/wp-json\/wp\/v2\/product"}],"about":[{"href":"http:\/\/bestfitnessstore.com\/pl\/wp-json\/wp\/v2\/types\/product"}],"replies":[{"embeddable":true,"href":"http:\/\/bestfitnessstore.com\/pl\/wp-json\/wp\/v2\/comments?post=594"}],"wp:featuredmedia":[{"embeddable":true,"href":"http:\/\/bestfitnessstore.com\/pl\/wp-json\/wp\/v2\/media\/596"}],"wp:attachment":[{"href":"http:\/\/bestfitnessstore.com\/pl\/wp-json\/wp\/v2\/media?parent=594"}],"wp:term":[{"taxonomy":"product_brand","embeddable":true,"href":"http:\/\/bestfitnessstore.com\/pl\/wp-json\/wp\/v2\/product_brand?post=594"},{"taxonomy":"product_cat","embeddable":true,"href":"http:\/\/bestfitnessstore.com\/pl\/wp-json\/wp\/v2\/product_cat?post=594"},{"taxonomy":"product_tag","embeddable":true,"href":"http:\/\/bestfitnessstore.com\/pl\/wp-json\/wp\/v2\/product_tag?post=594"}],"curies":[{"name":"wp","href":"https:\/\/api.w.org\/{rel}","templated":true}]}}