{"id":549,"date":"2025-11-17T12:43:02","date_gmt":"2025-11-17T12:43:02","guid":{"rendered":"https:\/\/bestfitnessstore.com\/?post_type=product&#038;p=549"},"modified":"2025-11-17T12:43:02","modified_gmt":"2025-11-17T12:43:02","slug":"bh-fitness-exercycle-smart-bike-2","status":"publish","type":"product","link":"http:\/\/bestfitnessstore.com\/pl\/product\/bh-fitness-exercycle-smart-bike-2\/","title":{"rendered":"Inteligentny rower BH Fitness Exercycle"},"content":{"rendered":"<div class=\"product-attribute-container-desktop desktop-only\">\n<div class=\"additional-attributes-wrapper table-wrapper\">\n<h4>INFORMACJE O PRODUKCIE<\/h4>\n<div class=\"attributes-container\">\n<ul class=\"product-attributes-container\">\n<li><span class=\"specification-title\">Waga opakowania (KG):\u00a0<\/span><span class=\"specification-data\">53.500000<\/span><\/li>\n<li><span class=\"specification-title\">Metoda zasilania:\u00a0<\/span><span class=\"specification-data\">Sie\u0107 elektryczna<\/span><\/li>\n<li><span class=\"specification-title\">Uchwyt na tablet:\u00a0<\/span><span class=\"specification-data\">Tak<\/span><\/li>\n<li><span class=\"specification-title\">Peda\u0142y:\u00a0<\/span><span class=\"specification-data\">Klipsy SPD, klatka na palce<\/span><\/li>\n<li><span class=\"specification-title\">Typ cyklu:\u00a0<\/span><span class=\"specification-data\">Racer<\/span><\/li>\n<li><span class=\"specification-title\">System oporu:\u00a0<\/span><span class=\"specification-data\">Magnetyczny<\/span><\/li>\n<li><span class=\"specification-title\">Maksymalna waga u\u017cytkownika (kg):\u00a0<\/span><span class=\"specification-data\">150,00 (kg)<\/span><\/li>\n<li><span class=\"specification-title\">Wymiary pude\u0142ka (d\u0142. x szer. x wys.):\u00a0<\/span><span class=\"specification-data\">115 x 89 x 23 cm<\/span><\/li>\n<\/ul>\n<ul class=\"product-attributes-container\">\n<li><span class=\"specification-title\">Waga produktu (KG):\u00a0<\/span><span class=\"specification-data\">48.60<\/span><\/li>\n<li><span class=\"specification-title\">Integracja aplikacji:\u00a0<\/span><span class=\"specification-data\">KinoMap, Rouvy, Zwift<\/span><\/li>\n<li><span class=\"specification-title\">Bluetooth:\u00a0<\/span><span class=\"specification-data\">Tak<\/span><\/li>\n<li><span class=\"specification-title\">Regulacja ramy:\u00a0<\/span><span class=\"specification-data\">Kierownica w g\u00f3r\u0119 i w d\u00f3\u0142, siode\u0142ko w g\u00f3r\u0119 i w d\u00f3\u0142<\/span><\/li>\n<li><span class=\"specification-title\">K\u00f3\u0142ka transportowe:\u00a0<\/span><span class=\"specification-data\">Tak<\/span><\/li>\n<li><span class=\"specification-title\">Masa ko\u0142a zamachowego (KG):\u00a0<\/span><span class=\"specification-data\">11<\/span><\/li>\n<li><span class=\"specification-title\">Wymiary produktu (d\u0142. x szer. x wys.):\u00a0<\/span><span class=\"specification-data\">144 x 61 x 136 cm<\/span><\/li>\n<\/ul>\n<\/div>\n<\/div>\n<\/div>\n<div class=\"product-features\">\n<h4>DODATKOWE FUNKCJE<\/h4>\n<div class=\"more-container\">\n<div class=\"unshow-text\">\n<ul class=\"product-features-container\">\n<li><span class=\"specification-title\">Ko\u0142o zamachowe:<\/span>\u00a0<span class=\"specification-data\">11 kg EMS<\/span><\/li>\n<li><span class=\"specification-title\">System oporu:<\/span>\u00a0<span class=\"specification-data\">Elektromagnetyczny EMS<\/span><\/li>\n<li><span class=\"specification-title\">Poziomy oporu:<\/span>\u00a0<span class=\"specification-data\">24<\/span><\/li>\n<li><span class=\"specification-title\">Gradient:<\/span>\u00a0<span class=\"specification-data\">0 - 25%<\/span><\/li>\n<li><span class=\"specification-title\">Maksymalna moc:<\/span>\u00a0<span class=\"specification-data\">1500 W rzeczywistych (waty uzyskane w realistycznych warunkach)<\/span><\/li>\n<li><span class=\"specification-title\">Transmisja:<\/span>\u00a0<span class=\"specification-data\">Wytrzyma\u0142y pasek z automatycznym napinaczem<\/span><\/li>\n<li><span class=\"specification-title\">Kompatybilne aplikacje:<\/span>\u00a0<span class=\"specification-data\">Zwift, Kinomap, Rouvy, Bkool<\/span><\/li>\n<li><span class=\"specification-title\">Q-Factor:<\/span>\u00a0<span class=\"specification-data\">152 mm<\/span><\/li>\n<li><span class=\"specification-title\">Szeroko\u015b\u0107 kierownicy:<\/span>\u00a0<span class=\"specification-data\">42 cm<\/span><\/li>\n<li><span class=\"specification-title\">Regulacja mocy:<\/span>\u00a0<span class=\"specification-data\">2 pozycje<\/span><\/li>\n<li><span class=\"specification-title\">Zmiana:<\/span>\u00a0<span class=\"specification-data\">Elektroniczna sekwencyjna zmiana bieg\u00f3w na d\u017awigniach i monitorze<\/span><\/li>\n<li><span class=\"specification-title\">Siod\u0142o:<\/span>\u00a0<span class=\"specification-data\">BH ergo-g ng afm cromo (wymienne)<\/span><\/li>\n<li><span class=\"specification-title\">Peda\u0142y:<\/span>\u00a0<span class=\"specification-data\">Wellgo wpd 981 mieszany (wymienny)<\/span><\/li>\n<li><span class=\"specification-title\">Ko\u0142a transportowe:<\/span>\u00a0<span class=\"specification-data\">Rolki<\/span><\/li>\n<li><span class=\"specification-title\">Uchwyt na tablet\/telefon kom\u00f3rkowy:<\/span>\u00a0<span class=\"specification-data\">Do 12,9\u201d<\/span><\/li>\n<li><span class=\"specification-title\">Wymiary produktu (d\u0142. x szer. x wys.):<\/span>\u00a0<span class=\"specification-data\">140-144 x 61 x 114-136 cm<\/span><\/li>\n<li><span class=\"specification-title\">Waga produktu:<\/span>\u00a0<span class=\"specification-data\">48,6 kg<\/span><\/li>\n<li><span class=\"specification-title\">Maksymalna waga u\u017cytkownika:<\/span>\u00a0<span class=\"specification-data\">150 kg<\/span><\/li>\n<\/ul>\n<\/div>\n<\/div>\n<\/div>\n<div class=\"product-warranty\">\n<h4>GWARANCJA<\/h4>\n<div class=\"text-container\"><strong>Do u\u017cytku domowego:<\/strong>\u00a02 lata na cz\u0119\u015bci i robocizn\u0119<\/div>\n<\/div>\n<div class=\"product-attribute-container-desktop desktop-only\">\n<div class=\"additional-attributes-wrapper table-wrapper\"><\/div>\n<\/div>","protected":false},"excerpt":{"rendered":"<p>B\u0119d\u0105cy wynikiem wsp\u00f3\u0142pracy zespo\u0142\u00f3w badawczo-rozwojowych BH Fitness i BH Bikes, inteligentny rower BH Fitness Exercycle zosta\u0142 stworzony, aby sprosta\u0107 wymaganiom domowych trening\u00f3w entuzjast\u00f3w rower\u00f3w szosowych. Dzi\u0119ki konstrukcji ramy w kszta\u0142cie litery V, Exercycle zosta\u0142 zaprojektowany tak, aby pasowa\u0142 do rozmiar\u00f3w od S do XL, zapewniaj\u0105c najwy\u017cszy poziom wydajno\u015bci i komfortu podczas jazdy. Exercycle ma wsp\u00f3\u0142czynnik Q wynosz\u0105cy 152 mm, co pozwala na u\u0142o\u017cenie n\u00f3g podczas peda\u0142owania w taki sam spos\u00f3b, jak na rowerze szosowym, umo\u017cliwiaj\u0105c u\u017cytkownikowi generowanie maksymalnej si\u0142y przy ka\u017cdym naci\u015bni\u0119ciu peda\u0142u. Elektromagnetyczny system oporu (EMS) pozwala na bardzo precyzyjn\u0105, progresywn\u0105 i natychmiastow\u0105 regulacj\u0119 intensywno\u015bci, a zmiana po\u0142o\u017cenia kierownicy umo\u017cliwia zmian\u0119 mi\u0119dzy 24 poziomami oporu bez konieczno\u015bci zmiany pozycji. Exercycle jest wyposa\u017cony w konsol\u0119 LCD, kt\u00f3ra oferuje cztery ekrany - warto\u015bci chwilowe, warto\u015bci procentowe, warto\u015bci \u015brednie i warto\u015bci maksymalne. Posiada test FTP do obliczania progu wat\u00f3w oraz telemetryczny odbiornik pulsu Polar 5 kHz. Exercycle oferuje najnowsz\u0105 technologi\u0119 \u0142\u0105czno\u015bci, dzi\u0119ki czemu mo\u017cesz rywalizowa\u0107 z kolegami z dru\u017cyny za pomoc\u0105 wielu wiod\u0105cych aplikacji do symulacji jazdy na rowerze. Jest to mo\u017cliwe dzi\u0119ki zintegrowanemu modu\u0142owi Bluetooth FTMS w konsoli roweru, kt\u00f3ry zapewnia pe\u0142n\u0105 kompatybilno\u015b\u0107 z wiod\u0105cymi w bran\u017cy aplikacjami, takimi jak Zwift, Kinomap i Bkool. Uwaga: tablet pokazany na zdj\u0119ciach nie wchodzi w sk\u0142ad zestawu.<\/p>\n<div class=\"product-attribute-container-desktop desktop-only\">\n<div class=\"additional-attributes-wrapper table-wrapper\"><\/div>\n<\/div>","protected":false},"featured_media":551,"comment_status":"open","ping_status":"closed","template":"","meta":{"site-sidebar-layout":"default","site-content-layout":"","ast-site-content-layout":"default","site-content-style":"default","site-sidebar-style":"default","ast-global-header-display":"","ast-banner-title-visibility":"","ast-main-header-display":"","ast-hfb-above-header-display":"","ast-hfb-below-header-display":"","ast-hfb-mobile-header-display":"","site-post-title":"","ast-breadcrumbs-content":"","ast-featured-img":"","footer-sml-layout":"","theme-transparent-header-meta":"default","adv-header-id-meta":"","stick-header-meta":"","header-above-stick-meta":"","header-main-stick-meta":"","header-below-stick-meta":"","astra-migrate-meta-layouts":"set","ast-page-background-enabled":"default","ast-page-background-meta":{"desktop":{"background-color":"var(--ast-global-color-5)","background-image":"","background-repeat":"repeat","background-position":"center center","background-size":"auto","background-attachment":"scroll","background-type":"","background-media":"","overlay-type":"","overlay-color":"","overlay-opacity":"","overlay-gradient":""},"tablet":{"background-color":"","background-image":"","background-repeat":"repeat","background-position":"center center","background-size":"auto","background-attachment":"scroll","background-type":"","background-media":"","overlay-type":"","overlay-color":"","overlay-opacity":"","overlay-gradient":""},"mobile":{"background-color":"","background-image":"","background-repeat":"repeat","background-position":"center center","background-size":"auto","background-attachment":"scroll","background-type":"","background-media":"","overlay-type":"","overlay-color":"","overlay-opacity":"","overlay-gradient":""}},"ast-content-background-meta":{"desktop":{"background-color":"var(--ast-global-color-4)","background-image":"","background-repeat":"repeat","background-position":"center center","background-size":"auto","background-attachment":"scroll","background-type":"","background-media":"","overlay-type":"","overlay-color":"","overlay-opacity":"","overlay-gradient":""},"tablet":{"background-color":"var(--ast-global-color-4)","background-image":"","background-repeat":"repeat","background-position":"center center","background-size":"auto","background-attachment":"scroll","background-type":"","background-media":"","overlay-type":"","overlay-color":"","overlay-opacity":"","overlay-gradient":""},"mobile":{"background-color":"var(--ast-global-color-4)","background-image":"","background-repeat":"repeat","background-position":"center center","background-size":"auto","background-attachment":"scroll","background-type":"","background-media":"","overlay-type":"","overlay-color":"","overlay-opacity":"","overlay-gradient":""}}},"product_brand":[],"product_cat":[18],"product_tag":[23],"class_list":{"0":"post-549","1":"product","2":"type-product","3":"status-publish","4":"has-post-thumbnail","6":"product_cat-cross-trainers","7":"product_tag-cross-trainers","8":"desktop-align-left","9":"tablet-align-left","10":"mobile-align-left","12":"first","13":"instock","14":"sale","15":"taxable","16":"shipping-taxable","17":"purchasable","18":"product-type-simple"},"_links":{"self":[{"href":"http:\/\/bestfitnessstore.com\/pl\/wp-json\/wp\/v2\/product\/549","targetHints":{"allow":["GET"]}}],"collection":[{"href":"http:\/\/bestfitnessstore.com\/pl\/wp-json\/wp\/v2\/product"}],"about":[{"href":"http:\/\/bestfitnessstore.com\/pl\/wp-json\/wp\/v2\/types\/product"}],"replies":[{"embeddable":true,"href":"http:\/\/bestfitnessstore.com\/pl\/wp-json\/wp\/v2\/comments?post=549"}],"wp:featuredmedia":[{"embeddable":true,"href":"http:\/\/bestfitnessstore.com\/pl\/wp-json\/wp\/v2\/media\/551"}],"wp:attachment":[{"href":"http:\/\/bestfitnessstore.com\/pl\/wp-json\/wp\/v2\/media?parent=549"}],"wp:term":[{"taxonomy":"product_brand","embeddable":true,"href":"http:\/\/bestfitnessstore.com\/pl\/wp-json\/wp\/v2\/product_brand?post=549"},{"taxonomy":"product_cat","embeddable":true,"href":"http:\/\/bestfitnessstore.com\/pl\/wp-json\/wp\/v2\/product_cat?post=549"},{"taxonomy":"product_tag","embeddable":true,"href":"http:\/\/bestfitnessstore.com\/pl\/wp-json\/wp\/v2\/product_tag?post=549"}],"curies":[{"name":"wp","href":"https:\/\/api.w.org\/{rel}","templated":true}]}}