{"id":546,"date":"2025-11-17T05:55:55","date_gmt":"2025-11-17T05:55:55","guid":{"rendered":"https:\/\/bestfitnessstore.com\/?post_type=product&#038;p=546"},"modified":"2025-11-17T05:56:20","modified_gmt":"2025-11-17T05:56:20","slug":"orbitrek-spirit-xe395-ent","status":"publish","type":"product","link":"http:\/\/bestfitnessstore.com\/pl\/product\/spirit-xe395-ent-elliptical-cross-trainer\/","title":{"rendered":"Orbitrek Spirit XE395 ENT"},"content":{"rendered":"<div class=\"product-attribute-container-desktop desktop-only\">\n<div class=\"additional-attributes-wrapper table-wrapper\">\n<h4>INFORMACJE O PRODUKCIE<\/h4>\n<div class=\"attributes-container\">\n<ul class=\"product-attributes-container\">\n<li><span class=\"specification-title\">Waga opakowania (KG):\u00a0<\/span><span class=\"specification-data\">117.000000<\/span><\/li>\n<li><span class=\"specification-title\">Metoda zasilania:\u00a0<\/span><span class=\"specification-data\">Sie\u0107 elektryczna<\/span><\/li>\n<li><span class=\"specification-title\">Uchwyt na tablet:\u00a0<\/span><span class=\"specification-data\">Tak<\/span><\/li>\n<li><span class=\"specification-title\">K\u00f3\u0142ka transportowe:\u00a0<\/span><span class=\"specification-data\">Tak<\/span><\/li>\n<li><span class=\"specification-title\">Masa ko\u0142a zamachowego (KG):\u00a0<\/span><span class=\"specification-data\">14<\/span><\/li>\n<li><span class=\"specification-title\">Monitorowanie t\u0119tna:\u00a0<\/span><span class=\"specification-data\">Wbudowane czujniki i Bluetooth<\/span><\/li>\n<li><span class=\"specification-title\">Wbudowane programy:\u00a0<\/span><span class=\"specification-data\">Manual, Hill, Fat Burn, Cardio, Strength, HIIT, Fusion, 5K, 10K, Target (Time, Distance, Calories), 12 Custom, 4 HRC, Fitness Test (YMCA Protocol)<\/span><\/li>\n<li><span class=\"specification-title\">Wymiary pude\u0142ka (d\u0142. x szer. x wys.):\u00a0<\/span><span class=\"specification-data\">168 x 58 x 86 cm<\/span><\/li>\n<\/ul>\n<ul class=\"product-attributes-container\">\n<li><span class=\"specification-title\">Waga produktu (KG):\u00a0<\/span><span class=\"specification-data\">110.40<\/span><\/li>\n<li><span class=\"specification-title\">Integracja aplikacji:\u00a0<\/span><span class=\"specification-data\">SPIRIT+, Zwift<\/span><\/li>\n<li><span class=\"specification-title\">Bluetooth:\u00a0<\/span><span class=\"specification-data\">Tak<\/span><\/li>\n<li><span class=\"specification-title\">Pozycja ko\u0142a zamachowego:\u00a0<\/span><span class=\"specification-data\">Prz\u00f3d<\/span><\/li>\n<li><span class=\"specification-title\">D\u0142ugo\u015b\u0107 kroku:\u00a0<\/span><span class=\"specification-data\">50.80<\/span><\/li>\n<li><span class=\"specification-title\">Maksymalna waga u\u017cytkownika (kg):\u00a0<\/span><span class=\"specification-data\">150,00 (kg)<\/span><\/li>\n<li><span class=\"specification-title\">Wymiary produktu (d\u0142. x szer. x wys.):\u00a0<\/span><span class=\"specification-data\">191,50 x 75,20 x 179,50 cm<\/span><\/li>\n<\/ul>\n<\/div>\n<\/div>\n<\/div>\n<div class=\"product-features\">\n<h4>DODATKOWE FUNKCJE<\/h4>\n<div class=\"more-container\">\n<div class=\"unshow-text\">\n<ul class=\"product-features-container\">\n<li><span class=\"specification-title\">Konsola:<\/span>\u00a0<span class=\"specification-data\">Ekran dotykowy 10,1\u2033, wykres pracy serca, uchylny i obrotowy uchwyt na tablet, g\u0142o\u015bniki Bluetooth, port \u0142adowania USB, regulowany wentylator, blokada przed dzie\u0107mi, gniazdo audio, 12 wst\u0119pnie za\u0142adowanych aplikacji<\/span><\/li>\n<li><span class=\"specification-title\">T\u0119tno:<\/span>\u00a0<span class=\"specification-data\">Kontaktowy i telemetryczny, pas piersiowy nie wchodzi w sk\u0142ad zestawu<\/span><\/li>\n<li><span class=\"specification-title\">Op\u00f3r i nachylenie:<\/span>\u00a0<span class=\"specification-data\">20 poziom\u00f3w<\/span><\/li>\n<li><span class=\"specification-title\">System \u015bledzenia:<\/span>\u00a0<span class=\"specification-data\">Podw\u00f3jne aluminiowe szyny<\/span><\/li>\n<li><span class=\"specification-title\">D\u0142ugo\u015b\u0107 kroku:<\/span>\u00a0<span class=\"specification-data\">508 mm<\/span><\/li>\n<li><span class=\"specification-title\">Ko\u0142o zamachowe:<\/span>\u00a0<span class=\"specification-data\">14 kg<\/span><\/li>\n<li><span class=\"specification-title\">Kierownica:<\/span>\u00a0<span class=\"specification-data\">Wielopozycyjny uchwyt - powlekany<\/span><\/li>\n<li><span class=\"specification-title\">Peda\u0142y no\u017cne:<\/span>\u00a0<span class=\"specification-data\">Rozstaw peda\u0142\u00f3w 2\u201d (Q-Factor), 2-stopniowa inwersja, amortyzacja<\/span><\/li>\n<li><span class=\"specification-title\">Uwaga:<\/span>\u00a0<span class=\"specification-data\">Tablet nie wchodzi w sk\u0142ad zestawu<\/span><\/li>\n<\/ul>\n<\/div>\n<\/div>\n<\/div>\n<div class=\"product-warranty\">\n<h4>GWARANCJA<\/h4>\n<div class=\"text-container\">\n<p><strong>Do u\u017cytku domowego:<\/strong>\u00a010 lat na silnik, 3 lata na cz\u0119\u015bci i 3 lata na robocizn\u0119. Produkt musi by\u0107 u\u017cywany\/przechowywany w odpowiednim \u015brodowisku (lokalizacje z wilgotnym, nieuszczelnionym betonem lub obszary ze sta\u0142ym przep\u0142ywem powietrza do obszar\u00f3w zewn\u0119trznych nie s\u0105 klasyfikowane jako odpowiednie).<\/p>\n<\/div>\n<\/div>\n<div class=\"product-next-day\">\n<h4>DOSTAWA EKSPRESOWA<\/h4>\n<div class=\"text-container\">Wiele z naszych produkt\u00f3w ma opcje dostawy ekspresowej i z wyznaczon\u0105 dat\u0105, co oznacza, \u017ce produkt zostanie dostarczony ju\u017c jutro lub w wybranym przez Ciebie terminie. Sprawd\u017a opcje dostawy przy kasie, aby zobaczy\u0107 dost\u0119pno\u015b\u0107 dla swojego koszyka i kodu pocztowego. Obowi\u0105zuj\u0105 warunki dostawy.<\/div>\n<\/div>","protected":false},"excerpt":{"rendered":"<p>Orbitrek Spirit XE395 ENT wyposa\u017cony jest w system podw\u00f3jnych aluminiowych szyn zapewniaj\u0105cych p\u0142ynny trening za ka\u017cdym razem. Amortyzowane peda\u0142y s\u0105 regulowane do trzech r\u00f3\u017cnych poziom\u00f3w dla r\u00f3\u017cnych aktywacji mi\u0119\u015bni, s\u0105 rozmieszczone w odleg\u0142o\u015bci 2 cali od siebie i s\u0105 ustawione na 2-stopniow\u0105 inwersj\u0119. Ko\u0142o zamachowe o wadze 14 kg i d\u0142ugo\u015b\u0107 kroku 508 mm dodatkowo wzmacniaj\u0105 naturalny ruch XE395ENT. Osi\u0105gnij doskona\u0142e zaanga\u017cowanie g\u00f3rnej cz\u0119\u015bci cia\u0142a dzi\u0119ki ruchomej, wielopozycyjnej kierownicy, wraz ze zintegrowanymi regulatorami nachylenia i oporu (20 poziom\u00f3w obu), podczas gdy statyczne uchwyty s\u0105 wyposa\u017cone w r\u0119czne czujniki t\u0119tna do dok\u0142adnego pomiaru t\u0119tna (mo\u017cna r\u00f3wnie\u017c mierzy\u0107 za pomoc\u0105 pasa piersiowego - nie do\u0142\u0105czony). Wy\u015bwietlacz dotykowy Spirit XE395ENT o przek\u0105tnej 1,01 cala ma intuicyjny interfejs u\u0142atwiaj\u0105cy nawigacj\u0119 po r\u00f3\u017cnych programach treningowych. Dost\u0119pne s\u0105 wst\u0119pnie za\u0142adowane aplikacje, takie jak Netflix, CNN i inne, a tak\u017ce wbudowane funkcje dublowania ekranu i port \u0142adowania USB, zapewniaj\u0105ce niesko\u0144czone mo\u017cliwo\u015bci rozrywki lub motywacji. Wst\u0119pnie ustawione programy treningowe obejmuj\u0105 Manual, Hill, Fat Burn, Cardio, Strength, HIIT, Fusion, 5K, 10K, Target, (czas, dystans, kalorie), 12 Custom, 4 HRC i Fitness Test (YMCA Protocol). XE395ENT mo\u017cna r\u00f3wnie\u017c pod\u0142\u0105czy\u0107 do niekt\u00f3rych wiod\u0105cych aplikacji fitness, takich jak Zwift, Map My Fitness, Apple Health Kit i innych za po\u015brednictwem aplikacji Spirit+. Nad konsol\u0105 znajduje si\u0119 bezpieczny uchwyt na tablet, a p\u00f3\u0142ka do czytania, regulowany wentylator ch\u0142odz\u0105cy, port \u0142adowania USB i zintegrowane g\u0142o\u015bniki Bluetooth uzupe\u0142niaj\u0105 konfiguracj\u0119.<\/p>\n<div class=\"product-attribute-container-desktop desktop-only\">\n<div class=\"additional-attributes-wrapper table-wrapper\"><\/div>\n<\/div>","protected":false},"featured_media":547,"comment_status":"open","ping_status":"closed","template":"","meta":{"site-sidebar-layout":"default","site-content-layout":"","ast-site-content-layout":"default","site-content-style":"default","site-sidebar-style":"default","ast-global-header-display":"","ast-banner-title-visibility":"","ast-main-header-display":"","ast-hfb-above-header-display":"","ast-hfb-below-header-display":"","ast-hfb-mobile-header-display":"","site-post-title":"","ast-breadcrumbs-content":"","ast-featured-img":"","footer-sml-layout":"","theme-transparent-header-meta":"default","adv-header-id-meta":"","stick-header-meta":"","header-above-stick-meta":"","header-main-stick-meta":"","header-below-stick-meta":"","astra-migrate-meta-layouts":"set","ast-page-background-enabled":"default","ast-page-background-meta":{"desktop":{"background-color":"var(--ast-global-color-5)","background-image":"","background-repeat":"repeat","background-position":"center center","background-size":"auto","background-attachment":"scroll","background-type":"","background-media":"","overlay-type":"","overlay-color":"","overlay-opacity":"","overlay-gradient":""},"tablet":{"background-color":"","background-image":"","background-repeat":"repeat","background-position":"center center","background-size":"auto","background-attachment":"scroll","background-type":"","background-media":"","overlay-type":"","overlay-color":"","overlay-opacity":"","overlay-gradient":""},"mobile":{"background-color":"","background-image":"","background-repeat":"repeat","background-position":"center center","background-size":"auto","background-attachment":"scroll","background-type":"","background-media":"","overlay-type":"","overlay-color":"","overlay-opacity":"","overlay-gradient":""}},"ast-content-background-meta":{"desktop":{"background-color":"var(--ast-global-color-4)","background-image":"","background-repeat":"repeat","background-position":"center center","background-size":"auto","background-attachment":"scroll","background-type":"","background-media":"","overlay-type":"","overlay-color":"","overlay-opacity":"","overlay-gradient":""},"tablet":{"background-color":"var(--ast-global-color-4)","background-image":"","background-repeat":"repeat","background-position":"center center","background-size":"auto","background-attachment":"scroll","background-type":"","background-media":"","overlay-type":"","overlay-color":"","overlay-opacity":"","overlay-gradient":""},"mobile":{"background-color":"var(--ast-global-color-4)","background-image":"","background-repeat":"repeat","background-position":"center center","background-size":"auto","background-attachment":"scroll","background-type":"","background-media":"","overlay-type":"","overlay-color":"","overlay-opacity":"","overlay-gradient":""}}},"product_brand":[],"product_cat":[18],"product_tag":[23],"class_list":{"0":"post-546","1":"product","2":"type-product","3":"status-publish","4":"has-post-thumbnail","6":"product_cat-cross-trainers","7":"product_tag-cross-trainers","8":"desktop-align-left","9":"tablet-align-left","10":"mobile-align-left","12":"first","13":"instock","14":"sale","15":"taxable","16":"shipping-taxable","17":"purchasable","18":"product-type-simple"},"_links":{"self":[{"href":"http:\/\/bestfitnessstore.com\/pl\/wp-json\/wp\/v2\/product\/546","targetHints":{"allow":["GET"]}}],"collection":[{"href":"http:\/\/bestfitnessstore.com\/pl\/wp-json\/wp\/v2\/product"}],"about":[{"href":"http:\/\/bestfitnessstore.com\/pl\/wp-json\/wp\/v2\/types\/product"}],"replies":[{"embeddable":true,"href":"http:\/\/bestfitnessstore.com\/pl\/wp-json\/wp\/v2\/comments?post=546"}],"wp:featuredmedia":[{"embeddable":true,"href":"http:\/\/bestfitnessstore.com\/pl\/wp-json\/wp\/v2\/media\/547"}],"wp:attachment":[{"href":"http:\/\/bestfitnessstore.com\/pl\/wp-json\/wp\/v2\/media?parent=546"}],"wp:term":[{"taxonomy":"product_brand","embeddable":true,"href":"http:\/\/bestfitnessstore.com\/pl\/wp-json\/wp\/v2\/product_brand?post=546"},{"taxonomy":"product_cat","embeddable":true,"href":"http:\/\/bestfitnessstore.com\/pl\/wp-json\/wp\/v2\/product_cat?post=546"},{"taxonomy":"product_tag","embeddable":true,"href":"http:\/\/bestfitnessstore.com\/pl\/wp-json\/wp\/v2\/product_tag?post=546"}],"curies":[{"name":"wp","href":"https:\/\/api.w.org\/{rel}","templated":true}]}}