{"id":527,"date":"2025-11-17T05:22:28","date_gmt":"2025-11-17T05:22:28","guid":{"rendered":"https:\/\/bestfitnessstore.com\/?post_type=product&#038;p=527"},"modified":"2025-11-17T05:22:28","modified_gmt":"2025-11-17T05:22:28","slug":"orbitrek-sole-e25","status":"publish","type":"product","link":"http:\/\/bestfitnessstore.com\/pl\/product\/sole-e25-elliptical-cross-trainer\/","title":{"rendered":"Orbitrek Sole E25"},"content":{"rendered":"<div class=\"product-attribute-container-desktop desktop-only\">\n<div class=\"additional-attributes-wrapper table-wrapper\">\n<h4>INFORMACJE O PRODUKCIE<\/h4>\n<div class=\"attributes-container\">\n<ul class=\"product-attributes-container\">\n<li><span class=\"specification-title\">Waga opakowania (KG):\u00a0<\/span><span class=\"specification-data\">105.000000<\/span><\/li>\n<li><span class=\"specification-title\">Metoda zasilania:\u00a0<\/span><span class=\"specification-data\">Sie\u0107 elektryczna<\/span><\/li>\n<li><span class=\"specification-title\">Uchwyt na tablet:\u00a0<\/span><span class=\"specification-data\">Tak<\/span><\/li>\n<li><span class=\"specification-title\">K\u00f3\u0142ka transportowe:\u00a0<\/span><span class=\"specification-data\">Tak<\/span><\/li>\n<li><span class=\"specification-title\">Masa ko\u0142a zamachowego (KG):\u00a0<\/span><span class=\"specification-data\">9<\/span><\/li>\n<li><span class=\"specification-title\">Monitorowanie t\u0119tna:\u00a0<\/span><span class=\"specification-data\">Wbudowane czujniki i Bluetooth<\/span><\/li>\n<li><span class=\"specification-title\">Wbudowane programy:\u00a0<\/span><span class=\"specification-data\">10<\/span><\/li>\n<li><span class=\"specification-title\">Wymiary pude\u0142ka (d\u0142. x szer. x wys.):\u00a0<\/span><span class=\"specification-data\">168 x 44,50 x 85,50 cm<\/span><\/li>\n<\/ul>\n<ul class=\"product-attributes-container\">\n<li><span class=\"specification-title\">Waga produktu (KG):\u00a0<\/span><span class=\"specification-data\">95<\/span><\/li>\n<li><span class=\"specification-title\">Integracja aplikacji:\u00a0<\/span><span class=\"specification-data\">KinoMap, Sole+, Zwift<\/span><\/li>\n<li><span class=\"specification-title\">Bluetooth:\u00a0<\/span><span class=\"specification-data\">Tak<\/span><\/li>\n<li><span class=\"specification-title\">Pozycja ko\u0142a zamachowego:\u00a0<\/span><span class=\"specification-data\">Prz\u00f3d<\/span><\/li>\n<li><span class=\"specification-title\">D\u0142ugo\u015b\u0107 kroku:\u00a0<\/span><span class=\"specification-data\">50.80<\/span><\/li>\n<li><span class=\"specification-title\">Maksymalna waga u\u017cytkownika (kg):\u00a0<\/span><span class=\"specification-data\">158,00 (kg)<\/span><\/li>\n<li><span class=\"specification-title\">Wymiary produktu (d\u0142. x szer. x wys.):\u00a0<\/span><span class=\"specification-data\">177 x 60 x 177 cm<\/span><\/li>\n<\/ul>\n<\/div>\n<\/div>\n<\/div>\n<div class=\"product-features\">\n<h4>DODATKOWE FUNKCJE<\/h4>\n<div class=\"more-container\">\n<div class=\"unshow-text\">\n<ul class=\"product-features-container\">\n<li><span class=\"specification-title\">\u0179r\u00f3d\u0142o zasilania:<\/span>\u00a0<span class=\"specification-data\">AC120V\/60HZ \/ AC230V\/50HZ<\/span><\/li>\n<li><span class=\"specification-title\">Ko\u0142o zamachowe:<\/span>\u00a0<span class=\"specification-data\">9 kg<\/span><\/li>\n<li><span class=\"specification-title\">Typ odporno\u015bci:<\/span>\u00a0<span class=\"specification-data\">EBC<\/span><\/li>\n<li><span class=\"specification-title\">Typ odporno\u015bci:<\/span>\u00a0<span class=\"specification-data\">1-20<\/span><\/li>\n<li><span class=\"specification-title\">Kierownica:<\/span>\u00a0<span class=\"specification-data\">Standardowa kierownica z regulacj\u0105 oporu i nachylenia<\/span><\/li>\n<li><span class=\"specification-title\">Wbudowany odbiornik HR:<\/span>\u00a0<span class=\"specification-data\">BLE i 5KHz<\/span><\/li>\n<li><span class=\"specification-title\">Impuls r\u0119czny:<\/span>\u00a0<span class=\"specification-data\">Czujniki wbudowane w kierownic\u0119<\/span><\/li>\n<li><span class=\"specification-title\">Konsola:<\/span>\u00a0<span class=\"specification-data\">Wy\u015bwietlacz LCD 7,5\u201d<\/span><\/li>\n<\/ul>\n<\/div>\n<\/div>\n<\/div>\n<div class=\"product-warranty\">\n<h4>GWARANCJA<\/h4>\n<div class=\"text-container\"><strong>Do u\u017cytku domowego:<\/strong>\u00a010 lat na silnik, 5 lat na cz\u0119\u015bci, 3 lata na robocizn\u0119. Do 2 godzin u\u017cytkowania dziennie w odpowiednich warunkach domowych. Lokalizacje z wilgotnym, nieuszczelnionym betonem lub obszary o sta\u0142ym przep\u0142ywie powietrza do obszar\u00f3w zewn\u0119trznych nie s\u0105 klasyfikowane jako odpowiednie. Nale\u017cy zapewni\u0107 odpowiedni\u0105 izolacj\u0119 i \u017ar\u00f3d\u0142o ciep\u0142a, w przeciwnym razie gwarancja zostanie uniewa\u017cniona.<\/div>\n<\/div>\n<div class=\"product-next-day\">\n<h4>DOSTAWA EKSPRESOWA<\/h4>\n<div class=\"text-container\">Wiele z naszych produkt\u00f3w ma opcje dostawy ekspresowej i z wyznaczon\u0105 dat\u0105, co oznacza, \u017ce produkt zostanie dostarczony ju\u017c jutro lub w wybranym przez Ciebie terminie. Sprawd\u017a opcje dostawy przy kasie, aby zobaczy\u0107 dost\u0119pno\u015b\u0107 dla swojego koszyka i kodu pocztowego. Obowi\u0105zuj\u0105 warunki dostawy.<\/div>\n<\/div>","protected":false},"excerpt":{"rendered":"<p>Wyposa\u017cony w wiele funkcji orbitrek Sole E25 jest idealnym dodatkiem do ka\u017cdej domowej si\u0142owni. K\u0105t nachylenia rampy jest w pe\u0142ni regulowany od p\u0142aszczyzny poziomej do 20 r\u00f3\u017cnych poziom\u00f3w nachylenia, umo\u017cliwiaj\u0105c u\u017cytkownikom ukierunkowanie na wszystkie g\u0142\u00f3wne grupy mi\u0119\u015bni dolnej cz\u0119\u015bci cia\u0142a. W po\u0142\u0105czeniu z 20-calow\u0105 d\u0142ugo\u015bci\u0105 kroku i p\u0142ynnym ruchem jest pot\u0119\u017cne ko\u0142o zamachowe o wadze 9 kg i 20 poziom\u00f3w oporu, regulowanych za pomoc\u0105 element\u00f3w steruj\u0105cych zamontowanych na kierownicy. 7,5-calowy wy\u015bwietlacz LCD przekazuje informacje o treningu w czasie rzeczywistym, a konsola zawiera r\u00f3wnie\u017c wentylatory ch\u0142odz\u0105ce, uchwyt na urz\u0105dzenie, port \u0142adowania USB i wbudowane g\u0142o\u015bniki Bluetooth\u00ae. Wyposa\u017cony w Bluetooth\u00ae 5.0 z protoko\u0142em FTMS, E25 jest kompatybilny z wiod\u0105cymi aplikacjami fitness, takimi jak Zwift i Kinomap, a tak\u017ce Strava, Apple Health Kit i innymi za po\u015brednictwem aplikacji SOLE+. E25 posiada 10 wbudowanych program\u00f3w treningowych, w tym program manualny, 5 program\u00f3w standardowych, 2 programy u\u017cytkownika i 2 programy HRC. W celu monitorowania t\u0119tna, E25 posiada czujniki pulsu na statycznej kierownicy oraz wbudowany odbiornik BLE i 5KHz.<\/p>\n<div class=\"product-attribute-container-desktop desktop-only\">\n<div class=\"additional-attributes-wrapper table-wrapper\"><\/div>\n<\/div>","protected":false},"featured_media":529,"comment_status":"open","ping_status":"closed","template":"","meta":{"site-sidebar-layout":"default","site-content-layout":"","ast-site-content-layout":"default","site-content-style":"default","site-sidebar-style":"default","ast-global-header-display":"","ast-banner-title-visibility":"","ast-main-header-display":"","ast-hfb-above-header-display":"","ast-hfb-below-header-display":"","ast-hfb-mobile-header-display":"","site-post-title":"","ast-breadcrumbs-content":"","ast-featured-img":"","footer-sml-layout":"","theme-transparent-header-meta":"default","adv-header-id-meta":"","stick-header-meta":"","header-above-stick-meta":"","header-main-stick-meta":"","header-below-stick-meta":"","astra-migrate-meta-layouts":"set","ast-page-background-enabled":"default","ast-page-background-meta":{"desktop":{"background-color":"var(--ast-global-color-5)","background-image":"","background-repeat":"repeat","background-position":"center center","background-size":"auto","background-attachment":"scroll","background-type":"","background-media":"","overlay-type":"","overlay-color":"","overlay-opacity":"","overlay-gradient":""},"tablet":{"background-color":"","background-image":"","background-repeat":"repeat","background-position":"center center","background-size":"auto","background-attachment":"scroll","background-type":"","background-media":"","overlay-type":"","overlay-color":"","overlay-opacity":"","overlay-gradient":""},"mobile":{"background-color":"","background-image":"","background-repeat":"repeat","background-position":"center center","background-size":"auto","background-attachment":"scroll","background-type":"","background-media":"","overlay-type":"","overlay-color":"","overlay-opacity":"","overlay-gradient":""}},"ast-content-background-meta":{"desktop":{"background-color":"var(--ast-global-color-4)","background-image":"","background-repeat":"repeat","background-position":"center center","background-size":"auto","background-attachment":"scroll","background-type":"","background-media":"","overlay-type":"","overlay-color":"","overlay-opacity":"","overlay-gradient":""},"tablet":{"background-color":"var(--ast-global-color-4)","background-image":"","background-repeat":"repeat","background-position":"center center","background-size":"auto","background-attachment":"scroll","background-type":"","background-media":"","overlay-type":"","overlay-color":"","overlay-opacity":"","overlay-gradient":""},"mobile":{"background-color":"var(--ast-global-color-4)","background-image":"","background-repeat":"repeat","background-position":"center center","background-size":"auto","background-attachment":"scroll","background-type":"","background-media":"","overlay-type":"","overlay-color":"","overlay-opacity":"","overlay-gradient":""}}},"product_brand":[],"product_cat":[18],"product_tag":[23],"class_list":{"0":"post-527","1":"product","2":"type-product","3":"status-publish","4":"has-post-thumbnail","6":"product_cat-cross-trainers","7":"product_tag-cross-trainers","8":"desktop-align-left","9":"tablet-align-left","10":"mobile-align-left","12":"first","13":"instock","14":"sale","15":"taxable","16":"shipping-taxable","17":"purchasable","18":"product-type-simple"},"_links":{"self":[{"href":"http:\/\/bestfitnessstore.com\/pl\/wp-json\/wp\/v2\/product\/527","targetHints":{"allow":["GET"]}}],"collection":[{"href":"http:\/\/bestfitnessstore.com\/pl\/wp-json\/wp\/v2\/product"}],"about":[{"href":"http:\/\/bestfitnessstore.com\/pl\/wp-json\/wp\/v2\/types\/product"}],"replies":[{"embeddable":true,"href":"http:\/\/bestfitnessstore.com\/pl\/wp-json\/wp\/v2\/comments?post=527"}],"wp:featuredmedia":[{"embeddable":true,"href":"http:\/\/bestfitnessstore.com\/pl\/wp-json\/wp\/v2\/media\/529"}],"wp:attachment":[{"href":"http:\/\/bestfitnessstore.com\/pl\/wp-json\/wp\/v2\/media?parent=527"}],"wp:term":[{"taxonomy":"product_brand","embeddable":true,"href":"http:\/\/bestfitnessstore.com\/pl\/wp-json\/wp\/v2\/product_brand?post=527"},{"taxonomy":"product_cat","embeddable":true,"href":"http:\/\/bestfitnessstore.com\/pl\/wp-json\/wp\/v2\/product_cat?post=527"},{"taxonomy":"product_tag","embeddable":true,"href":"http:\/\/bestfitnessstore.com\/pl\/wp-json\/wp\/v2\/product_tag?post=527"}],"curies":[{"name":"wp","href":"https:\/\/api.w.org\/{rel}","templated":true}]}}