{"id":449,"date":"2025-11-16T07:39:26","date_gmt":"2025-11-16T07:39:26","guid":{"rendered":"https:\/\/bestfitnessstore.com\/?post_type=product&#038;p=449"},"modified":"2025-11-16T07:39:26","modified_gmt":"2025-11-16T07:39:26","slug":"matrix-fitness-e50-trenazer-eliptyczny-z-konsola-xer","status":"publish","type":"product","link":"http:\/\/bestfitnessstore.com\/pl\/product\/matrix-fitness-e50-elliptical-trainer-with-xer-console\/","title":{"rendered":"Trena\u017cer eliptyczny Matrix Fitness E50 z konsol\u0105 XER"},"content":{"rendered":"<div class=\"product-attribute-container-desktop desktop-only\">\n<div class=\"additional-attributes-wrapper table-wrapper\">\n<h4>INFORMACJE O PRODUKCIE<\/h4>\n<div class=\"attributes-container\">\n<ul class=\"product-attributes-container\">\n<li><span class=\"specification-title\">Waga opakowania (KG):\u00a0<\/span><span class=\"specification-data\">146.000000<\/span><\/li>\n<li><span class=\"specification-title\">Metoda zasilania:\u00a0<\/span><span class=\"specification-data\">Sie\u0107 elektryczna<\/span><\/li>\n<li><span class=\"specification-title\">Uchwyt na tablet:\u00a0<\/span><span class=\"specification-data\">Tak<\/span><\/li>\n<li><span class=\"specification-title\">K\u00f3\u0142ka transportowe:\u00a0<\/span><span class=\"specification-data\">Tak<\/span><\/li>\n<li><span class=\"specification-title\">Maksymalny wzrost u\u017cytkownika (cm):\u00a0<\/span><span class=\"specification-data\">201<\/span><\/li>\n<li><span class=\"specification-title\">D\u0142ugo\u015b\u0107 kroku:\u00a0<\/span><span class=\"specification-data\">51<\/span><\/li>\n<li><span class=\"specification-title\">Monitorowanie t\u0119tna:\u00a0<\/span><span class=\"specification-data\">Bluetooth, wbudowane czujniki<\/span><\/li>\n<li><span class=\"specification-title\">Wbudowane programy:\u00a0<\/span><span class=\"specification-data\">10 wst\u0119pnie ustawionych trening\u00f3w, w tym: Kalorie, Dystans, Spalanie t\u0142uszczu, Nachylenie, Interwa\u0142y (nachylenie), Interwa\u0142y (op\u00f3r), R\u0119czny, Rolling Hills, Pr\u0119dko\u015b\u0107, Sprint 8, Czas<\/span><\/li>\n<\/ul>\n<ul class=\"product-attributes-container\">\n<li><span class=\"specification-title\">Waga produktu (KG):\u00a0<\/span><span class=\"specification-data\">133<\/span><\/li>\n<li><span class=\"specification-title\">Integracja aplikacji:\u00a0<\/span><span class=\"specification-data\">ViewFit<\/span><\/li>\n<li><span class=\"specification-title\">Bluetooth:\u00a0<\/span><span class=\"specification-data\">Tak<\/span><\/li>\n<li><span class=\"specification-title\">Minimalna wysoko\u015b\u0107 u\u017cytkownika (cm):\u00a0<\/span><span class=\"specification-data\">147<\/span><\/li>\n<li><span class=\"specification-title\">Pozycja ko\u0142a zamachowego:\u00a0<\/span><span class=\"specification-data\">Prz\u00f3d<\/span><\/li>\n<li><span class=\"specification-title\">Wysoko\u015b\u0107 kroku (CM):\u00a0<\/span><span class=\"specification-data\">23<\/span><\/li>\n<li><span class=\"specification-title\">Maksymalna waga u\u017cytkownika (kg):\u00a0<\/span><span class=\"specification-data\">147,00 (kg)<\/span><\/li>\n<li><span class=\"specification-title\">Wymiary produktu (d\u0142. x szer. x wys.):\u00a0<\/span><span class=\"specification-data\">148 x 76 x 180 cm<\/span><\/li>\n<\/ul>\n<\/div>\n<\/div>\n<\/div>\n<div class=\"product-features\">\n<h4>DODATKOWE FUNKCJE<\/h4>\n<div class=\"more-container\">\n<div class=\"unshow-text\">\n<ul class=\"product-features-container\">\n<li><span class=\"specification-title\">Ramka:<\/span>\u00a0<span class=\"specification-data\">Technologia eliptycznego zawieszenia<\/span><\/li>\n<li><span class=\"specification-title\">System oporu:<\/span>\u00a0<span class=\"specification-data\">Hamulec indukcyjny Exact Force<\/span><\/li>\n<li><span class=\"specification-title\">Poziomy oporu:<\/span>\u00a0<span class=\"specification-data\">30 poziom\u00f3w, elektroniczny<\/span><\/li>\n<li><span class=\"specification-title\">Konsola XER:<\/span>\u00a0<span class=\"specification-data\">Ekran dotykowy klasy 10\u201d z \u0142\u0105czno\u015bci\u0105 Bluetooth, portem USB, aplikacjami konsoli, p\u00f3\u0142k\u0105 do czytania, trybem oszcz\u0119dzania energii, \u0142\u0105czno\u015bci\u0105 Viewfit (integracja z aplikacjami fitness) i Passport\u2122 Ready.<\/span><\/li>\n<li><span class=\"specification-title\">Peda\u0142y:<\/span>\u00a0<span class=\"specification-data\">Ponadwymiarowe z gumowymi wstawkami<\/span><\/li>\n<li><span class=\"specification-title\">Rozstaw peda\u0142\u00f3w:<\/span>\u00a0<span class=\"specification-data\">6,5 cm \/ 2,6\u2033<\/span><\/li>\n<li><span class=\"specification-title\">Typ kierownicy:<\/span>\u00a0<span class=\"specification-data\">Wielopozycyjne, podw\u00f3jne dzia\u0142anie<\/span><\/li>\n<li><span class=\"specification-title\">Dodatki:<\/span>\u00a0<span class=\"specification-data\">Uchwyt na bidon, tacka na akcesoria, uchwyty stacjonarne z uchwytami do pomiaru t\u0119tna i prze\u0142\u0105cznikami oporu<\/span><\/li>\n<li><span class=\"specification-title\">Aktywna powierzchnia podstawy (d\u0142. x szer. x wys.):<\/span>\u00a0<span class=\"specification-data\">173 x 76 x 180 cm \/ 68\u2033 x 30\u2033 x 71\u2033<\/span><\/li>\n<li><span class=\"specification-title\">G\u0142o\u015bniki:<\/span>\u00a0<span class=\"specification-data\">3W<\/span><\/li>\n<li><span class=\"specification-title\">Pasek Polar HR w zestawie:<\/span>\u00a0<span class=\"specification-data\">Tak<\/span><\/li>\n<li><span class=\"specification-title\">Uwaga:<\/span>\u00a0<span class=\"specification-data\">Czas dostawy tego produktu wynosi od 2 do 4 tygodni.<\/span><\/li>\n<\/ul>\n<\/div>\n<\/div>\n<\/div>\n<div class=\"product-warranty\">\n<h4>GWARANCJA<\/h4>\n<div class=\"text-container\"><strong>Do u\u017cytku domowego:<\/strong>\u00a0Do\u017cywotnia rama, 3 lata na cz\u0119\u015bci i robocizn\u0119<\/div>\n<\/div>","protected":false},"excerpt":{"rendered":"<p>Trena\u017cer eliptyczny Matrix Fitness E50 zosta\u0142 specjalnie zaprojektowany, aby zmie\u015bci\u0107 si\u0119 w domu przy minimalnym zak\u0142\u00f3ceniu, a przemy\u015blana konstrukcja zapewnia p\u0142ynn\u0105 prac\u0119, naturalny ruch i ergonomiczny komfort. System oporu Exact Force Induction Brake oferuje natychmiastowe, p\u0142ynne i precyzyjne zmiany oporu za naci\u015bni\u0119ciem przycisku, a dzi\u0119ki braku ruchomych cz\u0119\u015bci jest cichszy i trwalszy. Dzi\u0119ki 30 poziomom oporu, E50 jest wystarczaj\u0105co elastyczny, aby rzuci\u0107 wyzwanie u\u017cytkownikom o r\u00f3\u017cnym poziomie sprawno\u015bci i do\u015bwiadczenia, a dzi\u0119ki d\u0142ugo\u015bci kroku 51 cm i wysoko\u015bci 23 cm jest \u0142atwo dost\u0119pny. Model E50 wykorzystuje wyj\u0105tkow\u0105 technologi\u0119 Suspension Elliptical Technology firmy Matrix, charakteryzuj\u0105c\u0105 si\u0119 konstrukcj\u0105 bez k\u00f3\u0142 i g\u0105sienic, kt\u00f3ra redukuje ha\u0142as i tarcie, zapewniaj\u0105c d\u0142ugotrwa\u0142\u0105 jako\u015b\u0107, zapewniaj\u0105c jednocze\u015bnie p\u0142ynne i sp\u00f3jne odczucia podczas ruchu po elipsie. Konsola XER zawiera wyra\u017any 10-calowy ekran dotykowy i intuicyjny ekran g\u0142\u00f3wny, kt\u00f3ry oferuje \u0142atwy dost\u0119p do wielu ulubionych aplikacji rozrywkowych, takich jak Netflix, Facebook i nie tylko! Eliptyk E50 z konsol\u0105 XER oferuje 10 program\u00f3w, w tym Kalorie, Dystans, Spalanie t\u0142uszczu, Nachylenie, Interwa\u0142y (nachylenie), Interwa\u0142y (op\u00f3r), R\u0119czny, Rolling Hills, Pr\u0119dko\u015b\u0107, Sprint 8, Czas. Sprint 8 - Ten naukowo potwierdzony program treningu interwa\u0142owego o wysokiej intensywno\u015bci spala t\u0142uszcz i buduje mi\u0119\u015bnie w kr\u00f3tkich treningach, kt\u00f3re ka\u017cdy mo\u017ce dopasowa\u0107 do swojego harmonogramu. ViewFit - Zintegrowany system \u0142\u0105czno\u015bci ViewFit wysy\u0142a dane treningowe do aplikacji i narz\u0119dzi fitness, z kt\u00f3rych ju\u017c korzystasz. U\u0142atwia r\u00f3wnie\u017c udost\u0119pnianie danych w wybranych sieciach spo\u0142eczno\u015bciowych. Passport Ready - kompatybilno\u015b\u0107 z aplikacj\u0105 Passport u\u0142atwia korzystanie z globalnych nagra\u0144 HD z wci\u0105gaj\u0105cego programu Virtual Active na du\u017cym ekranie. Obejmuje \u0142\u0105czno\u015b\u0107 Bluetooth.<\/p>\n<div class=\"product-attribute-container-desktop desktop-only\">\n<div class=\"additional-attributes-wrapper table-wrapper\"><\/div>\n<\/div>","protected":false},"featured_media":452,"comment_status":"open","ping_status":"closed","template":"","meta":{"site-sidebar-layout":"default","site-content-layout":"","ast-site-content-layout":"default","site-content-style":"default","site-sidebar-style":"default","ast-global-header-display":"","ast-banner-title-visibility":"","ast-main-header-display":"","ast-hfb-above-header-display":"","ast-hfb-below-header-display":"","ast-hfb-mobile-header-display":"","site-post-title":"","ast-breadcrumbs-content":"","ast-featured-img":"","footer-sml-layout":"","theme-transparent-header-meta":"default","adv-header-id-meta":"","stick-header-meta":"","header-above-stick-meta":"","header-main-stick-meta":"","header-below-stick-meta":"","astra-migrate-meta-layouts":"set","ast-page-background-enabled":"default","ast-page-background-meta":{"desktop":{"background-color":"var(--ast-global-color-5)","background-image":"","background-repeat":"repeat","background-position":"center center","background-size":"auto","background-attachment":"scroll","background-type":"","background-media":"","overlay-type":"","overlay-color":"","overlay-opacity":"","overlay-gradient":""},"tablet":{"background-color":"","background-image":"","background-repeat":"repeat","background-position":"center center","background-size":"auto","background-attachment":"scroll","background-type":"","background-media":"","overlay-type":"","overlay-color":"","overlay-opacity":"","overlay-gradient":""},"mobile":{"background-color":"","background-image":"","background-repeat":"repeat","background-position":"center center","background-size":"auto","background-attachment":"scroll","background-type":"","background-media":"","overlay-type":"","overlay-color":"","overlay-opacity":"","overlay-gradient":""}},"ast-content-background-meta":{"desktop":{"background-color":"var(--ast-global-color-4)","background-image":"","background-repeat":"repeat","background-position":"center center","background-size":"auto","background-attachment":"scroll","background-type":"","background-media":"","overlay-type":"","overlay-color":"","overlay-opacity":"","overlay-gradient":""},"tablet":{"background-color":"var(--ast-global-color-4)","background-image":"","background-repeat":"repeat","background-position":"center center","background-size":"auto","background-attachment":"scroll","background-type":"","background-media":"","overlay-type":"","overlay-color":"","overlay-opacity":"","overlay-gradient":""},"mobile":{"background-color":"var(--ast-global-color-4)","background-image":"","background-repeat":"repeat","background-position":"center center","background-size":"auto","background-attachment":"scroll","background-type":"","background-media":"","overlay-type":"","overlay-color":"","overlay-opacity":"","overlay-gradient":""}}},"product_brand":[],"product_cat":[18],"product_tag":[23],"class_list":{"0":"post-449","1":"product","2":"type-product","3":"status-publish","4":"has-post-thumbnail","6":"product_cat-cross-trainers","7":"product_tag-cross-trainers","8":"desktop-align-left","9":"tablet-align-left","10":"mobile-align-left","12":"first","13":"instock","14":"sale","15":"taxable","16":"shipping-taxable","17":"purchasable","18":"product-type-simple"},"_links":{"self":[{"href":"http:\/\/bestfitnessstore.com\/pl\/wp-json\/wp\/v2\/product\/449","targetHints":{"allow":["GET"]}}],"collection":[{"href":"http:\/\/bestfitnessstore.com\/pl\/wp-json\/wp\/v2\/product"}],"about":[{"href":"http:\/\/bestfitnessstore.com\/pl\/wp-json\/wp\/v2\/types\/product"}],"replies":[{"embeddable":true,"href":"http:\/\/bestfitnessstore.com\/pl\/wp-json\/wp\/v2\/comments?post=449"}],"wp:featuredmedia":[{"embeddable":true,"href":"http:\/\/bestfitnessstore.com\/pl\/wp-json\/wp\/v2\/media\/452"}],"wp:attachment":[{"href":"http:\/\/bestfitnessstore.com\/pl\/wp-json\/wp\/v2\/media?parent=449"}],"wp:term":[{"taxonomy":"product_brand","embeddable":true,"href":"http:\/\/bestfitnessstore.com\/pl\/wp-json\/wp\/v2\/product_brand?post=449"},{"taxonomy":"product_cat","embeddable":true,"href":"http:\/\/bestfitnessstore.com\/pl\/wp-json\/wp\/v2\/product_cat?post=449"},{"taxonomy":"product_tag","embeddable":true,"href":"http:\/\/bestfitnessstore.com\/pl\/wp-json\/wp\/v2\/product_tag?post=449"}],"curies":[{"name":"wp","href":"https:\/\/api.w.org\/{rel}","templated":true}]}}