{"id":427,"date":"2025-11-16T01:26:37","date_gmt":"2025-11-16T01:26:37","guid":{"rendered":"https:\/\/bestfitnessstore.com\/?post_type=product&#038;p=427"},"modified":"2025-11-16T01:30:06","modified_gmt":"2025-11-16T01:30:06","slug":"matrix-fitness-komercyjny-eliptyk-z-zawieszeniem-endurance-z-konsola-led","status":"publish","type":"product","link":"http:\/\/bestfitnessstore.com\/pl\/product\/matrix-fitness-commercial-endurance-suspension-elliptical-with-led-console\/","title":{"rendered":"Eliptyk z zawieszeniem Matrix Fitness Commercial Endurance z konsol\u0105 LED"},"content":{"rendered":"<p><strong>INFORMACJE O PRODUKCIE<\/strong><br \/>\nWaga opakowania (KG): 183.500000<br \/>\nMetoda zasilania: Sie\u0107 elektryczna<br \/>\nUchwyt na tablet: Tak<br \/>\nK\u00f3\u0142ka transportowe: Tak<br \/>\nMaksymalny wzrost u\u017cytkownika (cm): 201<br \/>\nD\u0142ugo\u015b\u0107 kroku: 53,30<br \/>\nMonitorowanie t\u0119tna: Wbudowane czujniki i Bluetooth<br \/>\nWbudowane programy: R\u0119czny, Rolling Hills, Interwa\u0142y, Cel czasowy, Cel dystansowy, Cel kaloryczny, Docelowe t\u0119tno (pr\u0119dko\u015b\u0107), Docelowe t\u0119tno (nachylenie), Sprint 8, W\u0142asny<br \/>\nWaga produktu (KG): 148<br \/>\nIntegracja aplikacji: KinoMap, Zwift<br \/>\nBluetooth: Tak<br \/>\nMinimalny wzrost u\u017cytkownika (cm): 147<br \/>\nPo\u0142o\u017cenie ko\u0142a zamachowego: Prz\u00f3d<br \/>\nWysoko\u015b\u0107 kroku (CM): 24<br \/>\nMaksymalna waga u\u017cytkownika (kg): 183,50 (kg)<br \/>\nWymiary produktu (d\u0142. x szer. x wys.): 174,50 x 74 x 179 cm<\/p>\n<p><strong>DODATKOWE FUNKCJE<\/strong><br \/>\nRozstaw peda\u0142\u00f3w: 6,4 cm \/ 2,5\u201d<br \/>\nSystem oporu: Generator bezszczotkowy<br \/>\nPoziomy oporu: 30<br \/>\nWysoko\u015b\u0107: 24 cm \/ 9,5\u201d<br \/>\nD\u0142ugo\u015b\u0107 kroku: 53,3 cm \/ 21\u201d<br \/>\nT\u0119tno kontaktowe i telemetryczne: Dok\u0142adne monitorowanie t\u0119tna<br \/>\nKonsola: Konsola LED<br \/>\nWy\u015bwietlacz: Du\u017ca cyfra LED z centrum komunikat\u00f3w<br \/>\nTreningi: Go, Manual, Interval Training, Fat Burn, Rolling Hills, Target Heart Rate, Glute Training* i Fitness Tests.<br \/>\nJ\u0119zyki: Angielski, niemiecki, francuski, w\u0142oski, hiszpa\u0144ski, holenderski, portugalski, szwedzki, fi\u0144ski, turecki, du\u0144ski, polski<br \/>\nFunkcje konsoli: Opcjonalne logowanie RFID; gniazdo s\u0142uchawkowe; port USB; stojak do odczytu<br \/>\nWaga po z\u0142o\u017ceniu: 148 kg \/ 326,3 funta.<br \/>\nWaga transportowa: 183,5 kg \/ 404,5 funta.<br \/>\nMaksymalna waga u\u017cytkownika: 182 kg \/ 400 funt\u00f3w.<br \/>\nWymiary po z\u0142o\u017ceniu: 174,5 x 74 x 179 cm \/ 68,7\u201d x 29,1\u201d x 70,5\u201d<br \/>\nCzas realizacji: na zam\u00f3wienie - \u015bredni czas realizacji 2-14 tygodni<\/p>\n<p><strong>GWARANCJA<\/strong><br \/>\nDo u\u017cytku domowego i lekkiego\/komercyjnego: 2 lata na cz\u0119\u015bci i robocizn\u0119<\/p>","protected":false},"excerpt":{"rendered":"<p>Eliptyk Matrix Fitness Commercial Endurance Suspension jest wyposa\u017cony w opatentowan\u0105 konstrukcj\u0119 zawieszenia Matrix, kt\u00f3ra minimalizuje ha\u0142as i tarcie oraz wyd\u0142u\u017ca \u017cywotno\u015b\u0107 produktu, nawet w \u015brodowiskach o wysokim zu\u017cyciu. Ka\u017cda elipsa jest p\u0142ynna i naturalna dzi\u0119ki sta\u0142emu przyspieszeniu i dopracowanej ergonomii. D\u0142ugo\u015b\u0107 kroku 53 cm, zoptymalizowany rozstaw peda\u0142\u00f3w i du\u017ce peda\u0142y zwi\u0119kszaj\u0105 komfort wszystkich u\u017cytkownik\u00f3w. Zakres oporu 5-705 W jest roz\u0142o\u017cony na 30 poziomach oporu, regulowanych za pomoc\u0105 du\u017cych element\u00f3w steruj\u0105cych na statycznych uchwytach pod wy\u015bwietlaczem. Prosta nawigacja konsoli LED oznacza, \u017ce praktycznie ka\u017cdy mo\u017ce podej\u015b\u0107 do maszyny i niemal natychmiast rozpocz\u0105\u0107 trening. Du\u017cy wy\u015bwietlacz numeryczny i centrum komunikat\u00f3w zapewniaj\u0105 wyra\u017ane, \u0142atwe do odczytania informacje zwrotne dotycz\u0105ce treningu, kt\u00f3re utrzymuj\u0105 cz\u0142onk\u00f3w na dobrej drodze do osi\u0105gni\u0119cia ich cel\u00f3w. Ka\u017cdy trening jest p\u0142ynnym i p\u0142ynnym do\u015bwiadczeniem, z wygodnymi funkcjami, takimi jak opcjonalne logowanie RFID, gniazdo s\u0142uchawkowe, port USB i stojak do odczytu urz\u0105dze\u0144 osobistych. Treningi obejmuj\u0105 Go, Manual, Interval Training, Fat Burn, Rolling Hills, Target Heart Rate, Glute Training* i Fitness Tests. *Programy mog\u0105 ulec zmianie. Produkt komercyjny budowany na zam\u00f3wienie - \u015bredni czas realizacji wynosi 2-14 tygodni, prosimy o kontakt w celu uzyskania dalszych informacji.<\/p>\n<div class=\"product-attribute-container-desktop desktop-only\">\n<div class=\"additional-attributes-wrapper table-wrapper\"><\/div>\n<\/div>","protected":false},"featured_media":428,"comment_status":"open","ping_status":"closed","template":"","meta":{"site-sidebar-layout":"default","site-content-layout":"","ast-site-content-layout":"default","site-content-style":"default","site-sidebar-style":"default","ast-global-header-display":"","ast-banner-title-visibility":"","ast-main-header-display":"","ast-hfb-above-header-display":"","ast-hfb-below-header-display":"","ast-hfb-mobile-header-display":"","site-post-title":"","ast-breadcrumbs-content":"","ast-featured-img":"","footer-sml-layout":"","theme-transparent-header-meta":"default","adv-header-id-meta":"","stick-header-meta":"","header-above-stick-meta":"","header-main-stick-meta":"","header-below-stick-meta":"","astra-migrate-meta-layouts":"set","ast-page-background-enabled":"default","ast-page-background-meta":{"desktop":{"background-color":"var(--ast-global-color-5)","background-image":"","background-repeat":"repeat","background-position":"center center","background-size":"auto","background-attachment":"scroll","background-type":"","background-media":"","overlay-type":"","overlay-color":"","overlay-opacity":"","overlay-gradient":""},"tablet":{"background-color":"","background-image":"","background-repeat":"repeat","background-position":"center center","background-size":"auto","background-attachment":"scroll","background-type":"","background-media":"","overlay-type":"","overlay-color":"","overlay-opacity":"","overlay-gradient":""},"mobile":{"background-color":"","background-image":"","background-repeat":"repeat","background-position":"center center","background-size":"auto","background-attachment":"scroll","background-type":"","background-media":"","overlay-type":"","overlay-color":"","overlay-opacity":"","overlay-gradient":""}},"ast-content-background-meta":{"desktop":{"background-color":"var(--ast-global-color-4)","background-image":"","background-repeat":"repeat","background-position":"center center","background-size":"auto","background-attachment":"scroll","background-type":"","background-media":"","overlay-type":"","overlay-color":"","overlay-opacity":"","overlay-gradient":""},"tablet":{"background-color":"var(--ast-global-color-4)","background-image":"","background-repeat":"repeat","background-position":"center center","background-size":"auto","background-attachment":"scroll","background-type":"","background-media":"","overlay-type":"","overlay-color":"","overlay-opacity":"","overlay-gradient":""},"mobile":{"background-color":"var(--ast-global-color-4)","background-image":"","background-repeat":"repeat","background-position":"center center","background-size":"auto","background-attachment":"scroll","background-type":"","background-media":"","overlay-type":"","overlay-color":"","overlay-opacity":"","overlay-gradient":""}}},"product_brand":[],"product_cat":[18],"product_tag":[23],"class_list":{"0":"post-427","1":"product","2":"type-product","3":"status-publish","4":"has-post-thumbnail","6":"product_cat-cross-trainers","7":"product_tag-cross-trainers","8":"desktop-align-left","9":"tablet-align-left","10":"mobile-align-left","12":"first","13":"instock","14":"sale","15":"taxable","16":"shipping-taxable","17":"purchasable","18":"product-type-simple"},"_links":{"self":[{"href":"http:\/\/bestfitnessstore.com\/pl\/wp-json\/wp\/v2\/product\/427","targetHints":{"allow":["GET"]}}],"collection":[{"href":"http:\/\/bestfitnessstore.com\/pl\/wp-json\/wp\/v2\/product"}],"about":[{"href":"http:\/\/bestfitnessstore.com\/pl\/wp-json\/wp\/v2\/types\/product"}],"replies":[{"embeddable":true,"href":"http:\/\/bestfitnessstore.com\/pl\/wp-json\/wp\/v2\/comments?post=427"}],"wp:featuredmedia":[{"embeddable":true,"href":"http:\/\/bestfitnessstore.com\/pl\/wp-json\/wp\/v2\/media\/428"}],"wp:attachment":[{"href":"http:\/\/bestfitnessstore.com\/pl\/wp-json\/wp\/v2\/media?parent=427"}],"wp:term":[{"taxonomy":"product_brand","embeddable":true,"href":"http:\/\/bestfitnessstore.com\/pl\/wp-json\/wp\/v2\/product_brand?post=427"},{"taxonomy":"product_cat","embeddable":true,"href":"http:\/\/bestfitnessstore.com\/pl\/wp-json\/wp\/v2\/product_cat?post=427"},{"taxonomy":"product_tag","embeddable":true,"href":"http:\/\/bestfitnessstore.com\/pl\/wp-json\/wp\/v2\/product_tag?post=427"}],"curies":[{"name":"wp","href":"https:\/\/api.w.org\/{rel}","templated":true}]}}