{"id":408,"date":"2025-11-16T00:50:56","date_gmt":"2025-11-16T00:50:56","guid":{"rendered":"https:\/\/bestfitnessstore.com\/?post_type=product&#038;p=408"},"modified":"2025-11-16T00:50:56","modified_gmt":"2025-11-16T00:50:56","slug":"matrix-fitness-a30-trenazer-wznoszenia-z-konsola-xir","status":"publish","type":"product","link":"http:\/\/bestfitnessstore.com\/pl\/product\/matrix-fitness-a30-ascent-trainer-with-xir-console\/","title":{"rendered":"Trena\u017cer Matrix Fitness A30 Ascent z konsol\u0105 XIR"},"content":{"rendered":"<p><strong>INFORMACJE O PRODUKCIE<\/strong><br \/>\nWaga opakowania (KG): 172.400000<br \/>\nMetoda zasilania: Sie\u0107 elektryczna<br \/>\nUchwyt na tablet: Tak<br \/>\nK\u00f3\u0142ka transportowe: Tak<br \/>\nMaksymalny wzrost u\u017cytkownika (cm): 201<br \/>\nD\u0142ugo\u015b\u0107 kroku: 61<br \/>\nMonitorowanie t\u0119tna: Wbudowane czujniki i Bluetooth<br \/>\nWbudowane programy: R\u0119czny,Rolling hills,Interwa\u0142y,Cel czasowy,Cel dystansowy,Cel kaloryczny,Docelowe t\u0119tno (pr\u0119dko\u015b\u0107),Docelowe t\u0119tno (nachylenie),Sprint 8,W\u0142asny<br \/>\nWaga produktu (KG): 142<br \/>\nIntegracja aplikacji: KinoMap, Zwift<br \/>\nBluetooth: Tak<br \/>\nMinimalny wzrost u\u017cytkownika (cm): 147<br \/>\nPo\u0142o\u017cenie ko\u0142a zamachowego: Prz\u00f3d<br \/>\nWysoko\u015b\u0107 kroku (CM): 22<br \/>\nMaksymalna waga u\u017cytkownika (kg): 159,00 (kg)<br \/>\nWymiary produktu (d\u0142. x szer. x wys.): 191 x 73 x 164 cm<\/p>\n<p><strong>DODATKOWE FUNKCJE<\/strong><br \/>\nZmienna d\u0142ugo\u015b\u0107 kroku: 51 - 61 cm \/ 20\u201d - 24\u201d<br \/>\nWysoko\u015b\u0107: 22 cm \/ 8,7\u201d<br \/>\nNachylenie mocy: 24% - 54%<br \/>\nKo\u0142o zamachowe: 13,5 kg \/ 30 funt\u00f3w.<br \/>\nTechnologia eliptycznego zawieszenia: Konstrukcja bez k\u00f3\u0142 i g\u0105sienic, kt\u00f3ra redukuje ha\u0142as i tarcie<br \/>\nTechnologia PerfectStride\u2122: \u0141\u0105czy idealny ruch kroku i ergonomicznie poprawne u\u0142o\u017cenie stopy ze zmienn\u0105 d\u0142ugo\u015bci\u0105 kroku, zapewniaj\u0105c najbardziej naturalny trening.<br \/>\nSystem oporu: Magnetyczny uk\u0142ad hamulcowy ECB<br \/>\nPoziomy oporu: 20 poziom\u00f3w, elektroniczne<br \/>\nTyp kierownicy: Podw\u00f3jne dzia\u0142anie<br \/>\nDodatki: Uchwyt na butelk\u0119 z wod\u0105, tacka na akcesoria, uchwyty stacjonarne z uchwytami do pomiaru t\u0119tna i prze\u0142\u0105cznikami oporu \/ nachylenia<br \/>\nKonsola XIR: 16-calowy ekran dotykowy klasy HD z rozszerzon\u0105 \u0142\u0105czno\u015bci\u0105 Bluetooth, portem USB, portem HDMI, aplikacjami konsoli, stojakiem do czytania, trybem oszcz\u0119dzania energii, \u0142\u0105czno\u015bci\u0105 ViewFit (integracja z aplikacjami fitness). Wymagane WiFi dla aplikacji i aktualizacji oprogramowania.<br \/>\nProgramy treningowe: 12<br \/>\nAplikacje konsolowe: Virtual Active, Sprint8, YouTube, Spotify, Netflix i inne. Subskrypcje nie s\u0105 uwzgl\u0119dnione.<br \/>\nPeda\u0142y: Ponadwymiarowe<br \/>\nWymiary (d\u0142. x szer. x wys.): 186 x 73 x 164 cm \/ 73\u201d x 29\u201d x 65\u201d<br \/>\nWaga po z\u0142o\u017ceniu: 147,5 kg<br \/>\nWaga u\u017cytkownika: 159 kg \/ 350 funt\u00f3w<\/p>\n<p><strong>GWARANCJA<\/strong><br \/>\nU\u017cytek domowy: 3 lata P\/L<\/p>","protected":false},"excerpt":{"rendered":"<p>Z trena\u017cerem Matrix Fitness A30 Ascent mo\u017cesz liczy\u0107 na wyj\u0105tkow\u0105 i unikaln\u0105 konstrukcj\u0119 ramy, kt\u00f3ra zapewnia wyj\u0105tkowo p\u0142ynne i niezwykle wygodne \u0107wiczenia, dostosowuj\u0105c nachylenie, aby celowa\u0107 w mi\u0119\u015bnie, kt\u00f3re chcesz najbardziej pracowa\u0107. Technologia PerfectStride\u2122 \u0142\u0105czy idealny ruch kroku i ergonomiczne u\u0142o\u017cenie st\u00f3p ze zmienn\u0105 d\u0142ugo\u015bci\u0105 kroku (51 - 61 cm), zapewniaj\u0105c najbardziej naturalny trening. Dzi\u0119ki funkcji nachylenia 24% - 54% w po\u0142\u0105czeniu z 20 elektronicznymi poziomami oporu, A30 oferuje elastyczno\u015b\u0107, kt\u00f3ra mo\u017ce stanowi\u0107 wyzwanie dla wszystkich poziom\u00f3w sprawno\u015bci i do\u015bwiadczenia, jednocze\u015bnie pozwalaj\u0105c spali\u0107 wi\u0119cej kalorii. Korzystaj\u0105c z technologii Matrix Suspensions Elliptical Technology, A30 ma konstrukcj\u0119 bez k\u00f3\u0142 i g\u0105sienic, kt\u00f3ra redukuje ha\u0142as i tarcie, zapewniaj\u0105c d\u0142ugotrwa\u0142\u0105 jako\u015b\u0107, zapewniaj\u0105c jednocze\u015bnie p\u0142ynne, sp\u00f3jne odczucie podczas elipsy. W komplecie z zaawansowan\u0105 konsol\u0105 XIR, \u0142atwo jest zachowa\u0107 \u015bwie\u017co\u015b\u0107 ka\u017cdego treningu dzi\u0119ki 12 metrycznym programom cardio, takim jak Sprint 8. Mo\u017cesz zsynchronizowa\u0107 si\u0119 z aplikacjami, kt\u00f3rych ju\u017c u\u017cywasz, takimi jak MyFitnessPal, Strava, Fitbit i innymi, dzi\u0119ki \u0142\u0105czno\u015bci ViewFit, i cieszy\u0107 si\u0119 ulubion\u0105 rozrywk\u0105, w tym Netflix, Spotify i YouTube (subskrypcje nie s\u0105 do\u0142\u0105czone). Pod\u0142\u0105cz konsol\u0119 przez Wi-Fi, aby aktualizowa\u0107 oprogramowanie, ViewFit, przegl\u0105da\u0107 strony internetowe i korzysta\u0107 z aplikacji rozrywkowych. Uzyskaj najdok\u0142adniejsze informacje o t\u0119tnie, jakie mo\u017ce zapewni\u0107 sprz\u0119t fitness dzi\u0119ki zintegrowanej technologii pomiaru t\u0119tna Polar, z paskiem do pomiaru t\u0119tna Polar do\u0142\u0105czonym do XIR. Podw\u00f3jna akcja i stacjonarna kierownica pozwalaj\u0105 szybko zmieni\u0107 cel sesji, a zintegrowane prze\u0142\u0105czniki oporu \/ nachylenia umo\u017cliwiaj\u0105 zmiany w locie.<\/p>\n<div class=\"product-attribute-container-desktop desktop-only\">\n<div class=\"additional-attributes-wrapper table-wrapper\"><\/div>\n<\/div>","protected":false},"featured_media":410,"comment_status":"open","ping_status":"closed","template":"","meta":{"site-sidebar-layout":"default","site-content-layout":"","ast-site-content-layout":"default","site-content-style":"default","site-sidebar-style":"default","ast-global-header-display":"","ast-banner-title-visibility":"","ast-main-header-display":"","ast-hfb-above-header-display":"","ast-hfb-below-header-display":"","ast-hfb-mobile-header-display":"","site-post-title":"","ast-breadcrumbs-content":"","ast-featured-img":"","footer-sml-layout":"","theme-transparent-header-meta":"default","adv-header-id-meta":"","stick-header-meta":"","header-above-stick-meta":"","header-main-stick-meta":"","header-below-stick-meta":"","astra-migrate-meta-layouts":"set","ast-page-background-enabled":"default","ast-page-background-meta":{"desktop":{"background-color":"var(--ast-global-color-5)","background-image":"","background-repeat":"repeat","background-position":"center center","background-size":"auto","background-attachment":"scroll","background-type":"","background-media":"","overlay-type":"","overlay-color":"","overlay-opacity":"","overlay-gradient":""},"tablet":{"background-color":"","background-image":"","background-repeat":"repeat","background-position":"center center","background-size":"auto","background-attachment":"scroll","background-type":"","background-media":"","overlay-type":"","overlay-color":"","overlay-opacity":"","overlay-gradient":""},"mobile":{"background-color":"","background-image":"","background-repeat":"repeat","background-position":"center center","background-size":"auto","background-attachment":"scroll","background-type":"","background-media":"","overlay-type":"","overlay-color":"","overlay-opacity":"","overlay-gradient":""}},"ast-content-background-meta":{"desktop":{"background-color":"var(--ast-global-color-4)","background-image":"","background-repeat":"repeat","background-position":"center center","background-size":"auto","background-attachment":"scroll","background-type":"","background-media":"","overlay-type":"","overlay-color":"","overlay-opacity":"","overlay-gradient":""},"tablet":{"background-color":"var(--ast-global-color-4)","background-image":"","background-repeat":"repeat","background-position":"center center","background-size":"auto","background-attachment":"scroll","background-type":"","background-media":"","overlay-type":"","overlay-color":"","overlay-opacity":"","overlay-gradient":""},"mobile":{"background-color":"var(--ast-global-color-4)","background-image":"","background-repeat":"repeat","background-position":"center center","background-size":"auto","background-attachment":"scroll","background-type":"","background-media":"","overlay-type":"","overlay-color":"","overlay-opacity":"","overlay-gradient":""}}},"product_brand":[],"product_cat":[18],"product_tag":[23],"class_list":{"0":"post-408","1":"product","2":"type-product","3":"status-publish","4":"has-post-thumbnail","6":"product_cat-cross-trainers","7":"product_tag-cross-trainers","8":"desktop-align-left","9":"tablet-align-left","10":"mobile-align-left","12":"first","13":"instock","14":"sale","15":"taxable","16":"shipping-taxable","17":"purchasable","18":"product-type-simple"},"_links":{"self":[{"href":"http:\/\/bestfitnessstore.com\/pl\/wp-json\/wp\/v2\/product\/408","targetHints":{"allow":["GET"]}}],"collection":[{"href":"http:\/\/bestfitnessstore.com\/pl\/wp-json\/wp\/v2\/product"}],"about":[{"href":"http:\/\/bestfitnessstore.com\/pl\/wp-json\/wp\/v2\/types\/product"}],"replies":[{"embeddable":true,"href":"http:\/\/bestfitnessstore.com\/pl\/wp-json\/wp\/v2\/comments?post=408"}],"wp:featuredmedia":[{"embeddable":true,"href":"http:\/\/bestfitnessstore.com\/pl\/wp-json\/wp\/v2\/media\/410"}],"wp:attachment":[{"href":"http:\/\/bestfitnessstore.com\/pl\/wp-json\/wp\/v2\/media?parent=408"}],"wp:term":[{"taxonomy":"product_brand","embeddable":true,"href":"http:\/\/bestfitnessstore.com\/pl\/wp-json\/wp\/v2\/product_brand?post=408"},{"taxonomy":"product_cat","embeddable":true,"href":"http:\/\/bestfitnessstore.com\/pl\/wp-json\/wp\/v2\/product_cat?post=408"},{"taxonomy":"product_tag","embeddable":true,"href":"http:\/\/bestfitnessstore.com\/pl\/wp-json\/wp\/v2\/product_tag?post=408"}],"curies":[{"name":"wp","href":"https:\/\/api.w.org\/{rel}","templated":true}]}}