{"id":1508,"date":"2025-11-26T07:40:08","date_gmt":"2025-11-26T07:40:08","guid":{"rendered":"https:\/\/bestfitnessstore.com\/?post_type=product&#038;p=1508"},"modified":"2025-11-26T07:40:08","modified_gmt":"2025-11-26T07:40:08","slug":"bieznia-skladana-volta-vt30","status":"publish","type":"product","link":"http:\/\/bestfitnessstore.com\/pl\/product\/volta-vt30-folding-treadmill\/","title":{"rendered":"Bie\u017cnia sk\u0142adana Volta VT30"},"content":{"rendered":"<div class=\"product-attribute-container-desktop desktop-only\">\n<div class=\"additional-attributes-wrapper table-wrapper\">\n<h5>INFORMACJE O PRODUKCIE<\/h5>\n<div class=\"attributes-container\">\n<ul class=\"product-attributes-container\">\n<li><span class=\"specification-title\">Waga opakowania (KG):\u00a0<\/span><span class=\"specification-data\">103.000000<\/span><\/li>\n<li><span class=\"specification-title\">Integracja aplikacji:\u00a0<\/span><span class=\"specification-data\">FITSHOW, Zwift<\/span><\/li>\n<li><span class=\"specification-title\">Sk\u0142adanie:\u00a0<\/span><span class=\"specification-data\">Tak<\/span><\/li>\n<li><span class=\"specification-title\">Maksymalna waga u\u017cytkownika (kg):\u00a0<\/span><span class=\"specification-data\">130,00 (kg)<\/span><\/li>\n<li><span class=\"specification-title\">K\u00f3\u0142ka transportowe:\u00a0<\/span><span class=\"specification-data\">Tak<\/span><\/li>\n<li><span class=\"specification-title\">Wymiary pude\u0142ka (d\u0142. x szer. x wys.):\u00a0<\/span><span class=\"specification-data\">200 x 96 x 32 cm<\/span><\/li>\n<\/ul>\n<ul class=\"product-attributes-container\">\n<li><span class=\"specification-title\">Waga produktu (KG):\u00a0<\/span><span class=\"specification-data\">90<\/span><\/li>\n<li><span class=\"specification-title\">Bluetooth:\u00a0<\/span><span class=\"specification-data\">Tak<\/span><\/li>\n<li><span class=\"specification-title\">Monitorowanie t\u0119tna:\u00a0<\/span><span class=\"specification-data\">Wbudowane czujniki<\/span><\/li>\n<li><span class=\"specification-title\">Wbudowane programy:\u00a0<\/span><span class=\"specification-data\">24<\/span><\/li>\n<li><span class=\"specification-title\">Wymiary produktu (d\u0142. x szer. x wys.):\u00a0<\/span><span class=\"specification-data\">189 x 89 x 151 cm<\/span><\/li>\n<\/ul>\n<\/div>\n<\/div>\n<\/div>\n<div class=\"product-features\">\n<h5>DODATKOWE FUNKCJE<\/h5>\n<div class=\"more-container\">\n<div class=\"unshow-text\">\n<ul class=\"product-features-container\">\n<li><span class=\"specification-title\">Silnik:<\/span>\u00a0<span class=\"specification-data\">DC 3.0HP<\/span><\/li>\n<li><span class=\"specification-title\">Zakres pr\u0119dko\u015bci:<\/span>\u00a0<span class=\"specification-data\">0,8-20 km\/h<\/span><\/li>\n<li><span class=\"specification-title\">Szybki wyb\u00f3r pr\u0119dko\u015bci:<\/span>\u00a0<span class=\"specification-data\">4<\/span><\/li>\n<li><span class=\"specification-title\">Zakres nachylenia:<\/span>\u00a0<span class=\"specification-data\">15 poziom\u00f3w<\/span><\/li>\n<li><span class=\"specification-title\">Szybki wyb\u00f3r nachylenia:<\/span>\u00a0<span class=\"specification-data\">4<\/span><\/li>\n<li><span class=\"specification-title\">Obszar dzia\u0142ania:<\/span>\u00a0<span class=\"specification-data\">1400 x 510 mm<\/span><\/li>\n<li><span class=\"specification-title\">Wy\u015bwietlacz:<\/span>\u00a0<span class=\"specification-data\">4 du\u017ce bia\u0142e okna wy\u015bwietlacza LED; 1 bardzo du\u017ce okno LCD<\/span><\/li>\n<li><span class=\"specification-title\">Odczyty na wy\u015bwietlaczu:<\/span>\u00a0<span class=\"specification-data\">Czas, pr\u0119dko\u015b\u0107, nachylenie, dystans, kalorie, puls, tempo, kroki<\/span><\/li>\n<li><span class=\"specification-title\">Klawisze skr\u00f3t\u00f3w treningowych:<\/span>\u00a0<span class=\"specification-data\">6<\/span><\/li>\n<li><span class=\"specification-title\">Sterowanie za pomoc\u0105 uchwytu:<\/span>\u00a0<span class=\"specification-data\">\u0141atwa regulacja pr\u0119dko\u015bci i nachylenia<\/span><\/li>\n<li><span class=\"specification-title\">Monitorowanie pulsu:<\/span>\u00a0<span class=\"specification-data\">Zintegrowane czujniki pulsu na por\u0119czach<\/span><\/li>\n<li><span class=\"specification-title\">Dodatki:<\/span>\u00a0<span class=\"specification-data\">Wej\u015bcie MP3; wbudowany g\u0142o\u015bnik; \u0142adowanie przez USB; rolki transportowe; sk\u0142adana konstrukcja;<\/span><\/li>\n<\/ul>\n<\/div>\n<\/div>\n<\/div>\n<div class=\"product-warranty\">\n<h5>GWARANCJA<\/h5>\n<div class=\"text-container\"><strong>Do u\u017cytku domowego:<\/strong>\u00a02 lata na cz\u0119\u015bci i robocizn\u0119. Gwarancja nie obejmuje uszkodze\u0144 lub awarii spowodowanych niew\u0142a\u015bciw\u0105 lokalizacj\u0105, w tym mi\u0119dzy innymi wilgotnym, zakurzonym lub zewn\u0119trznym \u015brodowiskiem. Na przyk\u0142ad gara\u017ce, piwnice itp.<\/div>\n<\/div>\n<div class=\"product-next-day\">\n<h5>DOSTAWA EKSPRESOWA<\/h5>\n<div class=\"text-container\">Wiele z naszych produkt\u00f3w ma opcje dostawy ekspresowej i z wyznaczon\u0105 dat\u0105, co oznacza, \u017ce produkt zostanie dostarczony ju\u017c jutro lub w wybranym przez Ciebie terminie. Sprawd\u017a opcje dostawy przy kasie, aby zobaczy\u0107 dost\u0119pno\u015b\u0107 dla swojego koszyka i kodu pocztowego. Obowi\u0105zuj\u0105 warunki dostawy.<\/div>\n<\/div>","protected":false},"excerpt":{"rendered":"<p>Zdolna do osi\u0105gni\u0119cia maksymalnej pr\u0119dko\u015bci 20 km\/h i 15 poziom\u00f3w nachylenia, sk\u0142adana bie\u017cnia Volta VT30 zosta\u0142a stworzona, aby zapewni\u0107 efektywne sesje treningowe w pomieszczeniach za ka\u017cdym razem, gdy na ni\u0105 wejdziesz. Pas bie\u017cni o wymiarach 1400 x 510 mm jest nap\u0119dzany silnikiem pr\u0105du sta\u0142ego o mocy 3,0 KM, a sterowanie pr\u0119dko\u015bci\u0105 i nachyleniem za pomoc\u0105 uchwyt\u00f3w r\u0119cznych umo\u017cliwia zwi\u0119kszenie intensywno\u015bci biegu. Konsola sk\u0142ada si\u0119 z czterech du\u017cych bia\u0142ych okien wy\u015bwietlacza LED oraz bardzo du\u017cego okna LCD po\u015brodku, kt\u00f3re u\u0142atwia odczyt czasu, pr\u0119dko\u015bci, nachylenia, dystansu, kalorii, pulsu, tempa i krok\u00f3w. Uchwyty do pomiaru pulsu znajduj\u0105 si\u0119 na bocznych szynach, a konsola zawiera cztery opcje szybkiego wyboru pr\u0119dko\u015bci i cztery opcje szybkiego wyboru nachylenia. VT30 jest wyposa\u017cony w 24 wst\u0119pnie ustawione programy treningowe, z sze\u015bcioma przyciskami skr\u00f3t\u00f3w do szybkiego wyboru najpopularniejszych program\u00f3w treningowych. Aby jeszcze bardziej urozmaici\u0107 trening, Volta VT30 \u0142\u0105czy si\u0119 z Zwift i FitShow, zapewniaj\u0105c wci\u0105gaj\u0105ce i malownicze sesje z przewodnikiem (subskrypcje inteligentnego urz\u0105dzenia i aplikacji nie s\u0105 wliczone w cen\u0119). S\u0142uchaj ulubionej muzyki podczas treningu dzi\u0119ki wej\u015bciu MP3 i wbudowanym g\u0142o\u015bnikom - jest nawet zintegrowany port USB, aby Twoje urz\u0105dzenie by\u0142o w pe\u0142ni na\u0142adowane. W komplecie ze sk\u0142adan\u0105 ram\u0105, pok\u0142ad Volta VT30 sk\u0142ada si\u0119 p\u0142ynnie, aby zwolni\u0107 miejsce na pod\u0142odze, gdy go nie u\u017cywasz, a rolki transportowe u\u0142atwiaj\u0105 r\u00f3wnie\u017c przemieszczanie.<\/p>\n<div class=\"product-attribute-container-desktop desktop-only\">\n<div class=\"additional-attributes-wrapper table-wrapper\"><\/div>\n<\/div>","protected":false},"featured_media":1512,"comment_status":"open","ping_status":"closed","template":"","meta":{"site-sidebar-layout":"default","site-content-layout":"","ast-site-content-layout":"default","site-content-style":"default","site-sidebar-style":"default","ast-global-header-display":"","ast-banner-title-visibility":"","ast-main-header-display":"","ast-hfb-above-header-display":"","ast-hfb-below-header-display":"","ast-hfb-mobile-header-display":"","site-post-title":"","ast-breadcrumbs-content":"","ast-featured-img":"","footer-sml-layout":"","theme-transparent-header-meta":"default","adv-header-id-meta":"","stick-header-meta":"","header-above-stick-meta":"","header-main-stick-meta":"","header-below-stick-meta":"","astra-migrate-meta-layouts":"set","ast-page-background-enabled":"default","ast-page-background-meta":{"desktop":{"background-color":"var(--ast-global-color-5)","background-image":"","background-repeat":"repeat","background-position":"center center","background-size":"auto","background-attachment":"scroll","background-type":"","background-media":"","overlay-type":"","overlay-color":"","overlay-opacity":"","overlay-gradient":""},"tablet":{"background-color":"","background-image":"","background-repeat":"repeat","background-position":"center center","background-size":"auto","background-attachment":"scroll","background-type":"","background-media":"","overlay-type":"","overlay-color":"","overlay-opacity":"","overlay-gradient":""},"mobile":{"background-color":"","background-image":"","background-repeat":"repeat","background-position":"center center","background-size":"auto","background-attachment":"scroll","background-type":"","background-media":"","overlay-type":"","overlay-color":"","overlay-opacity":"","overlay-gradient":""}},"ast-content-background-meta":{"desktop":{"background-color":"var(--ast-global-color-4)","background-image":"","background-repeat":"repeat","background-position":"center center","background-size":"auto","background-attachment":"scroll","background-type":"","background-media":"","overlay-type":"","overlay-color":"","overlay-opacity":"","overlay-gradient":""},"tablet":{"background-color":"var(--ast-global-color-4)","background-image":"","background-repeat":"repeat","background-position":"center center","background-size":"auto","background-attachment":"scroll","background-type":"","background-media":"","overlay-type":"","overlay-color":"","overlay-opacity":"","overlay-gradient":""},"mobile":{"background-color":"var(--ast-global-color-4)","background-image":"","background-repeat":"repeat","background-position":"center center","background-size":"auto","background-attachment":"scroll","background-type":"","background-media":"","overlay-type":"","overlay-color":"","overlay-opacity":"","overlay-gradient":""}}},"product_brand":[],"product_cat":[21],"product_tag":[25],"class_list":{"0":"post-1508","1":"product","2":"type-product","3":"status-publish","4":"has-post-thumbnail","6":"product_cat-treadmills","7":"product_tag-treadmills","8":"desktop-align-left","9":"tablet-align-left","10":"mobile-align-left","12":"first","13":"instock","14":"sale","15":"taxable","16":"shipping-taxable","17":"purchasable","18":"product-type-simple"},"_links":{"self":[{"href":"http:\/\/bestfitnessstore.com\/pl\/wp-json\/wp\/v2\/product\/1508","targetHints":{"allow":["GET"]}}],"collection":[{"href":"http:\/\/bestfitnessstore.com\/pl\/wp-json\/wp\/v2\/product"}],"about":[{"href":"http:\/\/bestfitnessstore.com\/pl\/wp-json\/wp\/v2\/types\/product"}],"replies":[{"embeddable":true,"href":"http:\/\/bestfitnessstore.com\/pl\/wp-json\/wp\/v2\/comments?post=1508"}],"wp:featuredmedia":[{"embeddable":true,"href":"http:\/\/bestfitnessstore.com\/pl\/wp-json\/wp\/v2\/media\/1512"}],"wp:attachment":[{"href":"http:\/\/bestfitnessstore.com\/pl\/wp-json\/wp\/v2\/media?parent=1508"}],"wp:term":[{"taxonomy":"product_brand","embeddable":true,"href":"http:\/\/bestfitnessstore.com\/pl\/wp-json\/wp\/v2\/product_brand?post=1508"},{"taxonomy":"product_cat","embeddable":true,"href":"http:\/\/bestfitnessstore.com\/pl\/wp-json\/wp\/v2\/product_cat?post=1508"},{"taxonomy":"product_tag","embeddable":true,"href":"http:\/\/bestfitnessstore.com\/pl\/wp-json\/wp\/v2\/product_tag?post=1508"}],"curies":[{"name":"wp","href":"https:\/\/api.w.org\/{rel}","templated":true}]}}