{"id":1486,"date":"2025-11-26T07:28:48","date_gmt":"2025-11-26T07:28:48","guid":{"rendered":"https:\/\/bestfitnessstore.com\/?post_type=product&#038;p=1486"},"modified":"2025-11-26T07:28:48","modified_gmt":"2025-11-26T07:28:48","slug":"skladana-bieznia-spirit-xt485","status":"publish","type":"product","link":"http:\/\/bestfitnessstore.com\/pl\/product\/spirit-xt485-folding-treadmill\/","title":{"rendered":"Bie\u017cnia sk\u0142adana Spirit XT485"},"content":{"rendered":"<div class=\"product-attribute-container-desktop desktop-only\">\n<div class=\"additional-attributes-wrapper table-wrapper\">\n<h4>INFORMACJE O PRODUKCIE<\/h4>\n<div class=\"attributes-container\">\n<ul class=\"product-attributes-container\">\n<li><span class=\"specification-title\">Waga opakowania (KG):\u00a0<\/span><span class=\"specification-data\">143.500000<\/span><\/li>\n<li><span class=\"specification-title\">Metoda zasilania:\u00a0<\/span><span class=\"specification-data\">Sie\u0107 elektryczna<\/span><\/li>\n<li><span class=\"specification-title\">Uchwyt na tablet:\u00a0<\/span><span class=\"specification-data\">Tak<\/span><\/li>\n<li><span class=\"specification-title\">Sk\u0142adanie:\u00a0<\/span><span class=\"specification-data\">Tak<\/span><\/li>\n<li><span class=\"specification-title\">Maksymalna waga u\u017cytkownika (kg):\u00a0<\/span><span class=\"specification-data\">150,00 (kg)<\/span><\/li>\n<li><span class=\"specification-title\">Wymiary produktu (d\u0142. x szer. x wys.):\u00a0<\/span><span class=\"specification-data\">206 x 92 x 175,50 cm<\/span><\/li>\n<\/ul>\n<ul class=\"product-attributes-container\">\n<li><span class=\"specification-title\">Waga produktu (KG):\u00a0<\/span><span class=\"specification-data\">131<\/span><\/li>\n<li><span class=\"specification-title\">Integracja aplikacji:\u00a0<\/span><span class=\"specification-data\">KinoMap, SPIRIT+, Zwift<\/span><\/li>\n<li><span class=\"specification-title\">Bluetooth:\u00a0<\/span><span class=\"specification-data\">Tak<\/span><\/li>\n<li><span class=\"specification-title\">Monitorowanie t\u0119tna:\u00a0<\/span><span class=\"specification-data\">Wbudowane czujniki i Bluetooth<\/span><\/li>\n<li><span class=\"specification-title\">Wbudowane programy:\u00a0<\/span><span class=\"specification-data\">Manual, Hill, Fat Burn, Cardio, Strength, Hill, Fusion, 5K, 10K, Time, Distance, Calories, 2 User, 4 Heart Rate<\/span><\/li>\n<li><span class=\"specification-title\">Wymiary pude\u0142ka (d\u0142. x szer. x wys.):\u00a0<\/span><span class=\"specification-data\">217 x 94 x 37,50 cm<\/span><\/li>\n<\/ul>\n<\/div>\n<\/div>\n<\/div>\n<div class=\"product-features\">\n<h4>DODATKOWE FUNKCJE<\/h4>\n<div class=\"more-container\">\n<div class=\"unshow-text\">\n<ul class=\"product-features-container\">\n<li><span class=\"specification-title\">Konsola:<\/span>\u00a0<span class=\"specification-data\">Wielokolorowy wy\u015bwietlacz LCD 9\u201d, p\u00f3\u0142ka na telefon, uchylny i obrotowy uchwyt na tablet, g\u0142o\u015bniki Bluetooth, port \u0142adowania USB, regulowany wentylator, blokada przed dzie\u0107mi, blokada por\u0119czy<\/span><\/li>\n<li><span class=\"specification-title\">T\u0119tno:<\/span>\u00a0<span class=\"specification-data\">Kontakt i Bluetooth (5 kHz i Bluetooth), pas piersiowy nie wchodzi w sk\u0142ad zestawu<\/span><\/li>\n<li><span class=\"specification-title\">Pr\u0119dko\u015b\u0107\/Nachylenie:<\/span>\u00a0<span class=\"specification-data\">1-20 km\/h \/ 15 poziom\u00f3w<\/span><\/li>\n<li><span class=\"specification-title\">Elementy steruj\u0105ce na kierownicy:<\/span>\u00a0<span class=\"specification-data\">Tak, pr\u0119dko\u015b\u0107 i nachylenie<\/span><\/li>\n<li><span class=\"specification-title\">Silnik nap\u0119dowy:<\/span>\u00a0<span class=\"specification-data\">4,0 KM<\/span><\/li>\n<li><span class=\"specification-title\">Pok\u0142ad:<\/span>\u00a0<span class=\"specification-data\">25 mm fenolowe, smarowane silikonem<\/span><\/li>\n<li><span class=\"specification-title\">Pas:<\/span>\u00a0<span class=\"specification-data\">560 x 1525 mm<\/span><\/li>\n<li><span class=\"specification-title\">Roller:<\/span>\u00a0<span class=\"specification-data\">60 \/ 60<\/span><\/li>\n<li><span class=\"specification-title\">Ramka:<\/span>\u00a0<span class=\"specification-data\">Sk\u0142adany, ze wspomaganiem podnoszenia i powolnym rozk\u0142adaniem, trwa\u0142a farba proszkowa<\/span><\/li>\n<li><span class=\"specification-title\">Uwaga:<\/span>\u00a0<span class=\"specification-data\">Tablet nie wchodzi w sk\u0142ad zestawu<\/span><\/li>\n<\/ul>\n<\/div>\n<\/div>\n<\/div>\n<div class=\"product-warranty\">\n<h4>GWARANCJA<\/h4>\n<div class=\"text-container\"><strong>Do u\u017cytku domowego:<\/strong>\u00a010 lat na silnik, 3 lata na cz\u0119\u015bci i 3 lata na robocizn\u0119. Produkt musi by\u0107 u\u017cywany\/przechowywany w odpowiednim \u015brodowisku (lokalizacje z wilgotnym, nieuszczelnionym betonem lub obszary ze sta\u0142ym przep\u0142ywem powietrza do obszar\u00f3w zewn\u0119trznych nie s\u0105 klasyfikowane jako odpowiednie).<\/div>\n<\/div>","protected":false},"excerpt":{"rendered":"<p>Bie\u017cnia sk\u0142adana Spirit XT485 to przestronna powierzchnia do biegania o wymiarach 560 x 1525 mm i niezawodny silnik nap\u0119dowy PowerMax\u2122 o mocy 4,0 KM, kt\u00f3ry zapewnia wszystko, czego potrzebujesz do wygodnego i efektywnego treningu. Bezpo\u015bredni dost\u0119p do przycisk\u00f3w pr\u0119dko\u015bci i nachylenia na konsoli oraz nowe manetki w stylu rocker pozwalaj\u0105 zwi\u0119kszy\u0107 pr\u0119dko\u015b\u0107 do 20 km\/h i nachylenie do 15 poziom\u00f3w z \u0142atwo\u015bci\u0105 w ruchu. Du\u017cy, jasny, 9-calowy, wielokolorowy wy\u015bwietlacz LCD Spirit XT485 pozwala \u015bledzi\u0107 wska\u017aniki, na kt\u00f3rych najbardziej Ci zale\u017cy, w tym now\u0105 funkcj\u0119 wykresu t\u0119tna, aby utrzyma\u0107 Ci\u0119 we w\u0142a\u015bciwej strefie (t\u0119tno mierzone za pomoc\u0105 kontaktowych czujnik\u00f3w pulsu lub paska na klatk\u0119 piersiow\u0105 - brak w zestawie). Inne odczyty obejmuj\u0105 kalorie, dystans, okr\u0105\u017cenia, tempo i czas. Do wyboru jest wiele wbudowanych program\u00f3w treningowych, w tym r\u0119czny, Hill, Fat Burn, Cardio, Strength, HIIT, Fusion, 5K, 10K, Time, Distance, Calories, 2 User i 4 Heart Rate. XT485 \u0142\u0105czy si\u0119 r\u00f3wnie\u017c z wiod\u0105cymi aplikacjami fitness, takimi jak Zwift i Kinomap, a tak\u017ce Map My Fitness, Apple Health Kit i innymi za po\u015brednictwem aplikacji Spirit+. Konsola jest wyposa\u017cona w dedykowany odchylany i obrotowy uchwyt na tablet, p\u00f3\u0142k\u0119 do czytania, zintegrowane g\u0142o\u015bniki Bluetooth, p\u00f3\u0142k\u0119 na telefon, dwa uchwyty na kubki, regulowany wentylator ch\u0142odz\u0105cy i blokady dla dzieci. Sk\u0142adana rama Spirit XT485 jest wyposa\u017cona w funkcje Lift Assist i Slow Deploy dla bezpiecznego sk\u0142adania i rozk\u0142adania i jest wyko\u0144czona trwa\u0142\u0105 farb\u0105 proszkow\u0105.<\/p>\n<div class=\"product-attribute-container-desktop desktop-only\">\n<div class=\"additional-attributes-wrapper table-wrapper\"><\/div>\n<\/div>","protected":false},"featured_media":1491,"comment_status":"open","ping_status":"closed","template":"","meta":{"site-sidebar-layout":"default","site-content-layout":"","ast-site-content-layout":"default","site-content-style":"default","site-sidebar-style":"default","ast-global-header-display":"","ast-banner-title-visibility":"","ast-main-header-display":"","ast-hfb-above-header-display":"","ast-hfb-below-header-display":"","ast-hfb-mobile-header-display":"","site-post-title":"","ast-breadcrumbs-content":"","ast-featured-img":"","footer-sml-layout":"","theme-transparent-header-meta":"default","adv-header-id-meta":"","stick-header-meta":"","header-above-stick-meta":"","header-main-stick-meta":"","header-below-stick-meta":"","astra-migrate-meta-layouts":"set","ast-page-background-enabled":"default","ast-page-background-meta":{"desktop":{"background-color":"var(--ast-global-color-5)","background-image":"","background-repeat":"repeat","background-position":"center center","background-size":"auto","background-attachment":"scroll","background-type":"","background-media":"","overlay-type":"","overlay-color":"","overlay-opacity":"","overlay-gradient":""},"tablet":{"background-color":"","background-image":"","background-repeat":"repeat","background-position":"center center","background-size":"auto","background-attachment":"scroll","background-type":"","background-media":"","overlay-type":"","overlay-color":"","overlay-opacity":"","overlay-gradient":""},"mobile":{"background-color":"","background-image":"","background-repeat":"repeat","background-position":"center center","background-size":"auto","background-attachment":"scroll","background-type":"","background-media":"","overlay-type":"","overlay-color":"","overlay-opacity":"","overlay-gradient":""}},"ast-content-background-meta":{"desktop":{"background-color":"var(--ast-global-color-4)","background-image":"","background-repeat":"repeat","background-position":"center center","background-size":"auto","background-attachment":"scroll","background-type":"","background-media":"","overlay-type":"","overlay-color":"","overlay-opacity":"","overlay-gradient":""},"tablet":{"background-color":"var(--ast-global-color-4)","background-image":"","background-repeat":"repeat","background-position":"center center","background-size":"auto","background-attachment":"scroll","background-type":"","background-media":"","overlay-type":"","overlay-color":"","overlay-opacity":"","overlay-gradient":""},"mobile":{"background-color":"var(--ast-global-color-4)","background-image":"","background-repeat":"repeat","background-position":"center center","background-size":"auto","background-attachment":"scroll","background-type":"","background-media":"","overlay-type":"","overlay-color":"","overlay-opacity":"","overlay-gradient":""}}},"product_brand":[],"product_cat":[21],"product_tag":[25],"class_list":{"0":"post-1486","1":"product","2":"type-product","3":"status-publish","4":"has-post-thumbnail","6":"product_cat-treadmills","7":"product_tag-treadmills","8":"desktop-align-left","9":"tablet-align-left","10":"mobile-align-left","12":"first","13":"instock","14":"sale","15":"taxable","16":"shipping-taxable","17":"purchasable","18":"product-type-simple"},"_links":{"self":[{"href":"http:\/\/bestfitnessstore.com\/pl\/wp-json\/wp\/v2\/product\/1486","targetHints":{"allow":["GET"]}}],"collection":[{"href":"http:\/\/bestfitnessstore.com\/pl\/wp-json\/wp\/v2\/product"}],"about":[{"href":"http:\/\/bestfitnessstore.com\/pl\/wp-json\/wp\/v2\/types\/product"}],"replies":[{"embeddable":true,"href":"http:\/\/bestfitnessstore.com\/pl\/wp-json\/wp\/v2\/comments?post=1486"}],"wp:featuredmedia":[{"embeddable":true,"href":"http:\/\/bestfitnessstore.com\/pl\/wp-json\/wp\/v2\/media\/1491"}],"wp:attachment":[{"href":"http:\/\/bestfitnessstore.com\/pl\/wp-json\/wp\/v2\/media?parent=1486"}],"wp:term":[{"taxonomy":"product_brand","embeddable":true,"href":"http:\/\/bestfitnessstore.com\/pl\/wp-json\/wp\/v2\/product_brand?post=1486"},{"taxonomy":"product_cat","embeddable":true,"href":"http:\/\/bestfitnessstore.com\/pl\/wp-json\/wp\/v2\/product_cat?post=1486"},{"taxonomy":"product_tag","embeddable":true,"href":"http:\/\/bestfitnessstore.com\/pl\/wp-json\/wp\/v2\/product_tag?post=1486"}],"curies":[{"name":"wp","href":"https:\/\/api.w.org\/{rel}","templated":true}]}}