{"id":1403,"date":"2025-11-26T06:04:32","date_gmt":"2025-11-26T06:04:32","guid":{"rendered":"https:\/\/bestfitnessstore.com\/?post_type=product&#038;p=1403"},"modified":"2025-11-26T06:05:06","modified_gmt":"2025-11-26T06:05:06","slug":"bieznia-shua-x5-t6500s","status":"publish","type":"product","link":"http:\/\/bestfitnessstore.com\/pl\/product\/shua-x5-t6500s-treadmill\/","title":{"rendered":"Bie\u017cnia SHUA X5 T6500S"},"content":{"rendered":"<div class=\"product-attribute-container-desktop desktop-only\">\n<div class=\"additional-attributes-wrapper table-wrapper\">\n<h4>INFORMACJE O PRODUKCIE<\/h4>\n<div class=\"attributes-container\">\n<ul class=\"product-attributes-container\">\n<li><span class=\"specification-title\">Waga opakowania (KG):\u00a0<\/span><span class=\"specification-data\">153.400000<\/span><\/li>\n<li><span class=\"specification-title\">Metoda zasilania:\u00a0<\/span><span class=\"specification-data\">Sie\u0107 elektryczna<\/span><\/li>\n<li><span class=\"specification-title\">Maksymalna waga u\u017cytkownika (kg):\u00a0<\/span><span class=\"specification-data\">146,00 (kg)<\/span><\/li>\n<li><span class=\"specification-title\">Wymiary produktu (d\u0142. x szer. x wys.):\u00a0<\/span><span class=\"specification-data\">196 x 85 x 152 cm<\/span><\/li>\n<\/ul>\n<ul class=\"product-attributes-container\">\n<li><span class=\"specification-title\">Waga produktu (KG):\u00a0<\/span><span class=\"specification-data\">135<\/span><\/li>\n<li><span class=\"specification-title\">Monitorowanie t\u0119tna:\u00a0<\/span><span class=\"specification-data\">Pas piersiowy, wbudowane czujniki<\/span><\/li>\n<li><span class=\"specification-title\">Wbudowane programy:\u00a0<\/span><span class=\"specification-data\">7<\/span><\/li>\n<\/ul>\n<\/div>\n<\/div>\n<\/div>\n<div class=\"product-features\">\n<h4>DODATKOWE FUNKCJE<\/h4>\n<div class=\"more-container\">\n<div class=\"unshow-text\">\n<ul class=\"product-features-container\">\n<li><span class=\"specification-title\">Silnik:<\/span>\u00a0<span class=\"specification-data\">AC 2.5CHP<\/span><\/li>\n<li><span class=\"specification-title\">Moc:<\/span>\u00a0<span class=\"specification-data\">220 - 240V<\/span><\/li>\n<li><span class=\"specification-title\">Pr\u0119dko\u015b\u0107:<\/span>\u00a0<span class=\"specification-data\">1-20 km\/h<\/span><\/li>\n<li><span class=\"specification-title\">Nachylenie:<\/span>\u00a0<span class=\"specification-data\">0-15%<\/span><\/li>\n<li><span class=\"specification-title\">Powierzchnia do biegania:<\/span>\u00a0<span class=\"specification-data\">1450 x 520 mm<\/span><\/li>\n<li><span class=\"specification-title\">Wy\u015bwietlacz:<\/span>\u00a0<span class=\"specification-data\">3-okienkowe bia\u0142e \u015bwiat\u0142o LED<\/span><\/li>\n<li><span class=\"specification-title\">D\u017awi\u0119k:<\/span>\u00a0<span class=\"specification-data\">G\u0142o\u015bnik muzyczny\/g\u0142o\u015bnik Bluetooth<\/span><\/li>\n<\/ul>\n<\/div>\n<\/div>\n<\/div>\n<div class=\"product-warranty\">\n<h4>GWARANCJA<\/h4>\n<div class=\"text-container\"><strong>Do u\u017cytku domowego i lekko komercyjnego:<\/strong>\u00a03 lata na cz\u0119\u015bci i robocizn\u0119 do u\u017cytku domowego, 1 rok w lekkich \u015brodowiskach komercyjnych. Gwarancja nie obejmuje uszkodze\u0144 lub awarii spowodowanych niew\u0142a\u015bciw\u0105 lokalizacj\u0105, w tym mi\u0119dzy innymi wilgotnym, zakurzonym lub zewn\u0119trznym \u015brodowiskiem. Na przyk\u0142ad gara\u017ce, piwnice itp.<\/div>\n<\/div>","protected":false},"excerpt":{"rendered":"<div id=\"fullDescription\" class=\"full-description\">\n<div class=\"text-container\">Bie\u017cnia SHUA X5 T6500S jest wyposa\u017cona w silnik AC o mocy 2,5 KM, kt\u00f3ry umo\u017cliwia osi\u0105gni\u0119cie maksymalnej pr\u0119dko\u015bci 20 km\/h i nachylenia do 15%, kt\u00f3re mo\u017cna \u0142atwo regulowa\u0107 podczas biegu za pomoc\u0105 przycisk\u00f3w pod wy\u015bwietlaczem. Konsola zawiera r\u00f3wnie\u017c przyciski skr\u00f3t\u00f3w pr\u0119dko\u015bci i nachylenia, kt\u00f3re umo\u017cliwiaj\u0105 szybsz\u0105 regulacj\u0119. Pas do biegania ma wymiary 1450 x 520 mm - wystarczaj\u0105co du\u017co miejsca dla wszystkich biegaczy. Posiada wygodny system odbicia, kt\u00f3ry amortyzuje ka\u017cdy krok i redukuje ha\u0142as. Nowoczesna konsola T6500S ma teksturowane silikonowe przyciski, kt\u00f3re s\u0105 \u0142atwe w u\u017cyciu i czyszczeniu. 3-okienkowy bia\u0142y wy\u015bwietlacz LED pokazuje wszystkie wa\u017cne statystyki treningowe. U\u017cytkownicy mog\u0105 wybiera\u0107 spo\u015br\u00f3d 7 wst\u0119pnie ustawionych program\u00f3w, w tym odliczanie czasu, odliczanie dystansu, odliczanie kalorii, wspinaczka, spalanie t\u0142uszczu, interwa\u0142y i uk\u0142ad sercowo-naczyniowy. U\u017cytkownicy mog\u0105 r\u00f3wnie\u017c \u015bledzi\u0107 swoje t\u0119tno za pomoc\u0105 zintegrowanych r\u0119cznych czujnik\u00f3w t\u0119tna na przednich uchwytach lub za pomoc\u0105 pasa do pomiaru t\u0119tna (brak w zestawie). Inne funkcje obejmuj\u0105 du\u017c\u0105 tac\u0119 do przechowywania butelki z wod\u0105 i dodatkowych akcesori\u00f3w, 5-minutow\u0105 funkcj\u0119 automatycznego zatrzymania, port USB, odtwarzanie muzyki przez Bluetooth i wbudowany g\u0142o\u015bnik. Bie\u017cnia SHUA X5 T6500S<\/div>\n<\/div>\n<div class=\"product-attribute-container-desktop desktop-only\">\n<div class=\"additional-attributes-wrapper table-wrapper\"><\/div>\n<\/div>","protected":false},"featured_media":1407,"comment_status":"open","ping_status":"closed","template":"","meta":{"site-sidebar-layout":"default","site-content-layout":"","ast-site-content-layout":"default","site-content-style":"default","site-sidebar-style":"default","ast-global-header-display":"","ast-banner-title-visibility":"","ast-main-header-display":"","ast-hfb-above-header-display":"","ast-hfb-below-header-display":"","ast-hfb-mobile-header-display":"","site-post-title":"","ast-breadcrumbs-content":"","ast-featured-img":"","footer-sml-layout":"","theme-transparent-header-meta":"default","adv-header-id-meta":"","stick-header-meta":"","header-above-stick-meta":"","header-main-stick-meta":"","header-below-stick-meta":"","astra-migrate-meta-layouts":"set","ast-page-background-enabled":"default","ast-page-background-meta":{"desktop":{"background-color":"var(--ast-global-color-5)","background-image":"","background-repeat":"repeat","background-position":"center center","background-size":"auto","background-attachment":"scroll","background-type":"","background-media":"","overlay-type":"","overlay-color":"","overlay-opacity":"","overlay-gradient":""},"tablet":{"background-color":"","background-image":"","background-repeat":"repeat","background-position":"center center","background-size":"auto","background-attachment":"scroll","background-type":"","background-media":"","overlay-type":"","overlay-color":"","overlay-opacity":"","overlay-gradient":""},"mobile":{"background-color":"","background-image":"","background-repeat":"repeat","background-position":"center center","background-size":"auto","background-attachment":"scroll","background-type":"","background-media":"","overlay-type":"","overlay-color":"","overlay-opacity":"","overlay-gradient":""}},"ast-content-background-meta":{"desktop":{"background-color":"var(--ast-global-color-4)","background-image":"","background-repeat":"repeat","background-position":"center center","background-size":"auto","background-attachment":"scroll","background-type":"","background-media":"","overlay-type":"","overlay-color":"","overlay-opacity":"","overlay-gradient":""},"tablet":{"background-color":"var(--ast-global-color-4)","background-image":"","background-repeat":"repeat","background-position":"center center","background-size":"auto","background-attachment":"scroll","background-type":"","background-media":"","overlay-type":"","overlay-color":"","overlay-opacity":"","overlay-gradient":""},"mobile":{"background-color":"var(--ast-global-color-4)","background-image":"","background-repeat":"repeat","background-position":"center center","background-size":"auto","background-attachment":"scroll","background-type":"","background-media":"","overlay-type":"","overlay-color":"","overlay-opacity":"","overlay-gradient":""}}},"product_brand":[],"product_cat":[21],"product_tag":[25],"class_list":{"0":"post-1403","1":"product","2":"type-product","3":"status-publish","4":"has-post-thumbnail","6":"product_cat-treadmills","7":"product_tag-treadmills","8":"desktop-align-left","9":"tablet-align-left","10":"mobile-align-left","12":"first","13":"instock","14":"sale","15":"taxable","16":"shipping-taxable","17":"purchasable","18":"product-type-simple"},"_links":{"self":[{"href":"http:\/\/bestfitnessstore.com\/pl\/wp-json\/wp\/v2\/product\/1403","targetHints":{"allow":["GET"]}}],"collection":[{"href":"http:\/\/bestfitnessstore.com\/pl\/wp-json\/wp\/v2\/product"}],"about":[{"href":"http:\/\/bestfitnessstore.com\/pl\/wp-json\/wp\/v2\/types\/product"}],"replies":[{"embeddable":true,"href":"http:\/\/bestfitnessstore.com\/pl\/wp-json\/wp\/v2\/comments?post=1403"}],"wp:featuredmedia":[{"embeddable":true,"href":"http:\/\/bestfitnessstore.com\/pl\/wp-json\/wp\/v2\/media\/1407"}],"wp:attachment":[{"href":"http:\/\/bestfitnessstore.com\/pl\/wp-json\/wp\/v2\/media?parent=1403"}],"wp:term":[{"taxonomy":"product_brand","embeddable":true,"href":"http:\/\/bestfitnessstore.com\/pl\/wp-json\/wp\/v2\/product_brand?post=1403"},{"taxonomy":"product_cat","embeddable":true,"href":"http:\/\/bestfitnessstore.com\/pl\/wp-json\/wp\/v2\/product_cat?post=1403"},{"taxonomy":"product_tag","embeddable":true,"href":"http:\/\/bestfitnessstore.com\/pl\/wp-json\/wp\/v2\/product_tag?post=1403"}],"curies":[{"name":"wp","href":"https:\/\/api.w.org\/{rel}","templated":true}]}}