{"id":1304,"date":"2025-11-25T16:49:08","date_gmt":"2025-11-25T16:49:08","guid":{"rendered":"https:\/\/bestfitnessstore.com\/?post_type=product&#038;p=1304"},"modified":"2025-11-25T16:49:08","modified_gmt":"2025-11-25T16:49:08","slug":"bieznia-skladana-nordictrack-t-5-5-s","status":"publish","type":"product","link":"http:\/\/bestfitnessstore.com\/pl\/product\/nordictrack-t-5-5-s-folding-treadmill\/","title":{"rendered":"Bie\u017cnia sk\u0142adana NordicTrack T 5.5 S"},"content":{"rendered":"<div class=\"product-attribute-container-desktop desktop-only\">\n<div class=\"additional-attributes-wrapper table-wrapper\">\n<h4>INFORMACJE O PRODUKCIE<\/h4>\n<div class=\"attributes-container\">\n<ul class=\"product-attributes-container\">\n<li><span class=\"specification-title\">Waga opakowania (KG):\u00a0<\/span><span class=\"specification-data\">107.000000<\/span><\/li>\n<li><span class=\"specification-title\">Integracja aplikacji:\u00a0<\/span><span class=\"specification-data\">iFIT<\/span><\/li>\n<li><span class=\"specification-title\">Bluetooth:\u00a0<\/span><span class=\"specification-data\">Tak<\/span><\/li>\n<li><span class=\"specification-title\">Maksymalna waga u\u017cytkownika (kg):\u00a0<\/span><span class=\"specification-data\">135,00 (kg)<\/span><\/li>\n<li><span class=\"specification-title\">Wymiary produktu (d\u0142. x szer. x wys.):\u00a0<\/span><span class=\"specification-data\">186 x 90 x 143 cm<\/span><\/li>\n<li><span class=\"specification-title\">Wymiary po z\u0142o\u017ceniu (d\u0142. x szer. x wys.):\u00a0<\/span><span class=\"specification-data\">100 x 90 x 167 cm<\/span><\/li>\n<\/ul>\n<ul class=\"product-attributes-container\">\n<li><span class=\"specification-title\">Metoda zasilania:\u00a0<\/span><span class=\"specification-data\">Sie\u0107 elektryczna<\/span><\/li>\n<li><span class=\"specification-title\">Uchwyt na tablet:\u00a0<\/span><span class=\"specification-data\">Tak<\/span><\/li>\n<li><span class=\"specification-title\">Sk\u0142adanie:\u00a0<\/span><span class=\"specification-data\">Tak<\/span><\/li>\n<li><span class=\"specification-title\">K\u00f3\u0142ka transportowe:\u00a0<\/span><span class=\"specification-data\">Tak<\/span><\/li>\n<li><span class=\"specification-title\">Wymiary pude\u0142ka (d\u0142. x szer. x wys.):\u00a0<\/span><span class=\"specification-data\">195 x 80 x 33 cm<\/span><\/li>\n<\/ul>\n<\/div>\n<\/div>\n<\/div>\n<div class=\"product-features\">\n<h4>DODATKOWE FUNKCJE<\/h4>\n<div class=\"more-container\">\n<div class=\"unshow-text\">\n<ul class=\"product-features-container\">\n<li><span class=\"specification-title\">Uk\u0142ad nap\u0119dowy:<\/span>\u00a0<span class=\"specification-data\">2,75 CHP<\/span><\/li>\n<li><span class=\"specification-title\">Cyfrowa szybka regulacja nachylenia:<\/span>\u00a0<span class=\"specification-data\">+12%<\/span><\/li>\n<li><span class=\"specification-title\">Cyfrowa szybka regulacja pr\u0119dko\u015bci:<\/span>\u00a0<span class=\"specification-data\">0-19 km\/h<\/span><\/li>\n<li><span class=\"specification-title\">Pas bie\u017cnika:<\/span>\u00a0<span class=\"specification-data\">51 x 140 cm<\/span><\/li>\n<li><span class=\"specification-title\">Amortyzacja Flex Select\u2122:<\/span>\u00a0<span class=\"specification-data\">Z\u0142agodzi\u0107 uderzenia lub odtworzy\u0107 rzeczywiste wra\u017cenia z biegania po drodze<\/span><\/li>\n<li><span class=\"specification-title\">Wy\u015bwietlacz:<\/span>\u00a0<span class=\"specification-data\">5-calowy, wielokolorowy wy\u015bwietlacz o wysokim kontra\u015bcie<\/span><\/li>\n<li><span class=\"specification-title\">IFIT\u2122 Enabled:<\/span>\u00a0<span class=\"specification-data\">30-dniowy okres pr\u00f3bny iFIT wliczony w cen\u0119. Karta kredytowa wymagana do aktywacji. Cz\u0142onkostwo iFIT odnawia si\u0119 automatycznie, chyba \u017ce zostanie anulowane z wyprzedzeniem. 30-dniowy okres pr\u00f3bny dotyczy tylko nowych cz\u0142onkostw.<\/span><\/li>\n<li><span class=\"specification-title\">D\u017awi\u0119k:<\/span>\u00a0<span class=\"specification-data\">G\u0142o\u015bniki 2-2\u201d, kompatybilne ze s\u0142uchawkami Bluetooth<\/span><\/li>\n<li><span class=\"specification-title\">Sk\u0142adana rama:<\/span>\u00a0<span class=\"specification-data\">Oszcz\u0119dno\u015b\u0107 miejsca na pod\u0142odze dzi\u0119ki asystentowi EasyLift<\/span><\/li>\n<li><span class=\"specification-title\">Wentylator treningowy Autobreeze\u2122:<\/span>\u00a0<span class=\"specification-data\">Ch\u0142odzenie podczas biegu<\/span><\/li>\n<\/ul>\n<\/div>\n<\/div>\n<\/div>\n<div class=\"product-warranty\">\n<h4>GWARANCJA<\/h4>\n<div class=\"text-container\"><strong>Do u\u017cytku domowego:<\/strong>\u00a0Do\u017cywotnia gwarancja na ram\u0119, 10 lat na silnik, 2 lata na cz\u0119\u015bci i robocizn\u0119 (obowi\u0105zuj\u0105 warunki) pod warunkiem zarejestrowania produktu w ci\u0105gu 28 dni od zakupu. Standardowa gwarancja wynosi 12 miesi\u0119cy na cz\u0119\u015bci i robocizn\u0119. ICON jest producentem NordicTrack i Pro-Form. Poni\u017cej znajduje si\u0119 ich polityka gwarancyjna. ICON Health and Fitness, Inc. (ICON) gwarantuje, \u017ce ten produkt b\u0119dzie wolny od wad produkcyjnych i materia\u0142owych, w normalnych warunkach u\u017cytkowania i obs\u0142ugi, przez okres 12 miesi\u0119cy od daty pierwotnego zakupu. Uwaga: Przed\u0142u\u017cenie gwarancji mo\u017ce mie\u0107 zastosowanie do tego produktu pod warunkiem zarejestrowania si\u0119 w lokalnym centrum obs\u0142ugi klienta w ci\u0105gu 28 dni od zakupu. Aby zarejestrowa\u0107 ten produkt i zakwalifikowa\u0107 si\u0119 do przed\u0142u\u017cenia gwarancji, nale\u017cy wype\u0142ni\u0107 kart\u0119 rejestracyjn\u0105 gwarancji i wys\u0142a\u0107 j\u0105 wraz z dowodem zakupu na adres podany na tylnej ok\u0142adce niniejszej broszury lub zarejestrowa\u0107 si\u0119 online na stronie iconsupport.eu. Szczeg\u00f3\u0142owe informacje na temat przed\u0142u\u017cenia gwarancji i gwarancji producenta ICON s\u0105 dost\u0119pne na \u017c\u0105danie w lokalnym centrum obs\u0142ugi klienta lub online na stronie iconsupport.eu. Niniejsza gwarancja obejmuje wy\u0142\u0105cznie pierwotnego nabywc\u0119 (u\u017cytkownika) i nie podlega przeniesieniu. Gwarancja nie obejmuje: 1. normalnego zu\u017cycia; 2. wszelkich adaptacji lub zmian maj\u0105cych na celu ulepszenie tego produktu w stosunku do jego normalnego przeznaczenia opisanego w instrukcji obs\u0142ugi; 3. uszkodze\u0144 wynikaj\u0105cych z: a) transportu; b) nadu\u017cycia, niew\u0142a\u015bciwego u\u017cycia, nieprzestrzegania instrukcji lub niew\u0142a\u015bciwego lub nienormalnego u\u017cytkowania; c) u\u017cytkowania poza domem (w tym mi\u0119dzy innymi do cel\u00f3w komercyjnych, zawodowych lub wynajmu); d) napraw nie wykonanych przez autoryzowany serwis ICON; e) wypadk\u00f3w, uderzenia pioruna, zalania wod\u0105, po\u017caru lub innych przyczyn pozostaj\u0105cych poza kontrol\u0105 ICON; f) niew\u0142a\u015bciwej lokalizacji, w tym mi\u0119dzy innymi wilgotnego, zakurzonego lub zewn\u0119trznego \u015brodowiska (przyk\u0142ady: gara\u017ce, piwnice). ICON nie ponosi odpowiedzialno\u015bci za szkody po\u015brednie, specjalne lub wt\u00f3rne wynikaj\u0105ce z lub w zwi\u0105zku z u\u017cytkowaniem lub dzia\u0142aniem produktu lub szkody zwi\u0105zane z jak\u0105kolwiek strat\u0105 ekonomiczn\u0105, utrat\u0105 w\u0142asno\u015bci, utrat\u0105 przychod\u00f3w lub zysk\u00f3w, utrat\u0105 przyjemno\u015bci lub u\u017cytkowania lub kosztami usuni\u0119cia lub instalacji. Niniejsza gwarancja obejmuje produkty zakupione i u\u017cywane na terenie Unii Europejskiej, jednak nie wszystkie produkty s\u0105 dystrybuowane w ka\u017cdym kraju. Mo\u017ce to spowodowa\u0107 op\u00f3\u017anienia w obj\u0119ciu gwarancj\u0105, je\u015bli produkt zosta\u0142 zakupiony w innym kraju i nie jest obs\u0142ugiwany w kraju zamieszkania u\u017cytkownika. Mo\u017ce by\u0107 konieczne wykonanie naprawy w autoryzowanym centrum napraw ICON. ICON zastrzega sobie prawo do rozszerzenia lub zwi\u0119kszenia zakresu gwarancji. Gwarancja stanowi uzupe\u0142nienie i w \u017caden spos\u00f3b nie wp\u0142ywa na ustawowe prawa u\u017cytkownika wynikaj\u0105ce z obowi\u0105zuj\u0105cych przepis\u00f3w krajowych ani na prawa u\u017cytkownika wobec sprzedawcy wynikaj\u0105ce z umowy sprzeda\u017cy\/zakupu.<\/div>\n<\/div>\n<div class=\"product-next-day\">\n<h4>DOSTAWA EKSPRESOWA<\/h4>\n<div class=\"text-container\">Wiele z naszych produkt\u00f3w ma opcje dostawy ekspresowej i z wyznaczon\u0105 dat\u0105, co oznacza, \u017ce produkt zostanie dostarczony ju\u017c jutro lub w wybranym przez Ciebie terminie. Sprawd\u017a opcje dostawy przy kasie, aby zobaczy\u0107 dost\u0119pno\u015b\u0107 dla swojego koszyka i kodu pocztowego. Obowi\u0105zuj\u0105 warunki dostawy.<\/div>\n<\/div>","protected":false},"excerpt":{"rendered":"<p>Pas bie\u017cni sk\u0142adanej bie\u017cni NordicTrack T 5.5 S ma wymiary 51 x 140 cm i jest zasilany przez uk\u0142ad nap\u0119dowy o mocy 2,75 CHP, kt\u00f3ry jest w stanie osi\u0105gn\u0105\u0107 pr\u0119dko\u015b\u0107 do 19 km\/h i nachylenie do 12%, oba regulowane w trakcie biegu za pomoc\u0105 cyfrowych szybkich element\u00f3w steruj\u0105cych. Bie\u017cnia jest responsywna i wygodna, wzmocniona przez system amortyzacji Flex Select\u2122 firmy NordicTrack, kt\u00f3ry mo\u017ce z\u0142agodzi\u0107 wp\u0142yw na stawy lub odtworzy\u0107 prawdziwe wra\u017cenia z biegania po drodze. Wszystkie wa\u017cne dane treningowe mo\u017cna znale\u017a\u0107 na 5-calowym, kontrastowym, wielokolorowym wy\u015bwietlaczu, a po pobraniu aplikacji iFIT na urz\u0105dzenie inteligentne (brak w zestawie) mo\u017cna uzyska\u0107 dost\u0119p do powi\u0119kszaj\u0105cej si\u0119 biblioteki trening\u00f3w prowadzonych przez trenera, automatycznie \u015bledzi\u0107 swoje post\u0119py, odtwarza\u0107 rzeczywiste biegi za pomoc\u0105 Google Maps \u2122, rywalizowa\u0107 ze znajomymi i dostosowywa\u0107 trening do konkretnych cel\u00f3w (30-dniowa subskrypcja iFIT w zestawie*). T5.5 S jest r\u00f3wnie\u017c wyposa\u017cony w technologi\u0119 ActivePulse\u2122 (wymagana opaska SmartBeat), kt\u00f3ra automatycznie dostosowuje pr\u0119dko\u015b\u0107 i nachylenie, aby utrzyma\u0107 t\u0119tno w optymalnej strefie, oraz technologi\u0119 SmartAdjust, kt\u00f3ra przekazuje te dane w r\u0119ce trener\u00f3w iFIT. S\u0142uchaj motywuj\u0105cych wskaz\u00f3wek trenera przez zintegrowane g\u0142o\u015bniki lub pod\u0142\u0105cz s\u0142uchawki Bluetooth, aby naprawd\u0119 zanurzy\u0107 si\u0119 w biegu. Jest nawet wbudowany wentylator treningowy Autobreeze \u2122, kt\u00f3ry zapewnia ch\u0142\u00f3d, a po zako\u0144czeniu treningu mo\u017cna z\u0142o\u017cy\u0107 pok\u0142ad, aby zaoszcz\u0119dzi\u0107 miejsce na pod\u0142odze. * 30-dniowy okres pr\u00f3bny iFIT w zestawie. Karta kredytowa wymagana do aktywacji. Cz\u0142onkostwo iFIT odnawia si\u0119 automatycznie, chyba \u017ce zostanie wcze\u015bniej anulowane. 30-dniowy okres pr\u00f3bny dotyczy tylko nowych cz\u0142onkostw. Bie\u017cnia sk\u0142adana NordicTrack T 5.5 S<\/p>\n<div class=\"product-attribute-container-desktop desktop-only\">\n<div class=\"additional-attributes-wrapper table-wrapper\"><\/div>\n<\/div>","protected":false},"featured_media":1308,"comment_status":"open","ping_status":"closed","template":"","meta":{"site-sidebar-layout":"default","site-content-layout":"","ast-site-content-layout":"default","site-content-style":"default","site-sidebar-style":"default","ast-global-header-display":"","ast-banner-title-visibility":"","ast-main-header-display":"","ast-hfb-above-header-display":"","ast-hfb-below-header-display":"","ast-hfb-mobile-header-display":"","site-post-title":"","ast-breadcrumbs-content":"","ast-featured-img":"","footer-sml-layout":"","theme-transparent-header-meta":"default","adv-header-id-meta":"","stick-header-meta":"","header-above-stick-meta":"","header-main-stick-meta":"","header-below-stick-meta":"","astra-migrate-meta-layouts":"set","ast-page-background-enabled":"default","ast-page-background-meta":{"desktop":{"background-color":"var(--ast-global-color-5)","background-image":"","background-repeat":"repeat","background-position":"center center","background-size":"auto","background-attachment":"scroll","background-type":"","background-media":"","overlay-type":"","overlay-color":"","overlay-opacity":"","overlay-gradient":""},"tablet":{"background-color":"","background-image":"","background-repeat":"repeat","background-position":"center center","background-size":"auto","background-attachment":"scroll","background-type":"","background-media":"","overlay-type":"","overlay-color":"","overlay-opacity":"","overlay-gradient":""},"mobile":{"background-color":"","background-image":"","background-repeat":"repeat","background-position":"center center","background-size":"auto","background-attachment":"scroll","background-type":"","background-media":"","overlay-type":"","overlay-color":"","overlay-opacity":"","overlay-gradient":""}},"ast-content-background-meta":{"desktop":{"background-color":"var(--ast-global-color-4)","background-image":"","background-repeat":"repeat","background-position":"center center","background-size":"auto","background-attachment":"scroll","background-type":"","background-media":"","overlay-type":"","overlay-color":"","overlay-opacity":"","overlay-gradient":""},"tablet":{"background-color":"var(--ast-global-color-4)","background-image":"","background-repeat":"repeat","background-position":"center center","background-size":"auto","background-attachment":"scroll","background-type":"","background-media":"","overlay-type":"","overlay-color":"","overlay-opacity":"","overlay-gradient":""},"mobile":{"background-color":"var(--ast-global-color-4)","background-image":"","background-repeat":"repeat","background-position":"center center","background-size":"auto","background-attachment":"scroll","background-type":"","background-media":"","overlay-type":"","overlay-color":"","overlay-opacity":"","overlay-gradient":""}}},"product_brand":[],"product_cat":[21],"product_tag":[25],"class_list":{"0":"post-1304","1":"product","2":"type-product","3":"status-publish","4":"has-post-thumbnail","6":"product_cat-treadmills","7":"product_tag-treadmills","8":"desktop-align-left","9":"tablet-align-left","10":"mobile-align-left","12":"first","13":"instock","14":"sale","15":"taxable","16":"shipping-taxable","17":"purchasable","18":"product-type-simple"},"_links":{"self":[{"href":"http:\/\/bestfitnessstore.com\/pl\/wp-json\/wp\/v2\/product\/1304","targetHints":{"allow":["GET"]}}],"collection":[{"href":"http:\/\/bestfitnessstore.com\/pl\/wp-json\/wp\/v2\/product"}],"about":[{"href":"http:\/\/bestfitnessstore.com\/pl\/wp-json\/wp\/v2\/types\/product"}],"replies":[{"embeddable":true,"href":"http:\/\/bestfitnessstore.com\/pl\/wp-json\/wp\/v2\/comments?post=1304"}],"wp:featuredmedia":[{"embeddable":true,"href":"http:\/\/bestfitnessstore.com\/pl\/wp-json\/wp\/v2\/media\/1308"}],"wp:attachment":[{"href":"http:\/\/bestfitnessstore.com\/pl\/wp-json\/wp\/v2\/media?parent=1304"}],"wp:term":[{"taxonomy":"product_brand","embeddable":true,"href":"http:\/\/bestfitnessstore.com\/pl\/wp-json\/wp\/v2\/product_brand?post=1304"},{"taxonomy":"product_cat","embeddable":true,"href":"http:\/\/bestfitnessstore.com\/pl\/wp-json\/wp\/v2\/product_cat?post=1304"},{"taxonomy":"product_tag","embeddable":true,"href":"http:\/\/bestfitnessstore.com\/pl\/wp-json\/wp\/v2\/product_tag?post=1304"}],"curies":[{"name":"wp","href":"https:\/\/api.w.org\/{rel}","templated":true}]}}