{"id":1294,"date":"2025-11-25T16:41:13","date_gmt":"2025-11-25T16:41:13","guid":{"rendered":"https:\/\/bestfitnessstore.com\/?post_type=product&#038;p=1294"},"modified":"2025-11-25T16:41:13","modified_gmt":"2025-11-25T16:41:13","slug":"nordictrack-commercial-le-folding-treadmill","status":"publish","type":"product","link":"http:\/\/bestfitnessstore.com\/pl\/product\/nordictrack-commercial-le-folding-treadmill\/","title":{"rendered":"Bie\u017cnia sk\u0142adana NordicTrack Commercial LE"},"content":{"rendered":"<div class=\"product-app-integration\">\n<h4>\u0141\u0104CZNO\u015a\u0106 APLIKACJI<\/h4>\n<div class=\"app-integration-container\">\n<div data-content-type=\"row\" data-appearance=\"contained\" data-element=\"main\">\n<div data-enable-parallax=\"0\" data-parallax-speed=\"0.5\" data-background-images=\"{}\" data-background-type=\"image\" data-video-loop=\"true\" data-video-play-only-visible=\"true\" data-video-lazy-load=\"true\" data-video-fallback-src=\"\" data-element=\"inner\" data-pb-style=\"BI8RT7Q\">\n<div data-content-type=\"html\" data-appearance=\"default\" data-element=\"main\" data-decoded=\"true\">\n<div class=\"app\">\n<div class=\"app-logo\"><img decoding=\"async\" src=\"https:\/\/www.fitness-superstore.co.uk\/media\/wysiwyg\/app_connectivity\/ifit-square-logo-lg.png\" alt=\"Ifit Square Logo\" \/><\/div>\n<div class=\"app-content\">\n<p class=\"app-title\">IFIT<\/p>\n<p class=\"app-description\">Bring home live or on-demand studio classes and global workouts<\/p>\n<\/div>\n<\/div>\n<\/div>\n<\/div>\n<\/div>\n<\/div>\n<p>*Subskrypcja mo\u017ce by\u0107 wymagana. Zastrzega si\u0119 mo\u017cliwo\u015b\u0107 zmian.<\/p>\n<\/div>\n<div class=\"product-attribute-container-desktop desktop-only\">\n<div class=\"additional-attributes-wrapper table-wrapper\">\n<h4>INFORMACJE O PRODUKCIE<\/h4>\n<div class=\"attributes-container\">\n<ul class=\"product-attributes-container\">\n<li><span class=\"specification-title\">Waga opakowania (KG):\u00a0<\/span><span class=\"specification-data\">140.000000<\/span><\/li>\n<li><span class=\"specification-title\">Integracja aplikacji:\u00a0<\/span><span class=\"specification-data\">iFIT<\/span><\/li>\n<li><span class=\"specification-title\">Sk\u0142adanie:\u00a0<\/span><span class=\"specification-data\">Tak<\/span><\/li>\n<li><span class=\"specification-title\">Maksymalna waga u\u017cytkownika (kg):\u00a0<\/span><span class=\"specification-data\">182,00 (kg)<\/span><\/li>\n<li><span class=\"specification-title\">Wymiary produktu (d\u0142. x szer. x wys.):\u00a0<\/span><span class=\"specification-data\">196 x 94 x 151 cm<\/span><\/li>\n<li><span class=\"specification-title\">Wymiary po z\u0142o\u017ceniu (d\u0142. x szer. x wys.):\u00a0<\/span><span class=\"specification-data\">112 x 94 x 175 cm<\/span><\/li>\n<\/ul>\n<ul class=\"product-attributes-container\">\n<li><span class=\"specification-title\">Metoda zasilania:\u00a0<\/span><span class=\"specification-data\">Sie\u0107 elektryczna<\/span><\/li>\n<li><span class=\"specification-title\">Bluetooth:\u00a0<\/span><span class=\"specification-data\">Tak<\/span><\/li>\n<li><span class=\"specification-title\">Monitorowanie t\u0119tna:\u00a0<\/span><span class=\"specification-data\">Bluetooth<\/span><\/li>\n<li><span class=\"specification-title\">K\u00f3\u0142ka transportowe:\u00a0<\/span><span class=\"specification-data\">Tak<\/span><\/li>\n<li><span class=\"specification-title\">Wymiary pude\u0142ka (d\u0142. x szer. x wys.):\u00a0<\/span><span class=\"specification-data\">214 x 90 x 37 cm<\/span><\/li>\n<\/ul>\n<\/div>\n<\/div>\n<\/div>\n<div class=\"product-features\">\n<h4>DODATKOWE FUNKCJE<\/h4>\n<div class=\"more-container\">\n<div class=\"unshow-text\">\n<ul class=\"product-features-container\">\n<li><span class=\"specification-title\">Silnik:<\/span>\u00a0<span class=\"specification-data\">3.6 Uk\u0142ad nap\u0119dowy CHP<\/span><\/li>\n<li><span class=\"specification-title\">Pr\u0119dko\u015b\u0107:<\/span>\u00a0<span class=\"specification-data\">0-20 km\/h<\/span><\/li>\n<li><span class=\"specification-title\">Spadek\/Nachylenie:<\/span>\u00a0<span class=\"specification-data\">-3 \u2013 12%<\/span><\/li>\n<li><span class=\"specification-title\">Obszar dzia\u0142ania:<\/span>\u00a0<span class=\"specification-data\">55 x 152 cm<\/span><\/li>\n<li><span class=\"specification-title\">Konsola:<\/span>\u00a0<span class=\"specification-data\">7\u201d high-contrast multi-colour display (tilt)<\/span><\/li>\n<li><span class=\"specification-title\">Readouts:<\/span>\u00a0<span class=\"specification-data\">Incline, distance, time, pace, calories, vertical gain<\/span><\/li>\n<li><span class=\"specification-title\">IFIT:<\/span>\u00a0<span class=\"specification-data\">Access global workouts and stream sessions led by world-class trainers that push your further to maximise your results. 30 Day iFIT Train trial included<\/span><\/li>\n<li><span class=\"specification-title\">Wentylator treningowy AutoBreeze\u2122:<\/span>\u00a0<span class=\"specification-data\">Ch\u0142odzenie podczas biegu<\/span><\/li>\n<li><span class=\"specification-title\">Amortyzacja RunFlex\u2122:<\/span>\u00a0<span class=\"specification-data\">Adjustable settings for comfort and impact absorption<\/span><\/li>\n<li><span class=\"specification-title\">SpaceSaver Design with EasyLift Assist:<\/span>\u00a0<span class=\"specification-data\">Do przechowywania w pionie i \u0142atwego monta\u017cu<\/span><\/li>\n<li><span class=\"specification-title\">IFIT Trial:<\/span>\u00a0<span class=\"specification-data\">30-dniowy okres pr\u00f3bny iFIT wliczony w cen\u0119. Karta kredytowa wymagana do aktywacji. Cz\u0142onkostwo iFIT odnawia si\u0119 automatycznie, chyba \u017ce zostanie anulowane z wyprzedzeniem. 30-dniowy okres pr\u00f3bny dotyczy tylko nowych cz\u0142onkostw.<\/span><\/li>\n<\/ul>\n<\/div>\n<\/div>\n<\/div>\n<div class=\"product-warranty\">\n<h4>GWARANCJA<\/h4>\n<div class=\"text-container\"><strong>Do u\u017cytku domowego:<\/strong>\u00a0Do\u017cywotnia gwarancja na ram\u0119, 10 lat na silnik, 2 lata na cz\u0119\u015bci i robocizn\u0119 (obowi\u0105zuj\u0105 warunki) pod warunkiem zarejestrowania produktu w ci\u0105gu 28 dni od zakupu. Standardowa gwarancja wynosi 12 miesi\u0119cy na cz\u0119\u015bci i robocizn\u0119 Warunki Niniejsza gwarancja obejmuje wy\u0142\u0105cznie pierwotnego nabywc\u0119 (u\u017cytkownika) i nie podlega przeniesieniu. Gwarancja nie obejmuje: 1. Normalnego zu\u017cycia (przyk\u0142ady cz\u0119\u015bci ulegaj\u0105cych normalnemu zu\u017cyciu obejmuj\u0105 pasy nap\u0119dowe, pasy nap\u0119dowe, baterie, klocki hamulcowe i maty do skakania). 2. Wszelkie prowizoryczne naprawy, adaptacje lub zmiany maj\u0105ce na celu modyfikacj\u0119 tego produktu w stosunku do jego normalnego przeznaczenia i funkcji opisanych w instrukcji obs\u0142ugi. 3. Uszkodzenia wynikaj\u0105ce z: a) Umy\u015blnego lub z\u0142o\u015bliwego dzia\u0142ania. b) Transportu. c) Niew\u0142a\u015bciwej instalacji, monta\u017cu lub po\u0142\u0105czenia, kt\u00f3re nie jest zgodne ze specyfikacjami lub zaleceniami ICON. d) Nadu\u017cycia, niew\u0142a\u015bciwego u\u017cytkowania, nieprzestrzegania instrukcji lub niew\u0142a\u015bciwego lub nienormalnego u\u017cytkowania. e) Nieprzestrzegania instrukcji zawartych w podr\u0119czniku u\u017cytkownika (takich jak u\u017cywanie \u015brodk\u00f3w czyszcz\u0105cych i konserwuj\u0105cych innych ni\u017c zalecane, niewy\u0142\u0105czanie produktu po u\u017cyciu itp.) f) U\u017cytkowanie poza domem (w tym mi\u0119dzy innymi w \u015brodowisku komercyjnym, profesjonalnym, wynajmowanym lub instytucjonalnym). g) Naprawy niedokonane przez autoryzowany serwis ICON lub u\u017cycie cz\u0119\u015bci niedostarczonych lub nieautoryzowanych przez ICON. h) Wypadki, uderzenia, wahania napi\u0119cia, wy\u0142adowania atmosferyczne, burze, woda, ogie\u0144, zwierz\u0119ta lub inne przyczyny pozostaj\u0105ce poza kontrol\u0105 ICON. i) Niew\u0142a\u015bciwa lokalizacja, w tym mi\u0119dzy innymi wilgotne, zakurzone lub zewn\u0119trzne \u015brodowisko (przyk\u0142ady obejmuj\u0105 gara\u017ce, piwnice, werandy i patia).<\/div>\n<\/div>","protected":false},"excerpt":{"rendered":"<div id=\"fullDescription\" class=\"full-description\">\n<div class=\"text-container\">Powered by a 3.6 CHP drive system, the NordicTrack Commercial LE Folding Treadmill is capable of reaching speeds up to 20 km\/h and offers an incline\/decline range of 12% \u2013 -3%. It has a roomy 55 x 152 cm tread belt, which is enhanced by RunFlex\u2122 cushioning, which simulates the feel of outdoor hiking, walking, running and jogging. The Commercial LE\u2019s 7\u201d high-contrast multi-colour display shows all your important workout metrics, including incline, distance, time, pace, calories and vertical gain. Download the iFIT app to your smart device (*30 Day iFIT Train trial included) to access an expanding library of trainer-led workouts, automatically track your progress, replicate real-life runs with Google Maps\u2122, compete with your friends and custom-tailor your training to your specific goals. The Commercial LE is also equipped with ActivePulse\u2122 technology (SmartBeat armband required) which automatically adjusts your speed and incline to keep your heart rate in the optimal zone. Listen to your trainer\u2019s motivational guidance through the integrated speakers, or connect your Bluetooth headphones to really feel immersed in your run. When you\u2019ve finished your run, the deck of the Commercial LE can be easily lifted to save floor space in your room. Other integrated features include an AutoBreeze\u2122 fan and a USB-C port to keep your phone fully-charged while you train. *30-day iFIT Train Trial Included. Credit Card required for activation. iFIT Train Membership auto-renews unless cancelled in advance. 30-day trial applies to new memberships only.&nbsp;<\/p>\n<\/div>\n<\/div>\n<div class=\"product-app-integration\"><\/div>","protected":false},"featured_media":1295,"comment_status":"open","ping_status":"closed","template":"","meta":{"site-sidebar-layout":"default","site-content-layout":"","ast-site-content-layout":"default","site-content-style":"default","site-sidebar-style":"default","ast-global-header-display":"","ast-banner-title-visibility":"","ast-main-header-display":"","ast-hfb-above-header-display":"","ast-hfb-below-header-display":"","ast-hfb-mobile-header-display":"","site-post-title":"","ast-breadcrumbs-content":"","ast-featured-img":"","footer-sml-layout":"","theme-transparent-header-meta":"default","adv-header-id-meta":"","stick-header-meta":"","header-above-stick-meta":"","header-main-stick-meta":"","header-below-stick-meta":"","astra-migrate-meta-layouts":"set","ast-page-background-enabled":"default","ast-page-background-meta":{"desktop":{"background-color":"var(--ast-global-color-5)","background-image":"","background-repeat":"repeat","background-position":"center center","background-size":"auto","background-attachment":"scroll","background-type":"","background-media":"","overlay-type":"","overlay-color":"","overlay-opacity":"","overlay-gradient":""},"tablet":{"background-color":"","background-image":"","background-repeat":"repeat","background-position":"center center","background-size":"auto","background-attachment":"scroll","background-type":"","background-media":"","overlay-type":"","overlay-color":"","overlay-opacity":"","overlay-gradient":""},"mobile":{"background-color":"","background-image":"","background-repeat":"repeat","background-position":"center center","background-size":"auto","background-attachment":"scroll","background-type":"","background-media":"","overlay-type":"","overlay-color":"","overlay-opacity":"","overlay-gradient":""}},"ast-content-background-meta":{"desktop":{"background-color":"var(--ast-global-color-4)","background-image":"","background-repeat":"repeat","background-position":"center center","background-size":"auto","background-attachment":"scroll","background-type":"","background-media":"","overlay-type":"","overlay-color":"","overlay-opacity":"","overlay-gradient":""},"tablet":{"background-color":"var(--ast-global-color-4)","background-image":"","background-repeat":"repeat","background-position":"center center","background-size":"auto","background-attachment":"scroll","background-type":"","background-media":"","overlay-type":"","overlay-color":"","overlay-opacity":"","overlay-gradient":""},"mobile":{"background-color":"var(--ast-global-color-4)","background-image":"","background-repeat":"repeat","background-position":"center center","background-size":"auto","background-attachment":"scroll","background-type":"","background-media":"","overlay-type":"","overlay-color":"","overlay-opacity":"","overlay-gradient":""}}},"product_brand":[],"product_cat":[21],"product_tag":[25],"class_list":{"0":"post-1294","1":"product","2":"type-product","3":"status-publish","4":"has-post-thumbnail","6":"product_cat-treadmills","7":"product_tag-treadmills","8":"desktop-align-left","9":"tablet-align-left","10":"mobile-align-left","12":"first","13":"instock","14":"sale","15":"taxable","16":"shipping-taxable","17":"purchasable","18":"product-type-simple"},"_links":{"self":[{"href":"http:\/\/bestfitnessstore.com\/pl\/wp-json\/wp\/v2\/product\/1294","targetHints":{"allow":["GET"]}}],"collection":[{"href":"http:\/\/bestfitnessstore.com\/pl\/wp-json\/wp\/v2\/product"}],"about":[{"href":"http:\/\/bestfitnessstore.com\/pl\/wp-json\/wp\/v2\/types\/product"}],"replies":[{"embeddable":true,"href":"http:\/\/bestfitnessstore.com\/pl\/wp-json\/wp\/v2\/comments?post=1294"}],"wp:featuredmedia":[{"embeddable":true,"href":"http:\/\/bestfitnessstore.com\/pl\/wp-json\/wp\/v2\/media\/1295"}],"wp:attachment":[{"href":"http:\/\/bestfitnessstore.com\/pl\/wp-json\/wp\/v2\/media?parent=1294"}],"wp:term":[{"taxonomy":"product_brand","embeddable":true,"href":"http:\/\/bestfitnessstore.com\/pl\/wp-json\/wp\/v2\/product_brand?post=1294"},{"taxonomy":"product_cat","embeddable":true,"href":"http:\/\/bestfitnessstore.com\/pl\/wp-json\/wp\/v2\/product_cat?post=1294"},{"taxonomy":"product_tag","embeddable":true,"href":"http:\/\/bestfitnessstore.com\/pl\/wp-json\/wp\/v2\/product_tag?post=1294"}],"curies":[{"name":"wp","href":"https:\/\/api.w.org\/{rel}","templated":true}]}}