{"id":1226,"date":"2025-11-25T14:18:35","date_gmt":"2025-11-25T14:18:35","guid":{"rendered":"https:\/\/bestfitnessstore.com\/?post_type=product&#038;p=1226"},"modified":"2025-11-25T14:18:35","modified_gmt":"2025-11-25T14:18:35","slug":"matrix-fitness-commercial-lifestyle-range-treadmill-with-led-console","status":"publish","type":"product","link":"http:\/\/bestfitnessstore.com\/pl\/product\/matrix-fitness-commercial-lifestyle-range-treadmill-with-led-console\/","title":{"rendered":"Bie\u017cnia Matrix Fitness Commercial Lifestyle Range z konsol\u0105 LED"},"content":{"rendered":"<div class=\"product-attribute-container-desktop desktop-only\">\n<div class=\"additional-attributes-wrapper table-wrapper\">\n<h4>INFORMACJE O PRODUKCIE<\/h4>\n<div class=\"attributes-container\">\n<ul class=\"product-attributes-container\">\n<li><span class=\"specification-title\">Waga opakowania (KG):\u00a0<\/span><span class=\"specification-data\">178.000000<\/span><\/li>\n<li><span class=\"specification-title\">Metoda zasilania:\u00a0<\/span><span class=\"specification-data\">Sie\u0107 elektryczna<\/span><\/li>\n<li><span class=\"specification-title\">Uchwyt na tablet:\u00a0<\/span><span class=\"specification-data\">Tak<\/span><\/li>\n<li><span class=\"specification-title\">Sk\u0142adanie:\u00a0<\/span><span class=\"specification-data\">Nie<\/span><\/li>\n<li><span class=\"specification-title\">Wbudowane programy:\u00a0<\/span><span class=\"specification-data\">Go, Manual, Target Heart Rate, Interval Training, Fat Burn, Rolling Hills, Goal Training, Fitness Tests, Custom<\/span><\/li>\n<li><span class=\"specification-title\">Wymiary produktu (d\u0142. x szer. x wys.):\u00a0<\/span><span class=\"specification-data\">201.10 x 90.40 x 164.20 cm<\/span><\/li>\n<\/ul>\n<ul class=\"product-attributes-container\">\n<li><span class=\"specification-title\">Waga produktu (KG):\u00a0<\/span><span class=\"specification-data\">148<\/span><\/li>\n<li><span class=\"specification-title\">Integracja aplikacji:\u00a0<\/span><span class=\"specification-data\">KinoMap, Zwift<\/span><\/li>\n<li><span class=\"specification-title\">Bluetooth:\u00a0<\/span><span class=\"specification-data\">Tak<\/span><\/li>\n<li><span class=\"specification-title\">Maksymalna waga u\u017cytkownika (kg):\u00a0<\/span><span class=\"specification-data\">182,00 (kg)<\/span><\/li>\n<li><span class=\"specification-title\">K\u00f3\u0142ka transportowe:\u00a0<\/span><span class=\"specification-data\">Tak<\/span><\/li>\n<\/ul>\n<\/div>\n<\/div>\n<\/div>\n<div class=\"product-features\">\n<h4>DODATKOWE FUNKCJE<\/h4>\n<div class=\"more-container\">\n<div class=\"unshow-text\">\n<ul class=\"product-features-container\">\n<li><span class=\"specification-title\">System amortyzacji:<\/span>\u00a0<span class=\"specification-data\">Ultimate Deck<\/span><\/li>\n<li><span class=\"specification-title\">Uk\u0142ad nap\u0119dowy:<\/span>\u00a0<span class=\"specification-data\">Uk\u0142ad nap\u0119dowy AC Dynamic Response o mocy 4,2 KM<\/span><\/li>\n<li><span class=\"specification-title\">Zakres nachylenia:<\/span>\u00a0<span class=\"specification-data\">0-15% (silnik o ud\u017awigu 700 funt\u00f3w)<\/span><\/li>\n<li><span class=\"specification-title\">Zakres pr\u0119dko\u015bci:<\/span>\u00a0<span class=\"specification-data\">0,8-20 km\/h \/ 0,5-12 mph<\/span><\/li>\n<li><span class=\"specification-title\">Typ powierzchni do biegania:<\/span>\u00a0<span class=\"specification-data\">Ta\u015bma i pok\u0142ad<\/span><\/li>\n<li><span class=\"specification-title\">T\u0119tno kontaktowe i telemetryczne:<\/span>\u00a0<span class=\"specification-data\">Dla dok\u0142adnego monitorowania t\u0119tna<\/span><\/li>\n<li><span class=\"specification-title\">Wysoko\u015b\u0107:<\/span>\u00a0<span class=\"specification-data\">17.8 cm \/ 7\u201d<\/span><\/li>\n<li><span class=\"specification-title\">Konsola:<\/span>\u00a0<span class=\"specification-data\">Konsola LED<\/span><\/li>\n<li><span class=\"specification-title\">Wy\u015bwietlacz:<\/span>\u00a0<span class=\"specification-data\">Du\u017cy numer LED z centrum komunikat\u00f3w<\/span><\/li>\n<li><span class=\"specification-title\">Treningi:<\/span>\u00a0<span class=\"specification-data\">Go, Manual, Interval Training, Fat Burn, Rolling Hills, Target Heart Rate, Glute Training* i Fitness Tests.<\/span><\/li>\n<li><span class=\"specification-title\">J\u0119zyki:<\/span>\u00a0<span class=\"specification-data\">Angielski, niemiecki, francuski, w\u0142oski, hiszpa\u0144ski, holenderski, portugalski, szwedzki, fi\u0144ski, turecki, du\u0144ski, polski<\/span><\/li>\n<li><span class=\"specification-title\">Funkcje konsoli:<\/span>\u00a0<span class=\"specification-data\">Opcjonalne logowanie RFID; gniazdo s\u0142uchawkowe; port USB; stojak do odczytu<\/span><\/li>\n<li><span class=\"specification-title\">Wymagania dotycz\u0105ce zasilania:<\/span>\u00a0<span class=\"specification-data\">20 Wymagany dedykowany obw\u00f3d, bez p\u0119tli uziemienia<\/span><\/li>\n<li><span class=\"specification-title\">\u0141\u0105czno\u015b\u0107 Ethernet:<\/span>\u00a0<span class=\"specification-data\">Tak<\/span><\/li>\n<li><span class=\"specification-title\">Waga po z\u0142o\u017ceniu:<\/span>\u00a0<span class=\"specification-data\">148 kg \/ 326.3 lbs<\/span><\/li>\n<li><span class=\"specification-title\">Waga przesy\u0142ki:<\/span>\u00a0<span class=\"specification-data\">178 kg \/ 392.4 lbs<\/span><\/li>\n<li><span class=\"specification-title\">Maksymalna waga u\u017cytkownika:<\/span>\u00a0<span class=\"specification-data\">182 kg \/ 400 funt\u00f3w<\/span><\/li>\n<li><span class=\"specification-title\">Wymiary po z\u0142o\u017ceniu:<\/span>\u00a0<span class=\"specification-data\">201.1 x 90.4 x 164.2 cm \/ 79.2\u201d x 35.6\u201d x 64.6\u201d<\/span><\/li>\n<li><span class=\"specification-title\">Czas realizacji:<\/span>\u00a0<span class=\"specification-data\">Budowane na zam\u00f3wienie - \u015bredni czas realizacji 2-14 tygodni<\/span><\/li>\n<\/ul>\n<\/div>\n<\/div>\n<\/div>\n<div class=\"product-warranty\">\n<h4>GWARANCJA<\/h4>\n<div class=\"text-container\"><strong>Do u\u017cytku domowego i lekkiego\/komercyjnego:<\/strong>\u00a02 lata na cz\u0119\u015bci i robocizn\u0119<\/div>\n<\/div>","protected":false},"excerpt":{"rendered":"<p>The Matrix Fitness Commercial Lifestyle Range Treadmill from Matrix features a smaller frame and a low step-on height to help make cardio exercise more accessible for virtually anyone. Its compact frame is designed to make the most of your space, while its reliable 4.2 hp AC Dynamic Response Drive System finetunes the 152 x 56 cm belt\u2019s response for a smooth, consistent workout. Large, conveniently placed speed (0.5-12 mph) and incline (0-15%) controls feature a unique sealed design that improves durability and provides tactile feedback with each adjustment. Multi-grip handlebars offer multiple hand-position options for quick and safe on and off movements. The LED console\u2019s simple navigation means virtually anyone can step up to the machine and get going almost instantly. The large number display and message centre provides clear, easy-to-read workout feedback that keeps members on track for their goals. Every workout is a seamless and smooth experience, with convenience features like an optional RFID login, a headphone jack, USB port and a reading rack for personal devices. Workouts include Go, Manual, Interval Training, Fat Burn, Rolling Hills, Target Heart Rate, Glute Training* and Fitness Tests. *programmes subject to change. Commercial product built to order \u2013 average lead time is 2-14 weeks, please contact us for further details.<\/p>\n<div class=\"product-attribute-container-desktop desktop-only\">\n<div class=\"additional-attributes-wrapper table-wrapper\"><\/div>\n<\/div>","protected":false},"featured_media":1227,"comment_status":"open","ping_status":"closed","template":"","meta":{"site-sidebar-layout":"default","site-content-layout":"","ast-site-content-layout":"default","site-content-style":"default","site-sidebar-style":"default","ast-global-header-display":"","ast-banner-title-visibility":"","ast-main-header-display":"","ast-hfb-above-header-display":"","ast-hfb-below-header-display":"","ast-hfb-mobile-header-display":"","site-post-title":"","ast-breadcrumbs-content":"","ast-featured-img":"","footer-sml-layout":"","theme-transparent-header-meta":"default","adv-header-id-meta":"","stick-header-meta":"","header-above-stick-meta":"","header-main-stick-meta":"","header-below-stick-meta":"","astra-migrate-meta-layouts":"set","ast-page-background-enabled":"default","ast-page-background-meta":{"desktop":{"background-color":"var(--ast-global-color-5)","background-image":"","background-repeat":"repeat","background-position":"center center","background-size":"auto","background-attachment":"scroll","background-type":"","background-media":"","overlay-type":"","overlay-color":"","overlay-opacity":"","overlay-gradient":""},"tablet":{"background-color":"","background-image":"","background-repeat":"repeat","background-position":"center center","background-size":"auto","background-attachment":"scroll","background-type":"","background-media":"","overlay-type":"","overlay-color":"","overlay-opacity":"","overlay-gradient":""},"mobile":{"background-color":"","background-image":"","background-repeat":"repeat","background-position":"center center","background-size":"auto","background-attachment":"scroll","background-type":"","background-media":"","overlay-type":"","overlay-color":"","overlay-opacity":"","overlay-gradient":""}},"ast-content-background-meta":{"desktop":{"background-color":"var(--ast-global-color-4)","background-image":"","background-repeat":"repeat","background-position":"center center","background-size":"auto","background-attachment":"scroll","background-type":"","background-media":"","overlay-type":"","overlay-color":"","overlay-opacity":"","overlay-gradient":""},"tablet":{"background-color":"var(--ast-global-color-4)","background-image":"","background-repeat":"repeat","background-position":"center center","background-size":"auto","background-attachment":"scroll","background-type":"","background-media":"","overlay-type":"","overlay-color":"","overlay-opacity":"","overlay-gradient":""},"mobile":{"background-color":"var(--ast-global-color-4)","background-image":"","background-repeat":"repeat","background-position":"center center","background-size":"auto","background-attachment":"scroll","background-type":"","background-media":"","overlay-type":"","overlay-color":"","overlay-opacity":"","overlay-gradient":""}}},"product_brand":[],"product_cat":[21],"product_tag":[25],"class_list":{"0":"post-1226","1":"product","2":"type-product","3":"status-publish","4":"has-post-thumbnail","6":"product_cat-treadmills","7":"product_tag-treadmills","8":"desktop-align-left","9":"tablet-align-left","10":"mobile-align-left","12":"first","13":"instock","14":"sale","15":"taxable","16":"shipping-taxable","17":"purchasable","18":"product-type-simple"},"_links":{"self":[{"href":"http:\/\/bestfitnessstore.com\/pl\/wp-json\/wp\/v2\/product\/1226","targetHints":{"allow":["GET"]}}],"collection":[{"href":"http:\/\/bestfitnessstore.com\/pl\/wp-json\/wp\/v2\/product"}],"about":[{"href":"http:\/\/bestfitnessstore.com\/pl\/wp-json\/wp\/v2\/types\/product"}],"replies":[{"embeddable":true,"href":"http:\/\/bestfitnessstore.com\/pl\/wp-json\/wp\/v2\/comments?post=1226"}],"wp:featuredmedia":[{"embeddable":true,"href":"http:\/\/bestfitnessstore.com\/pl\/wp-json\/wp\/v2\/media\/1227"}],"wp:attachment":[{"href":"http:\/\/bestfitnessstore.com\/pl\/wp-json\/wp\/v2\/media?parent=1226"}],"wp:term":[{"taxonomy":"product_brand","embeddable":true,"href":"http:\/\/bestfitnessstore.com\/pl\/wp-json\/wp\/v2\/product_brand?post=1226"},{"taxonomy":"product_cat","embeddable":true,"href":"http:\/\/bestfitnessstore.com\/pl\/wp-json\/wp\/v2\/product_cat?post=1226"},{"taxonomy":"product_tag","embeddable":true,"href":"http:\/\/bestfitnessstore.com\/pl\/wp-json\/wp\/v2\/product_tag?post=1226"}],"curies":[{"name":"wp","href":"https:\/\/api.w.org\/{rel}","templated":true}]}}