{"id":1124,"date":"2025-11-25T10:01:39","date_gmt":"2025-11-25T10:01:39","guid":{"rendered":"https:\/\/bestfitnessstore.com\/?post_type=product&#038;p=1124"},"modified":"2025-11-25T10:01:39","modified_gmt":"2025-11-25T10:01:39","slug":"wioslarz-waterrower-pure-vr3","status":"publish","type":"product","link":"http:\/\/bestfitnessstore.com\/pl\/product\/waterrower-pure-vr3-rowing-machine\/","title":{"rendered":"Wio\u015blarz WaterRower Pure VR3"},"content":{"rendered":"<div class=\"product-attribute-container-desktop desktop-only\">\n<div class=\"additional-attributes-wrapper table-wrapper\">\n<h5>INFORMACJE O PRODUKCIE<\/h5>\n<div class=\"attributes-container\">\n<ul class=\"product-attributes-container\">\n<li><span class=\"specification-title\">Waga opakowania (KG):\u00a0<\/span><span class=\"specification-data\">35.000000<\/span><\/li>\n<li><span class=\"specification-title\">Metoda zasilania:\u00a0<\/span><span class=\"specification-data\">Samozasilanie<\/span><\/li>\n<li><span class=\"specification-title\">Typ wio\u015blarza:\u00a0<\/span><span class=\"specification-data\">Woda<\/span><\/li>\n<li><span class=\"specification-title\">Maksymalny wzrost u\u017cytkownika (cm):\u00a0<\/span><span class=\"specification-data\">208<\/span><\/li>\n<li><span class=\"specification-title\">Maksymalna waga u\u017cytkownika (kg):\u00a0<\/span><span class=\"specification-data\">130,00 (kg)<\/span><\/li>\n<\/ul>\n<ul class=\"product-attributes-container\">\n<li><span class=\"specification-title\">Waga produktu (KG):\u00a0<\/span><span class=\"specification-data\">25<\/span><\/li>\n<li><span class=\"specification-title\">Integracja aplikacji:\u00a0<\/span><span class=\"specification-data\">asensei, CityRow, EXR, KinoMap<\/span><\/li>\n<li><span class=\"specification-title\">K\u00f3\u0142ka transportowe:\u00a0<\/span><span class=\"specification-data\">Tak<\/span><\/li>\n<li><span class=\"specification-title\">Sk\u0142adanie:\u00a0<\/span><span class=\"specification-data\">Nie<\/span><\/li>\n<li><span class=\"specification-title\">Wymiary produktu (d\u0142. x szer. x wys.):\u00a0<\/span><span class=\"specification-data\">208 x 56 x 45 cm<\/span><\/li>\n<\/ul>\n<\/div>\n<\/div>\n<\/div>\n<div class=\"product-features\">\n<h5>DODATKOWE FUNKCJE<\/h5>\n<div class=\"more-container\">\n<div class=\"unshow-text\">\n<ul class=\"product-features-container\">\n<li><span class=\"specification-title\">Monitor:<\/span>\u00a0<span class=\"specification-data\">Monitor wydajno\u015bci S4<\/span><\/li>\n<li><span class=\"specification-title\">Materia\u0142 ramy:<\/span>\u00a0<span class=\"specification-data\">D\u0105b<\/span><\/li>\n<li><span class=\"specification-title\">Moc:<\/span>\u00a0<span class=\"specification-data\">4x baterie AA<\/span><\/li>\n<li><span class=\"specification-title\">Kompatybilno\u015b\u0107 z Bluetooth:<\/span>\u00a0<span class=\"specification-data\">Tak (z modu\u0142em ComModule - sprzedawanym oddzielnie)<\/span><\/li>\n<li><span class=\"specification-title\">Wymiary po z\u0142o\u017ceniu (d\u0142. x szer. x wys.):<\/span>\u00a0<span class=\"specification-data\">208 x 56 x 45 cm<\/span><\/li>\n<li><span class=\"specification-title\">Waga (bez wody):<\/span>\u00a0<span class=\"specification-data\">25 kg<\/span><\/li>\n<li><span class=\"specification-title\">Maksymalna waga u\u017cytkownika:<\/span>\u00a0<span class=\"specification-data\">130 kg \/ 20,5 kamienia<\/span><\/li>\n<li><span class=\"specification-title\">Maksymalna wysoko\u015b\u0107 u\u017cytkownika:<\/span>\u00a0<span class=\"specification-data\">208 cm \/ 6 ft 8in<\/span><\/li>\n<li><span class=\"specification-title\">Kompatybilne akcesoria (sprzedawane oddzielnie):<\/span>\u00a0<span class=\"specification-data\">ComModule<\/span><\/li>\n<\/ul>\n<\/div>\n<\/div>\n<\/div>\n<div class=\"product-warranty\">\n<h5>GWARANCJA<\/h5>\n<div class=\"text-container\"><strong>Do u\u017cytku domowego:<\/strong>\u00a02 lata<\/div>\n<\/div>","protected":false},"excerpt":{"rendered":"<p>Seria wio\u015blarzy WaterRower\u00ae oferuje niezr\u00f3wnane odwzorowanie realistycznego wios\u0142owania na wodzie, a wio\u015blarz WaterRower Pure VR3 nie jest inny. Jest to ta\u0144sza alternatywa dla serii WaterRower\u00ae Original, kt\u00f3ra nadal zawiera niekt\u00f3re opatentowane funkcje WaterRower\u00ae, kt\u00f3re wyr\u00f3\u017cniaj\u0105 te maszyny na tle innych. Wyprodukowany w USA, VR3 posiada solidn\u0105 d\u0119bow\u0105 ram\u0119 z cie\u0144szymi drewnianymi sekcjami w por\u00f3wnaniu do innych wio\u015blarzy z tej serii. Wyposa\u017cony jest w ko\u0142o WaterFlywheel, kt\u00f3re jak \u017cadne inne dok\u0142adnie symuluje wios\u0142owanie w wodzie. Zbiornik wody zapewnia r\u00f3wnomierny skok, kt\u00f3ry mniej obci\u0105\u017ca stawy i doln\u0105 cz\u0119\u015b\u0107 plec\u00f3w, a wraz ze wzrostem tempa naturalnie wzrasta r\u00f3wnie\u017c op\u00f3r. Ka\u017cdy ruch jest p\u0142ynny, a wyprofilowane siedzisko VR3 i system podw\u00f3jnej ramy szynowej zapewniaj\u0105 doskona\u0142\u0105 stabilno\u015b\u0107. Wio\u015blarz WaterRower\u00ae Pure VR3 jest wyposa\u017cony w monitor wydajno\u015bci S4, oferuj\u0105cy zaawansowane funkcje w por\u00f3wnaniu z innymi standardowymi monitorami LCD Quick-Start. Wy\u015bwietla czas, dystans, pr\u0119dko\u015b\u0107, intensywno\u015b\u0107 i cz\u0119stotliwo\u015b\u0107 uderze\u0144, a tak\u017ce mo\u017ce \u0142\u0105czy\u0107 si\u0119 z szerok\u0105 gam\u0105 popularnych aplikacji do wio\u015blarstwa halowego iOS i Android, takich jak Asensei, EXR, WRTV, CityRow i inne (do po\u0142\u0105czenia Bluetooth wymagany jest ComModule - sprzedawany oddzielnie). Wio\u015blarz WaterRower\u00ae Pure VR3 jest wyposa\u017cony w zintegrowane k\u00f3\u0142ka transportowe, kt\u00f3re u\u0142atwiaj\u0105 przemieszczanie go po pod\u0142odze si\u0142owni, a gdy nie jest u\u017cywany, mo\u017cna go przechowywa\u0107 pionowo, aby zaoszcz\u0119dzi\u0107 miejsce na pod\u0142odze. WaterRower\u00ae jest zastrze\u017conym znakiem towarowym firmy WaterRower (UK) Ltd i jej podmiot\u00f3w stowarzyszonych.<\/p>\n<div class=\"product-attribute-container-desktop desktop-only\">\n<div class=\"additional-attributes-wrapper table-wrapper\"><\/div>\n<\/div>","protected":false},"featured_media":1126,"comment_status":"open","ping_status":"closed","template":"","meta":{"site-sidebar-layout":"default","site-content-layout":"","ast-site-content-layout":"default","site-content-style":"default","site-sidebar-style":"default","ast-global-header-display":"","ast-banner-title-visibility":"","ast-main-header-display":"","ast-hfb-above-header-display":"","ast-hfb-below-header-display":"","ast-hfb-mobile-header-display":"","site-post-title":"","ast-breadcrumbs-content":"","ast-featured-img":"","footer-sml-layout":"","theme-transparent-header-meta":"default","adv-header-id-meta":"","stick-header-meta":"","header-above-stick-meta":"","header-main-stick-meta":"","header-below-stick-meta":"","astra-migrate-meta-layouts":"set","ast-page-background-enabled":"default","ast-page-background-meta":{"desktop":{"background-color":"var(--ast-global-color-5)","background-image":"","background-repeat":"repeat","background-position":"center center","background-size":"auto","background-attachment":"scroll","background-type":"","background-media":"","overlay-type":"","overlay-color":"","overlay-opacity":"","overlay-gradient":""},"tablet":{"background-color":"","background-image":"","background-repeat":"repeat","background-position":"center center","background-size":"auto","background-attachment":"scroll","background-type":"","background-media":"","overlay-type":"","overlay-color":"","overlay-opacity":"","overlay-gradient":""},"mobile":{"background-color":"","background-image":"","background-repeat":"repeat","background-position":"center center","background-size":"auto","background-attachment":"scroll","background-type":"","background-media":"","overlay-type":"","overlay-color":"","overlay-opacity":"","overlay-gradient":""}},"ast-content-background-meta":{"desktop":{"background-color":"var(--ast-global-color-4)","background-image":"","background-repeat":"repeat","background-position":"center center","background-size":"auto","background-attachment":"scroll","background-type":"","background-media":"","overlay-type":"","overlay-color":"","overlay-opacity":"","overlay-gradient":""},"tablet":{"background-color":"var(--ast-global-color-4)","background-image":"","background-repeat":"repeat","background-position":"center center","background-size":"auto","background-attachment":"scroll","background-type":"","background-media":"","overlay-type":"","overlay-color":"","overlay-opacity":"","overlay-gradient":""},"mobile":{"background-color":"var(--ast-global-color-4)","background-image":"","background-repeat":"repeat","background-position":"center center","background-size":"auto","background-attachment":"scroll","background-type":"","background-media":"","overlay-type":"","overlay-color":"","overlay-opacity":"","overlay-gradient":""}}},"product_brand":[],"product_cat":[20],"product_tag":[24],"class_list":{"0":"post-1124","1":"product","2":"type-product","3":"status-publish","4":"has-post-thumbnail","6":"product_cat-rowing-machine","7":"product_tag-rowing-machines","8":"desktop-align-left","9":"tablet-align-left","10":"mobile-align-left","12":"first","13":"instock","14":"sale","15":"taxable","16":"shipping-taxable","17":"purchasable","18":"product-type-simple"},"_links":{"self":[{"href":"http:\/\/bestfitnessstore.com\/pl\/wp-json\/wp\/v2\/product\/1124","targetHints":{"allow":["GET"]}}],"collection":[{"href":"http:\/\/bestfitnessstore.com\/pl\/wp-json\/wp\/v2\/product"}],"about":[{"href":"http:\/\/bestfitnessstore.com\/pl\/wp-json\/wp\/v2\/types\/product"}],"replies":[{"embeddable":true,"href":"http:\/\/bestfitnessstore.com\/pl\/wp-json\/wp\/v2\/comments?post=1124"}],"wp:featuredmedia":[{"embeddable":true,"href":"http:\/\/bestfitnessstore.com\/pl\/wp-json\/wp\/v2\/media\/1126"}],"wp:attachment":[{"href":"http:\/\/bestfitnessstore.com\/pl\/wp-json\/wp\/v2\/media?parent=1124"}],"wp:term":[{"taxonomy":"product_brand","embeddable":true,"href":"http:\/\/bestfitnessstore.com\/pl\/wp-json\/wp\/v2\/product_brand?post=1124"},{"taxonomy":"product_cat","embeddable":true,"href":"http:\/\/bestfitnessstore.com\/pl\/wp-json\/wp\/v2\/product_cat?post=1124"},{"taxonomy":"product_tag","embeddable":true,"href":"http:\/\/bestfitnessstore.com\/pl\/wp-json\/wp\/v2\/product_tag?post=1124"}],"curies":[{"name":"wp","href":"https:\/\/api.w.org\/{rel}","templated":true}]}}