{"id":1119,"date":"2025-11-25T09:59:20","date_gmt":"2025-11-25T09:59:20","guid":{"rendered":"https:\/\/bestfitnessstore.com\/?post_type=product&#038;p=1119"},"modified":"2025-11-25T09:59:20","modified_gmt":"2025-11-25T09:59:20","slug":"ergometr-wydajnosci-waterrowera","status":"publish","type":"product","link":"http:\/\/bestfitnessstore.com\/pl\/product\/waterrower-performance-ergometer\/","title":{"rendered":"Ergometr wio\u015blarski WaterRower"},"content":{"rendered":"<div class=\"product-attribute-container-desktop desktop-only\">\n<h4>INFORMACJE O PRODUKCIE<\/h4>\n<p class=\"information-placeholder\">Wybierz opcje produktu, aby wy\u015bwietli\u0107 informacje o produkcie.<\/p>\n<div class=\"attributes-container\"><\/div>\n<\/div>\n<div class=\"product-features\">\n<h4>DODATKOWE FUNKCJE<\/h4>\n<div class=\"more-container\">\n<div class=\"unshow-text\">\n<ul class=\"product-features-container\">\n<li><span class=\"specification-title\">Monitor:<\/span>\u00a0<span class=\"specification-data\">Aplikacja SmartRow (wymagane kompatybilne urz\u0105dzenie z systemem iOS lub Android)<\/span><\/li>\n<li><span class=\"specification-title\">Materia\u0142y:<\/span>\u00a0<span class=\"specification-data\">Twarde drewno Appalach\u00f3w (dost\u0119pne w kolorze d\u0119bu lub orzecha)<\/span><\/li>\n<li><span class=\"specification-title\">Moc:<\/span>\u00a0<span class=\"specification-data\">3x baterie AA<\/span><\/li>\n<li><span class=\"specification-title\">Kompatybilno\u015b\u0107 z Bluetooth:<\/span>\u00a0<span class=\"specification-data\">Tak (z do\u0142\u0105czonym SmartRow)<\/span><\/li>\n<li><span class=\"specification-title\">Monitorowanie t\u0119tna:<\/span>\u00a0<span class=\"specification-data\">Pas piersiowy nie wchodzi w sk\u0142ad zestawu<\/span><\/li>\n<li><span class=\"specification-title\">Wymiary po z\u0142o\u017ceniu (d\u0142. x szer. x wys.):<\/span>\u00a0<span class=\"specification-data\">219 x 56 x 92 (rami\u0119 tabletu podniesione)\/56 (rami\u0119 tabletu z\u0142o\u017cone) cm<\/span><\/li>\n<li><span class=\"specification-title\">Wysoko\u015b\u0107 siedziska:<\/span>\u00a0<span class=\"specification-data\">30 cm<\/span><\/li>\n<li><span class=\"specification-title\">Waga (bez wody):<\/span>\u00a0<span class=\"specification-data\">31,5 kg<\/span><\/li>\n<li><span class=\"specification-title\">Maksymalna waga u\u017cytkownika:<\/span>\u00a0<span class=\"specification-data\">315 kg \/ 695 funt\u00f3w<\/span><\/li>\n<li><span class=\"specification-title\">Maksymalna wysoko\u015b\u0107 u\u017cytkownika:<\/span>\u00a0<span class=\"specification-data\">213 cm \/ 7 st\u00f3p<\/span><\/li>\n<li><span class=\"specification-title\">Kompatybilne akcesoria (sprzedawane oddzielnie):<\/span>\u00a0<span class=\"specification-data\">Uchwyt na laptopa<\/span><\/li>\n<\/ul>\n<\/div>\n<\/div>\n<\/div>\n<div class=\"product-warranty\">\n<h4>GWARANCJA<\/h4>\n<div class=\"text-container\">\n<p class=\"warranty-details\">Wybierz opcje produktu, aby zobaczy\u0107 szczeg\u00f3\u0142y gwarancji.<\/p>\n<\/div>\n<\/div>\n<div class=\"product-next-day\">\n<h4>DOSTAWA EKSPRESOWA<\/h4>\n<div class=\"text-container\">Wiele z naszych produkt\u00f3w ma opcje dostawy ekspresowej i z wyznaczon\u0105 dat\u0105, co oznacza, \u017ce produkt zostanie dostarczony ju\u017c jutro lub w wybranym przez Ciebie terminie. Sprawd\u017a opcje dostawy przy kasie, aby zobaczy\u0107 dost\u0119pno\u015b\u0107 dla swojego koszyka i kodu pocztowego. Obowi\u0105zuj\u0105 warunki dostawy.<\/div>\n<\/div>","protected":false},"excerpt":{"rendered":"<p>Wykonany r\u0119cznie w USA ergometr WaterRower\u00ae Performance Ergometer jest przeznaczony dla entuzjast\u00f3w fitnessu i wio\u015blarzy poszukuj\u0105cych dog\u0142\u0119bnych danych treningowych i analiz. Ergometr Performance posiada wbudowan\u0105 technologi\u0119 SmartRow zamiast monitora wydajno\u015bci S4, kt\u00f3ry mo\u017cna znale\u017a\u0107 w oryginalnej serii WaterRower\u00ae. SmartRow to inteligentny miernik mocy, kt\u00f3ry zapewnia bardzo precyzyjne pomiary wydajno\u015bci WaterRower\u00ae, w tym mocy wyj\u015bciowej. Ergometr wydajno\u015bci zawiera sk\u0142adany uchwyt na telefon\/tablet, a dane dotycz\u0105ce wydajno\u015bci s\u0105 bezprzewodowo przesy\u0142ane przez Bluetooth do bezp\u0142atnej aplikacji SmartRow (kompatybilnej z systemami iOS i Android - telefon\/tablet nie jest do\u0142\u0105czony). Mo\u017cesz ustawi\u0107 SmartRow tak, aby wy\u015bwietla\u0142 wska\u017aniki, kt\u00f3re s\u0105 dla Ciebie najwa\u017cniejsze, w tym moc (W), prac\u0119 (J), energi\u0119 (kCal), d\u0142ugo\u015b\u0107 poci\u0105gni\u0119cia (CM), \u015bredni\u0105 pr\u0119dko\u015b\u0107 (\/500m) i wiele innych. Dzi\u0119ki SmartRow mo\u017cesz rywalizowa\u0107 na \u017cywo i by\u0107 w rankingu z innymi u\u017cytkownikami WaterRower\u00ae Performance Ergometer z ca\u0142ego \u015bwiata, a tak\u017ce zintegrowa\u0107 si\u0119 z aplikacjami do \u015bledzenia kondycji, takimi jak Strava i Apple Health. Mo\u017cesz nawet wybra\u0107 jeden z gotowych trening\u00f3w dla pocz\u0105tkuj\u0105cych, \u015brednio zaawansowanych lub zaawansowanych, aby trenowa\u0107 z przewodnikiem! Sam wio\u015blarz jest wykonany r\u0119cznie z drewna d\u0119bowego lub orzechowego. Jego du\u017cy zbiornik na wod\u0119 z opatentowanym ko\u0142em WaterFlywheel dok\u0142adnie odwzorowuje uczucie wios\u0142owania prawdziw\u0105 \u0142odzi\u0105, wykorzystuj\u0105c do 84% masy mi\u0119\u015bniowej podczas ka\u017cdego poci\u0105gni\u0119cia. Nie musisz martwi\u0107 si\u0119 o r\u0119czn\u0105 regulacj\u0119 oporu - im mocniej i szybciej wios\u0142ujesz, tym wi\u0119kszy op\u00f3r poczujesz. Po zako\u0144czeniu treningu wystarczy z\u0142o\u017cy\u0107 rami\u0119 telefonu\/tabletu i podnie\u015b\u0107 ergometr Performance Ergometer na jego ko\u0144cu, aby przechowywa\u0107 go pionowo i zaoszcz\u0119dzi\u0107 miejsce na pod\u0142odze. Inne funkcje obejmuj\u0105 komercyjny podn\u00f3\u017cek w kszta\u0142cie serca i szerszy, \u0142atwy do trzymania uchwyt. WaterRower\u00ae jest zastrze\u017conym znakiem towarowym firmy WaterRower (UK) Ltd i jej podmiot\u00f3w stowarzyszonych.<\/p>\n<div class=\"product-attribute-container-desktop desktop-only\"><\/div>","protected":false},"featured_media":1123,"comment_status":"open","ping_status":"closed","template":"","meta":{"site-sidebar-layout":"default","site-content-layout":"","ast-site-content-layout":"default","site-content-style":"default","site-sidebar-style":"default","ast-global-header-display":"","ast-banner-title-visibility":"","ast-main-header-display":"","ast-hfb-above-header-display":"","ast-hfb-below-header-display":"","ast-hfb-mobile-header-display":"","site-post-title":"","ast-breadcrumbs-content":"","ast-featured-img":"","footer-sml-layout":"","theme-transparent-header-meta":"default","adv-header-id-meta":"","stick-header-meta":"","header-above-stick-meta":"","header-main-stick-meta":"","header-below-stick-meta":"","astra-migrate-meta-layouts":"set","ast-page-background-enabled":"default","ast-page-background-meta":{"desktop":{"background-color":"var(--ast-global-color-5)","background-image":"","background-repeat":"repeat","background-position":"center center","background-size":"auto","background-attachment":"scroll","background-type":"","background-media":"","overlay-type":"","overlay-color":"","overlay-opacity":"","overlay-gradient":""},"tablet":{"background-color":"","background-image":"","background-repeat":"repeat","background-position":"center center","background-size":"auto","background-attachment":"scroll","background-type":"","background-media":"","overlay-type":"","overlay-color":"","overlay-opacity":"","overlay-gradient":""},"mobile":{"background-color":"","background-image":"","background-repeat":"repeat","background-position":"center center","background-size":"auto","background-attachment":"scroll","background-type":"","background-media":"","overlay-type":"","overlay-color":"","overlay-opacity":"","overlay-gradient":""}},"ast-content-background-meta":{"desktop":{"background-color":"var(--ast-global-color-4)","background-image":"","background-repeat":"repeat","background-position":"center center","background-size":"auto","background-attachment":"scroll","background-type":"","background-media":"","overlay-type":"","overlay-color":"","overlay-opacity":"","overlay-gradient":""},"tablet":{"background-color":"var(--ast-global-color-4)","background-image":"","background-repeat":"repeat","background-position":"center center","background-size":"auto","background-attachment":"scroll","background-type":"","background-media":"","overlay-type":"","overlay-color":"","overlay-opacity":"","overlay-gradient":""},"mobile":{"background-color":"var(--ast-global-color-4)","background-image":"","background-repeat":"repeat","background-position":"center center","background-size":"auto","background-attachment":"scroll","background-type":"","background-media":"","overlay-type":"","overlay-color":"","overlay-opacity":"","overlay-gradient":""}}},"product_brand":[],"product_cat":[20],"product_tag":[24],"class_list":{"0":"post-1119","1":"product","2":"type-product","3":"status-publish","4":"has-post-thumbnail","6":"product_cat-rowing-machine","7":"product_tag-rowing-machines","8":"desktop-align-left","9":"tablet-align-left","10":"mobile-align-left","12":"first","13":"instock","14":"sale","15":"taxable","16":"shipping-taxable","17":"purchasable","18":"product-type-simple"},"_links":{"self":[{"href":"http:\/\/bestfitnessstore.com\/pl\/wp-json\/wp\/v2\/product\/1119","targetHints":{"allow":["GET"]}}],"collection":[{"href":"http:\/\/bestfitnessstore.com\/pl\/wp-json\/wp\/v2\/product"}],"about":[{"href":"http:\/\/bestfitnessstore.com\/pl\/wp-json\/wp\/v2\/types\/product"}],"replies":[{"embeddable":true,"href":"http:\/\/bestfitnessstore.com\/pl\/wp-json\/wp\/v2\/comments?post=1119"}],"wp:featuredmedia":[{"embeddable":true,"href":"http:\/\/bestfitnessstore.com\/pl\/wp-json\/wp\/v2\/media\/1123"}],"wp:attachment":[{"href":"http:\/\/bestfitnessstore.com\/pl\/wp-json\/wp\/v2\/media?parent=1119"}],"wp:term":[{"taxonomy":"product_brand","embeddable":true,"href":"http:\/\/bestfitnessstore.com\/pl\/wp-json\/wp\/v2\/product_brand?post=1119"},{"taxonomy":"product_cat","embeddable":true,"href":"http:\/\/bestfitnessstore.com\/pl\/wp-json\/wp\/v2\/product_cat?post=1119"},{"taxonomy":"product_tag","embeddable":true,"href":"http:\/\/bestfitnessstore.com\/pl\/wp-json\/wp\/v2\/product_tag?post=1119"}],"curies":[{"name":"wp","href":"https:\/\/api.w.org\/{rel}","templated":true}]}}