{"id":1095,"date":"2025-11-25T09:45:03","date_gmt":"2025-11-25T09:45:03","guid":{"rendered":"https:\/\/bestfitnessstore.com\/?post_type=product&#038;p=1095"},"modified":"2025-11-25T09:45:03","modified_gmt":"2025-11-25T09:45:03","slug":"wioslarz-proform-750-r","status":"publish","type":"product","link":"http:\/\/bestfitnessstore.com\/pl\/product\/proform-750-r-rowing-machine\/","title":{"rendered":"Wio\u015blarz ProForm 750 R"},"content":{"rendered":"<div class=\"product-attribute-container-desktop desktop-only\">\n<div class=\"additional-attributes-wrapper table-wrapper\">\n<h4>INFORMACJE O PRODUKCIE<\/h4>\n<div class=\"attributes-container\">\n<ul class=\"product-attributes-container\">\n<li><span class=\"specification-title\">Waga opakowania (KG):\u00a0<\/span><span class=\"specification-data\">55.000000<\/span><\/li>\n<li><span class=\"specification-title\">Integracja aplikacji:\u00a0<\/span><span class=\"specification-data\">iFIT<\/span><\/li>\n<li><span class=\"specification-title\">Typ wio\u015blarza:\u00a0<\/span><span class=\"specification-data\">Magnetyczny<\/span><\/li>\n<li><span class=\"specification-title\">Sk\u0142adanie:\u00a0<\/span><span class=\"specification-data\">Tak<\/span><\/li>\n<li><span class=\"specification-title\">Maksymalna waga u\u017cytkownika (kg):\u00a0<\/span><span class=\"specification-data\">115,00 (kg)<\/span><\/li>\n<li><span class=\"specification-title\">Wymiary pude\u0142ka (d\u0142. x szer. x wys.):\u00a0<\/span><span class=\"specification-data\">118 x 58 x 65 cm<\/span><\/li>\n<\/ul>\n<ul class=\"product-attributes-container\">\n<li><span class=\"specification-title\">Metoda zasilania:\u00a0<\/span><span class=\"specification-data\">Sie\u0107 elektryczna<\/span><\/li>\n<li><span class=\"specification-title\">Uchwyt na tablet:\u00a0<\/span><span class=\"specification-data\">Tak<\/span><\/li>\n<li><span class=\"specification-title\">K\u00f3\u0142ka transportowe:\u00a0<\/span><span class=\"specification-data\">Tak<\/span><\/li>\n<li><span class=\"specification-title\">Monitorowanie t\u0119tna:\u00a0<\/span><span class=\"specification-data\">Pasek na klatk\u0119 piersiow\u0105<\/span><\/li>\n<li><span class=\"specification-title\">Wymiary produktu (d\u0142. x szer. x wys.):\u00a0<\/span><span class=\"specification-data\">220 x 56 x 116 cm<\/span><\/li>\n<li><span class=\"specification-title\">Wymiary po z\u0142o\u017ceniu (d\u0142. x szer. x wys.):\u00a0<\/span><span class=\"specification-data\">110 x 56 x 114 cm<\/span><\/li>\n<\/ul>\n<\/div>\n<\/div>\n<\/div>\n<div class=\"product-features\">\n<h4>DODATKOWE FUNKCJE<\/h4>\n<div class=\"more-container\">\n<div class=\"unshow-text\">\n<ul class=\"product-features-container\">\n<li><span class=\"specification-title\">Op\u00f3r magnetyczny SMR\u2122 Silent:<\/span>\u00a0<span class=\"specification-data\">P\u0142ynne zmiany oporu w podr\u00f3\u017cy<\/span><\/li>\n<li><span class=\"specification-title\">Poziomy oporu:<\/span>\u00a0<span class=\"specification-data\">24<\/span><\/li>\n<li><span class=\"specification-title\">Ergonomiczne siedzisko:<\/span>\u00a0<span class=\"specification-data\">Formowane dla lepszego dopasowania<\/span><\/li>\n<li><span class=\"specification-title\">Peda\u0142y:<\/span>\u00a0<span class=\"specification-data\">Ponadwymiarowe i obrotowe; regulowane paski nylonowe<\/span><\/li>\n<li><span class=\"specification-title\">Uchwyt:<\/span>\u00a0<span class=\"specification-data\">Ergonomiczny uchwyt Soft Touch<\/span><\/li>\n<li><span class=\"specification-title\">Wy\u015bwietlacz:<\/span>\u00a0<span class=\"specification-data\">5-calowy, wielokolorowy wy\u015bwietlacz o wysokim kontra\u015bcie; regulowany k\u0105t nachylenia konsoli<\/span><\/li>\n<li><span class=\"specification-title\">Zgodno\u015b\u0107 z IFIT:<\/span>\u00a0<span class=\"specification-data\">Do\u015bwiadcz zindywidualizowanych, wirtualnych trening\u00f3w prowadzonych przez najlepszych trener\u00f3w na \u015bwiecie w zaciszu w\u0142asnego domu (30-dniowa subskrypcja iFIT w zestawie).<\/span><\/li>\n<li><span class=\"specification-title\">Konstrukcja oszcz\u0119dzaj\u0105ca miejsce:<\/span>\u00a0<span class=\"specification-data\">Innowacyjna sk\u0142adana rama<\/span><\/li>\n<li><span class=\"specification-title\">Technologia ActivePulse\u2122:<\/span>\u00a0<span class=\"specification-data\">Opaska na rami\u0119 nie wchodzi w sk\u0142ad zestawu<\/span><\/li>\n<li><span class=\"specification-title\">IFIT Trial:<\/span>\u00a0<span class=\"specification-data\">30-dniowy okres pr\u00f3bny iFIT wliczony w cen\u0119. Karta kredytowa wymagana do aktywacji. Cz\u0142onkostwo iFIT odnawia si\u0119 automatycznie, chyba \u017ce zostanie anulowane z wyprzedzeniem. 30-dniowy okres pr\u00f3bny dotyczy tylko nowych cz\u0142onkostw.<\/span><\/li>\n<\/ul>\n<\/div>\n<\/div>\n<\/div>\n<div class=\"product-warranty\">\n<h4>GWARANCJA<\/h4>\n<div class=\"text-container\"><strong>Do u\u017cytku domowego:<\/strong>\u00a0Dwa lata gwarancji na cz\u0119\u015bci i robocizn\u0119 (obowi\u0105zuj\u0105 warunki) pod warunkiem zarejestrowania produktu w ci\u0105gu 28 dni od zakupu. Standardowa gwarancja wynosi 12 miesi\u0119cy na cz\u0119\u015bci i robocizn\u0119. ICON jest producentem urz\u0105dze\u0144 NordicTrack i Pro-Form. Poni\u017cej znajduje si\u0119 ich polityka gwarancyjna. ICON Health and Fitness, Inc. (ICON) gwarantuje, \u017ce ten produkt b\u0119dzie wolny od wad produkcyjnych i materia\u0142owych, w normalnych warunkach u\u017cytkowania i obs\u0142ugi, przez okres 12 miesi\u0119cy od daty pierwotnego zakupu. Uwaga: Przed\u0142u\u017cenie gwarancji mo\u017ce mie\u0107 zastosowanie do tego produktu pod warunkiem zarejestrowania si\u0119 w lokalnym centrum obs\u0142ugi klienta w ci\u0105gu 28 dni od zakupu. Aby zarejestrowa\u0107 ten produkt i zakwalifikowa\u0107 si\u0119 do przed\u0142u\u017cenia gwarancji, nale\u017cy wype\u0142ni\u0107 kart\u0119 rejestracyjn\u0105 gwarancji i wys\u0142a\u0107 j\u0105 wraz z dowodem zakupu na adres podany na tylnej ok\u0142adce niniejszej broszury lub zarejestrowa\u0107 si\u0119 online na stronie iconsupport.eu. Szczeg\u00f3\u0142owe informacje na temat przed\u0142u\u017cenia gwarancji i gwarancji producenta ICON s\u0105 dost\u0119pne na \u017c\u0105danie w lokalnym centrum obs\u0142ugi klienta lub online na stronie iconsupport.eu. Niniejsza gwarancja obejmuje wy\u0142\u0105cznie pierwotnego nabywc\u0119 (u\u017cytkownika) i nie podlega przeniesieniu. Gwarancja nie obejmuje: 1. normalnego zu\u017cycia; 2. wszelkich adaptacji lub zmian maj\u0105cych na celu ulepszenie tego produktu w stosunku do jego normalnego przeznaczenia opisanego w instrukcji obs\u0142ugi; 3. uszkodze\u0144 wynikaj\u0105cych z: a) transportu; b) nadu\u017cycia, niew\u0142a\u015bciwego u\u017cytkowania, nieprzestrzegania instrukcji lub niew\u0142a\u015bciwego lub nienormalnego u\u017cytkowania; c) u\u017cytkowania poza domem (w tym mi\u0119dzy innymi do cel\u00f3w komercyjnych, zawodowych lub wynajmu); d) napraw nie wykonanych przez autoryzowany serwis ICON; e) wypadk\u00f3w, uderzenia pioruna, zalania wod\u0105, po\u017caru lub innych przyczyn pozostaj\u0105cych poza kontrol\u0105 ICON; f) niew\u0142a\u015bciwej lokalizacji, w tym mi\u0119dzy innymi wilgotnego, zakurzonego lub zewn\u0119trznego \u015brodowiska (przyk\u0142ady: gara\u017ce, piwnice). ICON nie ponosi odpowiedzialno\u015bci za szkody po\u015brednie, specjalne lub wt\u00f3rne wynikaj\u0105ce z lub w zwi\u0105zku z u\u017cytkowaniem lub dzia\u0142aniem produktu lub szkody zwi\u0105zane z jak\u0105kolwiek strat\u0105 ekonomiczn\u0105, utrat\u0105 w\u0142asno\u015bci, utrat\u0105 przychod\u00f3w lub zysk\u00f3w, utrat\u0105 przyjemno\u015bci lub u\u017cytkowania lub kosztami usuni\u0119cia lub instalacji. Niniejsza gwarancja obejmuje produkty zakupione i u\u017cywane na terenie Unii Europejskiej, jednak nie wszystkie produkty s\u0105 dystrybuowane w ka\u017cdym kraju. Mo\u017ce to spowodowa\u0107 op\u00f3\u017anienia w obj\u0119ciu gwarancj\u0105, je\u015bli produkt zosta\u0142 zakupiony w innym kraju i nie jest obs\u0142ugiwany w kraju zamieszkania u\u017cytkownika. Mo\u017ce by\u0107 konieczne wykonanie naprawy w autoryzowanym centrum napraw ICON. ICON zastrzega sobie prawo do rozszerzenia lub zwi\u0119kszenia zakresu gwarancji. Gwarancja stanowi uzupe\u0142nienie i w \u017caden spos\u00f3b nie wp\u0142ywa na ustawowe prawa u\u017cytkownika wynikaj\u0105ce z obowi\u0105zuj\u0105cych przepis\u00f3w krajowych ani na prawa u\u017cytkownika wobec sprzedawcy wynikaj\u0105ce z umowy sprzeda\u017cy\/zakupu.<\/div>\n<\/div>\n<div class=\"product-next-day\">\n<h4>DOSTAWA EKSPRESOWA<\/h4>\n<div class=\"text-container\">Wiele z naszych produkt\u00f3w ma opcje dostawy ekspresowej i z wyznaczon\u0105 dat\u0105, co oznacza, \u017ce produkt zostanie dostarczony ju\u017c jutro lub w wybranym przez Ciebie terminie. Sprawd\u017a opcje dostawy przy kasie, aby zobaczy\u0107 dost\u0119pno\u015b\u0107 dla swojego koszyka i kodu pocztowego. Obowi\u0105zuj\u0105 warunki dostawy.<\/div>\n<\/div>","protected":false},"excerpt":{"rendered":"<p>Dzi\u0119ki unikalnej, oszcz\u0119dzaj\u0105cej miejsce ramie, kt\u00f3ra sk\u0142ada si\u0119 na \u015brodku, aby zmaksymalizowa\u0107 przestrze\u0144 na pod\u0142odze, wio\u015blarz ProForm 750 R jest idealn\u0105 opcj\u0105 dla kompaktowych domowych si\u0142owni. 24 poziomy cyfrowego oporu zapewniaj\u0105, \u017ce ka\u017cde poci\u0105gni\u0119cie jest tak wymagaj\u0105ce, jak tego potrzebujesz, wykorzystuj\u0105c system SMR \u2122 Silent Magnetic Resistance firmy ProForm do beztarciowych zmian intensywno\u015bci. Wszystkie punkty dotykowe s\u0105 przewymiarowane dla wi\u0119kszego komfortu, w tym obrotowe peda\u0142y z regulowanymi nylonowymi paskami na stopy i aluminiowa szyna siedziska. Siedzisko jest ergonomicznie zaprojektowane i uformowane dla lepszego dopasowania, a uchwyt wykonany jest z materia\u0142\u00f3w Soft Touch \u2122 dla bezpiecznego chwytu. Przechyl 5-calowy wielokolorowy wy\u015bwietlacz o wysokim kontra\u015bcie, aby znale\u017a\u0107 optymalny k\u0105t do \u015bledzenia statystyk, przechowuj\u0105c tablet w zintegrowanym uchwycie. Pobierz aplikacj\u0119 iFIT na sw\u00f3j tablet lub urz\u0105dzenie inteligentne, po\u0142\u0105cz si\u0119 z wio\u015blarzem 750 R i mo\u017cesz cieszy\u0107 si\u0119 praktycznie nieograniczonym wyborem zindywidualizowanych trening\u00f3w prowadzonych przez najlepszych trener\u00f3w na \u015bwiecie w zaciszu w\u0142asnego domu. Uzyskaj dost\u0119p do treningu ka\u017cdego dnia, automatycznie monitoruj swoje post\u0119py, ciesz si\u0119 rzeczywistymi trasami dzi\u0119ki Google Maps\u2122, rywalizuj ze znajomymi, dostosuj trening do swoich konkretnych cel\u00f3w i nie tylko (30-dniowa subskrypcja iFIT w zestawie*). Wio\u015blarz ProForm 750 R korzysta r\u00f3wnie\u017c z technologii ActivePulse (wymagana opaska na rami\u0119 SmartBeat - brak w zestawie), kt\u00f3ra automatycznie dostosowuje op\u00f3r, aby zapewni\u0107 utrzymanie idealnej strefy t\u0119tna, oraz SmartAdjust, kt\u00f3ra oddaje op\u00f3r w r\u0119ce trener\u00f3w iFIT. Odtwarzaj muzyk\u0119 lub trenuj g\u0142o\u015bno dzi\u0119ki 2 x 2-calowym g\u0142o\u015bnikom lub pod\u0142\u0105cz s\u0142uchawki przez Bluetooth, aby uzyska\u0107 cichsze wra\u017cenia z wios\u0142owania. * 30-dniowy okres pr\u00f3bny iFIT w zestawie. Do aktywacji wymagana jest karta kredytowa. Cz\u0142onkostwo iFIT odnawia si\u0119 automatycznie, chyba \u017ce zostanie wcze\u015bniej anulowane. 30-dniowy okres pr\u00f3bny dotyczy tylko nowych cz\u0142onkostw. Tablet przedstawiony na zdj\u0119ciach nie wchodzi w sk\u0142ad zestawu.<\/p>\n<div class=\"product-attribute-container-desktop desktop-only\">\n<div class=\"additional-attributes-wrapper table-wrapper\"><\/div>\n<\/div>","protected":false},"featured_media":1099,"comment_status":"open","ping_status":"closed","template":"","meta":{"site-sidebar-layout":"default","site-content-layout":"","ast-site-content-layout":"default","site-content-style":"default","site-sidebar-style":"default","ast-global-header-display":"","ast-banner-title-visibility":"","ast-main-header-display":"","ast-hfb-above-header-display":"","ast-hfb-below-header-display":"","ast-hfb-mobile-header-display":"","site-post-title":"","ast-breadcrumbs-content":"","ast-featured-img":"","footer-sml-layout":"","theme-transparent-header-meta":"default","adv-header-id-meta":"","stick-header-meta":"","header-above-stick-meta":"","header-main-stick-meta":"","header-below-stick-meta":"","astra-migrate-meta-layouts":"set","ast-page-background-enabled":"default","ast-page-background-meta":{"desktop":{"background-color":"var(--ast-global-color-5)","background-image":"","background-repeat":"repeat","background-position":"center center","background-size":"auto","background-attachment":"scroll","background-type":"","background-media":"","overlay-type":"","overlay-color":"","overlay-opacity":"","overlay-gradient":""},"tablet":{"background-color":"","background-image":"","background-repeat":"repeat","background-position":"center center","background-size":"auto","background-attachment":"scroll","background-type":"","background-media":"","overlay-type":"","overlay-color":"","overlay-opacity":"","overlay-gradient":""},"mobile":{"background-color":"","background-image":"","background-repeat":"repeat","background-position":"center center","background-size":"auto","background-attachment":"scroll","background-type":"","background-media":"","overlay-type":"","overlay-color":"","overlay-opacity":"","overlay-gradient":""}},"ast-content-background-meta":{"desktop":{"background-color":"var(--ast-global-color-4)","background-image":"","background-repeat":"repeat","background-position":"center center","background-size":"auto","background-attachment":"scroll","background-type":"","background-media":"","overlay-type":"","overlay-color":"","overlay-opacity":"","overlay-gradient":""},"tablet":{"background-color":"var(--ast-global-color-4)","background-image":"","background-repeat":"repeat","background-position":"center center","background-size":"auto","background-attachment":"scroll","background-type":"","background-media":"","overlay-type":"","overlay-color":"","overlay-opacity":"","overlay-gradient":""},"mobile":{"background-color":"var(--ast-global-color-4)","background-image":"","background-repeat":"repeat","background-position":"center center","background-size":"auto","background-attachment":"scroll","background-type":"","background-media":"","overlay-type":"","overlay-color":"","overlay-opacity":"","overlay-gradient":""}}},"product_brand":[],"product_cat":[20],"product_tag":[24],"class_list":{"0":"post-1095","1":"product","2":"type-product","3":"status-publish","4":"has-post-thumbnail","6":"product_cat-rowing-machine","7":"product_tag-rowing-machines","8":"desktop-align-left","9":"tablet-align-left","10":"mobile-align-left","12":"first","13":"instock","14":"sale","15":"taxable","16":"shipping-taxable","17":"purchasable","18":"product-type-simple"},"_links":{"self":[{"href":"http:\/\/bestfitnessstore.com\/pl\/wp-json\/wp\/v2\/product\/1095","targetHints":{"allow":["GET"]}}],"collection":[{"href":"http:\/\/bestfitnessstore.com\/pl\/wp-json\/wp\/v2\/product"}],"about":[{"href":"http:\/\/bestfitnessstore.com\/pl\/wp-json\/wp\/v2\/types\/product"}],"replies":[{"embeddable":true,"href":"http:\/\/bestfitnessstore.com\/pl\/wp-json\/wp\/v2\/comments?post=1095"}],"wp:featuredmedia":[{"embeddable":true,"href":"http:\/\/bestfitnessstore.com\/pl\/wp-json\/wp\/v2\/media\/1099"}],"wp:attachment":[{"href":"http:\/\/bestfitnessstore.com\/pl\/wp-json\/wp\/v2\/media?parent=1095"}],"wp:term":[{"taxonomy":"product_brand","embeddable":true,"href":"http:\/\/bestfitnessstore.com\/pl\/wp-json\/wp\/v2\/product_brand?post=1095"},{"taxonomy":"product_cat","embeddable":true,"href":"http:\/\/bestfitnessstore.com\/pl\/wp-json\/wp\/v2\/product_cat?post=1095"},{"taxonomy":"product_tag","embeddable":true,"href":"http:\/\/bestfitnessstore.com\/pl\/wp-json\/wp\/v2\/product_tag?post=1095"}],"curies":[{"name":"wp","href":"https:\/\/api.w.org\/{rel}","templated":true}]}}