{"id":1090,"date":"2025-11-25T09:42:58","date_gmt":"2025-11-25T09:42:58","guid":{"rendered":"https:\/\/bestfitnessstore.com\/?post_type=product&#038;p=1090"},"modified":"2025-11-25T09:42:58","modified_gmt":"2025-11-25T09:42:58","slug":"wioslarz-proform-550-r","status":"publish","type":"product","link":"http:\/\/bestfitnessstore.com\/pl\/product\/proform-550-r-rowing-machine\/","title":{"rendered":"Wio\u015blarz ProForm 550 R"},"content":{"rendered":"<div class=\"product-attribute-container-desktop desktop-only\">\n<div class=\"additional-attributes-wrapper table-wrapper\">\n<h5>INFORMACJE O PRODUKCIE<\/h5>\n<div class=\"attributes-container\">\n<ul class=\"product-attributes-container\">\n<li><span class=\"specification-title\">Waga opakowania (KG):\u00a0<\/span><span class=\"specification-data\">34.000000<\/span><\/li>\n<li><span class=\"specification-title\">Integracja aplikacji:\u00a0<\/span><span class=\"specification-data\">iFIT<\/span><\/li>\n<li><span class=\"specification-title\">Typ wio\u015blarza:\u00a0<\/span><span class=\"specification-data\">Magnetyczny<\/span><\/li>\n<li><span class=\"specification-title\">Sk\u0142adanie:\u00a0<\/span><span class=\"specification-data\">Tak<\/span><\/li>\n<li><span class=\"specification-title\">Wymiary produktu (d\u0142. x szer. x wys.):\u00a0<\/span><span class=\"specification-data\">182,10 x 58,10 x 67,50 cm<\/span><\/li>\n<\/ul>\n<ul class=\"product-attributes-container\">\n<li><span class=\"specification-title\">Metoda zasilania:\u00a0<\/span><span class=\"specification-data\">Sie\u0107 elektryczna<\/span><\/li>\n<li><span class=\"specification-title\">Uchwyt na tablet:\u00a0<\/span><span class=\"specification-data\">Tak<\/span><\/li>\n<li><span class=\"specification-title\">K\u00f3\u0142ka transportowe:\u00a0<\/span><span class=\"specification-data\">Tak<\/span><\/li>\n<li><span class=\"specification-title\">Maksymalna waga u\u017cytkownika (kg):\u00a0<\/span><span class=\"specification-data\">114,00 (kg)<\/span><\/li>\n<li><span class=\"specification-title\">Wymiary pude\u0142ka (d\u0142. x szer. x wys.):\u00a0<\/span><span class=\"specification-data\">125 x 28 x 62 cm<\/span><\/li>\n<\/ul>\n<\/div>\n<\/div>\n<\/div>\n<div class=\"product-features\">\n<h5>DODATKOWE FUNKCJE<\/h5>\n<div class=\"more-container\">\n<div class=\"unshow-text\">\n<ul class=\"product-features-container\">\n<li><span class=\"specification-title\">Cichy op\u00f3r magnetyczny\u2122:<\/span>\u00a0<span class=\"specification-data\">P\u0142ynne zmiany oporu w podr\u00f3\u017cy<\/span><\/li>\n<li><span class=\"specification-title\">Poziomy oporu:<\/span>\u00a0<span class=\"specification-data\">8<\/span><\/li>\n<li><span class=\"specification-title\">Peda\u0142y:<\/span>\u00a0<span class=\"specification-data\">Ponadwymiarowe i obrotowe; regulowane paski nylonowe<\/span><\/li>\n<li><span class=\"specification-title\">Uchwyt:<\/span>\u00a0<span class=\"specification-data\">Mi\u0119kki, ergonomiczny uchwyt<\/span><\/li>\n<li><span class=\"specification-title\">P\u00f3\u0142ka urz\u0105dzenia:<\/span>\u00a0<span class=\"specification-data\">Mie\u015bci telefon kom\u00f3rkowy lub tablet (urz\u0105dzenie nie wchodzi w sk\u0142ad zestawu)<\/span><\/li>\n<li><span class=\"specification-title\">Zgodno\u015b\u0107 z IFIT:<\/span>\u00a0<span class=\"specification-data\">Do\u015bwiadcz zindywidualizowanych, wirtualnych trening\u00f3w prowadzonych przez najlepszych trener\u00f3w na \u015bwiecie w zaciszu w\u0142asnego domu - wymagane cz\u0142onkostwo iFIT Train<\/span><\/li>\n<li><span class=\"specification-title\">Konstrukcja oszcz\u0119dzaj\u0105ca miejsce:<\/span>\u00a0<span class=\"specification-data\">Innowacyjna sk\u0142adana rama<\/span><\/li>\n<li><span class=\"specification-title\">IFIT Trial:<\/span>\u00a0<span class=\"specification-data\">30-dniowy okres pr\u00f3bny iFIT Train wliczony w cen\u0119. Karta kredytowa wymagana do aktywacji. Cz\u0142onkostwo iFIT Train odnawia si\u0119 automatycznie, chyba \u017ce zostanie anulowane z wyprzedzeniem. 30-dniowy okres pr\u00f3bny dotyczy tylko nowych cz\u0142onkostw.<\/span><\/li>\n<\/ul>\n<\/div>\n<\/div>\n<\/div>\n<div class=\"product-warranty\">\n<h5>GWARANCJA<\/h5>\n<div class=\"text-container\"><strong>Do u\u017cytku domowego:<\/strong>\u00a0Dwa lata na cz\u0119\u015bci i robocizn\u0119 (obowi\u0105zuj\u0105 warunki) pod warunkiem zarejestrowania produktu w ci\u0105gu 28 dni od zakupu. Standardowa gwarancja wynosi 12 miesi\u0119cy na cz\u0119\u015bci i robocizn\u0119 Warunki Niniejsza gwarancja obejmuje wy\u0142\u0105cznie pierwotnego nabywc\u0119 (u\u017cytkownika) i nie podlega przeniesieniu. Gwarancja nie obejmuje: 1. Normalnego zu\u017cycia (przyk\u0142ady cz\u0119\u015bci ulegaj\u0105cych normalnemu zu\u017cyciu obejmuj\u0105 pasy nap\u0119dowe, pasy nap\u0119dowe, baterie, klocki hamulcowe i maty do skakania). 2. Wszelkie prowizoryczne naprawy, adaptacje lub zmiany maj\u0105ce na celu modyfikacj\u0119 tego produktu w stosunku do jego normalnego przeznaczenia i funkcji opisanych w instrukcji obs\u0142ugi. 3. Uszkodzenia wynikaj\u0105ce z: a) Umy\u015blnego lub z\u0142o\u015bliwego dzia\u0142ania. b) Transportu. c) Niew\u0142a\u015bciwej instalacji, monta\u017cu lub po\u0142\u0105czenia, kt\u00f3re nie jest zgodne ze specyfikacjami lub zaleceniami ICON. d) Nadu\u017cycia, niew\u0142a\u015bciwego u\u017cytkowania, nieprzestrzegania instrukcji lub niew\u0142a\u015bciwego lub nienormalnego u\u017cytkowania. e) Nieprzestrzegania instrukcji zawartych w podr\u0119czniku u\u017cytkownika (takich jak u\u017cywanie \u015brodk\u00f3w czyszcz\u0105cych i konserwuj\u0105cych innych ni\u017c zalecane, niewy\u0142\u0105czanie produktu po u\u017cyciu itp.) f) U\u017cytkowanie poza domem (w tym mi\u0119dzy innymi w \u015brodowisku komercyjnym, profesjonalnym, wynajmowanym lub instytucjonalnym). g) Naprawy niedokonane przez autoryzowanego dostawc\u0119 us\u0142ug ICON lub u\u017cycie cz\u0119\u015bci niedostarczonych lub nieautoryzowanych przez ICON. h) Wypadki, uderzenia, wahania napi\u0119cia, wy\u0142adowania atmosferyczne, burze, woda, po\u017car, zwierz\u0119ta lub inne przyczyny pozostaj\u0105ce poza kontrol\u0105 ICON. i) Niew\u0142a\u015bciwa lokalizacja, w tym mi\u0119dzy innymi wilgotne, zakurzone lub zewn\u0119trzne \u015brodowisko (przyk\u0142ady obejmuj\u0105 gara\u017ce, piwnice, werandy i patia).<\/div>\n<\/div>","protected":false},"excerpt":{"rendered":"<p>Wio\u015blarz ProForm 550 R oferuje 8 poziom\u00f3w cyfrowego oporu, kt\u00f3re zapewniaj\u0105 odpowiedni trening, jakiego potrzebuje Twoje cia\u0142o. Od regeneracji po wysok\u0105 intensywno\u015b\u0107, mo\u017cesz wybra\u0107 cyfrowy op\u00f3r, kt\u00f3rego potrzebujesz, aby dopasowa\u0107 si\u0119 do swoich cel\u00f3w. System Silent Magnetic Resistance\u2122 zapewnia p\u0142ynne i ciche wios\u0142owanie, zaprojektowane tak, aby ruch wio\u015blarski by\u0142 bardziej p\u0142ynny i zapewnia\u0142 p\u0142ynny trening ca\u0142ego cia\u0142a. Wydob\u0105d\u017a wi\u0119cej z wio\u015blarza 550R dzi\u0119ki iFIT. Zaloguj si\u0119 na swoje konto iFIT* na w\u0142asnym urz\u0105dzeniu (tablet\/smartfon nie wchodzi w sk\u0142ad zestawu) i pod\u0142\u0105cz je do wio\u015blarza 550R, aby rozpocz\u0105\u0107 kolejny trening w ramach spersonalizowanego planu. Podczas treningu iFIT \u015bledzi Twoj\u0105 wydajno\u015b\u0107 i automatycznie zmienia 8 poziom\u00f3w oporu w zale\u017cno\u015bci od wymaganej intensywno\u015bci. Dzi\u0119ki iFIT masz dost\u0119p do ponad 10 000 trening\u00f3w, inteligentnych funkcji i coachingu prowadzonego przez do\u015bwiadczonych trener\u00f3w iFIT w anga\u017cuj\u0105cych lokalizacjach na ca\u0142ym \u015bwiecie. Trenerzy s\u0105 po to, aby pom\u00f3c Ci w utrzymaniu formy, zmotywowa\u0107 Ci\u0119 do uko\u0144czenia treningu i zaoferowa\u0107 spostrze\u017cenia na temat globalnych lokalizacji, aby\u015b by\u0142 zaanga\u017cowany zar\u00f3wno w kr\u00f3tkie, jak i d\u0142ugie sesje. Poczuj si\u0119 bezpiecznie i stabilnie w wygodnych, ponadwymiarowych peda\u0142ach, kt\u00f3re obracaj\u0105 si\u0119 i maj\u0105 regulowane nylonowe paski na stopy, pasuj\u0105ce do wi\u0119kszo\u015bci rozmiar\u00f3w. \u0141atwo poci\u0105gnij pasek, aby zwolni\u0107 stop\u0119 pod koniec treningu lub przej\u015b\u0107 do treningu crossowego. Model 550R jest r\u00f3wnie\u017c wyposa\u017cony w wygodny, mi\u0119kki uchwyt, kt\u00f3ry zapewnia komfort podczas treningu. Po zako\u0144czeniu treningu 550R mo\u017cna z\u0142o\u017cy\u0107 na p\u00f3\u0142 i \u0142atwo zrolowa\u0107, aby zaoszcz\u0119dzi\u0107 miejsce na pod\u0142odze. * 30-dniowy okres pr\u00f3bny iFIT Train w zestawie. Karta kredytowa wymagana do aktywacji. Cz\u0142onkostwo iFIT Train odnawia si\u0119 automatycznie, chyba \u017ce zostanie wcze\u015bniej anulowane. 30-dniowy okres pr\u00f3bny dotyczy tylko nowych cz\u0142onkostw.<\/p>\n<div class=\"product-attribute-container-desktop desktop-only\">\n<div class=\"additional-attributes-wrapper table-wrapper\"><\/div>\n<\/div>","protected":false},"featured_media":1094,"comment_status":"open","ping_status":"closed","template":"","meta":{"site-sidebar-layout":"default","site-content-layout":"","ast-site-content-layout":"default","site-content-style":"default","site-sidebar-style":"default","ast-global-header-display":"","ast-banner-title-visibility":"","ast-main-header-display":"","ast-hfb-above-header-display":"","ast-hfb-below-header-display":"","ast-hfb-mobile-header-display":"","site-post-title":"","ast-breadcrumbs-content":"","ast-featured-img":"","footer-sml-layout":"","theme-transparent-header-meta":"default","adv-header-id-meta":"","stick-header-meta":"","header-above-stick-meta":"","header-main-stick-meta":"","header-below-stick-meta":"","astra-migrate-meta-layouts":"set","ast-page-background-enabled":"default","ast-page-background-meta":{"desktop":{"background-color":"var(--ast-global-color-5)","background-image":"","background-repeat":"repeat","background-position":"center center","background-size":"auto","background-attachment":"scroll","background-type":"","background-media":"","overlay-type":"","overlay-color":"","overlay-opacity":"","overlay-gradient":""},"tablet":{"background-color":"","background-image":"","background-repeat":"repeat","background-position":"center center","background-size":"auto","background-attachment":"scroll","background-type":"","background-media":"","overlay-type":"","overlay-color":"","overlay-opacity":"","overlay-gradient":""},"mobile":{"background-color":"","background-image":"","background-repeat":"repeat","background-position":"center center","background-size":"auto","background-attachment":"scroll","background-type":"","background-media":"","overlay-type":"","overlay-color":"","overlay-opacity":"","overlay-gradient":""}},"ast-content-background-meta":{"desktop":{"background-color":"var(--ast-global-color-4)","background-image":"","background-repeat":"repeat","background-position":"center center","background-size":"auto","background-attachment":"scroll","background-type":"","background-media":"","overlay-type":"","overlay-color":"","overlay-opacity":"","overlay-gradient":""},"tablet":{"background-color":"var(--ast-global-color-4)","background-image":"","background-repeat":"repeat","background-position":"center center","background-size":"auto","background-attachment":"scroll","background-type":"","background-media":"","overlay-type":"","overlay-color":"","overlay-opacity":"","overlay-gradient":""},"mobile":{"background-color":"var(--ast-global-color-4)","background-image":"","background-repeat":"repeat","background-position":"center center","background-size":"auto","background-attachment":"scroll","background-type":"","background-media":"","overlay-type":"","overlay-color":"","overlay-opacity":"","overlay-gradient":""}}},"product_brand":[],"product_cat":[20],"product_tag":[24],"class_list":{"0":"post-1090","1":"product","2":"type-product","3":"status-publish","4":"has-post-thumbnail","6":"product_cat-rowing-machine","7":"product_tag-rowing-machines","8":"desktop-align-left","9":"tablet-align-left","10":"mobile-align-left","12":"first","13":"instock","14":"sale","15":"taxable","16":"shipping-taxable","17":"purchasable","18":"product-type-simple"},"_links":{"self":[{"href":"http:\/\/bestfitnessstore.com\/pl\/wp-json\/wp\/v2\/product\/1090","targetHints":{"allow":["GET"]}}],"collection":[{"href":"http:\/\/bestfitnessstore.com\/pl\/wp-json\/wp\/v2\/product"}],"about":[{"href":"http:\/\/bestfitnessstore.com\/pl\/wp-json\/wp\/v2\/types\/product"}],"replies":[{"embeddable":true,"href":"http:\/\/bestfitnessstore.com\/pl\/wp-json\/wp\/v2\/comments?post=1090"}],"wp:featuredmedia":[{"embeddable":true,"href":"http:\/\/bestfitnessstore.com\/pl\/wp-json\/wp\/v2\/media\/1094"}],"wp:attachment":[{"href":"http:\/\/bestfitnessstore.com\/pl\/wp-json\/wp\/v2\/media?parent=1090"}],"wp:term":[{"taxonomy":"product_brand","embeddable":true,"href":"http:\/\/bestfitnessstore.com\/pl\/wp-json\/wp\/v2\/product_brand?post=1090"},{"taxonomy":"product_cat","embeddable":true,"href":"http:\/\/bestfitnessstore.com\/pl\/wp-json\/wp\/v2\/product_cat?post=1090"},{"taxonomy":"product_tag","embeddable":true,"href":"http:\/\/bestfitnessstore.com\/pl\/wp-json\/wp\/v2\/product_tag?post=1090"}],"curies":[{"name":"wp","href":"https:\/\/api.w.org\/{rel}","templated":true}]}}