{"id":1085,"date":"2025-11-25T09:40:19","date_gmt":"2025-11-25T09:40:19","guid":{"rendered":"https:\/\/bestfitnessstore.com\/?post_type=product&#038;p=1085"},"modified":"2025-11-25T09:40:19","modified_gmt":"2025-11-25T09:40:19","slug":"wioslarz-nordictrack-rw900","status":"publish","type":"product","link":"http:\/\/bestfitnessstore.com\/pl\/product\/nordictrack-rw900-rowing-machine\/","title":{"rendered":"Wio\u015blarz NordicTrack RW900"},"content":{"rendered":"<p>&nbsp;<\/p>\n<div class=\"product-attribute-container-desktop desktop-only\">\n<div class=\"additional-attributes-wrapper table-wrapper\">\n<h5>INFORMACJE O PRODUKCIE<\/h5>\n<div class=\"attributes-container\">\n<ul class=\"product-attributes-container\">\n<li><span class=\"specification-title\">Waga opakowania (KG):\u00a0<\/span><span class=\"specification-data\">71.099998<\/span><\/li>\n<li><span class=\"specification-title\">Bluetooth:\u00a0<\/span><span class=\"specification-data\">Tak<\/span><\/li>\n<li><span class=\"specification-title\">K\u00f3\u0142ka transportowe:\u00a0<\/span><span class=\"specification-data\">Tak<\/span><\/li>\n<li><span class=\"specification-title\">Wymiary produktu (d\u0142. x szer. x wys.):\u00a0<\/span><span class=\"specification-data\">204 x 55 x 134 cm<\/span><\/li>\n<\/ul>\n<ul class=\"product-attributes-container\">\n<li><span class=\"specification-title\">Integracja aplikacji:\u00a0<\/span><span class=\"specification-data\">iFIT<\/span><\/li>\n<li><span class=\"specification-title\">Typ wio\u015blarza:\u00a0<\/span><span class=\"specification-data\">Magnetyczny<\/span><\/li>\n<li><span class=\"specification-title\">Maksymalna waga u\u017cytkownika (kg):\u00a0<\/span><span class=\"specification-data\">136,00 (kg)<\/span><\/li>\n<li><span class=\"specification-title\">Wymiary pude\u0142ka (d\u0142. x szer. x wys.):\u00a0<\/span><span class=\"specification-data\">210,90 x 25,40 x 87,70 cm<\/span><\/li>\n<\/ul>\n<\/div>\n<\/div>\n<\/div>\n<div class=\"product-features\">\n<h4>DODATKOWE FUNKCJE<\/h4>\n<div class=\"more-container\">\n<div class=\"unshow-text\">\n<ul class=\"product-features-container\">\n<li><span class=\"specification-title\">System oporu:<\/span>\u00a0<span class=\"specification-data\">Cichy op\u00f3r magnetyczny\u2122<\/span><\/li>\n<li><span class=\"specification-title\">Poziomy oporu:<\/span>\u00a0<span class=\"specification-data\">26<\/span><\/li>\n<li><span class=\"specification-title\">Peda\u0142y:<\/span>\u00a0<span class=\"specification-data\">Ponadwymiarowe i obrotowe<\/span><\/li>\n<li><span class=\"specification-title\">Nylonowe paski na stopy:<\/span>\u00a0<span class=\"specification-data\">Utrzymuj\u0105 stopy bezpiecznie na miejscu<\/span><\/li>\n<li><span class=\"specification-title\">Wy\u015bwietlacz:<\/span>\u00a0<span class=\"specification-data\">24-calowy obrotowy ekran dotykowy HD<\/span><\/li>\n<li><span class=\"specification-title\">IFIT:<\/span>\u00a0<span class=\"specification-data\">Uzyskaj dost\u0119p do globalnych trening\u00f3w, sesji streamingowych prowadzonych przez \u015bwiatowej klasy trener\u00f3w, kt\u00f3re popchn\u0105 Ci\u0119 dalej, aby zmaksymalizowa\u0107 Twoje wyniki. Synchronizacja ze Strava, Garmin, Google Fit i Apple Health. - Wymagane cz\u0142onkostwo iFIT Pro<\/span><\/li>\n<\/ul>\n<\/div>\n<\/div>\n<\/div>\n<div class=\"product-warranty\">\n<h5>GWARANCJA<\/h5>\n<div class=\"text-container\"><strong>Do u\u017cytku domowego:<\/strong>\u00a0Dwa lata gwarancji na cz\u0119\u015bci i robocizn\u0119 (obowi\u0105zuj\u0105 warunki) pod warunkiem zarejestrowania produktu w ci\u0105gu 28 dni od zakupu. Standardowa gwarancja wynosi 12 miesi\u0119cy na cz\u0119\u015bci i robocizn\u0119.<\/div>\n<\/div>","protected":false},"excerpt":{"rendered":"<p>Wio\u015blarz NordicTrack RW900 oferuje 26 poziom\u00f3w cyfrowego oporu, aby zapewni\u0107 odpowiedni trening, kt\u00f3rego potrzebuje Twoje cia\u0142o. Od regeneracji po wysok\u0105 intensywno\u015b\u0107, mo\u017cesz wybra\u0107 cyfrowy op\u00f3r, aby dopasowa\u0107 go do swoich cel\u00f3w. System Silent Magnetic Resistance\u2122 zapewnia p\u0142ynne i ciche wios\u0142owanie, kt\u00f3re zosta\u0142o zaprojektowane tak, aby ruch wio\u015blarski by\u0142 bardziej p\u0142ynny, zapewniaj\u0105c p\u0142ynny trening ca\u0142ego cia\u0142a. Wykorzystaj w pe\u0142ni RW900 z iFIT (cz\u0142onkostwo iFIT Pro nie jest do\u0142\u0105czone). Zaloguj si\u0119 na swoje konto iFIT Pro bezpo\u015brednio na zapieraj\u0105cym dech w piersiach 24-calowym ekranie dotykowym HD RW900 i przygotuj nast\u0119pny trening w swoim spersonalizowanym planie. Podczas treningu iFIT \u015bledzi Twoj\u0105 wydajno\u015b\u0107 i automatycznie zmienia 26 poziom\u00f3w oporu, dzi\u0119ki czemu wiesz, \u017ce pracujesz tak ci\u0119\u017cko, jak potrzebujesz. Dzi\u0119ki iFIT masz dost\u0119p do ponad 10 000 trening\u00f3w, inteligentnych funkcji i coachingu prowadzonego przez do\u015bwiadczonych trener\u00f3w iFIT w r\u00f3\u017cnych lokalizacjach na ca\u0142ym \u015bwiecie. Ekran r\u00f3wnie\u017c si\u0119 obraca, co oznacza, \u017ce mo\u017cesz obr\u00f3ci\u0107 konsol\u0119, aby \u015bledzi\u0107 swojego trenera podczas trening\u00f3w poza wio\u015blarzem, w tym si\u0142owych, jogi, HIIT i innych. Poczuj si\u0119 bezpiecznie i stabilnie dzi\u0119ki wygodnym, ponadwymiarowym peda\u0142om, kt\u00f3re obracaj\u0105 si\u0119 i maj\u0105 regulowane nylonowe paski na stopy, pasuj\u0105ce do wi\u0119kszo\u015bci rozmiar\u00f3w. \u0141atwo poci\u0105gnij pasek, aby zwolni\u0107 stop\u0119 pod koniec treningu lub przej\u015b\u0107 do treningu przekrojowego. RW900 posiada r\u00f3wnie\u017c zamontowane z przodu k\u00f3\u0142ka transportowe, kt\u00f3re u\u0142atwiaj\u0105 poruszanie si\u0119 po si\u0142owni.<\/p>\n<div class=\"product-attribute-container-desktop desktop-only\">\n<div class=\"additional-attributes-wrapper table-wrapper\"><\/div>\n<\/div>","protected":false},"featured_media":1088,"comment_status":"open","ping_status":"closed","template":"","meta":{"site-sidebar-layout":"default","site-content-layout":"","ast-site-content-layout":"default","site-content-style":"default","site-sidebar-style":"default","ast-global-header-display":"","ast-banner-title-visibility":"","ast-main-header-display":"","ast-hfb-above-header-display":"","ast-hfb-below-header-display":"","ast-hfb-mobile-header-display":"","site-post-title":"","ast-breadcrumbs-content":"","ast-featured-img":"","footer-sml-layout":"","theme-transparent-header-meta":"default","adv-header-id-meta":"","stick-header-meta":"","header-above-stick-meta":"","header-main-stick-meta":"","header-below-stick-meta":"","astra-migrate-meta-layouts":"set","ast-page-background-enabled":"default","ast-page-background-meta":{"desktop":{"background-color":"var(--ast-global-color-5)","background-image":"","background-repeat":"repeat","background-position":"center center","background-size":"auto","background-attachment":"scroll","background-type":"","background-media":"","overlay-type":"","overlay-color":"","overlay-opacity":"","overlay-gradient":""},"tablet":{"background-color":"","background-image":"","background-repeat":"repeat","background-position":"center center","background-size":"auto","background-attachment":"scroll","background-type":"","background-media":"","overlay-type":"","overlay-color":"","overlay-opacity":"","overlay-gradient":""},"mobile":{"background-color":"","background-image":"","background-repeat":"repeat","background-position":"center center","background-size":"auto","background-attachment":"scroll","background-type":"","background-media":"","overlay-type":"","overlay-color":"","overlay-opacity":"","overlay-gradient":""}},"ast-content-background-meta":{"desktop":{"background-color":"var(--ast-global-color-4)","background-image":"","background-repeat":"repeat","background-position":"center center","background-size":"auto","background-attachment":"scroll","background-type":"","background-media":"","overlay-type":"","overlay-color":"","overlay-opacity":"","overlay-gradient":""},"tablet":{"background-color":"var(--ast-global-color-4)","background-image":"","background-repeat":"repeat","background-position":"center center","background-size":"auto","background-attachment":"scroll","background-type":"","background-media":"","overlay-type":"","overlay-color":"","overlay-opacity":"","overlay-gradient":""},"mobile":{"background-color":"var(--ast-global-color-4)","background-image":"","background-repeat":"repeat","background-position":"center center","background-size":"auto","background-attachment":"scroll","background-type":"","background-media":"","overlay-type":"","overlay-color":"","overlay-opacity":"","overlay-gradient":""}}},"product_brand":[],"product_cat":[20],"product_tag":[24],"class_list":{"0":"post-1085","1":"product","2":"type-product","3":"status-publish","4":"has-post-thumbnail","6":"product_cat-rowing-machine","7":"product_tag-rowing-machines","8":"desktop-align-left","9":"tablet-align-left","10":"mobile-align-left","12":"first","13":"instock","14":"sale","15":"taxable","16":"shipping-taxable","17":"purchasable","18":"product-type-simple"},"_links":{"self":[{"href":"http:\/\/bestfitnessstore.com\/pl\/wp-json\/wp\/v2\/product\/1085","targetHints":{"allow":["GET"]}}],"collection":[{"href":"http:\/\/bestfitnessstore.com\/pl\/wp-json\/wp\/v2\/product"}],"about":[{"href":"http:\/\/bestfitnessstore.com\/pl\/wp-json\/wp\/v2\/types\/product"}],"replies":[{"embeddable":true,"href":"http:\/\/bestfitnessstore.com\/pl\/wp-json\/wp\/v2\/comments?post=1085"}],"wp:featuredmedia":[{"embeddable":true,"href":"http:\/\/bestfitnessstore.com\/pl\/wp-json\/wp\/v2\/media\/1088"}],"wp:attachment":[{"href":"http:\/\/bestfitnessstore.com\/pl\/wp-json\/wp\/v2\/media?parent=1085"}],"wp:term":[{"taxonomy":"product_brand","embeddable":true,"href":"http:\/\/bestfitnessstore.com\/pl\/wp-json\/wp\/v2\/product_brand?post=1085"},{"taxonomy":"product_cat","embeddable":true,"href":"http:\/\/bestfitnessstore.com\/pl\/wp-json\/wp\/v2\/product_cat?post=1085"},{"taxonomy":"product_tag","embeddable":true,"href":"http:\/\/bestfitnessstore.com\/pl\/wp-json\/wp\/v2\/product_tag?post=1085"}],"curies":[{"name":"wp","href":"https:\/\/api.w.org\/{rel}","templated":true}]}}