{"id":986,"date":"2025-11-24T15:21:50","date_gmt":"2025-11-24T15:21:50","guid":{"rendered":"https:\/\/bestfitnessstore.com\/?post_type=product&#038;p=986"},"modified":"2025-11-24T15:21:51","modified_gmt":"2025-11-24T15:21:51","slug":"bicicletta-verticale-spirit-xbu55-ent","status":"publish","type":"product","link":"http:\/\/bestfitnessstore.com\/it\/product\/spirit-xbu55-ent-upright-bike\/","title":{"rendered":"Spirit XBU55 ENT Bicicletta verticale"},"content":{"rendered":"<div class=\"product-attribute-container-desktop desktop-only\">\n<div class=\"additional-attributes-wrapper table-wrapper\">\n<h4>INFORMAZIONI SUL PRODOTTO<\/h4>\n<div class=\"attributes-container\">\n<ul class=\"product-attributes-container\">\n<li><span class=\"specification-title\">Peso della confezione (KG):\u00a0<\/span><span class=\"specification-data\">54.400002<\/span><\/li>\n<li><span class=\"specification-title\">Metodo di alimentazione:\u00a0<\/span><span class=\"specification-data\">Rete elettrica<\/span><\/li>\n<li><span class=\"specification-title\">Supporto per tablet:\u00a0<\/span><span class=\"specification-data\">S\u00ec<\/span><\/li>\n<li><span class=\"specification-title\">Tipo di ciclo:\u00a0<\/span><span class=\"specification-data\">Montante<\/span><\/li>\n<li><span class=\"specification-title\">Peso del volano (KG):\u00a0<\/span><span class=\"specification-data\">14<\/span><\/li>\n<li><span class=\"specification-title\">Peso massimo dell'utente (kg):\u00a0<\/span><span class=\"specification-data\">150,00 (Kg)<\/span><\/li>\n<li><span class=\"specification-title\">Dimensioni del prodotto (LxLxH):\u00a0<\/span><span class=\"specification-data\">108 x 55 x 157 cm<\/span><\/li>\n<\/ul>\n<ul class=\"product-attributes-container\">\n<li><span class=\"specification-title\">Peso del prodotto (KG):\u00a0<\/span><span class=\"specification-data\">47.80<\/span><\/li>\n<li><span class=\"specification-title\">Integrazione delle app:\u00a0<\/span><span class=\"specification-data\">SPIRIT+, Zwift<\/span><\/li>\n<li><span class=\"specification-title\">Bluetooth:\u00a0<\/span><span class=\"specification-data\">S\u00ec<\/span><\/li>\n<li><span class=\"specification-title\">Ruote di trasporto:\u00a0<\/span><span class=\"specification-data\">S\u00ec<\/span><\/li>\n<li><span class=\"specification-title\">Monitoraggio della frequenza cardiaca:\u00a0<\/span><span class=\"specification-data\">Sensori integrati e Bluetooth<\/span><\/li>\n<li><span class=\"specification-title\">Programmi integrati:\u00a0<\/span><span class=\"specification-data\">Manuale, Collina, Brucia Grassi, Cardio, Forza, HIIT, Fusion, Obiettivo (Tempo, Distanza, Calorie), 8 Personalizzati, 4 Frequenza cardiaca e Fitness Test (Protocollo YMCA)<\/span><\/li>\n<li><span class=\"specification-title\">Dimensioni della scatola (LxLxH):\u00a0<\/span><span class=\"specification-data\">117,50 x 46 x 78 cm<\/span><\/li>\n<\/ul>\n<\/div>\n<\/div>\n<\/div>\n<div class=\"product-features\">\n<h4>CARATTERISTICHE AGGIUNTIVE<\/h4>\n<div class=\"more-container\">\n<div class=\"unshow-text\">\n<ul class=\"product-features-container\">\n<li><span class=\"specification-title\">Console:<\/span>\u00a0<span class=\"specification-data\">Schermo touch screen da 10,1\u201d, sponda per il telefono, supporto per tablet inclinabile e girevole, altoparlanti Bluetooth, porta di ricarica USB, ventola regolabile, blocco per bambini, jack audio, 12 applicazioni precaricate<\/span><\/li>\n<li><span class=\"specification-title\">Frequenza cardiaca:<\/span>\u00a0<span class=\"specification-data\">Contatto e telemetria (5kHz e Bluetooth), fascia toracica non inclusa<\/span><\/li>\n<li><span class=\"specification-title\">Livelli di resistenza:<\/span>\u00a0<span class=\"specification-data\">20 Livelli<\/span><\/li>\n<li><span class=\"specification-title\">Volano:<\/span>\u00a0<span class=\"specification-data\">14 kg<\/span><\/li>\n<li><span class=\"specification-title\">Sede:<\/span>\u00a0<span class=\"specification-data\">Ampio sedile imbottito<\/span><\/li>\n<li><span class=\"specification-title\">Pedali:<\/span>\u00a0<span class=\"specification-data\">Sovradimensionato e autobilanciato con sistema di aggancio rapido<\/span><\/li>\n<li><span class=\"specification-title\">Nota bene:<\/span>\u00a0<span class=\"specification-data\">Tablet non incluso<\/span><\/li>\n<\/ul>\n<\/div>\n<\/div>\n<\/div>\n<div class=\"product-warranty\">\n<h4>GARANZIA<\/h4>\n<div class=\"text-container\"><strong>Uso domestico:<\/strong>\u00a010 anni sul motore, 3 anni sulle parti e 3 anni sulla manodopera. Il prodotto deve essere utilizzato\/stoccato in un ambiente idoneo (non sono considerati idonei i luoghi con cemento umido e non sigillato o le aree con flusso d'aria costante verso l'esterno).<\/p>\n<\/div>\n<\/div>\n<div class=\"product-next-day\">\n<h4>CONSEGNA ESPRESSA<\/h4>\n<div class=\"text-container\">Per molti dei nostri prodotti sono disponibili opzioni di consegna espressa e a data prestabilita, il che significa che il prodotto verr\u00e0 consegnato gi\u00e0 domani o nella data prescelta che pi\u00f9 vi aggrada. Controllare le opzioni di consegna al momento del checkout per verificare la disponibilit\u00e0 per il proprio carrello e codice postale. Si applicano i termini di consegna.<\/div>\n<\/div>","protected":false},"excerpt":{"rendered":"<p>Combinando comfort e prestazioni, la Spirit XBU55 ENT Upright Bike \u00e8 un'aggiunta saggia alla palestra di casa per gli appassionati di ciclismo. Ogni spinta sui pedali \u00e8 fluida, grazie al volano da 14 kg, con 20 livelli di resistenza che assicurano che ogni corsa sia impegnativa quanto basta. Grazie al sedile ammortizzato completamente regolabile, ai pedali a sgancio rapido sovradimensionati e al design ergonomico del manubrio, l'XBU55 vi mette subito a vostro agio. Il display touchscreen da 10,1\u201d \u00e8 dotato di un'interfaccia utente intuitiva che consente di navigare facilmente tra i programmi di allenamento e i vari test di fitness. Sono presenti applicazioni precaricate come Netflix, CNN e altre ancora, oltre a funzionalit\u00e0 di screen mirroring integrate e una porta di ricarica USB per infinite opportunit\u00e0 di intrattenimento o motivazione. \u00c8 possibile scegliere tra una serie di programmi di allenamento preimpostati, tra cui Manuale, Collina, Brucia grassi, Cardio, Forza, HIIT, Fusion, Target (Tempo, Distanza, Calorie), 8 Personalizzati, 4 Frequenza cardiaca e Test di fitness (protocollo YMCA). L'XBU55 si collega anche ad alcune delle principali app per il fitness come Zwift, Map My Fitness, Apple Health Kit e altro ancora tramite l'app Spirit+. La console \u00e8 completa di un titolo dedicato e di un supporto per tablet girevole sopra lo schermo, di una ventola di raffreddamento regolabile, di una porta di ricarica USB, di pulsanti di resistenza ad accesso diretto e di altoparlanti Bluetooth integrati.<\/p>\n<div class=\"product-attribute-container-desktop desktop-only\">\n<div class=\"additional-attributes-wrapper table-wrapper\"><\/div>\n<\/div>","protected":false},"featured_media":987,"comment_status":"open","ping_status":"closed","template":"","meta":{"site-sidebar-layout":"default","site-content-layout":"","ast-site-content-layout":"default","site-content-style":"default","site-sidebar-style":"default","ast-global-header-display":"","ast-banner-title-visibility":"","ast-main-header-display":"","ast-hfb-above-header-display":"","ast-hfb-below-header-display":"","ast-hfb-mobile-header-display":"","site-post-title":"","ast-breadcrumbs-content":"","ast-featured-img":"","footer-sml-layout":"","theme-transparent-header-meta":"default","adv-header-id-meta":"","stick-header-meta":"","header-above-stick-meta":"","header-main-stick-meta":"","header-below-stick-meta":"","astra-migrate-meta-layouts":"set","ast-page-background-enabled":"default","ast-page-background-meta":{"desktop":{"background-color":"var(--ast-global-color-5)","background-image":"","background-repeat":"repeat","background-position":"center center","background-size":"auto","background-attachment":"scroll","background-type":"","background-media":"","overlay-type":"","overlay-color":"","overlay-opacity":"","overlay-gradient":""},"tablet":{"background-color":"","background-image":"","background-repeat":"repeat","background-position":"center center","background-size":"auto","background-attachment":"scroll","background-type":"","background-media":"","overlay-type":"","overlay-color":"","overlay-opacity":"","overlay-gradient":""},"mobile":{"background-color":"","background-image":"","background-repeat":"repeat","background-position":"center center","background-size":"auto","background-attachment":"scroll","background-type":"","background-media":"","overlay-type":"","overlay-color":"","overlay-opacity":"","overlay-gradient":""}},"ast-content-background-meta":{"desktop":{"background-color":"var(--ast-global-color-4)","background-image":"","background-repeat":"repeat","background-position":"center center","background-size":"auto","background-attachment":"scroll","background-type":"","background-media":"","overlay-type":"","overlay-color":"","overlay-opacity":"","overlay-gradient":""},"tablet":{"background-color":"var(--ast-global-color-4)","background-image":"","background-repeat":"repeat","background-position":"center center","background-size":"auto","background-attachment":"scroll","background-type":"","background-media":"","overlay-type":"","overlay-color":"","overlay-opacity":"","overlay-gradient":""},"mobile":{"background-color":"var(--ast-global-color-4)","background-image":"","background-repeat":"repeat","background-position":"center center","background-size":"auto","background-attachment":"scroll","background-type":"","background-media":"","overlay-type":"","overlay-color":"","overlay-opacity":"","overlay-gradient":""}}},"product_brand":[],"product_cat":[19],"product_tag":[22],"class_list":{"0":"post-986","1":"product","2":"type-product","3":"status-publish","4":"has-post-thumbnail","6":"product_cat-excise-bikes","7":"product_tag-exercise-bikes","8":"desktop-align-left","9":"tablet-align-left","10":"mobile-align-left","12":"first","13":"instock","14":"sale","15":"taxable","16":"shipping-taxable","17":"purchasable","18":"product-type-simple"},"_links":{"self":[{"href":"http:\/\/bestfitnessstore.com\/it\/wp-json\/wp\/v2\/product\/986","targetHints":{"allow":["GET"]}}],"collection":[{"href":"http:\/\/bestfitnessstore.com\/it\/wp-json\/wp\/v2\/product"}],"about":[{"href":"http:\/\/bestfitnessstore.com\/it\/wp-json\/wp\/v2\/types\/product"}],"replies":[{"embeddable":true,"href":"http:\/\/bestfitnessstore.com\/it\/wp-json\/wp\/v2\/comments?post=986"}],"wp:featuredmedia":[{"embeddable":true,"href":"http:\/\/bestfitnessstore.com\/it\/wp-json\/wp\/v2\/media\/987"}],"wp:attachment":[{"href":"http:\/\/bestfitnessstore.com\/it\/wp-json\/wp\/v2\/media?parent=986"}],"wp:term":[{"taxonomy":"product_brand","embeddable":true,"href":"http:\/\/bestfitnessstore.com\/it\/wp-json\/wp\/v2\/product_brand?post=986"},{"taxonomy":"product_cat","embeddable":true,"href":"http:\/\/bestfitnessstore.com\/it\/wp-json\/wp\/v2\/product_cat?post=986"},{"taxonomy":"product_tag","embeddable":true,"href":"http:\/\/bestfitnessstore.com\/it\/wp-json\/wp\/v2\/product_tag?post=986"}],"curies":[{"name":"wp","href":"https:\/\/api.w.org\/{rel}","templated":true}]}}