{"id":647,"date":"2025-11-22T14:53:48","date_gmt":"2025-11-22T14:53:48","guid":{"rendered":"https:\/\/bestfitnessstore.com\/?post_type=product&#038;p=647"},"modified":"2025-11-22T14:53:48","modified_gmt":"2025-11-22T14:53:48","slug":"life-fitness-ic3-indoor-cycle","status":"publish","type":"product","link":"http:\/\/bestfitnessstore.com\/it\/product\/life-fitness-ic3-indoor-cycle\/","title":{"rendered":"Life Fitness IC3 Indoor Cycle"},"content":{"rendered":"<div class=\"product-attribute-container-desktop desktop-only\">\n<div class=\"additional-attributes-wrapper table-wrapper\">\n<h4>INFORMAZIONI SUL PRODOTTO<\/h4>\n<div class=\"attributes-container\">\n<ul class=\"product-attributes-container\">\n<li><span class=\"specification-title\">Peso della confezione (KG):\u00a0<\/span><span class=\"specification-data\">50.230000<\/span><\/li>\n<li><span class=\"specification-title\">Metodo di alimentazione:\u00a0<\/span><span class=\"specification-data\">Rete elettrica<\/span><\/li>\n<li><span class=\"specification-title\">Bluetooth:\u00a0<\/span><span class=\"specification-data\">S\u00ec<\/span><\/li>\n<li><span class=\"specification-title\">Regolazione del telaio:\u00a0<\/span><span class=\"specification-data\">Manubrio in alto e in basso, sella in avanti e all'indietro, sella in alto e in basso<\/span><\/li>\n<li><span class=\"specification-title\">Ruote di trasporto:\u00a0<\/span><span class=\"specification-data\">S\u00ec<\/span><\/li>\n<li><span class=\"specification-title\">Peso massimo dell'utente (kg):\u00a0<\/span><span class=\"specification-data\">150,00 (Kg)<\/span><\/li>\n<li><span class=\"specification-title\">Dimensioni della scatola (LxLxH):\u00a0<\/span><span class=\"specification-data\">126 x 26 x 97 cm<\/span><\/li>\n<\/ul>\n<ul class=\"product-attributes-container\">\n<li><span class=\"specification-title\">Peso del prodotto (KG):\u00a0<\/span><span class=\"specification-data\">44<\/span><\/li>\n<li><span class=\"specification-title\">Integrazione delle app:\u00a0<\/span><span class=\"specification-data\">ICG, Zwift<\/span><\/li>\n<li><span class=\"specification-title\">Pedali:\u00a0<\/span><span class=\"specification-data\">Clip SPD, gabbia per le dita dei piedi<\/span><\/li>\n<li><span class=\"specification-title\">Tipo di ciclo:\u00a0<\/span><span class=\"specification-data\">Pilota<\/span><\/li>\n<li><span class=\"specification-title\">Sistema di resistenza:\u00a0<\/span><span class=\"specification-data\">Magnetico<\/span><\/li>\n<li><span class=\"specification-title\">Dimensioni del prodotto (LxLxH):\u00a0<\/span><span class=\"specification-data\">123 x 53 x 108 cm<\/span><\/li>\n<\/ul>\n<\/div>\n<\/div>\n<\/div>\n<div class=\"product-features\">\n<h4>CARATTERISTICHE AGGIUNTIVE<\/h4>\n<div class=\"more-container\">\n<div class=\"unshow-text\">\n<ul class=\"product-features-container\">\n<li><span class=\"specification-title\">Misura di potenza:<\/span>\u00a0<span class=\"specification-data\">Misuratore di potenza WattRate\u00ae (EN ISO 20957-10)<\/span><\/li>\n<li><span class=\"specification-title\">Computer:<\/span>\u00a0<span class=\"specification-data\">Computer LCD WattRate<\/span><\/li>\n<li><span class=\"specification-title\">Alimentazione del computer:<\/span>\u00a0<span class=\"specification-data\">Due batterie D-cell<\/span><\/li>\n<li><span class=\"specification-title\">Guida all'intensit\u00e0 dell'allenamento:<\/span>\u00a0<span class=\"specification-data\">Coach By Color\u00ae (utente)<\/span><\/li>\n<li><span class=\"specification-title\">Tecnologia Connect:<\/span>\u00a0<span class=\"specification-data\">Bluetooth\u00ae e ANT+<\/span><\/li>\n<li><span class=\"specification-title\">Tracciamento dell'allenamento:<\/span>\u00a0<span class=\"specification-data\">App di formazione ICG\u00ae e Apple Watch<\/span><\/li>\n<li><span class=\"specification-title\">Trasferimento dei dati di allenamento:<\/span>\u00a0<span class=\"specification-data\">Strava, Garmin tramite l'App ICG\u00ae Training<\/span><\/li>\n<li><span class=\"specification-title\">Connettivit\u00e0 con app di terze parti:<\/span>\u00a0<span class=\"specification-data\">Zwift<\/span><\/li>\n<li><span class=\"specification-title\">Sistema di resistenza:<\/span>\u00a0<span class=\"specification-data\">Magnetico<\/span><\/li>\n<li><span class=\"specification-title\">Arresto di emergenza:<\/span>\u00a0<span class=\"specification-data\">Spinta (EN ISO 20957-10)<\/span><\/li>\n<li><span class=\"specification-title\">Volano:<\/span>\u00a0<span class=\"specification-data\">Anteriore, in alluminio, con peso uniforme<\/span><\/li>\n<li><span class=\"specification-title\">Trasmissione:<\/span>\u00a0<span class=\"specification-data\">Cinghia Poly-V<\/span><\/li>\n<li><span class=\"specification-title\">Rapporto di trasmissione:<\/span>\u00a0<span class=\"specification-data\">1;8<\/span><\/li>\n<li><span class=\"specification-title\">Colore del telaio:<\/span>\u00a0<span class=\"specification-data\">Nero carbone<\/span><\/li>\n<li><span class=\"specification-title\">Materiale del telaio:<\/span>\u00a0<span class=\"specification-data\">Acciaio<\/span><\/li>\n<li><span class=\"specification-title\">Protezioni:<\/span>\u00a0<span class=\"specification-data\">Trasmissione e resistenza<\/span><\/li>\n<li><span class=\"specification-title\">Design del telaio:<\/span>\u00a0<span class=\"specification-data\">Parallelo<\/span><\/li>\n<li><span class=\"specification-title\">Tipo di regolazione:<\/span>\u00a0<span class=\"specification-data\">Quadranti e leve<\/span><\/li>\n<li><span class=\"specification-title\">Post e cursori:<\/span>\u00a0<span class=\"specification-data\">Alluminio nero, regolazione a perno<\/span><\/li>\n<li><span class=\"specification-title\">Fattore Q:<\/span>\u00a0<span class=\"specification-data\">178 mm \/ 7,0\u201d<\/span><\/li>\n<li><span class=\"specification-title\">Tipo di manovella:<\/span>\u00a0<span class=\"specification-data\">CrMo 170 mm \/ 6,7\u201d<\/span><\/li>\n<li><span class=\"specification-title\">Tipo di pedale:<\/span>\u00a0<span class=\"specification-data\">SPD a doppia faccia e gabbia per le dita dei piedi<\/span><\/li>\n<li><span class=\"specification-title\">Manubrio:<\/span>\u00a0<span class=\"specification-data\">PVC morbido, multiposizione, formato Ergo.<\/span><\/li>\n<li><span class=\"specification-title\">Sella:<\/span>\u00a0<span class=\"specification-data\">Sella sportiva unisex imbottita<\/span><\/li>\n<li><span class=\"specification-title\">Piedi di livellamento:<\/span>\u00a0<span class=\"specification-data\">4<\/span><\/li>\n<\/ul>\n<\/div>\n<\/div>\n<\/div>\n<div class=\"product-warranty\">\n<h4>GARANZIA<\/h4>\n<div class=\"text-container\"><strong>Uso domestico e commerciale leggero\/pieno:<\/strong>\u00a05 anni per il telaio, 3 anni per parti di ricambio e manodopera, 6 mesi per gli articoli cosmetici.<\/div>\n<\/div>\n<div class=\"product-next-day\">\n<h4>CONSEGNA ESPRESSA<\/h4>\n<div class=\"text-container\">Per molti dei nostri prodotti sono disponibili opzioni di consegna espressa e a data prestabilita, il che significa che il prodotto verr\u00e0 consegnato gi\u00e0 domani o nella data prescelta che pi\u00f9 vi aggrada. Controllare le opzioni di consegna al momento del checkout per verificare la disponibilit\u00e0 per il proprio carrello e codice postale. Si applicano i termini di consegna.<\/div>\n<\/div>","protected":false},"excerpt":{"rendered":"<p>Caratterizzata da miglioramenti stilistici e funzionali rispetto al modello precedente, la Life Fitness IC3 Indoor Cycle \u00e8 un'aggiunta ideale alle sessioni di ciclismo di gruppo o in solitaria. Il computer LCD WattRate\u00ae \u00e8 dotato di uno schermo LCD completamente integrato con funzione di retroilluminazione permanente. Un indicatore LED situato sopra il display LCD offre all'utente la possibilit\u00e0 di utilizzare la funzione Coach By Color\u00ae. Con la funzione Coach By Color\u00ae, un indicatore sopra lo schermo cambia colore in modo che l'utente sappia esattamente quanto sta lavorando. Lo schermo visualizza una serie di dati preziosi sull'allenamento, come watt, frequenza cardiaca, giri al minuto, durata dell'esercizio e livello di resistenza. Il computer utilizza la sua tecnologia interna per inviare i dati della corsa a dispositivi esterni, applicazioni e ICG\u00ae Connect tramite Bluetooth\u2122 o ANT+. Grazie al misuratore di potenza WattRate\u00ae in dotazione, l'IC3 visualizza una misura precisa dello sforzo dell'utente in watt. Questa precisione \u00e8 ottenuta grazie alla tecnologia brevettata del volano in discesa e, durante la corsa, un sensore di posizionamento misura la resistenza applicata al sistema frenante magnetico. La resistenza viene regolata ruotando una manopola posizionata di fronte al ciclista. Il manubrio in PVC morbido ed ergonomico \u00e8 regolabile in altezza e comprende un doppio portaborraccia, mentre la sella sportiva unisex imbottita pu\u00f2 essere regolata sia in verticale che in orizzontale. Altre caratteristiche della IC3 sono la trasmissione a cinghia Poly-V, con un rapporto di trasmissione 1:8, un fattore Q di 178 mm, una pedivella in CrMo da 170 mm, pedali SPD e toe-cage a doppia faccia e uno stabile telaio in acciaio.<\/p>\n<div class=\"product-attribute-container-desktop desktop-only\">\n<div class=\"additional-attributes-wrapper table-wrapper\"><\/div>\n<\/div>","protected":false},"featured_media":648,"comment_status":"open","ping_status":"closed","template":"","meta":{"site-sidebar-layout":"default","site-content-layout":"","ast-site-content-layout":"default","site-content-style":"default","site-sidebar-style":"default","ast-global-header-display":"","ast-banner-title-visibility":"","ast-main-header-display":"","ast-hfb-above-header-display":"","ast-hfb-below-header-display":"","ast-hfb-mobile-header-display":"","site-post-title":"","ast-breadcrumbs-content":"","ast-featured-img":"","footer-sml-layout":"","theme-transparent-header-meta":"default","adv-header-id-meta":"","stick-header-meta":"","header-above-stick-meta":"","header-main-stick-meta":"","header-below-stick-meta":"","astra-migrate-meta-layouts":"set","ast-page-background-enabled":"default","ast-page-background-meta":{"desktop":{"background-color":"var(--ast-global-color-5)","background-image":"","background-repeat":"repeat","background-position":"center center","background-size":"auto","background-attachment":"scroll","background-type":"","background-media":"","overlay-type":"","overlay-color":"","overlay-opacity":"","overlay-gradient":""},"tablet":{"background-color":"","background-image":"","background-repeat":"repeat","background-position":"center center","background-size":"auto","background-attachment":"scroll","background-type":"","background-media":"","overlay-type":"","overlay-color":"","overlay-opacity":"","overlay-gradient":""},"mobile":{"background-color":"","background-image":"","background-repeat":"repeat","background-position":"center center","background-size":"auto","background-attachment":"scroll","background-type":"","background-media":"","overlay-type":"","overlay-color":"","overlay-opacity":"","overlay-gradient":""}},"ast-content-background-meta":{"desktop":{"background-color":"var(--ast-global-color-4)","background-image":"","background-repeat":"repeat","background-position":"center center","background-size":"auto","background-attachment":"scroll","background-type":"","background-media":"","overlay-type":"","overlay-color":"","overlay-opacity":"","overlay-gradient":""},"tablet":{"background-color":"var(--ast-global-color-4)","background-image":"","background-repeat":"repeat","background-position":"center center","background-size":"auto","background-attachment":"scroll","background-type":"","background-media":"","overlay-type":"","overlay-color":"","overlay-opacity":"","overlay-gradient":""},"mobile":{"background-color":"var(--ast-global-color-4)","background-image":"","background-repeat":"repeat","background-position":"center center","background-size":"auto","background-attachment":"scroll","background-type":"","background-media":"","overlay-type":"","overlay-color":"","overlay-opacity":"","overlay-gradient":""}}},"product_brand":[],"product_cat":[19],"product_tag":[22],"class_list":{"0":"post-647","1":"product","2":"type-product","3":"status-publish","4":"has-post-thumbnail","6":"product_cat-excise-bikes","7":"product_tag-exercise-bikes","8":"desktop-align-left","9":"tablet-align-left","10":"mobile-align-left","12":"first","13":"instock","14":"sale","15":"taxable","16":"shipping-taxable","17":"purchasable","18":"product-type-simple"},"_links":{"self":[{"href":"http:\/\/bestfitnessstore.com\/it\/wp-json\/wp\/v2\/product\/647","targetHints":{"allow":["GET"]}}],"collection":[{"href":"http:\/\/bestfitnessstore.com\/it\/wp-json\/wp\/v2\/product"}],"about":[{"href":"http:\/\/bestfitnessstore.com\/it\/wp-json\/wp\/v2\/types\/product"}],"replies":[{"embeddable":true,"href":"http:\/\/bestfitnessstore.com\/it\/wp-json\/wp\/v2\/comments?post=647"}],"wp:featuredmedia":[{"embeddable":true,"href":"http:\/\/bestfitnessstore.com\/it\/wp-json\/wp\/v2\/media\/648"}],"wp:attachment":[{"href":"http:\/\/bestfitnessstore.com\/it\/wp-json\/wp\/v2\/media?parent=647"}],"wp:term":[{"taxonomy":"product_brand","embeddable":true,"href":"http:\/\/bestfitnessstore.com\/it\/wp-json\/wp\/v2\/product_brand?post=647"},{"taxonomy":"product_cat","embeddable":true,"href":"http:\/\/bestfitnessstore.com\/it\/wp-json\/wp\/v2\/product_cat?post=647"},{"taxonomy":"product_tag","embeddable":true,"href":"http:\/\/bestfitnessstore.com\/it\/wp-json\/wp\/v2\/product_tag?post=647"}],"curies":[{"name":"wp","href":"https:\/\/api.w.org\/{rel}","templated":true}]}}