{"id":638,"date":"2025-11-22T14:44:16","date_gmt":"2025-11-22T14:44:16","guid":{"rendered":"https:\/\/bestfitnessstore.com\/?post_type=product&#038;p=638"},"modified":"2025-11-22T14:44:16","modified_gmt":"2025-11-22T14:44:16","slug":"life-fitness-club-series-recumbent-bike-con-console-sl","status":"publish","type":"product","link":"http:\/\/bestfitnessstore.com\/it\/product\/life-fitness-club-series-recumbent-bike-with-sl-console\/","title":{"rendered":"Life Fitness Club Series+ Recumbent Bike con console SL"},"content":{"rendered":"<div class=\"product-attribute-container-desktop desktop-only\">\n<div class=\"additional-attributes-wrapper table-wrapper\">\n<h4>INFORMAZIONI SUL PRODOTTO<\/h4>\n<div class=\"attributes-container\">\n<ul class=\"product-attributes-container\">\n<li><span class=\"specification-title\">Peso della confezione (KG):\u00a0<\/span><span class=\"specification-data\">95.000000<\/span><\/li>\n<li><span class=\"specification-title\">Metodo di alimentazione:\u00a0<\/span><span class=\"specification-data\">Autoalimentato<\/span><\/li>\n<li><span class=\"specification-title\">Bluetooth:\u00a0<\/span><span class=\"specification-data\">S\u00ec<\/span><\/li>\n<li><span class=\"specification-title\">Regolazione del telaio:\u00a0<\/span><span class=\"specification-data\">Sella in avanti e indietro<\/span><\/li>\n<li><span class=\"specification-title\">Ruote di trasporto:\u00a0<\/span><span class=\"specification-data\">S\u00ec<\/span><\/li>\n<li><span class=\"specification-title\">Peso massimo dell'utente (kg):\u00a0<\/span><span class=\"specification-data\">181,00 (Kg)<\/span><\/li>\n<li><span class=\"specification-title\">Dimensioni del prodotto (LxLxH):\u00a0<\/span><span class=\"specification-data\">170 x 66 x 131 cm<\/span><\/li>\n<\/ul>\n<ul class=\"product-attributes-container\">\n<li><span class=\"specification-title\">Peso del prodotto (KG):\u00a0<\/span><span class=\"specification-data\">97.50<\/span><\/li>\n<li><span class=\"specification-title\">Integrazione delle app:\u00a0<\/span><span class=\"specification-data\">Life Fitness Connect<\/span><\/li>\n<li><span class=\"specification-title\">Pedali:\u00a0<\/span><span class=\"specification-data\">Standard<\/span><\/li>\n<li><span class=\"specification-title\">Tipo di ciclo:\u00a0<\/span><span class=\"specification-data\">Reclinabile<\/span><\/li>\n<li><span class=\"specification-title\">Monitoraggio della frequenza cardiaca:\u00a0<\/span><span class=\"specification-data\">Sensori integrati e Bluetooth<\/span><\/li>\n<li><span class=\"specification-title\">Programmi integrati:\u00a0<\/span><span class=\"specification-data\">17<\/span><\/li>\n<\/ul>\n<\/div>\n<\/div>\n<\/div>\n<div class=\"product-features\">\n<h4>CARATTERISTICHE AGGIUNTIVE<\/h4>\n<div class=\"more-container\">\n<div class=\"unshow-text\">\n<ul class=\"product-features-container\">\n<li><span class=\"specification-title\">Sistema di azionamento del generatore:<\/span>\u00a0<span class=\"specification-data\">Silenzioso e praticamente esente da manutenzione<\/span><\/li>\n<li><span class=\"specification-title\">Resistenza:<\/span>\u00a0<span class=\"specification-data\">25 livelli<\/span><\/li>\n<li><span class=\"specification-title\">Console SL:<\/span>\u00a0<span class=\"specification-data\">Display a LED avanzato per un'esperienza di esercizio intuitiva<\/span><\/li>\n<li><span class=\"specification-title\">Feedback sul display:<\/span>\u00a0<span class=\"specification-data\">Numero di giri, velocit\u00e0, calorie, distanza, tempo rimanente, tempo trascorso, livello, watt e frequenza cardiaca.<\/span><\/li>\n<li><span class=\"specification-title\">Pedali:<\/span>\u00a0<span class=\"specification-data\">Pedali Wide Ride<\/span><\/li>\n<li><span class=\"specification-title\">Sedile Comfort Curve\u2122:<\/span>\u00a0<span class=\"specification-data\">Con 41 regolazioni di precisione<\/span><\/li>\n<li><span class=\"specification-title\">Nota bene:<\/span>\u00a0<span class=\"specification-data\">Il tempo di consegna attuale per questo articolo \u00e8 di circa 16 settimane.<\/span><\/li>\n<\/ul>\n<\/div>\n<\/div>\n<\/div>\n<div class=\"product-warranty\">\n<h4>GARANZIA<\/h4>\n<div class=\"text-container\"><strong>Uso domestico e commerciale leggero:<\/strong>\u00a03 anni di pezzi di ricambio e manodopera\/1 anno di pezzi di ricambio e manodopera o 1000 ore (a seconda di quale sia la prima scadenza)<\/div>\n<\/div>","protected":false},"excerpt":{"rendered":"<p>Parte della serie Club Series+ di Life Fitness, la Recumbent Bike \u00e8 progettata con i componenti di alta qualit\u00e0 e durata che ci si aspetta da questa gamma superiore. Realizzata pensando al comfort, la recumbent bike \u00e8 dotata di un sedile Comfort Curve Plus\u2122 con schienale e supporto lombare, nonch\u00e9 di una leva di regolazione avvolgente che consente di trovare facilmente la posizione di seduta pi\u00f9 comoda. Il sedile \u00e8 abbinato a una serie di pedali Wide Ride\u2122, che offrono un appoggio sicuro e migliorano ulteriormente il comfort della macchina. La console SL in dotazione offre un'esperienza di allenamento intuitiva unita al livello di connessione digitale che gli utenti si aspettano. Life Fitness ha incorporato i progressi nell'interazione con l'utente, come la tecnologia Apple GymKit e la connessione Bluetooth\u00ae, e li ha integrati nella piattaforma LED. La console offre 17 allenamenti totali integrati e visualizza RPM, velocit\u00e0, calorie, distanza, tempo rimanente, tempo trascorso, livello, watt e frequenza cardiaca. \u00c8 dotata di una porta USB per la ricarica del dispositivo o gli aggiornamenti del software, di un collegamento rapido alle cuffie e alle fasce cardio e di una connettivit\u00e0 perfetta con l'app Life Fitness Connect, scaricabile gratuitamente, e con l'Apple Watch\u00ae. Per un comodo monitoraggio della frequenza cardiaca, i sensori LifePulse\u2122 DSP (Digital Signal Processing) sono posizionati sul manubrio di facile presa, mentre la tecnologia Polar\u00ae offre un monitoraggio a mani libere con una fascia toracica. Altre caratteristiche della Club Series+ Recumbent Bike sono le ruote anteriori per una facile mobilit\u00e0, un sistema di trasmissione a generatore fluido, 25 livelli di resistenza e una finitura Titanium Storm. Nota bene: i tempi di consegna di questo articolo sono di circa 16 settimane.<\/p>\n<div class=\"product-attribute-container-desktop desktop-only\">\n<div class=\"additional-attributes-wrapper table-wrapper\"><\/div>\n<\/div>","protected":false},"featured_media":640,"comment_status":"open","ping_status":"closed","template":"","meta":{"site-sidebar-layout":"default","site-content-layout":"","ast-site-content-layout":"default","site-content-style":"default","site-sidebar-style":"default","ast-global-header-display":"","ast-banner-title-visibility":"","ast-main-header-display":"","ast-hfb-above-header-display":"","ast-hfb-below-header-display":"","ast-hfb-mobile-header-display":"","site-post-title":"","ast-breadcrumbs-content":"","ast-featured-img":"","footer-sml-layout":"","theme-transparent-header-meta":"default","adv-header-id-meta":"","stick-header-meta":"","header-above-stick-meta":"","header-main-stick-meta":"","header-below-stick-meta":"","astra-migrate-meta-layouts":"set","ast-page-background-enabled":"default","ast-page-background-meta":{"desktop":{"background-color":"var(--ast-global-color-5)","background-image":"","background-repeat":"repeat","background-position":"center center","background-size":"auto","background-attachment":"scroll","background-type":"","background-media":"","overlay-type":"","overlay-color":"","overlay-opacity":"","overlay-gradient":""},"tablet":{"background-color":"","background-image":"","background-repeat":"repeat","background-position":"center center","background-size":"auto","background-attachment":"scroll","background-type":"","background-media":"","overlay-type":"","overlay-color":"","overlay-opacity":"","overlay-gradient":""},"mobile":{"background-color":"","background-image":"","background-repeat":"repeat","background-position":"center center","background-size":"auto","background-attachment":"scroll","background-type":"","background-media":"","overlay-type":"","overlay-color":"","overlay-opacity":"","overlay-gradient":""}},"ast-content-background-meta":{"desktop":{"background-color":"var(--ast-global-color-4)","background-image":"","background-repeat":"repeat","background-position":"center center","background-size":"auto","background-attachment":"scroll","background-type":"","background-media":"","overlay-type":"","overlay-color":"","overlay-opacity":"","overlay-gradient":""},"tablet":{"background-color":"var(--ast-global-color-4)","background-image":"","background-repeat":"repeat","background-position":"center center","background-size":"auto","background-attachment":"scroll","background-type":"","background-media":"","overlay-type":"","overlay-color":"","overlay-opacity":"","overlay-gradient":""},"mobile":{"background-color":"var(--ast-global-color-4)","background-image":"","background-repeat":"repeat","background-position":"center center","background-size":"auto","background-attachment":"scroll","background-type":"","background-media":"","overlay-type":"","overlay-color":"","overlay-opacity":"","overlay-gradient":""}}},"product_brand":[],"product_cat":[19],"product_tag":[22],"class_list":{"0":"post-638","1":"product","2":"type-product","3":"status-publish","4":"has-post-thumbnail","6":"product_cat-excise-bikes","7":"product_tag-exercise-bikes","8":"desktop-align-left","9":"tablet-align-left","10":"mobile-align-left","12":"first","13":"instock","14":"sale","15":"taxable","16":"shipping-taxable","17":"purchasable","18":"product-type-simple"},"_links":{"self":[{"href":"http:\/\/bestfitnessstore.com\/it\/wp-json\/wp\/v2\/product\/638","targetHints":{"allow":["GET"]}}],"collection":[{"href":"http:\/\/bestfitnessstore.com\/it\/wp-json\/wp\/v2\/product"}],"about":[{"href":"http:\/\/bestfitnessstore.com\/it\/wp-json\/wp\/v2\/types\/product"}],"replies":[{"embeddable":true,"href":"http:\/\/bestfitnessstore.com\/it\/wp-json\/wp\/v2\/comments?post=638"}],"wp:featuredmedia":[{"embeddable":true,"href":"http:\/\/bestfitnessstore.com\/it\/wp-json\/wp\/v2\/media\/640"}],"wp:attachment":[{"href":"http:\/\/bestfitnessstore.com\/it\/wp-json\/wp\/v2\/media?parent=638"}],"wp:term":[{"taxonomy":"product_brand","embeddable":true,"href":"http:\/\/bestfitnessstore.com\/it\/wp-json\/wp\/v2\/product_brand?post=638"},{"taxonomy":"product_cat","embeddable":true,"href":"http:\/\/bestfitnessstore.com\/it\/wp-json\/wp\/v2\/product_cat?post=638"},{"taxonomy":"product_tag","embeddable":true,"href":"http:\/\/bestfitnessstore.com\/it\/wp-json\/wp\/v2\/product_tag?post=638"}],"curies":[{"name":"wp","href":"https:\/\/api.w.org\/{rel}","templated":true}]}}