{"id":594,"date":"2025-11-22T08:52:25","date_gmt":"2025-11-22T08:52:25","guid":{"rendered":"https:\/\/bestfitnessstore.com\/?post_type=product&#038;p=594"},"modified":"2025-11-22T08:52:25","modified_gmt":"2025-11-22T08:52:25","slug":"bowflex-ic-bike-sei","status":"publish","type":"product","link":"http:\/\/bestfitnessstore.com\/it\/product\/bowflex-ic-bike-sei\/","title":{"rendered":"Bowflex IC Bike SEi"},"content":{"rendered":"<div class=\"product-attribute-container-desktop desktop-only\">\n<div class=\"additional-attributes-wrapper table-wrapper\">\n<h4>INFORMAZIONI SUL PRODOTTO<\/h4>\n<div class=\"attributes-container\">\n<ul class=\"product-attributes-container\">\n<li><span class=\"specification-title\">Peso della confezione (KG):\u00a0<\/span><span class=\"specification-data\">66.400002<\/span><\/li>\n<li><span class=\"specification-title\">Metodo di alimentazione:\u00a0<\/span><span class=\"specification-data\">Rete elettrica<\/span><\/li>\n<li><span class=\"specification-title\">Supporto per tablet:\u00a0<\/span><span class=\"specification-data\">S\u00ec<\/span><\/li>\n<li><span class=\"specification-title\">Pedali:\u00a0<\/span><span class=\"specification-data\">Clip SPD, gabbia per le dita dei piedi<\/span><\/li>\n<li><span class=\"specification-title\">Tipo di ciclo:\u00a0<\/span><span class=\"specification-data\">Pilota<\/span><\/li>\n<li><span class=\"specification-title\">Sistema di resistenza:\u00a0<\/span><span class=\"specification-data\">Magnetico<\/span><\/li>\n<li><span class=\"specification-title\">Peso massimo dell'utente (kg):\u00a0<\/span><span class=\"specification-data\">150,00 (Kg)<\/span><\/li>\n<li><span class=\"specification-title\">Dimensioni della scatola (LxLxH):\u00a0<\/span><span class=\"specification-data\">111 x 25,10 x 88,90 cm<\/span><\/li>\n<\/ul>\n<ul class=\"product-attributes-container\">\n<li><span class=\"specification-title\">Peso del prodotto (KG):\u00a0<\/span><span class=\"specification-data\">61.40<\/span><\/li>\n<li><span class=\"specification-title\">Integrazione delle app:\u00a0<\/span><span class=\"specification-data\">JRNY, Peloton, Zwift<\/span><\/li>\n<li><span class=\"specification-title\">Bluetooth:\u00a0<\/span><span class=\"specification-data\">S\u00ec<\/span><\/li>\n<li><span class=\"specification-title\">Regolazione del telaio:\u00a0<\/span><span class=\"specification-data\">Manubrio avanti e indietro, manubrio su e gi\u00f9, sella avanti e indietro, sella su e gi\u00f9<\/span><\/li>\n<li><span class=\"specification-title\">Ruote di trasporto:\u00a0<\/span><span class=\"specification-data\">S\u00ec<\/span><\/li>\n<li><span class=\"specification-title\">Monitoraggio della frequenza cardiaca:\u00a0<\/span><span class=\"specification-data\">Bluetooth<\/span><\/li>\n<li><span class=\"specification-title\">Dimensioni del prodotto (LxLxH):\u00a0<\/span><span class=\"specification-data\">138,90 x 54,50 x 134,20 cm<\/span><\/li>\n<\/ul>\n<\/div>\n<\/div>\n<\/div>\n<div class=\"product-features\"><strong>CARATTERISTICHE AGGIUNTIVE<\/strong><\/p>\n<div class=\"more-container\">\n<div class=\"unshow-text\">\n<ul class=\"product-features-container\">\n<li><span class=\"specification-title\">Resistenza magnetica:<\/span>\u00a0<span class=\"specification-data\">100 livelli di resistenza<\/span><\/li>\n<li><span class=\"specification-title\">Display a colori da 7\u201d:<\/span>\u00a0<span class=\"specification-data\">Tenere traccia delle statistiche mentre si pedala<\/span><\/li>\n<li><span class=\"specification-title\">JRNY\u2122 Compatibile:<\/span>\u00a0<span class=\"specification-data\">Un'esperienza di fitness personalizzata che include coaching dinamico, video guidati dall'allenatore, premi e molto altro (numero limitato di allenamenti disponibili con un abbonamento gratuito. Sbloccate il pieno potenziale di JRNY con un abbonamento). L'applicazione mobile JRNY richiede Apple iOS 14.0 o successivo \/ Android 7.1 o successivo.<\/span><\/li>\n<li><span class=\"specification-title\">*Processo JRNY\u2122:<\/span>\u00a0<span class=\"specification-data\">Prova gratuita di 2 mesi per i nuovi membri. Offerta limitata ai nuovi soci JRNY e soggetta a modifiche senza preavviso. L'iscrizione a JRNY\u2122 si rinnova automaticamente ogni anno alla tariffa annuale in vigore, pi\u00f9 le tasse applicabili, a meno che non venga annullata almeno 48 ore prima della scadenza del periodo gratuito.<\/span><\/li>\n<li><span class=\"specification-title\">Applicazioni di terze parti:<\/span>\u00a0<span class=\"specification-data\">Mantenete aperte le vostre opzioni con la compatibilit\u00e0 con Peloton\u00ae e Zwift\u00ae (abbonamenti necessari)<\/span><\/li>\n<li><span class=\"specification-title\">Monitoraggio della frequenza cardiaca:<\/span>\u00a0<span class=\"specification-data\">Sincronizzazione della fascia cardio Bluetooth\u00ae (non inclusa)<\/span><\/li>\n<li><span class=\"specification-title\">Sedile e manubrio:<\/span>\u00a0<span class=\"specification-data\">Gamma di impostazioni ampliata per un posizionamento ottimale<\/span><\/li>\n<li><span class=\"specification-title\">Pedali a doppia faccia:<\/span>\u00a0<span class=\"specification-data\">Utilizzare le clip SPD\u00ae o le gabbie per le dita dei piedi<\/span><\/li>\n<li><span class=\"specification-title\">Culle per manubri:<\/span>\u00a0<span class=\"specification-data\">Facile accesso a manubri da 1,5 kg (manubri inclusi)<\/span><\/li>\n<li><span class=\"specification-title\">Supporto per borraccia:<\/span>\u00a0<span class=\"specification-data\">Mantenetevi idratati mentre pedalate<\/span><\/li>\n<li><span class=\"specification-title\">Nota bene:<\/span>\u00a0<span class=\"specification-data\">Tablet non incluso<\/span><\/li>\n<\/ul>\n<\/div>\n<\/div>\n<\/div>\n<div class=\"product-warranty\">\n<h4>GARANZIA<\/h4>\n<div class=\"text-container\"><strong>Uso domestico e commerciale leggero:<\/strong>\u00a0Uso domestico - 2 anni, Uso commerciale leggero - 12 mesi. Per ambiente commerciale leggero si intende uno studio di personal training, un centro di riabilitazione, una palestra aziendale o simili con meno di 3 ore di utilizzo al giorno. Non sono compresi gli ambienti con membri paganti.<\/div>\n<\/div>\n<div class=\"product-next-day\">\n<h4>ss<\/h4>\n<div class=\"text-container\">Per molti dei nostri prodotti sono disponibili opzioni di consegna espressa e a data prestabilita, il che significa che il prodotto verr\u00e0 consegnato gi\u00e0 domani o nella data prescelta che pi\u00f9 vi aggrada. Controllare le opzioni di consegna al momento del checkout per verificare la disponibilit\u00e0 per il proprio carrello e codice postale. Si applicano i termini di consegna.<\/div>\n<\/div>","protected":false},"excerpt":{"rendered":"<p>La BowFlex IC Bike SEi offre un'esperienza cardio connessa di qualit\u00e0 superiore, direttamente a casa vostra. Sentitevi pi\u00f9 forti grazie ai 100 livelli di resistenza magnetica, con una manopola in primo piano per cambiare rapidamente la resistenza a met\u00e0 corsa. Un'ampia gamma di regolazioni del sedile e del manubrio vi permette di trovare la vestibilit\u00e0 pi\u00f9 adatta a voi, mentre i pedali a due lati consentono di utilizzare le clip SPD\u00ae o le gabbie per le dita dei piedi, a seconda delle vostre calzature. Il display da 7\u201d consente di tenere sotto controllo le statistiche a colori, mostrando tempo, distanza, velocit\u00e0 e altro ancora, con un supporto imbottito per il telefono o il tablet. L'IC Bike SEi ha accesso a una libreria di allenamenti essenziali e gratuiti sull'app JRNY\u2122 fin dall'inizio. Sfruttate tutto il potenziale di JRNY\u2122 con un abbonamento Mobile-Only (prova gratuita di 2 mesi per i nuovi iscritti*) e sperimentate gli allenamenti adattivi in studio, le lezioni guidate dall'allenatore, i percorsi Explore the World\u00ae, il monitoraggio delle prestazioni e gli allenamenti per tutto il corpo sia sulla bici che fuori (sono inclusi un paio di manubri da 1,5 kg). Con IC Bike SEi non ci si limita a un'unica applicazione: si pu\u00f2 pedalare anche con altre applicazioni ciclistiche popolari come Peloton\u00ae e Zwift\u00ae (\u00e8 necessario un abbonamento). \u00c8 anche possibile collegare la fascia cardio Bluetooth\u00ae per monitorare le pulsazioni durante la pedalata. La IC Bike SEi vanta anche una precisione in watt di Classe A, ruote di trasporto integrate e supporti integrati per la borraccia e i manubri.<\/p>\n<div class=\"product-attribute-container-desktop desktop-only\">\n<div class=\"additional-attributes-wrapper table-wrapper\"><\/div>\n<\/div>","protected":false},"featured_media":596,"comment_status":"open","ping_status":"closed","template":"","meta":{"site-sidebar-layout":"default","site-content-layout":"","ast-site-content-layout":"default","site-content-style":"default","site-sidebar-style":"default","ast-global-header-display":"","ast-banner-title-visibility":"","ast-main-header-display":"","ast-hfb-above-header-display":"","ast-hfb-below-header-display":"","ast-hfb-mobile-header-display":"","site-post-title":"","ast-breadcrumbs-content":"","ast-featured-img":"","footer-sml-layout":"","theme-transparent-header-meta":"default","adv-header-id-meta":"","stick-header-meta":"","header-above-stick-meta":"","header-main-stick-meta":"","header-below-stick-meta":"","astra-migrate-meta-layouts":"set","ast-page-background-enabled":"default","ast-page-background-meta":{"desktop":{"background-color":"var(--ast-global-color-5)","background-image":"","background-repeat":"repeat","background-position":"center center","background-size":"auto","background-attachment":"scroll","background-type":"","background-media":"","overlay-type":"","overlay-color":"","overlay-opacity":"","overlay-gradient":""},"tablet":{"background-color":"","background-image":"","background-repeat":"repeat","background-position":"center center","background-size":"auto","background-attachment":"scroll","background-type":"","background-media":"","overlay-type":"","overlay-color":"","overlay-opacity":"","overlay-gradient":""},"mobile":{"background-color":"","background-image":"","background-repeat":"repeat","background-position":"center center","background-size":"auto","background-attachment":"scroll","background-type":"","background-media":"","overlay-type":"","overlay-color":"","overlay-opacity":"","overlay-gradient":""}},"ast-content-background-meta":{"desktop":{"background-color":"var(--ast-global-color-4)","background-image":"","background-repeat":"repeat","background-position":"center center","background-size":"auto","background-attachment":"scroll","background-type":"","background-media":"","overlay-type":"","overlay-color":"","overlay-opacity":"","overlay-gradient":""},"tablet":{"background-color":"var(--ast-global-color-4)","background-image":"","background-repeat":"repeat","background-position":"center center","background-size":"auto","background-attachment":"scroll","background-type":"","background-media":"","overlay-type":"","overlay-color":"","overlay-opacity":"","overlay-gradient":""},"mobile":{"background-color":"var(--ast-global-color-4)","background-image":"","background-repeat":"repeat","background-position":"center center","background-size":"auto","background-attachment":"scroll","background-type":"","background-media":"","overlay-type":"","overlay-color":"","overlay-opacity":"","overlay-gradient":""}}},"product_brand":[],"product_cat":[19],"product_tag":[26],"class_list":{"0":"post-594","1":"product","2":"type-product","3":"status-publish","4":"has-post-thumbnail","6":"product_cat-excise-bikes","7":"product_tag-express","8":"desktop-align-left","9":"tablet-align-left","10":"mobile-align-left","12":"first","13":"instock","14":"sale","15":"taxable","16":"shipping-taxable","17":"purchasable","18":"product-type-simple"},"_links":{"self":[{"href":"http:\/\/bestfitnessstore.com\/it\/wp-json\/wp\/v2\/product\/594","targetHints":{"allow":["GET"]}}],"collection":[{"href":"http:\/\/bestfitnessstore.com\/it\/wp-json\/wp\/v2\/product"}],"about":[{"href":"http:\/\/bestfitnessstore.com\/it\/wp-json\/wp\/v2\/types\/product"}],"replies":[{"embeddable":true,"href":"http:\/\/bestfitnessstore.com\/it\/wp-json\/wp\/v2\/comments?post=594"}],"wp:featuredmedia":[{"embeddable":true,"href":"http:\/\/bestfitnessstore.com\/it\/wp-json\/wp\/v2\/media\/596"}],"wp:attachment":[{"href":"http:\/\/bestfitnessstore.com\/it\/wp-json\/wp\/v2\/media?parent=594"}],"wp:term":[{"taxonomy":"product_brand","embeddable":true,"href":"http:\/\/bestfitnessstore.com\/it\/wp-json\/wp\/v2\/product_brand?post=594"},{"taxonomy":"product_cat","embeddable":true,"href":"http:\/\/bestfitnessstore.com\/it\/wp-json\/wp\/v2\/product_cat?post=594"},{"taxonomy":"product_tag","embeddable":true,"href":"http:\/\/bestfitnessstore.com\/it\/wp-json\/wp\/v2\/product_tag?post=594"}],"curies":[{"name":"wp","href":"https:\/\/api.w.org\/{rel}","templated":true}]}}