{"id":549,"date":"2025-11-17T12:43:02","date_gmt":"2025-11-17T12:43:02","guid":{"rendered":"https:\/\/bestfitnessstore.com\/?post_type=product&#038;p=549"},"modified":"2025-11-17T12:43:02","modified_gmt":"2025-11-17T12:43:02","slug":"bh-fitness-exercycle-smart-bike-2","status":"publish","type":"product","link":"http:\/\/bestfitnessstore.com\/it\/product\/bh-fitness-exercycle-smart-bike-2\/","title":{"rendered":"BH Fitness Exercycle Smart Bike"},"content":{"rendered":"<div class=\"product-attribute-container-desktop desktop-only\">\n<div class=\"additional-attributes-wrapper table-wrapper\">\n<h4>INFORMAZIONI SUL PRODOTTO<\/h4>\n<div class=\"attributes-container\">\n<ul class=\"product-attributes-container\">\n<li><span class=\"specification-title\">Peso della confezione (KG):\u00a0<\/span><span class=\"specification-data\">53.500000<\/span><\/li>\n<li><span class=\"specification-title\">Metodo di alimentazione:\u00a0<\/span><span class=\"specification-data\">Rete elettrica<\/span><\/li>\n<li><span class=\"specification-title\">Supporto per tablet:\u00a0<\/span><span class=\"specification-data\">S\u00ec<\/span><\/li>\n<li><span class=\"specification-title\">Pedali:\u00a0<\/span><span class=\"specification-data\">Clip SPD, gabbia per le dita dei piedi<\/span><\/li>\n<li><span class=\"specification-title\">Tipo di ciclo:\u00a0<\/span><span class=\"specification-data\">Pilota<\/span><\/li>\n<li><span class=\"specification-title\">Sistema di resistenza:\u00a0<\/span><span class=\"specification-data\">Magnetico<\/span><\/li>\n<li><span class=\"specification-title\">Peso massimo dell'utente (kg):\u00a0<\/span><span class=\"specification-data\">150,00 (Kg)<\/span><\/li>\n<li><span class=\"specification-title\">Dimensioni della scatola (LxLxH):\u00a0<\/span><span class=\"specification-data\">115 x 89 x 23 cm<\/span><\/li>\n<\/ul>\n<ul class=\"product-attributes-container\">\n<li><span class=\"specification-title\">Peso del prodotto (KG):\u00a0<\/span><span class=\"specification-data\">48.60<\/span><\/li>\n<li><span class=\"specification-title\">Integrazione delle app:\u00a0<\/span><span class=\"specification-data\">KinoMap, Rouvy, Zwift<\/span><\/li>\n<li><span class=\"specification-title\">Bluetooth:\u00a0<\/span><span class=\"specification-data\">S\u00ec<\/span><\/li>\n<li><span class=\"specification-title\">Regolazione del telaio:\u00a0<\/span><span class=\"specification-data\">Manubrio su e gi\u00f9, sella su e gi\u00f9<\/span><\/li>\n<li><span class=\"specification-title\">Ruote di trasporto:\u00a0<\/span><span class=\"specification-data\">S\u00ec<\/span><\/li>\n<li><span class=\"specification-title\">Peso del volano (KG):\u00a0<\/span><span class=\"specification-data\">11<\/span><\/li>\n<li><span class=\"specification-title\">Dimensioni del prodotto (LxLxH):\u00a0<\/span><span class=\"specification-data\">144 x 61 x 136 cm<\/span><\/li>\n<\/ul>\n<\/div>\n<\/div>\n<\/div>\n<div class=\"product-features\">\n<h4>CARATTERISTICHE AGGIUNTIVE<\/h4>\n<div class=\"more-container\">\n<div class=\"unshow-text\">\n<ul class=\"product-features-container\">\n<li><span class=\"specification-title\">Volano:<\/span>\u00a0<span class=\"specification-data\">11 kg EMS<\/span><\/li>\n<li><span class=\"specification-title\">Sistema di resistenza:<\/span>\u00a0<span class=\"specification-data\">SGA elettromagnetico<\/span><\/li>\n<li><span class=\"specification-title\">Livelli di resistenza:<\/span>\u00a0<span class=\"specification-data\">24<\/span><\/li>\n<li><span class=\"specification-title\">Gradiente:<\/span>\u00a0<span class=\"specification-data\">0 - 25%<\/span><\/li>\n<li><span class=\"specification-title\">Watt massimi:<\/span>\u00a0<span class=\"specification-data\">1500W reali (Watt ottenuti in sviluppi realistici)<\/span><\/li>\n<li><span class=\"specification-title\">Trasmissione:<\/span>\u00a0<span class=\"specification-data\">Cinghia per impieghi gravosi con tenditore automatico<\/span><\/li>\n<li><span class=\"specification-title\">Applicazioni compatibili:<\/span>\u00a0<span class=\"specification-data\">Zwift, Kinomap, Rouvy, Bkool<\/span><\/li>\n<li><span class=\"specification-title\">Fattore Q:<\/span>\u00a0<span class=\"specification-data\">152 mm<\/span><\/li>\n<li><span class=\"specification-title\">Larghezza del manubrio:<\/span>\u00a0<span class=\"specification-data\">42 cm<\/span><\/li>\n<li><span class=\"specification-title\">Regolazione della potenza:<\/span>\u00a0<span class=\"specification-data\">2 posizioni<\/span><\/li>\n<li><span class=\"specification-title\">Cambio:<\/span>\u00a0<span class=\"specification-data\">Cambio sequenziale elettronico su leva e monitor<\/span><\/li>\n<li><span class=\"specification-title\">Sella:<\/span>\u00a0<span class=\"specification-data\">BH ergo-g ng afm cromo (intercambiabile)<\/span><\/li>\n<li><span class=\"specification-title\">Pedali:<\/span>\u00a0<span class=\"specification-data\">Wellgo wpd 981 misto (intercambiabile)<\/span><\/li>\n<li><span class=\"specification-title\">Ruote di trasporto:<\/span>\u00a0<span class=\"specification-data\">Rulli<\/span><\/li>\n<li><span class=\"specification-title\">Supporto per tablet\/mobile:<\/span>\u00a0<span class=\"specification-data\">Fino a 12,9\u201d<\/span><\/li>\n<li><span class=\"specification-title\">Dimensioni del prodotto (LxLxH):<\/span>\u00a0<span class=\"specification-data\">140-144 x 61 x 114-136 cm<\/span><\/li>\n<li><span class=\"specification-title\">Peso del prodotto:<\/span>\u00a0<span class=\"specification-data\">48,6 kg<\/span><\/li>\n<li><span class=\"specification-title\">Peso massimo dell'utente:<\/span>\u00a0<span class=\"specification-data\">150 kg<\/span><\/li>\n<\/ul>\n<\/div>\n<\/div>\n<\/div>\n<div class=\"product-warranty\">\n<h4>GARANZIA<\/h4>\n<div class=\"text-container\"><strong>Uso domestico:<\/strong>\u00a02 anni di ricambi e manodopera<\/div>\n<\/div>\n<div class=\"product-attribute-container-desktop desktop-only\">\n<div class=\"additional-attributes-wrapper table-wrapper\"><\/div>\n<\/div>","protected":false},"excerpt":{"rendered":"<p>Frutto della collaborazione tra i team di ricerca e sviluppo di BH Fitness e BH Bikes, la Smart Bike Exercycle di BH Fitness \u00e8 costruita per soddisfare le esigenze di allenamento domestico degli appassionati di bici da strada. Con una struttura a V, la Exercycle \u00e8 progettata per adattarsi alle taglie dalla S alla XL, garantendo il massimo livello di prestazioni e comfort durante le uscite. L'Exercycle ha un fattore Q di 152 mm, che consente di posizionare le gambe durante la pedalata come su una bicicletta da strada, permettendo all'utente di generare la massima forza ad ogni pedalata. Il sistema di resistenza elettromagnetica (EMS) consente una regolazione dell'intensit\u00e0 molto precisa, progressiva e immediata, con spostamento del manubrio per passare da un livello di resistenza all'altro senza dover cambiare postura. L'Exercycle \u00e8 dotato di una console LCD che offre quattro schermate: valori istantanei, valori percentuali, valori medi e valori massimi. \u00c8 dotato di un test FTP per calcolare la soglia di watt e di un ricevitore di impulsi telemetrici Polar a 5KHz. L'Exercycle offre la pi\u00f9 recente tecnologia di connettivit\u00e0, che consente di competere con i propri compagni di squadra utilizzando diverse applicazioni di simulazione ciclistica. Ci\u00f2 \u00e8 possibile grazie al modulo Bluetooth FTMS integrato nella console della bicicletta, che consente la piena compatibilit\u00e0 con le applicazioni leader del settore come Zwift, Kinomap e Bkool. Si prega di notare che il tablet mostrato nelle immagini non \u00e8 incluso.<\/p>\n<div class=\"product-attribute-container-desktop desktop-only\">\n<div class=\"additional-attributes-wrapper table-wrapper\"><\/div>\n<\/div>","protected":false},"featured_media":551,"comment_status":"open","ping_status":"closed","template":"","meta":{"site-sidebar-layout":"default","site-content-layout":"","ast-site-content-layout":"default","site-content-style":"default","site-sidebar-style":"default","ast-global-header-display":"","ast-banner-title-visibility":"","ast-main-header-display":"","ast-hfb-above-header-display":"","ast-hfb-below-header-display":"","ast-hfb-mobile-header-display":"","site-post-title":"","ast-breadcrumbs-content":"","ast-featured-img":"","footer-sml-layout":"","theme-transparent-header-meta":"default","adv-header-id-meta":"","stick-header-meta":"","header-above-stick-meta":"","header-main-stick-meta":"","header-below-stick-meta":"","astra-migrate-meta-layouts":"set","ast-page-background-enabled":"default","ast-page-background-meta":{"desktop":{"background-color":"var(--ast-global-color-5)","background-image":"","background-repeat":"repeat","background-position":"center center","background-size":"auto","background-attachment":"scroll","background-type":"","background-media":"","overlay-type":"","overlay-color":"","overlay-opacity":"","overlay-gradient":""},"tablet":{"background-color":"","background-image":"","background-repeat":"repeat","background-position":"center center","background-size":"auto","background-attachment":"scroll","background-type":"","background-media":"","overlay-type":"","overlay-color":"","overlay-opacity":"","overlay-gradient":""},"mobile":{"background-color":"","background-image":"","background-repeat":"repeat","background-position":"center center","background-size":"auto","background-attachment":"scroll","background-type":"","background-media":"","overlay-type":"","overlay-color":"","overlay-opacity":"","overlay-gradient":""}},"ast-content-background-meta":{"desktop":{"background-color":"var(--ast-global-color-4)","background-image":"","background-repeat":"repeat","background-position":"center center","background-size":"auto","background-attachment":"scroll","background-type":"","background-media":"","overlay-type":"","overlay-color":"","overlay-opacity":"","overlay-gradient":""},"tablet":{"background-color":"var(--ast-global-color-4)","background-image":"","background-repeat":"repeat","background-position":"center center","background-size":"auto","background-attachment":"scroll","background-type":"","background-media":"","overlay-type":"","overlay-color":"","overlay-opacity":"","overlay-gradient":""},"mobile":{"background-color":"var(--ast-global-color-4)","background-image":"","background-repeat":"repeat","background-position":"center center","background-size":"auto","background-attachment":"scroll","background-type":"","background-media":"","overlay-type":"","overlay-color":"","overlay-opacity":"","overlay-gradient":""}}},"product_brand":[],"product_cat":[18],"product_tag":[23],"class_list":{"0":"post-549","1":"product","2":"type-product","3":"status-publish","4":"has-post-thumbnail","6":"product_cat-cross-trainers","7":"product_tag-cross-trainers","8":"desktop-align-left","9":"tablet-align-left","10":"mobile-align-left","12":"first","13":"instock","14":"sale","15":"taxable","16":"shipping-taxable","17":"purchasable","18":"product-type-simple"},"_links":{"self":[{"href":"http:\/\/bestfitnessstore.com\/it\/wp-json\/wp\/v2\/product\/549","targetHints":{"allow":["GET"]}}],"collection":[{"href":"http:\/\/bestfitnessstore.com\/it\/wp-json\/wp\/v2\/product"}],"about":[{"href":"http:\/\/bestfitnessstore.com\/it\/wp-json\/wp\/v2\/types\/product"}],"replies":[{"embeddable":true,"href":"http:\/\/bestfitnessstore.com\/it\/wp-json\/wp\/v2\/comments?post=549"}],"wp:featuredmedia":[{"embeddable":true,"href":"http:\/\/bestfitnessstore.com\/it\/wp-json\/wp\/v2\/media\/551"}],"wp:attachment":[{"href":"http:\/\/bestfitnessstore.com\/it\/wp-json\/wp\/v2\/media?parent=549"}],"wp:term":[{"taxonomy":"product_brand","embeddable":true,"href":"http:\/\/bestfitnessstore.com\/it\/wp-json\/wp\/v2\/product_brand?post=549"},{"taxonomy":"product_cat","embeddable":true,"href":"http:\/\/bestfitnessstore.com\/it\/wp-json\/wp\/v2\/product_cat?post=549"},{"taxonomy":"product_tag","embeddable":true,"href":"http:\/\/bestfitnessstore.com\/it\/wp-json\/wp\/v2\/product_tag?post=549"}],"curies":[{"name":"wp","href":"https:\/\/api.w.org\/{rel}","templated":true}]}}