{"id":533,"date":"2025-11-17T05:28:21","date_gmt":"2025-11-17T05:28:21","guid":{"rendered":"https:\/\/bestfitnessstore.com\/?post_type=product&#038;p=533"},"modified":"2025-11-17T05:28:21","modified_gmt":"2025-11-17T05:28:21","slug":"ellittica-commerciale-leggera-sole-e98","status":"publish","type":"product","link":"http:\/\/bestfitnessstore.com\/it\/product\/sole-e98-light-commercial-elliptical\/","title":{"rendered":"Ellittica commerciale leggera Sole E98"},"content":{"rendered":"<div class=\"product-attribute-container-desktop desktop-only\">\n<div class=\"additional-attributes-wrapper table-wrapper\">\n<h4>INFORMAZIONI SUL PRODOTTO<\/h4>\n<div class=\"attributes-container\">\n<ul class=\"product-attributes-container\">\n<li><span class=\"specification-title\">Peso della confezione (KG):\u00a0<\/span><span class=\"specification-data\">125.000000<\/span><\/li>\n<li><span class=\"specification-title\">Metodo di alimentazione:\u00a0<\/span><span class=\"specification-data\">Rete elettrica<\/span><\/li>\n<li><span class=\"specification-title\">Supporto per tablet:\u00a0<\/span><span class=\"specification-data\">S\u00ec<\/span><\/li>\n<li><span class=\"specification-title\">Ruote di trasporto:\u00a0<\/span><span class=\"specification-data\">S\u00ec<\/span><\/li>\n<li><span class=\"specification-title\">Peso del volano (KG):\u00a0<\/span><span class=\"specification-data\">15<\/span><\/li>\n<li><span class=\"specification-title\">Peso massimo dell'utente (kg):\u00a0<\/span><span class=\"specification-data\">180,00 (Kg)<\/span><\/li>\n<li><span class=\"specification-title\">Dimensioni del prodotto (LxLxH):\u00a0<\/span><span class=\"specification-data\">210 x 86 x 177 cm<\/span><\/li>\n<\/ul>\n<ul class=\"product-attributes-container\">\n<li><span class=\"specification-title\">Peso del prodotto (KG):\u00a0<\/span><span class=\"specification-data\">112<\/span><\/li>\n<li><span class=\"specification-title\">Integrazione delle app:\u00a0<\/span><span class=\"specification-data\">Sole+, Zwift<\/span><\/li>\n<li><span class=\"specification-title\">Bluetooth:\u00a0<\/span><span class=\"specification-data\">S\u00ec<\/span><\/li>\n<li><span class=\"specification-title\">Posizione del volano:\u00a0<\/span><span class=\"specification-data\">Anteriore<\/span><\/li>\n<li><span class=\"specification-title\">Monitoraggio della frequenza cardiaca:\u00a0<\/span><span class=\"specification-data\">Sensori integrati e Bluetooth<\/span><\/li>\n<li><span class=\"specification-title\">Programmi integrati:\u00a0<\/span><span class=\"specification-data\">Manuale, 5 programmi standard, Fitness Test, 2 HRC, Programmi personalizzati sono disponibili e salvati come programmi modello fino a 12.<\/span><\/li>\n<li><span class=\"specification-title\">Dimensioni della scatola (LxLxH):\u00a0<\/span><span class=\"specification-data\">168 x 44,50 x 85,50 cm<\/span><\/li>\n<\/ul>\n<\/div>\n<\/div>\n<\/div>\n<div class=\"product-features\">\n<h4>CARATTERISTICHE AGGIUNTIVE<\/h4>\n<div class=\"more-container\">\n<div class=\"unshow-text\">\n<ul class=\"product-features-container\">\n<li><span class=\"specification-title\">Fonte di alimentazione:<\/span>\u00a0<span class=\"specification-data\">AC120V\/60HZ; AC230V\/50HZ<\/span><\/li>\n<li><span class=\"specification-title\">Sistema di trasmissione:<\/span>\u00a0<span class=\"specification-data\">Trazione anteriore<\/span><\/li>\n<li><span class=\"specification-title\">Livelli di resistenza:<\/span>\u00a0<span class=\"specification-data\">1-40<\/span><\/li>\n<li><span class=\"specification-title\">Livelli di inclinazione:<\/span>\u00a0<span class=\"specification-data\">1-20<\/span><\/li>\n<li><span class=\"specification-title\">Manubrio:<\/span>\u00a0<span class=\"specification-data\">Impugnatura multiposizione con controlli di resistenza e inclinazione<\/span><\/li>\n<li><span class=\"specification-title\">Pedali:<\/span>\u00a0<span class=\"specification-data\">Pedaliera standard<\/span><\/li>\n<li><span class=\"specification-title\">Traccia:<\/span>\u00a0<span class=\"specification-data\">Doppio; pista lunga<\/span><\/li>\n<li><span class=\"specification-title\">Impulso della mano:<\/span>\u00a0<span class=\"specification-data\">Sensori integrati nel manubrio (Salutron)<\/span><\/li>\n<li><span class=\"specification-title\">Console:<\/span>\u00a0<span class=\"specification-data\">Schermo tattile da 13,3 pollici<\/span><\/li>\n<li><span class=\"specification-title\">Connessione WiFi:<\/span>\u00a0<span class=\"specification-data\">Disponibile<\/span><\/li>\n<\/ul>\n<\/div>\n<\/div>\n<\/div>\n<div class=\"product-warranty\">\n<h4>GARANZIA<\/h4>\n<div class=\"text-container\"><strong>Uso domestico e commerciale leggero:<\/strong>\u00a0Casa 10 anni di motore, 5 anni di ricambi, 3 anni di manodopera \/ Commerciale leggero 12 mesi - valido per un massimo di 3 ore al giorno per 12 mesi. Fino a 3 ore di utilizzo al giorno in un ambiente domestico o commerciale leggero adeguato. I luoghi con cemento umido e non sigillato o le aree con flusso d'aria costante verso l'esterno non sono considerati idonei. In caso contrario, la garanzia sar\u00e0 annullata.<\/div>\n<div><\/div>\n<\/div>\n<div class=\"product-next-day\">\n<h4>CONSEGNA ESPRESSA<\/h4>\n<div class=\"text-container\">Per molti dei nostri prodotti sono disponibili opzioni di consegna espressa e a data prestabilita, il che significa che il prodotto verr\u00e0 consegnato gi\u00e0 domani o nella data prescelta che pi\u00f9 vi aggrada. Controllare le opzioni di consegna al momento del checkout per verificare la disponibilit\u00e0 per il proprio carrello e codice postale. Si applicano i termini di consegna.<\/div>\n<\/div>","protected":false},"excerpt":{"rendered":"<p>L'ellisse ultra-liscio del SOLE E98 Elliptical Cross Trainer deriva dai pedali articolati posizionati ergonomicamente, con un'inclinazione unica di 2 gradi verso l'interno per una posizione ideale. Il sistema di trazione anteriore, il doppio binario da 50,8 cm (20\u201d) e il volano bilanciato di precisione da 15 kg migliorano ulteriormente l'esperienza cardio. Aumentate l'intensit\u00e0 del vostro allenamento con i comandi integrati sul manubrio multi-grip per regolare la resistenza (40 livelli) e l'inclinazione (20 livelli) mentre camminate. Un set separato di maniglie statiche ospita sensori di pulsazioni per un facile monitoraggio della frequenza cardiaca, oppure \u00e8 possibile utilizzare il ricevitore BLE e 5KHz integrato. L'ampia console touchscreen da 13,3\u201d di livello commerciale consente una facile navigazione tra i programmi di allenamento e le app integrate. La console \u00e8 dotata di un'area di ricarica wireless integrata, di un supporto per il dispositivo sopra lo schermo, di ventole di raffreddamento e di altoparlanti Bluetooth\u00ae. Grazie al Bluetooth\u00ae 5.0 con protocollo FTMS, \u00e8 possibile connettersi alle principali app come Zwift, Strava, Apple Health Kit e altro ancora tramite l'app SOLE+.<\/p>\n<div class=\"product-attribute-container-desktop desktop-only\">\n<div class=\"additional-attributes-wrapper table-wrapper\"><\/div>\n<\/div>","protected":false},"featured_media":534,"comment_status":"open","ping_status":"closed","template":"","meta":{"site-sidebar-layout":"default","site-content-layout":"","ast-site-content-layout":"default","site-content-style":"default","site-sidebar-style":"default","ast-global-header-display":"","ast-banner-title-visibility":"","ast-main-header-display":"","ast-hfb-above-header-display":"","ast-hfb-below-header-display":"","ast-hfb-mobile-header-display":"","site-post-title":"","ast-breadcrumbs-content":"","ast-featured-img":"","footer-sml-layout":"","theme-transparent-header-meta":"default","adv-header-id-meta":"","stick-header-meta":"","header-above-stick-meta":"","header-main-stick-meta":"","header-below-stick-meta":"","astra-migrate-meta-layouts":"set","ast-page-background-enabled":"default","ast-page-background-meta":{"desktop":{"background-color":"var(--ast-global-color-5)","background-image":"","background-repeat":"repeat","background-position":"center center","background-size":"auto","background-attachment":"scroll","background-type":"","background-media":"","overlay-type":"","overlay-color":"","overlay-opacity":"","overlay-gradient":""},"tablet":{"background-color":"","background-image":"","background-repeat":"repeat","background-position":"center center","background-size":"auto","background-attachment":"scroll","background-type":"","background-media":"","overlay-type":"","overlay-color":"","overlay-opacity":"","overlay-gradient":""},"mobile":{"background-color":"","background-image":"","background-repeat":"repeat","background-position":"center center","background-size":"auto","background-attachment":"scroll","background-type":"","background-media":"","overlay-type":"","overlay-color":"","overlay-opacity":"","overlay-gradient":""}},"ast-content-background-meta":{"desktop":{"background-color":"var(--ast-global-color-4)","background-image":"","background-repeat":"repeat","background-position":"center center","background-size":"auto","background-attachment":"scroll","background-type":"","background-media":"","overlay-type":"","overlay-color":"","overlay-opacity":"","overlay-gradient":""},"tablet":{"background-color":"var(--ast-global-color-4)","background-image":"","background-repeat":"repeat","background-position":"center center","background-size":"auto","background-attachment":"scroll","background-type":"","background-media":"","overlay-type":"","overlay-color":"","overlay-opacity":"","overlay-gradient":""},"mobile":{"background-color":"var(--ast-global-color-4)","background-image":"","background-repeat":"repeat","background-position":"center center","background-size":"auto","background-attachment":"scroll","background-type":"","background-media":"","overlay-type":"","overlay-color":"","overlay-opacity":"","overlay-gradient":""}}},"product_brand":[],"product_cat":[18],"product_tag":[23],"class_list":{"0":"post-533","1":"product","2":"type-product","3":"status-publish","4":"has-post-thumbnail","6":"product_cat-cross-trainers","7":"product_tag-cross-trainers","8":"desktop-align-left","9":"tablet-align-left","10":"mobile-align-left","12":"first","13":"instock","14":"sale","15":"taxable","16":"shipping-taxable","17":"purchasable","18":"product-type-simple"},"_links":{"self":[{"href":"http:\/\/bestfitnessstore.com\/it\/wp-json\/wp\/v2\/product\/533","targetHints":{"allow":["GET"]}}],"collection":[{"href":"http:\/\/bestfitnessstore.com\/it\/wp-json\/wp\/v2\/product"}],"about":[{"href":"http:\/\/bestfitnessstore.com\/it\/wp-json\/wp\/v2\/types\/product"}],"replies":[{"embeddable":true,"href":"http:\/\/bestfitnessstore.com\/it\/wp-json\/wp\/v2\/comments?post=533"}],"wp:featuredmedia":[{"embeddable":true,"href":"http:\/\/bestfitnessstore.com\/it\/wp-json\/wp\/v2\/media\/534"}],"wp:attachment":[{"href":"http:\/\/bestfitnessstore.com\/it\/wp-json\/wp\/v2\/media?parent=533"}],"wp:term":[{"taxonomy":"product_brand","embeddable":true,"href":"http:\/\/bestfitnessstore.com\/it\/wp-json\/wp\/v2\/product_brand?post=533"},{"taxonomy":"product_cat","embeddable":true,"href":"http:\/\/bestfitnessstore.com\/it\/wp-json\/wp\/v2\/product_cat?post=533"},{"taxonomy":"product_tag","embeddable":true,"href":"http:\/\/bestfitnessstore.com\/it\/wp-json\/wp\/v2\/product_tag?post=533"}],"curies":[{"name":"wp","href":"https:\/\/api.w.org\/{rel}","templated":true}]}}