{"id":419,"date":"2025-11-16T01:18:08","date_gmt":"2025-11-16T01:18:08","guid":{"rendered":"https:\/\/bestfitnessstore.com\/?post_type=product&#038;p=419"},"modified":"2025-11-16T01:18:08","modified_gmt":"2025-11-16T01:18:08","slug":"matrix-fitness-a50-ascent-trainer-con-console-xur","status":"publish","type":"product","link":"http:\/\/bestfitnessstore.com\/it\/product\/matrix-fitness-a50-ascent-trainer-with-xur-console\/","title":{"rendered":"Matrix Fitness A50 Ascent Trainer con console XUR"},"content":{"rendered":"<p><strong>INFORMAZIONI SUL PRODOTTO<\/strong><br \/>\nPeso della confezione (KG): 182.000000<br \/>\nMetodo di alimentazione: Rete elettrica<br \/>\nSupporto per tablet: S\u00ec<br \/>\nRuote di trasporto: S\u00ec<br \/>\nAltezza massima dell'utente (cm): 201<br \/>\nLunghezza del passo: 61<br \/>\nMonitoraggio della frequenza cardiaca: Sensori integrati e Bluetooth<br \/>\nProgrammi integrati: Manuale, Colline ondulate, Intervalli, Obiettivo tempo, Obiettivo distanza, Obiettivo calorie, Frequenza cardiaca target (velocit\u00e0), Frequenza cardiaca target (pendenza), Sprint 8, Personalizzato<br \/>\nPeso del prodotto (KG): 144<br \/>\nIntegrazione di app: KinoMap, Zwift<br \/>\nBluetooth: S\u00ec<br \/>\nAltezza minima dell'utente (cm): 147<br \/>\nPosizione del volano: Anteriore<br \/>\nAltezza del gradino (CM): 22<br \/>\nPeso massimo dell'utente (kg): 159,00 (Kg)<br \/>\nDimensioni del prodotto (LxLxH): 191 x 86 x 174 cm<\/p>\n<p><strong>CARATTERISTICHE AGGIUNTIVE<\/strong><br \/>\nLunghezza della falcata variabile: 51 - 61 cm \/ 20\u201d - 24\u201d<br \/>\nInclinazione di potenza: 24% - 54%<br \/>\nTecnologia ellittica delle sospensioni: Design privo di ruote e cingoli che riduce la rumorosit\u00e0 e l'attrito<br \/>\nTecnologia PerfectStride\u2122: Combina un movimento ideale della falcata e un posizionamento ergonomicamente corretto del piede con la lunghezza variabile della falcata per un allenamento naturale di ultima generazione.<br \/>\nSistema di resistenza: Freno a induzione Exact Force<br \/>\nLivelli di resistenza: 30 livelli, elettronici<br \/>\nTipo di manubrio: Multi-grip, a doppia azione<br \/>\nExtra: Porta borraccia, vassoio per accessori, maniglie stazionarie con impugnature per la frequenza cardiaca e manopole di resistenza\/inclinazione<br \/>\nConsole XUR: touchscreen HD luminoso da 22\u201d con connettivit\u00e0 Bluetooth estesa, porta USB, porta HDMI, app per la console, rack di lettura, modalit\u00e0 risparmio energetico, connettivit\u00e0 ViewFit (integrazione con app per il fitness). \u00c8 necessario il WiFi per le app e gli aggiornamenti software.<br \/>\nProgrammi di allenamento: 12<br \/>\nApplicazioni della console: Virtual Active, Sprint8, YouTube, Spotify, Netflix e altro ancora. Abbonamenti non inclusi<br \/>\nPedali: Sovradimensionati con inserti in gomma<br \/>\nDimensioni (LxLxA): 191 x 86 x 174 cm \/ 75,2\u201d x 33,9\u201d x 68,5\u201d<br \/>\nPeso assemblato: 159 kg<br \/>\nCapacit\u00e0 di peso dell'utente: 159 kg \/ 350 lbs<\/p>\n<p><strong>GARANZIA<\/strong><br \/>\nUso domestico: 3 anni P\/L<\/p>","protected":false},"excerpt":{"rendered":"<p>Il Matrix Fitness A50 Ascent Trainer offre la massima esperienza di allenamento in salita, grazie alla sua struttura con inclinazione da 24% a 54%. La tecnologia PerfectStride\u2122 combina un movimento ideale della falcata e un posizionamento ergonomicamente corretto dei piedi con una lunghezza variabile della falcata (51 - 61 cm), inoltre con 30 livelli di resistenza elettronica, la sfida \u00e8 garantita indipendentemente dal livello di forma fisica. Grazie alla Suspension Elliptical Technology di Matrix, l'A50 presenta un design privo di ruote e cingoli che riduce la rumorosit\u00e0 e l'attrito per una qualit\u00e0 di lunga durata, fornendo al contempo una sensazione di fluidit\u00e0 e coerenza attraverso l'ellisse. Completo della nuovissima console XUR di Matrix, potrete sperimentare il pi\u00f9 grande e luminoso touchscreen HD da 22\u201d che d\u00e0 vita ai vostri viaggi virtuali, ai film e ai video. Grazie all'avanzata connettivit\u00e0 Bluetooth e ViewFit, potrete sincronizzarvi con le app che gi\u00e0 utilizzate, come MyFitnessPal, Strava e altre ancora, o godervi i vostri contenuti preferiti, tra cui Netflix, Spotify e YouTube (abbonamenti non inclusi). Collegate il vostro telefono o tablet tramite HDMI per visualizzare il vostro dispositivo sullo schermo HD, navigare sul web, ascoltare musica con gli altoparlanti integrati da 5 watt e molto altro ancora! Ogni allenamento \u00e8 vario e motivante, grazie ai 12 programmi di allenamento metrici integrati (compreso il famoso programma Sprint8 HIIT), alla possibilit\u00e0 di creare allenamenti personalizzati e di ripetere gli allenamenti salvati automaticamente nel calendario degli allenamenti. Ottenete il pi\u00f9 accurato feedback sulla frequenza cardiaca che un attrezzo per il fitness possa fornire grazie alla tecnologia integrata Polar per la frequenza cardiaca, con una fascia cardiaca Polar inclusa nel modello XUR. I manubri a doppia azione e stazionari con impugnatura multipla consentono di cambiare rapidamente l'obiettivo della sessione, con la levetta di resistenza\/inclinazione integrata che consente di cambiare al volo.<\/p>\n<div class=\"product-attribute-container-desktop desktop-only\">\n<div class=\"additional-attributes-wrapper table-wrapper\"><\/div>\n<\/div>","protected":false},"featured_media":422,"comment_status":"open","ping_status":"closed","template":"","meta":{"site-sidebar-layout":"default","site-content-layout":"","ast-site-content-layout":"default","site-content-style":"default","site-sidebar-style":"default","ast-global-header-display":"","ast-banner-title-visibility":"","ast-main-header-display":"","ast-hfb-above-header-display":"","ast-hfb-below-header-display":"","ast-hfb-mobile-header-display":"","site-post-title":"","ast-breadcrumbs-content":"","ast-featured-img":"","footer-sml-layout":"","theme-transparent-header-meta":"default","adv-header-id-meta":"","stick-header-meta":"","header-above-stick-meta":"","header-main-stick-meta":"","header-below-stick-meta":"","astra-migrate-meta-layouts":"set","ast-page-background-enabled":"default","ast-page-background-meta":{"desktop":{"background-color":"var(--ast-global-color-5)","background-image":"","background-repeat":"repeat","background-position":"center center","background-size":"auto","background-attachment":"scroll","background-type":"","background-media":"","overlay-type":"","overlay-color":"","overlay-opacity":"","overlay-gradient":""},"tablet":{"background-color":"","background-image":"","background-repeat":"repeat","background-position":"center center","background-size":"auto","background-attachment":"scroll","background-type":"","background-media":"","overlay-type":"","overlay-color":"","overlay-opacity":"","overlay-gradient":""},"mobile":{"background-color":"","background-image":"","background-repeat":"repeat","background-position":"center center","background-size":"auto","background-attachment":"scroll","background-type":"","background-media":"","overlay-type":"","overlay-color":"","overlay-opacity":"","overlay-gradient":""}},"ast-content-background-meta":{"desktop":{"background-color":"var(--ast-global-color-4)","background-image":"","background-repeat":"repeat","background-position":"center center","background-size":"auto","background-attachment":"scroll","background-type":"","background-media":"","overlay-type":"","overlay-color":"","overlay-opacity":"","overlay-gradient":""},"tablet":{"background-color":"var(--ast-global-color-4)","background-image":"","background-repeat":"repeat","background-position":"center center","background-size":"auto","background-attachment":"scroll","background-type":"","background-media":"","overlay-type":"","overlay-color":"","overlay-opacity":"","overlay-gradient":""},"mobile":{"background-color":"var(--ast-global-color-4)","background-image":"","background-repeat":"repeat","background-position":"center center","background-size":"auto","background-attachment":"scroll","background-type":"","background-media":"","overlay-type":"","overlay-color":"","overlay-opacity":"","overlay-gradient":""}}},"product_brand":[],"product_cat":[18],"product_tag":[23],"class_list":{"0":"post-419","1":"product","2":"type-product","3":"status-publish","4":"has-post-thumbnail","6":"product_cat-cross-trainers","7":"product_tag-cross-trainers","8":"desktop-align-left","9":"tablet-align-left","10":"mobile-align-left","12":"first","13":"instock","14":"sale","15":"taxable","16":"shipping-taxable","17":"purchasable","18":"product-type-simple"},"_links":{"self":[{"href":"http:\/\/bestfitnessstore.com\/it\/wp-json\/wp\/v2\/product\/419","targetHints":{"allow":["GET"]}}],"collection":[{"href":"http:\/\/bestfitnessstore.com\/it\/wp-json\/wp\/v2\/product"}],"about":[{"href":"http:\/\/bestfitnessstore.com\/it\/wp-json\/wp\/v2\/types\/product"}],"replies":[{"embeddable":true,"href":"http:\/\/bestfitnessstore.com\/it\/wp-json\/wp\/v2\/comments?post=419"}],"wp:featuredmedia":[{"embeddable":true,"href":"http:\/\/bestfitnessstore.com\/it\/wp-json\/wp\/v2\/media\/422"}],"wp:attachment":[{"href":"http:\/\/bestfitnessstore.com\/it\/wp-json\/wp\/v2\/media?parent=419"}],"wp:term":[{"taxonomy":"product_brand","embeddable":true,"href":"http:\/\/bestfitnessstore.com\/it\/wp-json\/wp\/v2\/product_brand?post=419"},{"taxonomy":"product_cat","embeddable":true,"href":"http:\/\/bestfitnessstore.com\/it\/wp-json\/wp\/v2\/product_cat?post=419"},{"taxonomy":"product_tag","embeddable":true,"href":"http:\/\/bestfitnessstore.com\/it\/wp-json\/wp\/v2\/product_tag?post=419"}],"curies":[{"name":"wp","href":"https:\/\/api.w.org\/{rel}","templated":true}]}}