{"id":408,"date":"2025-11-16T00:50:56","date_gmt":"2025-11-16T00:50:56","guid":{"rendered":"https:\/\/bestfitnessstore.com\/?post_type=product&#038;p=408"},"modified":"2025-11-16T00:50:56","modified_gmt":"2025-11-16T00:50:56","slug":"matrix-fitness-a30-con-console-xir","status":"publish","type":"product","link":"http:\/\/bestfitnessstore.com\/it\/product\/matrix-fitness-a30-ascent-trainer-with-xir-console\/","title":{"rendered":"Matrix Fitness A30 Ascent Trainer con console XIR"},"content":{"rendered":"<p><strong>INFORMAZIONI SUL PRODOTTO<\/strong><br \/>\nPeso della confezione (KG): 172,400000<br \/>\nMetodo di alimentazione: Rete elettrica<br \/>\nSupporto per tablet: S\u00ec<br \/>\nRuote di trasporto: S\u00ec<br \/>\nAltezza massima dell'utente (cm): 201<br \/>\nLunghezza del passo: 61<br \/>\nMonitoraggio della frequenza cardiaca: Sensori integrati e Bluetooth<br \/>\nProgrammi integrati: Manuale, Colline ondulate, Intervalli, Obiettivo tempo, Obiettivo distanza, Obiettivo calorie, Frequenza cardiaca target (velocit\u00e0), Frequenza cardiaca target (pendenza), Sprint 8, Personalizzato<br \/>\nPeso del prodotto (KG): 142<br \/>\nIntegrazione di app: KinoMap, Zwift<br \/>\nBluetooth: S\u00ec<br \/>\nAltezza minima dell'utente (cm): 147<br \/>\nPosizione del volano: Anteriore<br \/>\nAltezza del gradino (CM): 22<br \/>\nPeso massimo dell'utente (kg): 159,00 (Kg)<br \/>\nDimensioni del prodotto (LxLxH): 191 x 73 x 164 cm<\/p>\n<p><strong>CARATTERISTICHE AGGIUNTIVE<\/strong><br \/>\nLunghezza della falcata variabile: 51 - 61 cm \/ 20\u201d - 24\u201d<br \/>\nAltezza di calpestio: 22 cm\u201d<br \/>\nInclinazione di potenza: 24% - 54%<br \/>\nVolano: 13,5 kg \/ 30 lbs.<br \/>\nTecnologia ellittica delle sospensioni: Design privo di ruote e cingoli che riduce la rumorosit\u00e0 e l'attrito<br \/>\nTecnologia PerfectStride\u2122: Combina un movimento ideale della falcata e un posizionamento ergonomicamente corretto del piede con la lunghezza variabile della falcata per un allenamento naturale di ultima generazione.<br \/>\nSistema di resistenza: Sistema di frenata magnetica ECB<br \/>\nLivelli di resistenza: 20 livelli, elettronici<br \/>\nTipo di manubrio: Doppia azione<br \/>\nExtra: Porta borraccia, vassoio per accessori, maniglie stazionarie con impugnature per la frequenza cardiaca e manopole di resistenza\/inclinazione<br \/>\nConsole XIR: Touchscreen HD di classe 16\u201d con connettivit\u00e0 Bluetooth estesa, porta USB, porta HDMI, app per la console, rack di lettura, modalit\u00e0 risparmio energetico, connettivit\u00e0 ViewFit (integrazione con app per il fitness). \u00c8 necessario il WiFi per le app e gli aggiornamenti software.<br \/>\nProgrammi di allenamento: 12<br \/>\nApplicazioni della console: Virtual Active, Sprint8, YouTube, Spotify, Netflix e altro ancora. Abbonamenti non inclusi.<br \/>\nPedali: Sovradimensionati<br \/>\nDimensioni (LxLxA): 186 x 73 x 164 cm \/ 73\u201d x 29\u201d x 65\u201d<br \/>\nPeso assemblato: 147,5 kg<br \/>\nCapacit\u00e0 di peso dell'utente: 159 kg \/ 350 lbs<\/p>\n<p><strong>GARANZIA<\/strong><br \/>\nUso domestico: 3 anni P\/L<\/p>","protected":false},"excerpt":{"rendered":"<p>Con il Matrix Fitness A30 Ascent Trainer, potete contare sull'esclusivo design del telaio per un'esperienza di allenamento eccezionalmente fluida e ultra-confortevole, mentre regolate l'inclinazione per concentrarvi sui muscoli che volete far lavorare di pi\u00f9. La tecnologia PerfectStride\u2122 combina un movimento di falcata ideale e un posizionamento del piede ergonomicamente corretto con una lunghezza di falcata variabile (51 - 61 cm) per un allenamento naturale di ultima generazione. Grazie all'inclinazione di 24% - 54%, combinata con 20 livelli di resistenza elettronica, l'A30 offre una flessibilit\u00e0 in grado di sfidare tutti i livelli di fitness e di esperienza, consentendo di bruciare pi\u00f9 calorie. Grazie alla tecnologia Suspensions Elliptical di Matrix, l'A30 presenta un design privo di ruote e cingoli che riduce il rumore e l'attrito per una qualit\u00e0 di lunga durata, offrendo al tempo stesso una sensazione omogenea e costante attraverso l'ellisse. Completa di console XIR avanzata, \u00e8 facile mantenere fresco ogni allenamento grazie a 12 programmi cardio metrici, come Sprint 8. Grazie alla connettivit\u00e0 ViewFit, \u00e8 possibile sincronizzarsi con le app gi\u00e0 in uso, come MyFitnessPal, Strava, Fitbit e altre ancora, e godersi i preferiti dell'intrattenimento, come Netflix, Spotify e YouTube (abbonamenti non inclusi). Collegate la console via WiFi per gli aggiornamenti software, ViewFit, la navigazione web e le app di intrattenimento. Ottenete il feedback pi\u00f9 accurato sulla frequenza cardiaca che un'attrezzatura per il fitness possa fornire grazie alla tecnologia di frequenza cardiaca Polar integrata, con una fascia cardiaca Polar in dotazione con lo XIR. I manubri a doppia azione e fissi consentono di cambiare rapidamente l'obiettivo della sessione, mentre le levette di resistenza\/inclinazione integrate permettono di cambiare al volo.<\/p>\n<div class=\"product-attribute-container-desktop desktop-only\">\n<div class=\"additional-attributes-wrapper table-wrapper\"><\/div>\n<\/div>","protected":false},"featured_media":410,"comment_status":"open","ping_status":"closed","template":"","meta":{"site-sidebar-layout":"default","site-content-layout":"","ast-site-content-layout":"default","site-content-style":"default","site-sidebar-style":"default","ast-global-header-display":"","ast-banner-title-visibility":"","ast-main-header-display":"","ast-hfb-above-header-display":"","ast-hfb-below-header-display":"","ast-hfb-mobile-header-display":"","site-post-title":"","ast-breadcrumbs-content":"","ast-featured-img":"","footer-sml-layout":"","theme-transparent-header-meta":"default","adv-header-id-meta":"","stick-header-meta":"","header-above-stick-meta":"","header-main-stick-meta":"","header-below-stick-meta":"","astra-migrate-meta-layouts":"set","ast-page-background-enabled":"default","ast-page-background-meta":{"desktop":{"background-color":"var(--ast-global-color-5)","background-image":"","background-repeat":"repeat","background-position":"center center","background-size":"auto","background-attachment":"scroll","background-type":"","background-media":"","overlay-type":"","overlay-color":"","overlay-opacity":"","overlay-gradient":""},"tablet":{"background-color":"","background-image":"","background-repeat":"repeat","background-position":"center center","background-size":"auto","background-attachment":"scroll","background-type":"","background-media":"","overlay-type":"","overlay-color":"","overlay-opacity":"","overlay-gradient":""},"mobile":{"background-color":"","background-image":"","background-repeat":"repeat","background-position":"center center","background-size":"auto","background-attachment":"scroll","background-type":"","background-media":"","overlay-type":"","overlay-color":"","overlay-opacity":"","overlay-gradient":""}},"ast-content-background-meta":{"desktop":{"background-color":"var(--ast-global-color-4)","background-image":"","background-repeat":"repeat","background-position":"center center","background-size":"auto","background-attachment":"scroll","background-type":"","background-media":"","overlay-type":"","overlay-color":"","overlay-opacity":"","overlay-gradient":""},"tablet":{"background-color":"var(--ast-global-color-4)","background-image":"","background-repeat":"repeat","background-position":"center center","background-size":"auto","background-attachment":"scroll","background-type":"","background-media":"","overlay-type":"","overlay-color":"","overlay-opacity":"","overlay-gradient":""},"mobile":{"background-color":"var(--ast-global-color-4)","background-image":"","background-repeat":"repeat","background-position":"center center","background-size":"auto","background-attachment":"scroll","background-type":"","background-media":"","overlay-type":"","overlay-color":"","overlay-opacity":"","overlay-gradient":""}}},"product_brand":[],"product_cat":[18],"product_tag":[23],"class_list":{"0":"post-408","1":"product","2":"type-product","3":"status-publish","4":"has-post-thumbnail","6":"product_cat-cross-trainers","7":"product_tag-cross-trainers","8":"desktop-align-left","9":"tablet-align-left","10":"mobile-align-left","12":"first","13":"instock","14":"sale","15":"taxable","16":"shipping-taxable","17":"purchasable","18":"product-type-simple"},"_links":{"self":[{"href":"http:\/\/bestfitnessstore.com\/it\/wp-json\/wp\/v2\/product\/408","targetHints":{"allow":["GET"]}}],"collection":[{"href":"http:\/\/bestfitnessstore.com\/it\/wp-json\/wp\/v2\/product"}],"about":[{"href":"http:\/\/bestfitnessstore.com\/it\/wp-json\/wp\/v2\/types\/product"}],"replies":[{"embeddable":true,"href":"http:\/\/bestfitnessstore.com\/it\/wp-json\/wp\/v2\/comments?post=408"}],"wp:featuredmedia":[{"embeddable":true,"href":"http:\/\/bestfitnessstore.com\/it\/wp-json\/wp\/v2\/media\/410"}],"wp:attachment":[{"href":"http:\/\/bestfitnessstore.com\/it\/wp-json\/wp\/v2\/media?parent=408"}],"wp:term":[{"taxonomy":"product_brand","embeddable":true,"href":"http:\/\/bestfitnessstore.com\/it\/wp-json\/wp\/v2\/product_brand?post=408"},{"taxonomy":"product_cat","embeddable":true,"href":"http:\/\/bestfitnessstore.com\/it\/wp-json\/wp\/v2\/product_cat?post=408"},{"taxonomy":"product_tag","embeddable":true,"href":"http:\/\/bestfitnessstore.com\/it\/wp-json\/wp\/v2\/product_tag?post=408"}],"curies":[{"name":"wp","href":"https:\/\/api.w.org\/{rel}","templated":true}]}}