{"id":1508,"date":"2025-11-26T07:40:08","date_gmt":"2025-11-26T07:40:08","guid":{"rendered":"https:\/\/bestfitnessstore.com\/?post_type=product&#038;p=1508"},"modified":"2025-11-26T07:40:08","modified_gmt":"2025-11-26T07:40:08","slug":"tapis-roulant-pieghevole-volta-vt30","status":"publish","type":"product","link":"http:\/\/bestfitnessstore.com\/it\/product\/volta-vt30-folding-treadmill\/","title":{"rendered":"Tapis roulant pieghevole Volta VT30"},"content":{"rendered":"<div class=\"product-attribute-container-desktop desktop-only\">\n<div class=\"additional-attributes-wrapper table-wrapper\">\n<h5>INFORMAZIONI SUL PRODOTTO<\/h5>\n<div class=\"attributes-container\">\n<ul class=\"product-attributes-container\">\n<li><span class=\"specification-title\">Peso della confezione (KG):\u00a0<\/span><span class=\"specification-data\">103.000000<\/span><\/li>\n<li><span class=\"specification-title\">Integrazione delle app:\u00a0<\/span><span class=\"specification-data\">FITSHOW, Zwift<\/span><\/li>\n<li><span class=\"specification-title\">Pieghevole:\u00a0<\/span><span class=\"specification-data\">S\u00ec<\/span><\/li>\n<li><span class=\"specification-title\">Peso massimo dell'utente (kg):\u00a0<\/span><span class=\"specification-data\">130,00 (Kg)<\/span><\/li>\n<li><span class=\"specification-title\">Ruote di trasporto:\u00a0<\/span><span class=\"specification-data\">S\u00ec<\/span><\/li>\n<li><span class=\"specification-title\">Dimensioni della scatola (LxLxH):\u00a0<\/span><span class=\"specification-data\">200 x 96 x 32 cm<\/span><\/li>\n<\/ul>\n<ul class=\"product-attributes-container\">\n<li><span class=\"specification-title\">Peso del prodotto (KG):\u00a0<\/span><span class=\"specification-data\">90<\/span><\/li>\n<li><span class=\"specification-title\">Bluetooth:\u00a0<\/span><span class=\"specification-data\">S\u00ec<\/span><\/li>\n<li><span class=\"specification-title\">Monitoraggio della frequenza cardiaca:\u00a0<\/span><span class=\"specification-data\">Sensori integrati<\/span><\/li>\n<li><span class=\"specification-title\">Programmi integrati:\u00a0<\/span><span class=\"specification-data\">24<\/span><\/li>\n<li><span class=\"specification-title\">Dimensioni del prodotto (LxLxH):\u00a0<\/span><span class=\"specification-data\">189 x 89 x 151 cm<\/span><\/li>\n<\/ul>\n<\/div>\n<\/div>\n<\/div>\n<div class=\"product-features\">\n<h5>CARATTERISTICHE AGGIUNTIVE<\/h5>\n<div class=\"more-container\">\n<div class=\"unshow-text\">\n<ul class=\"product-features-container\">\n<li><span class=\"specification-title\">Motore:<\/span>\u00a0<span class=\"specification-data\">DC 3.0HP<\/span><\/li>\n<li><span class=\"specification-title\">Gamma di velocit\u00e0:<\/span>\u00a0<span class=\"specification-data\">0,8-20 km\/h<\/span><\/li>\n<li><span class=\"specification-title\">Scelte rapide di velocit\u00e0:<\/span>\u00a0<span class=\"specification-data\">4<\/span><\/li>\n<li><span class=\"specification-title\">Gamma di inclinazione:<\/span>\u00a0<span class=\"specification-data\">15 livelli<\/span><\/li>\n<li><span class=\"specification-title\">Scelta rapida dell'inclinazione:<\/span>\u00a0<span class=\"specification-data\">4<\/span><\/li>\n<li><span class=\"specification-title\">Area di corsa:<\/span>\u00a0<span class=\"specification-data\">1400 x 510 mm<\/span><\/li>\n<li><span class=\"specification-title\">Display:<\/span>\u00a0<span class=\"specification-data\">4 grandi finestre di visualizzazione a LED bianchi; 1 finestra LCD super-grande<\/span><\/li>\n<li><span class=\"specification-title\">Letture del display:<\/span>\u00a0<span class=\"specification-data\">Tempo, velocit\u00e0, pendenza, distanza, calorie, pulsazioni, passo, passi<\/span><\/li>\n<li><span class=\"specification-title\">Tasti di scelta rapida per l'allenamento:<\/span>\u00a0<span class=\"specification-data\">6<\/span><\/li>\n<li><span class=\"specification-title\">Comandi con impugnatura:<\/span>\u00a0<span class=\"specification-data\">Facile regolazione di velocit\u00e0 e pendenza<\/span><\/li>\n<li><span class=\"specification-title\">Monitoraggio del polso:<\/span>\u00a0<span class=\"specification-data\">Sensori di battito integrati sui corrimano<\/span><\/li>\n<li><span class=\"specification-title\">Extra:<\/span>\u00a0<span class=\"specification-data\">Ingresso MP3; altoparlante integrato; ricarica USB; rotelle di trasporto; design pieghevole;<\/span><\/li>\n<\/ul>\n<\/div>\n<\/div>\n<\/div>\n<div class=\"product-warranty\">\n<h5>GARANZIA<\/h5>\n<div class=\"text-container\"><strong>Uso domestico:<\/strong>\u00a02 anni di garanzia su parti e manodopera. La garanzia non copre i danni o i guasti dovuti a una collocazione impropria, compresi, ma non solo, gli ambienti umidi, polverosi o esterni. Ad esempio, garage, cantine, ecc.<\/div>\n<\/div>\n<div class=\"product-next-day\">\n<h5>CONSEGNA ESPRESSA<\/h5>\n<div class=\"text-container\">Per molti dei nostri prodotti sono disponibili opzioni di consegna espressa e a data prestabilita, il che significa che il prodotto verr\u00e0 consegnato gi\u00e0 domani o nella data prescelta che pi\u00f9 vi aggrada. Controllare le opzioni di consegna al momento del checkout per verificare la disponibilit\u00e0 per il proprio carrello e codice postale. Si applicano i termini di consegna.<\/div>\n<\/div>","protected":false},"excerpt":{"rendered":"<p>In grado di raggiungere una velocit\u00e0 massima di 20 km\/h e 15 livelli di inclinazione, il tapis roulant pieghevole Volta VT30 \u00e8 costruito per offrire sessioni di allenamento indoor efficaci ogni volta che ci si sale. Il nastro di 1400x510 mm \u00e8 azionato da un motore DC da 3,0 HP, con comandi di velocit\u00e0 e inclinazione a portata di mano per aumentare l'intensit\u00e0 della corsa. La console \u00e8 composta da quattro ampi display a LED bianchi, oltre a una finestra LCD di grandi dimensioni al centro per leggere facilmente tempo, velocit\u00e0, pendenza, distanza, calorie, pulsazioni, passo e passi. Sulle guide laterali si trovano le manopole per le pulsazioni, mentre la console incorpora quattro scelte rapide di velocit\u00e0 e quattro scelte rapide di inclinazione. Il VT30 \u00e8 dotato di un totale di 24 programmi di allenamento preimpostati, con sei tasti di scelta rapida per scegliere rapidamente i programmi di allenamento pi\u00f9 comuni. Per una maggiore variet\u00e0 di allenamenti, il Volta VT30 si collega a Zwift e FitShow, offrendo sessioni guidate coinvolgenti e scenografiche (abbonamenti a smart device e app non inclusi). Ascoltate la vostra musica preferita mentre vi allenate grazie all'ingresso MP3 e agli altoparlanti integrati: c'\u00e8 anche una porta USB integrata per mantenere il vostro dispositivo completamente carico. Completa di telaio pieghevole, la pedana di Volta VT30 si ripiega agevolmente per liberare spazio sul pavimento quando non la si usa, ed \u00e8 dotata di rotelle di trasporto per facilitarne lo spostamento.<\/p>\n<div class=\"product-attribute-container-desktop desktop-only\">\n<div class=\"additional-attributes-wrapper table-wrapper\"><\/div>\n<\/div>","protected":false},"featured_media":1512,"comment_status":"open","ping_status":"closed","template":"","meta":{"site-sidebar-layout":"default","site-content-layout":"","ast-site-content-layout":"default","site-content-style":"default","site-sidebar-style":"default","ast-global-header-display":"","ast-banner-title-visibility":"","ast-main-header-display":"","ast-hfb-above-header-display":"","ast-hfb-below-header-display":"","ast-hfb-mobile-header-display":"","site-post-title":"","ast-breadcrumbs-content":"","ast-featured-img":"","footer-sml-layout":"","theme-transparent-header-meta":"default","adv-header-id-meta":"","stick-header-meta":"","header-above-stick-meta":"","header-main-stick-meta":"","header-below-stick-meta":"","astra-migrate-meta-layouts":"set","ast-page-background-enabled":"default","ast-page-background-meta":{"desktop":{"background-color":"var(--ast-global-color-5)","background-image":"","background-repeat":"repeat","background-position":"center center","background-size":"auto","background-attachment":"scroll","background-type":"","background-media":"","overlay-type":"","overlay-color":"","overlay-opacity":"","overlay-gradient":""},"tablet":{"background-color":"","background-image":"","background-repeat":"repeat","background-position":"center center","background-size":"auto","background-attachment":"scroll","background-type":"","background-media":"","overlay-type":"","overlay-color":"","overlay-opacity":"","overlay-gradient":""},"mobile":{"background-color":"","background-image":"","background-repeat":"repeat","background-position":"center center","background-size":"auto","background-attachment":"scroll","background-type":"","background-media":"","overlay-type":"","overlay-color":"","overlay-opacity":"","overlay-gradient":""}},"ast-content-background-meta":{"desktop":{"background-color":"var(--ast-global-color-4)","background-image":"","background-repeat":"repeat","background-position":"center center","background-size":"auto","background-attachment":"scroll","background-type":"","background-media":"","overlay-type":"","overlay-color":"","overlay-opacity":"","overlay-gradient":""},"tablet":{"background-color":"var(--ast-global-color-4)","background-image":"","background-repeat":"repeat","background-position":"center center","background-size":"auto","background-attachment":"scroll","background-type":"","background-media":"","overlay-type":"","overlay-color":"","overlay-opacity":"","overlay-gradient":""},"mobile":{"background-color":"var(--ast-global-color-4)","background-image":"","background-repeat":"repeat","background-position":"center center","background-size":"auto","background-attachment":"scroll","background-type":"","background-media":"","overlay-type":"","overlay-color":"","overlay-opacity":"","overlay-gradient":""}}},"product_brand":[],"product_cat":[21],"product_tag":[25],"class_list":{"0":"post-1508","1":"product","2":"type-product","3":"status-publish","4":"has-post-thumbnail","6":"product_cat-treadmills","7":"product_tag-treadmills","8":"desktop-align-left","9":"tablet-align-left","10":"mobile-align-left","12":"first","13":"instock","14":"sale","15":"taxable","16":"shipping-taxable","17":"purchasable","18":"product-type-simple"},"_links":{"self":[{"href":"http:\/\/bestfitnessstore.com\/it\/wp-json\/wp\/v2\/product\/1508","targetHints":{"allow":["GET"]}}],"collection":[{"href":"http:\/\/bestfitnessstore.com\/it\/wp-json\/wp\/v2\/product"}],"about":[{"href":"http:\/\/bestfitnessstore.com\/it\/wp-json\/wp\/v2\/types\/product"}],"replies":[{"embeddable":true,"href":"http:\/\/bestfitnessstore.com\/it\/wp-json\/wp\/v2\/comments?post=1508"}],"wp:featuredmedia":[{"embeddable":true,"href":"http:\/\/bestfitnessstore.com\/it\/wp-json\/wp\/v2\/media\/1512"}],"wp:attachment":[{"href":"http:\/\/bestfitnessstore.com\/it\/wp-json\/wp\/v2\/media?parent=1508"}],"wp:term":[{"taxonomy":"product_brand","embeddable":true,"href":"http:\/\/bestfitnessstore.com\/it\/wp-json\/wp\/v2\/product_brand?post=1508"},{"taxonomy":"product_cat","embeddable":true,"href":"http:\/\/bestfitnessstore.com\/it\/wp-json\/wp\/v2\/product_cat?post=1508"},{"taxonomy":"product_tag","embeddable":true,"href":"http:\/\/bestfitnessstore.com\/it\/wp-json\/wp\/v2\/product_tag?post=1508"}],"curies":[{"name":"wp","href":"https:\/\/api.w.org\/{rel}","templated":true}]}}