{"id":1467,"date":"2025-11-26T06:44:15","date_gmt":"2025-11-26T06:44:15","guid":{"rendered":"https:\/\/bestfitnessstore.com\/?post_type=product&#038;p=1467"},"modified":"2025-11-26T06:44:16","modified_gmt":"2025-11-26T06:44:16","slug":"spirit-ct900-tapis-roulant-a-led-grigio-grafite","status":"publish","type":"product","link":"http:\/\/bestfitnessstore.com\/it\/product\/spirit-ct900-led-treadmill-graphite-grey\/","title":{"rendered":"Tapis roulant Spirit CT900 LED (grigio grafite)"},"content":{"rendered":"<div class=\"product-attribute-container-desktop desktop-only\">\n<div class=\"additional-attributes-wrapper table-wrapper\">\n<h4>INFORMAZIONI SUL PRODOTTO<\/h4>\n<div class=\"attributes-container\">\n<ul class=\"product-attributes-container\">\n<li><span class=\"specification-title\">Peso della confezione (KG):\u00a0<\/span><span class=\"specification-data\">0.000000<\/span><\/li>\n<li><span class=\"specification-title\">Metodo di alimentazione:\u00a0<\/span><span class=\"specification-data\">Rete elettrica<\/span><\/li>\n<li><span class=\"specification-title\">Supporto per tablet:\u00a0<\/span><span class=\"specification-data\">S\u00ec<\/span><\/li>\n<li><span class=\"specification-title\">Pieghevole:\u00a0<\/span><span class=\"specification-data\">No<\/span><\/li>\n<li><span class=\"specification-title\">Peso massimo dell'utente (kg):\u00a0<\/span><span class=\"specification-data\">150,00 (Kg)<\/span><\/li>\n<li><span class=\"specification-title\">Dimensioni del prodotto (LxLxH):\u00a0<\/span><span class=\"specification-data\">214 x 90,50 x 153 cm<\/span><\/li>\n<\/ul>\n<ul class=\"product-attributes-container\">\n<li><span class=\"specification-title\">Peso del prodotto (KG):\u00a0<\/span><span class=\"specification-data\">180<\/span><\/li>\n<li><span class=\"specification-title\">Integrazione delle app:\u00a0<\/span><span class=\"specification-data\">KinoMap, Spirit Fit, Zwift<\/span><\/li>\n<li><span class=\"specification-title\">Bluetooth:\u00a0<\/span><span class=\"specification-data\">S\u00ec<\/span><\/li>\n<li><span class=\"specification-title\">Monitoraggio della frequenza cardiaca:\u00a0<\/span><span class=\"specification-data\">Sensori analogici integrati<\/span><\/li>\n<li><span class=\"specification-title\">Programmi integrati:\u00a0<\/span><span class=\"specification-data\">Allenamenti preimpostati, tra cui: Manuale, collina, 5K, HR, brucia grassi, cardio, HIIT, intervallo, test di fitness (Gerkin, WFI, Army PFT, Navy PRT, Air Force, Marine PRT, Physical Therapy PEB, Coast Guard, Chester).<\/span><\/li>\n<\/ul>\n<\/div>\n<\/div>\n<\/div>\n<div class=\"product-features\">\n<h4>CARATTERISTICHE AGGIUNTIVE<\/h4>\n<div class=\"more-container\">\n<div class=\"unshow-text\">\n<ul class=\"product-features-container\">\n<li><span class=\"specification-title\">Console:<\/span>\u00a0<span class=\"specification-data\">Display a LED<\/span><\/li>\n<li><span class=\"specification-title\">Intrattenimento:<\/span>\u00a0<span class=\"specification-data\">Funzione TV (opzionale), Bluetooth<\/span><\/li>\n<li><span class=\"specification-title\">Altre caratteristiche:<\/span>\u00a0<span class=\"specification-data\">C-Safe, porta USB, ricevitore HR telemetrico, hand-pulse e ventilatore<\/span><\/li>\n<li><span class=\"specification-title\">Programmi:<\/span>\u00a0<span class=\"specification-data\">Manuale, Collina, SK, HR, Brucia Grassi, Cardio, HIIT, Intervalli, Test di Fitness (Gerkin, WFI, PFT dell'Esercito, PFT della Marina, Aeronautica, PRT dei Marines, PEB di Terapia Fisica, Chester della Guardia Costiera)<\/span><\/li>\n<li><span class=\"specification-title\">Telaio:<\/span>\u00a0<span class=\"specification-data\">Acciaio ad alta resistenza con verniciatura a polvere di lunga durata.<\/span><\/li>\n<li><span class=\"specification-title\">Motore:<\/span>\u00a0<span class=\"specification-data\">Sistema di azionamento industriale a corrente alternata da 5,0 cavalli<\/span><\/li>\n<li><span class=\"specification-title\">Gamma di velocit\u00e0:<\/span>\u00a0<span class=\"specification-data\">0,5-15 MPH<\/span><\/li>\n<li><span class=\"specification-title\">Gamma del motore di inclinazione:<\/span>\u00a0<span class=\"specification-data\">0-15%<\/span><\/li>\n<li><span class=\"specification-title\">Superficie di corsa (LxL):<\/span>\u00a0<span class=\"specification-data\">22\u201d x 62\u201d<\/span><\/li>\n<li><span class=\"specification-title\">Cuscino del ponte:<\/span>\u00a0<span class=\"specification-data\">Ammortizzatori in poliuretano<\/span><\/li>\n<\/ul>\n<\/div>\n<\/div>\n<\/div>\n<div class=\"product-warranty\">\n<h4>GARANZIA<\/h4>\n<div class=\"text-container\"><strong>Uso domestico e commerciale leggero\/pieno:<\/strong>\u00a03 anni di ricambi e manodopera. Il prodotto deve essere utilizzato\/stoccato in un ambiente idoneo (non sono considerati idonei i luoghi con cemento umido e non sigillato o le aree con flusso d'aria costante verso l'esterno).<\/div>\n<\/div>","protected":false},"excerpt":{"rendered":"<p>Il display LED ultra-luminoso del tapis roulant Spirit CT900, la connettivit\u00e0 Bluetooth e la funzione TV (opzionale) consentono di soddisfare le esigenze di intrattenimento degli utenti durante l'allenamento. Inoltre, consente un feedback immediato sulle prestazioni di fitness. I sensori palmari ad impugnatura morbida consentono di rilevare con precisione la frequenza cardiaca durante il completamento di un'ampia gamma di programmi, compresi i test di fitness militare. In termini di design, il tapis roulant \u00e8 costruito per resistere alla prova del tempo. Contiene un motore ad alimentazione industriale che consente di raggiungere una velocit\u00e0 di ben 15 MPH. \u00c8 stato costruito con componenti di qualit\u00e0 commerciale appositamente selezionati. Le specifiche degli ammortizzatori, dei rulli, delle cinghie e dei piani sono state scelte meticolosamente per offrire agli utenti un'esperienza di allenamento fluida, garantendo il massimo comfort. La pressione sulle articolazioni \u00e8 ridotta al minimo grazie alla pedana in poliuretano ad assorbimento d'urto e all'ampia superficie di allenamento. L'elegante acciaio verniciato a polvere in grigio grafite e il pavimento rivestito di cera non solo garantiscono la praticit\u00e0, ma anche un'aggiunta elegante e professionale a qualsiasi palestra.<\/p>\n<div class=\"product-attribute-container-desktop desktop-only\">\n<div class=\"additional-attributes-wrapper table-wrapper\"><\/div>\n<\/div>","protected":false},"featured_media":1470,"comment_status":"open","ping_status":"closed","template":"","meta":{"site-sidebar-layout":"default","site-content-layout":"","ast-site-content-layout":"default","site-content-style":"default","site-sidebar-style":"default","ast-global-header-display":"","ast-banner-title-visibility":"","ast-main-header-display":"","ast-hfb-above-header-display":"","ast-hfb-below-header-display":"","ast-hfb-mobile-header-display":"","site-post-title":"","ast-breadcrumbs-content":"","ast-featured-img":"","footer-sml-layout":"","theme-transparent-header-meta":"default","adv-header-id-meta":"","stick-header-meta":"","header-above-stick-meta":"","header-main-stick-meta":"","header-below-stick-meta":"","astra-migrate-meta-layouts":"set","ast-page-background-enabled":"default","ast-page-background-meta":{"desktop":{"background-color":"var(--ast-global-color-5)","background-image":"","background-repeat":"repeat","background-position":"center center","background-size":"auto","background-attachment":"scroll","background-type":"","background-media":"","overlay-type":"","overlay-color":"","overlay-opacity":"","overlay-gradient":""},"tablet":{"background-color":"","background-image":"","background-repeat":"repeat","background-position":"center center","background-size":"auto","background-attachment":"scroll","background-type":"","background-media":"","overlay-type":"","overlay-color":"","overlay-opacity":"","overlay-gradient":""},"mobile":{"background-color":"","background-image":"","background-repeat":"repeat","background-position":"center center","background-size":"auto","background-attachment":"scroll","background-type":"","background-media":"","overlay-type":"","overlay-color":"","overlay-opacity":"","overlay-gradient":""}},"ast-content-background-meta":{"desktop":{"background-color":"var(--ast-global-color-4)","background-image":"","background-repeat":"repeat","background-position":"center center","background-size":"auto","background-attachment":"scroll","background-type":"","background-media":"","overlay-type":"","overlay-color":"","overlay-opacity":"","overlay-gradient":""},"tablet":{"background-color":"var(--ast-global-color-4)","background-image":"","background-repeat":"repeat","background-position":"center center","background-size":"auto","background-attachment":"scroll","background-type":"","background-media":"","overlay-type":"","overlay-color":"","overlay-opacity":"","overlay-gradient":""},"mobile":{"background-color":"var(--ast-global-color-4)","background-image":"","background-repeat":"repeat","background-position":"center center","background-size":"auto","background-attachment":"scroll","background-type":"","background-media":"","overlay-type":"","overlay-color":"","overlay-opacity":"","overlay-gradient":""}}},"product_brand":[],"product_cat":[21],"product_tag":[25],"class_list":{"0":"post-1467","1":"product","2":"type-product","3":"status-publish","4":"has-post-thumbnail","6":"product_cat-treadmills","7":"product_tag-treadmills","8":"desktop-align-left","9":"tablet-align-left","10":"mobile-align-left","12":"first","13":"instock","14":"sale","15":"taxable","16":"shipping-taxable","17":"purchasable","18":"product-type-simple"},"_links":{"self":[{"href":"http:\/\/bestfitnessstore.com\/it\/wp-json\/wp\/v2\/product\/1467","targetHints":{"allow":["GET"]}}],"collection":[{"href":"http:\/\/bestfitnessstore.com\/it\/wp-json\/wp\/v2\/product"}],"about":[{"href":"http:\/\/bestfitnessstore.com\/it\/wp-json\/wp\/v2\/types\/product"}],"replies":[{"embeddable":true,"href":"http:\/\/bestfitnessstore.com\/it\/wp-json\/wp\/v2\/comments?post=1467"}],"wp:featuredmedia":[{"embeddable":true,"href":"http:\/\/bestfitnessstore.com\/it\/wp-json\/wp\/v2\/media\/1470"}],"wp:attachment":[{"href":"http:\/\/bestfitnessstore.com\/it\/wp-json\/wp\/v2\/media?parent=1467"}],"wp:term":[{"taxonomy":"product_brand","embeddable":true,"href":"http:\/\/bestfitnessstore.com\/it\/wp-json\/wp\/v2\/product_brand?post=1467"},{"taxonomy":"product_cat","embeddable":true,"href":"http:\/\/bestfitnessstore.com\/it\/wp-json\/wp\/v2\/product_cat?post=1467"},{"taxonomy":"product_tag","embeddable":true,"href":"http:\/\/bestfitnessstore.com\/it\/wp-json\/wp\/v2\/product_tag?post=1467"}],"curies":[{"name":"wp","href":"https:\/\/api.w.org\/{rel}","templated":true}]}}