{"id":1440,"date":"2025-11-26T06:24:40","date_gmt":"2025-11-26T06:24:40","guid":{"rendered":"https:\/\/bestfitnessstore.com\/?post_type=product&#038;p=1440"},"modified":"2025-11-26T06:24:40","modified_gmt":"2025-11-26T06:24:40","slug":"tapis-roulant-spirit-ct1000-ent","status":"publish","type":"product","link":"http:\/\/bestfitnessstore.com\/it\/product\/spirit-ct1000-ent-treadmill\/","title":{"rendered":"Tapis roulant Spirit CT1000 ENT"},"content":{"rendered":"<div class=\"product-attribute-container-desktop desktop-only\">\n<div class=\"additional-attributes-wrapper table-wrapper\">\n<h4>INFORMAZIONI SUL PRODOTTO<\/h4>\n<div class=\"attributes-container\">\n<ul class=\"product-attributes-container\">\n<li><span class=\"specification-title\">Peso della confezione (KG):\u00a0<\/span><span class=\"specification-data\">267.000000<\/span><\/li>\n<li><span class=\"specification-title\">Metodo di alimentazione:\u00a0<\/span><span class=\"specification-data\">Rete elettrica<\/span><\/li>\n<li><span class=\"specification-title\">Peso massimo dell'utente (kg):\u00a0<\/span><span class=\"specification-data\">205,00 (Kg)<\/span><\/li>\n<li><span class=\"specification-title\">Dimensioni del prodotto (LxLxH):\u00a0<\/span><span class=\"specification-data\">213,50 x 90,10 x 157 cm<\/span><\/li>\n<\/ul>\n<ul class=\"product-attributes-container\">\n<li><span class=\"specification-title\">Peso del prodotto (KG):\u00a0<\/span><span class=\"specification-data\">239.50<\/span><\/li>\n<li><span class=\"specification-title\">Monitoraggio della frequenza cardiaca:\u00a0<\/span><span class=\"specification-data\">Fascia toracica, sensori integrati<\/span><\/li>\n<li><span class=\"specification-title\">Programmi integrati:\u00a0<\/span><span class=\"specification-data\">Manuale, Collina, Brucia grassi, Cardio, Forza, 2x HR, 5K, 10K, HIIT, Intervallo, Personalizzato, Test di fitness (Aeronautica, Esercito, Guardia Costiera, Marines, Marina, PEB, Gerkin, WFI)<\/span><\/li>\n<\/ul>\n<\/div>\n<\/div>\n<\/div>\n<div class=\"product-warranty\">\n<h4>GARANZIA<\/h4>\n<div class=\"text-container\"><strong>Uso domestico e commerciale leggero\/pieno:<\/strong>\u00a03 anni di ricambi e manodopera. Il prodotto deve essere utilizzato\/stoccato in un ambiente idoneo (non sono considerati idonei i luoghi con cemento umido e non sigillato o le aree con flusso d'aria costante verso l'esterno).<\/div>\n<\/div>","protected":false},"excerpt":{"rendered":"<div id=\"fullDescription\" class=\"full-description\">\n<div class=\"text-container\">\n<div data-content-type=\"html\" data-appearance=\"default\" data-element=\"main\">Dotato di uno schermo cristallino da 21,5\u201d TFT sensibile al tocco, progettato per essere intuitivo e incentrato sull'utente. \u00c8 ricco di opzioni di intrattenimento, dalle app pre-programmate (come Netflix, YouTube, Instagram, Spotify e altre ancora), al mirror casting dal vostro dispositivo, alla connessione diretta con HDMI. Gli allenamenti integrati nel tapis roulant Spirit CT1000 ENT sono di tipo Manuale, Collina, Brucia grassi, Cardio, Forza, 2x HR, 5K, 10K, HIIT, Intervallo e Test fitness personalizzato. In breve, c'\u00e8 molto da fare per gli utenti. Le manopole del polso si trovano sul manubrio di fronte al corridore per un facile monitoraggio della frequenza cardiaca durante le sessioni, oppure gli utenti possono collegare una fascia toracica se preferiscono (fascia toracica non inclusa). La struttura robusta del tapis roulant e i componenti di qualit\u00e0 superiore garantiscono agli utenti un'esperienza di allenamento senza problemi, oltre alla tranquillit\u00e0 di sapere che la macchina resister\u00e0 ai rigori dell'uso costante in ambienti commerciali. Il CT1000ENT ha una spaziosa superficie di corsa di 560 x 1575 mm e un potente sistema di alimentazione CA da 5,0 CV che consente una velocit\u00e0 massima di 24 km\/h.<\/div>\n<\/div>\n<\/div>\n<div class=\"product-attribute-container-desktop desktop-only\">\n<div class=\"additional-attributes-wrapper table-wrapper\"><\/div>\n<\/div>","protected":false},"featured_media":1444,"comment_status":"open","ping_status":"closed","template":"","meta":{"site-sidebar-layout":"default","site-content-layout":"","ast-site-content-layout":"default","site-content-style":"default","site-sidebar-style":"default","ast-global-header-display":"","ast-banner-title-visibility":"","ast-main-header-display":"","ast-hfb-above-header-display":"","ast-hfb-below-header-display":"","ast-hfb-mobile-header-display":"","site-post-title":"","ast-breadcrumbs-content":"","ast-featured-img":"","footer-sml-layout":"","theme-transparent-header-meta":"default","adv-header-id-meta":"","stick-header-meta":"","header-above-stick-meta":"","header-main-stick-meta":"","header-below-stick-meta":"","astra-migrate-meta-layouts":"set","ast-page-background-enabled":"default","ast-page-background-meta":{"desktop":{"background-color":"var(--ast-global-color-5)","background-image":"","background-repeat":"repeat","background-position":"center center","background-size":"auto","background-attachment":"scroll","background-type":"","background-media":"","overlay-type":"","overlay-color":"","overlay-opacity":"","overlay-gradient":""},"tablet":{"background-color":"","background-image":"","background-repeat":"repeat","background-position":"center center","background-size":"auto","background-attachment":"scroll","background-type":"","background-media":"","overlay-type":"","overlay-color":"","overlay-opacity":"","overlay-gradient":""},"mobile":{"background-color":"","background-image":"","background-repeat":"repeat","background-position":"center center","background-size":"auto","background-attachment":"scroll","background-type":"","background-media":"","overlay-type":"","overlay-color":"","overlay-opacity":"","overlay-gradient":""}},"ast-content-background-meta":{"desktop":{"background-color":"var(--ast-global-color-4)","background-image":"","background-repeat":"repeat","background-position":"center center","background-size":"auto","background-attachment":"scroll","background-type":"","background-media":"","overlay-type":"","overlay-color":"","overlay-opacity":"","overlay-gradient":""},"tablet":{"background-color":"var(--ast-global-color-4)","background-image":"","background-repeat":"repeat","background-position":"center center","background-size":"auto","background-attachment":"scroll","background-type":"","background-media":"","overlay-type":"","overlay-color":"","overlay-opacity":"","overlay-gradient":""},"mobile":{"background-color":"var(--ast-global-color-4)","background-image":"","background-repeat":"repeat","background-position":"center center","background-size":"auto","background-attachment":"scroll","background-type":"","background-media":"","overlay-type":"","overlay-color":"","overlay-opacity":"","overlay-gradient":""}}},"product_brand":[],"product_cat":[21],"product_tag":[25],"class_list":{"0":"post-1440","1":"product","2":"type-product","3":"status-publish","4":"has-post-thumbnail","6":"product_cat-treadmills","7":"product_tag-treadmills","8":"desktop-align-left","9":"tablet-align-left","10":"mobile-align-left","12":"first","13":"instock","14":"sale","15":"taxable","16":"shipping-taxable","17":"purchasable","18":"product-type-simple"},"_links":{"self":[{"href":"http:\/\/bestfitnessstore.com\/it\/wp-json\/wp\/v2\/product\/1440","targetHints":{"allow":["GET"]}}],"collection":[{"href":"http:\/\/bestfitnessstore.com\/it\/wp-json\/wp\/v2\/product"}],"about":[{"href":"http:\/\/bestfitnessstore.com\/it\/wp-json\/wp\/v2\/types\/product"}],"replies":[{"embeddable":true,"href":"http:\/\/bestfitnessstore.com\/it\/wp-json\/wp\/v2\/comments?post=1440"}],"wp:featuredmedia":[{"embeddable":true,"href":"http:\/\/bestfitnessstore.com\/it\/wp-json\/wp\/v2\/media\/1444"}],"wp:attachment":[{"href":"http:\/\/bestfitnessstore.com\/it\/wp-json\/wp\/v2\/media?parent=1440"}],"wp:term":[{"taxonomy":"product_brand","embeddable":true,"href":"http:\/\/bestfitnessstore.com\/it\/wp-json\/wp\/v2\/product_brand?post=1440"},{"taxonomy":"product_cat","embeddable":true,"href":"http:\/\/bestfitnessstore.com\/it\/wp-json\/wp\/v2\/product_cat?post=1440"},{"taxonomy":"product_tag","embeddable":true,"href":"http:\/\/bestfitnessstore.com\/it\/wp-json\/wp\/v2\/product_tag?post=1440"}],"curies":[{"name":"wp","href":"https:\/\/api.w.org\/{rel}","templated":true}]}}