{"id":1262,"date":"2025-11-25T16:05:47","date_gmt":"2025-11-25T16:05:47","guid":{"rendered":"https:\/\/bestfitnessstore.com\/?post_type=product&#038;p=1262"},"modified":"2025-11-25T16:05:47","modified_gmt":"2025-11-25T16:05:47","slug":"matrix-fitness-tf50-tapis-roulant-pieghevole-con-console-xer","status":"publish","type":"product","link":"http:\/\/bestfitnessstore.com\/it\/product\/matrix-fitness-tf50-folding-treadmill-with-xer-console\/","title":{"rendered":"Matrix Fitness TF50 Tapis roulant pieghevole con console XER"},"content":{"rendered":"<div class=\"product-attribute-container-desktop desktop-only\">\n<div class=\"additional-attributes-wrapper table-wrapper\">\n<h4>INFORMAZIONI SUL PRODOTTO<\/h4>\n<div class=\"attributes-container\">\n<ul class=\"product-attributes-container\">\n<li><span class=\"specification-title\">Peso della confezione (KG):\u00a0<\/span><span class=\"specification-data\">157.400000<\/span><\/li>\n<li><span class=\"specification-title\">Metodo di alimentazione:\u00a0<\/span><span class=\"specification-data\">Rete elettrica<\/span><\/li>\n<li><span class=\"specification-title\">Supporto per tablet:\u00a0<\/span><span class=\"specification-data\">S\u00ec<\/span><\/li>\n<li><span class=\"specification-title\">Pieghevole:\u00a0<\/span><span class=\"specification-data\">S\u00ec<\/span><\/li>\n<li><span class=\"specification-title\">Peso massimo dell'utente (kg):\u00a0<\/span><span class=\"specification-data\">181,00 (Kg)<\/span><\/li>\n<li><span class=\"specification-title\">Ruote di trasporto:\u00a0<\/span><span class=\"specification-data\">S\u00ec<\/span><\/li>\n<li><span class=\"specification-title\">Piegato Dimensioni (LxLxH):\u00a0<\/span><span class=\"specification-data\">106 x 91 x 192 cm<\/span><\/li>\n<\/ul>\n<ul class=\"product-attributes-container\">\n<li><span class=\"specification-title\">Peso del prodotto (KG):\u00a0<\/span><span class=\"specification-data\">139.50<\/span><\/li>\n<li><span class=\"specification-title\">Integrazione delle app:\u00a0<\/span><span class=\"specification-data\">KinoMap, Zwift<\/span><\/li>\n<li><span class=\"specification-title\">Bluetooth:\u00a0<\/span><span class=\"specification-data\">S\u00ec<\/span><\/li>\n<li><span class=\"specification-title\">Monitoraggio della frequenza cardiaca:\u00a0<\/span><span class=\"specification-data\">Sensori integrati e Bluetooth<\/span><\/li>\n<li><span class=\"specification-title\">Programmi integrati:\u00a0<\/span><span class=\"specification-data\">Manuale, Colline, Intervalli, Obiettivo tempo, Obiettivo distanza, Obiettivo calorie, Frequenza cardiaca target (velocit\u00e0), Frequenza cardiaca target (pendenza), Sprint 8, Personalizzato<\/span><\/li>\n<li><span class=\"specification-title\">Dimensioni del prodotto (LxLxH):\u00a0<\/span><span class=\"specification-data\">206 x 91 x 158 cm<\/span><\/li>\n<\/ul>\n<\/div>\n<\/div>\n<\/div>\n<div class=\"product-features\">\n<h4>CARATTERISTICHE AGGIUNTIVE<\/h4>\n<div class=\"more-container\">\n<div class=\"unshow-text\">\n<ul class=\"product-features-container\">\n<li><span class=\"specification-title\">Motore:<\/span>\u00a0<span class=\"specification-data\">Sistema di trasmissione Johnson da 3,25 HP a servizio continuo<\/span><\/li>\n<li><span class=\"specification-title\">Velocit\u00e0:<\/span>\u00a0<span class=\"specification-data\">0,8 - 20 km\/h<\/span><\/li>\n<li><span class=\"specification-title\">Inclinazione:<\/span>\u00a0<span class=\"specification-data\">0-15%<\/span><\/li>\n<li><span class=\"specification-title\">Area di corsa:<\/span>\u00a0<span class=\"specification-data\">51 x 152 cm<\/span><\/li>\n<li><span class=\"specification-title\">Spessore del nastro\/del ponte:<\/span>\u00a0<span class=\"specification-data\">2 strati, 2,2 mm \/ 25,4 mm<\/span><\/li>\n<li><span class=\"specification-title\">Console XER:<\/span>\u00a0<span class=\"specification-data\">Schermo touchscreen di classe 10\u201d con connettivit\u00e0 Bluetooth, porta USB, app per console, rack di lettura, modalit\u00e0 risparmio energetico, connettivit\u00e0 Viewfit (integrazione con le app Fitness). \u00c8 necessario il WiFi per le app e gli aggiornamenti software.<\/span><\/li>\n<li><span class=\"specification-title\">Programmi di allenamento:<\/span>\u00a0<span class=\"specification-data\">11 incorporato<\/span><\/li>\n<li><span class=\"specification-title\">Applicazioni per console:<\/span>\u00a0<span class=\"specification-data\">Virtual Active, Sprint8, YouTube, Spotify, Netflix e altro ancora. Abbonamenti non inclusi.<\/span><\/li>\n<li><span class=\"specification-title\">Monitoraggio della frequenza cardiaca:<\/span>\u00a0<span class=\"specification-data\">Monitoraggio wireless della frequenza cardiaca con impugnature per la frequenza cardiaca sulle guide laterali e cinturino Polar HR in dotazione<\/span><\/li>\n<li><span class=\"specification-title\">Sistema di coperta Ultimate Deck:<\/span>\u00a0<span class=\"specification-data\">Telaio per impieghi gravosi, piano di appoggio di grande spessore e imbottitura di tipo industriale<\/span><\/li>\n<li><span class=\"specification-title\">Accessori:<\/span>\u00a0<span class=\"specification-data\">Portabottiglie, portadispositivi, pulsanti soft-touch, sponde laterali in alluminio e sistema di trasporto a 4 ruote.<\/span><\/li>\n<li><span class=\"specification-title\">Peso massimo dell'utente:<\/span>\u00a0<span class=\"specification-data\">181 kg \/ 400 lbs<\/span><\/li>\n<li><span class=\"specification-title\">Dimensioni del prodotto (LxLxH):<\/span>\u00a0<span class=\"specification-data\">206 x 90 x 158 cm \/ 81\u201d x 35\u201d x 62\u201d<\/span><\/li>\n<li><span class=\"specification-title\">Piegato Dimensioni (LxLxH):<\/span>\u00a0<span class=\"specification-data\">106 x 90 x 192 cm \/ 42\u201d x 35\u201d x 76\u201d<\/span><\/li>\n<li><span class=\"specification-title\">Peso assemblato:<\/span>\u00a0<span class=\"specification-data\">139,5 kg<\/span><\/li>\n<\/ul>\n<\/div>\n<\/div>\n<\/div>\n<div class=\"product-warranty\">\n<h4>GARANZIA<\/h4>\n<div class=\"text-container\"><strong>Uso domestico:<\/strong>\u00a0Casa - 10 anni di motore, 3 anni di P\/L,<\/div>\n<\/div>","protected":false},"excerpt":{"rendered":"<p>Il tapis roulant pieghevole Matrix TF50 vi offre un allenamento domestico sofisticato che vi manterr\u00e0 motivati e comodi. Completo di Ultimate Deck System, il tapis roulant vanta un telaio per impieghi gravosi, una pedana di spessore elevato e un'imbottitura di tipo industriale per garantire sostegno e durata. Grazie al sistema di trasmissione Johnson da 3,25 CV, il ritmo \u00e8 perfetto perch\u00e9 il sistema si ricalibra a ogni passo, mentre ci si spinge verso i 20 km\/h di velocit\u00e0 massima e si raggiungono pendenze fino a 15%. Il tutto su un nastro da corsa spazioso e di lunghezza estesa di 51 x 152 cm. Con la console XER aggiornata, \u00e8 possibile visualizzare tutte le statistiche dell'allenamento con facilit\u00e0 sul chiaro e intuitivo display touchscreen da 10\u201d. Sono presenti 11 programmi di allenamento integrati e si possono visualizzare le app della console come Sprint 8, Virtual Active, MyFitnessPal, oltre ai programmi di intrattenimento preferiti come Netflix, Spotify, YouTube e altri (abbonamenti non inclusi). Collegate la console via WiFi per gli aggiornamenti software, la connettivit\u00e0 ViewFit, la navigazione web e le app di intrattenimento. Il tapis roulant pieghevole TF50 \u00e8 dotato di un comodo design salvaspazio che consente di riporre la macchina in posizione verticale quando non viene utilizzata. \u00c8 inoltre dotato di monitoraggio wireless della frequenza cardiaca (tramite sensori di frequenza cardiaca a contatto), portabottiglie, portadispositivi, pulsanti soft-touch, guide laterali in alluminio e sistema di trasporto a 4 ruote.<\/p>\n<div class=\"product-attribute-container-desktop desktop-only\">\n<div class=\"additional-attributes-wrapper table-wrapper\"><\/div>\n<\/div>","protected":false},"featured_media":1266,"comment_status":"open","ping_status":"closed","template":"","meta":{"site-sidebar-layout":"default","site-content-layout":"","ast-site-content-layout":"default","site-content-style":"default","site-sidebar-style":"default","ast-global-header-display":"","ast-banner-title-visibility":"","ast-main-header-display":"","ast-hfb-above-header-display":"","ast-hfb-below-header-display":"","ast-hfb-mobile-header-display":"","site-post-title":"","ast-breadcrumbs-content":"","ast-featured-img":"","footer-sml-layout":"","theme-transparent-header-meta":"default","adv-header-id-meta":"","stick-header-meta":"","header-above-stick-meta":"","header-main-stick-meta":"","header-below-stick-meta":"","astra-migrate-meta-layouts":"set","ast-page-background-enabled":"default","ast-page-background-meta":{"desktop":{"background-color":"var(--ast-global-color-5)","background-image":"","background-repeat":"repeat","background-position":"center center","background-size":"auto","background-attachment":"scroll","background-type":"","background-media":"","overlay-type":"","overlay-color":"","overlay-opacity":"","overlay-gradient":""},"tablet":{"background-color":"","background-image":"","background-repeat":"repeat","background-position":"center center","background-size":"auto","background-attachment":"scroll","background-type":"","background-media":"","overlay-type":"","overlay-color":"","overlay-opacity":"","overlay-gradient":""},"mobile":{"background-color":"","background-image":"","background-repeat":"repeat","background-position":"center center","background-size":"auto","background-attachment":"scroll","background-type":"","background-media":"","overlay-type":"","overlay-color":"","overlay-opacity":"","overlay-gradient":""}},"ast-content-background-meta":{"desktop":{"background-color":"var(--ast-global-color-4)","background-image":"","background-repeat":"repeat","background-position":"center center","background-size":"auto","background-attachment":"scroll","background-type":"","background-media":"","overlay-type":"","overlay-color":"","overlay-opacity":"","overlay-gradient":""},"tablet":{"background-color":"var(--ast-global-color-4)","background-image":"","background-repeat":"repeat","background-position":"center center","background-size":"auto","background-attachment":"scroll","background-type":"","background-media":"","overlay-type":"","overlay-color":"","overlay-opacity":"","overlay-gradient":""},"mobile":{"background-color":"var(--ast-global-color-4)","background-image":"","background-repeat":"repeat","background-position":"center center","background-size":"auto","background-attachment":"scroll","background-type":"","background-media":"","overlay-type":"","overlay-color":"","overlay-opacity":"","overlay-gradient":""}}},"product_brand":[],"product_cat":[21],"product_tag":[25],"class_list":{"0":"post-1262","1":"product","2":"type-product","3":"status-publish","4":"has-post-thumbnail","6":"product_cat-treadmills","7":"product_tag-treadmills","8":"desktop-align-left","9":"tablet-align-left","10":"mobile-align-left","12":"first","13":"instock","14":"sale","15":"taxable","16":"shipping-taxable","17":"purchasable","18":"product-type-simple"},"_links":{"self":[{"href":"http:\/\/bestfitnessstore.com\/it\/wp-json\/wp\/v2\/product\/1262","targetHints":{"allow":["GET"]}}],"collection":[{"href":"http:\/\/bestfitnessstore.com\/it\/wp-json\/wp\/v2\/product"}],"about":[{"href":"http:\/\/bestfitnessstore.com\/it\/wp-json\/wp\/v2\/types\/product"}],"replies":[{"embeddable":true,"href":"http:\/\/bestfitnessstore.com\/it\/wp-json\/wp\/v2\/comments?post=1262"}],"wp:featuredmedia":[{"embeddable":true,"href":"http:\/\/bestfitnessstore.com\/it\/wp-json\/wp\/v2\/media\/1266"}],"wp:attachment":[{"href":"http:\/\/bestfitnessstore.com\/it\/wp-json\/wp\/v2\/media?parent=1262"}],"wp:term":[{"taxonomy":"product_brand","embeddable":true,"href":"http:\/\/bestfitnessstore.com\/it\/wp-json\/wp\/v2\/product_brand?post=1262"},{"taxonomy":"product_cat","embeddable":true,"href":"http:\/\/bestfitnessstore.com\/it\/wp-json\/wp\/v2\/product_cat?post=1262"},{"taxonomy":"product_tag","embeddable":true,"href":"http:\/\/bestfitnessstore.com\/it\/wp-json\/wp\/v2\/product_tag?post=1262"}],"curies":[{"name":"wp","href":"https:\/\/api.w.org\/{rel}","templated":true}]}}