{"id":1206,"date":"2025-11-25T13:52:20","date_gmt":"2025-11-25T13:52:20","guid":{"rendered":"https:\/\/bestfitnessstore.com\/?post_type=product&#038;p=1206"},"modified":"2025-11-25T13:52:20","modified_gmt":"2025-11-25T13:52:20","slug":"tapis-roulant-pieghevole-life-fitness-f3-con-console-go","status":"publish","type":"product","link":"http:\/\/bestfitnessstore.com\/it\/product\/life-fitness-f3-folding-treadmill-with-go-console\/","title":{"rendered":"Tapis roulant pieghevole Life Fitness F3 con console Go"},"content":{"rendered":"<div class=\"product-attribute-container-desktop desktop-only\">\n<div class=\"additional-attributes-wrapper table-wrapper\">\n<h4>INFORMAZIONI SUL PRODOTTO<\/h4>\n<div class=\"attributes-container\">\n<ul class=\"product-attributes-container\">\n<li><span class=\"specification-title\">Peso della confezione (KG):\u00a0<\/span><span class=\"specification-data\">139.500000<\/span><\/li>\n<li><span class=\"specification-title\">Metodo di alimentazione:\u00a0<\/span><span class=\"specification-data\">Rete elettrica<\/span><\/li>\n<li><span class=\"specification-title\">Supporto per tablet:\u00a0<\/span><span class=\"specification-data\">No<\/span><\/li>\n<li><span class=\"specification-title\">Pieghevole:\u00a0<\/span><span class=\"specification-data\">S\u00ec<\/span><\/li>\n<li><span class=\"specification-title\">Peso massimo dell'utente (kg):\u00a0<\/span><span class=\"specification-data\">159,00 (Kg)<\/span><\/li>\n<li><span class=\"specification-title\">Ruote di trasporto:\u00a0<\/span><span class=\"specification-data\">S\u00ec<\/span><\/li>\n<li><span class=\"specification-title\">Piegato Dimensioni (LxLxH):\u00a0<\/span><span class=\"specification-data\">86 x 87 x 192 cm<\/span><\/li>\n<\/ul>\n<ul class=\"product-attributes-container\">\n<li><span class=\"specification-title\">Peso del prodotto (KG):\u00a0<\/span><span class=\"specification-data\">120<\/span><\/li>\n<li><span class=\"specification-title\">Integrazione delle app:\u00a0<\/span><span class=\"specification-data\">Life Fitness Connect<\/span><\/li>\n<li><span class=\"specification-title\">Bluetooth:\u00a0<\/span><span class=\"specification-data\">No<\/span><\/li>\n<li><span class=\"specification-title\">Monitoraggio della frequenza cardiaca:\u00a0<\/span><span class=\"specification-data\">Sensori analogici integrati<\/span><\/li>\n<li><span class=\"specification-title\">Programmi integrati:\u00a0<\/span><span class=\"specification-data\">12 allenamenti preimpostati: Manuale, Casuale, Collina, Inclinazione\/Resistenza EZ, Allenamento sportivo, Brucia grassi, Cardio, Frequenza cardiaca Collina\u2122, Intervallo di frequenza cardiaca, Frequenza cardiaca estrema\u2122, Calorie, Distanza, Obiettivo di frequenza cardiaca, oltre a modalit\u00e0 Gara, Raffreddamento\/Riscaldamento.<\/span><\/li>\n<li><span class=\"specification-title\">Dimensioni del prodotto (LxLxH):\u00a0<\/span><span class=\"specification-data\">198,50 x 87 x 148 cm<\/span><\/li>\n<\/ul>\n<\/div>\n<\/div>\n<\/div>\n<div class=\"product-features\">\n<h4>CARATTERISTICHE AGGIUNTIVE<\/h4>\n<div class=\"more-container\">\n<div class=\"unshow-text\">\n<ul class=\"product-features-container\">\n<li><span class=\"specification-title\">Motore:<\/span>\u00a0<span class=\"specification-data\">Motore CC da 3,0 HP con controller MagnaDrive\u2122<\/span><\/li>\n<li><span class=\"specification-title\">Ponte:<\/span>\u00a0<span class=\"specification-data\">1\u2033 pannello di fibra a media densit\u00e0<\/span><\/li>\n<li><span class=\"specification-title\">Sistema di assorbimento degli urti FlexDeck\u00ae:<\/span>\u00a0<span class=\"specification-data\">Riduce l'impatto di 30%<\/span><\/li>\n<li><span class=\"specification-title\">Velocit\u00e0:<\/span>\u00a0<span class=\"specification-data\">0,8-16km\/h<\/span><\/li>\n<li><span class=\"specification-title\">Inclinazione:<\/span>\u00a0<span class=\"specification-data\">0-12% (incrementi di 0,5%)<\/span><\/li>\n<li><span class=\"specification-title\">Area di corsa:<\/span>\u00a0<span class=\"specification-data\">51 cm x 140 cm (20 x 55\u201d)<\/span><\/li>\n<li><span class=\"specification-title\">Vai alla console:<\/span>\u00a0<span class=\"specification-data\">2 profili utente, 13 allenamenti, 2 allenamenti personalizzati<\/span><\/li>\n<li><span class=\"specification-title\">Display:<\/span>\u00a0<span class=\"specification-data\">LCD da 4 x 6\u2033 con sfondo blu con Go System\u2122 Quick Start<\/span><\/li>\n<li><span class=\"specification-title\">Feedback sul display:<\/span>\u00a0<span class=\"specification-data\">Calorie, Distanza, Velocit\u00e0 (mph\/km\/h), Pendenza, Tempo, Frequenza cardiaca, Frequenza cardiaca target, MET, Andatura<\/span><\/li>\n<li><span class=\"specification-title\">Allenamenti personalizzati:<\/span>\u00a0<span class=\"specification-data\">1 per profilo utente<\/span><\/li>\n<li><span class=\"specification-title\">Corrimano:<\/span>\u00a0<span class=\"specification-data\">Sponde laterali e manubrio anteriore ErgoGrip\u2122 per una maggiore stabilit\u00e0<\/span><\/li>\n<li><span class=\"specification-title\">Caratteristiche di sicurezza:<\/span>\u00a0<span class=\"specification-data\">Leva di sblocco a prova di bambino<\/span><\/li>\n<li><span class=\"specification-title\">Accessori:<\/span>\u00a0<span class=\"specification-data\">Doppio portabicchieri sovradimensionato, portaoggetti per la lettura e vassoio per gli accessori<\/span><\/li>\n<li><span class=\"specification-title\">Modalit\u00e0 risparmio energetico:<\/span>\u00a0<span class=\"specification-data\">Riduzione del consumo energetico<\/span><\/li>\n<\/ul>\n<\/div>\n<\/div>\n<\/div>\n<div class=\"product-warranty\">\n<h4>GARANZIA<\/h4>\n<div class=\"text-container\"><strong>Uso domestico:<\/strong>\u00a010 anni per il telaio, 10 anni per il motore, 3 anni per i ricambi e la manodopera, 3 mesi per gli elementi estetici.<\/div>\n<\/div>\n<div class=\"product-next-day\">\n<h4>CONSEGNA ESPRESSA<\/h4>\n<div class=\"text-container\">Per molti dei nostri prodotti sono disponibili opzioni di consegna espressa e a data prestabilita, il che significa che il prodotto verr\u00e0 consegnato gi\u00e0 domani o nella data prescelta che pi\u00f9 vi aggrada. Controllare le opzioni di consegna al momento del checkout per verificare la disponibilit\u00e0 per il proprio carrello e codice postale. Si applicano i termini di consegna.<\/div>\n<\/div>","protected":false},"excerpt":{"rendered":"<p>Il tapis roulant pieghevole F3 di Life Fitness \u00e8 un tapis roulant pieghevole che non rinuncia alla qualit\u00e0. Dotato di componenti di altissima qualit\u00e0 e completo di un design elegante e di un telaio robusto, vi stupir\u00e0 il fatto che sia davvero pieghevole! Azionato da un potente e silenzioso motore MagnaDrive\u2122 da 3,0 CV, potrete sfidare i vostri limiti senza distrarvi, anche quando raggiungerete il limite di velocit\u00e0 massima di 16 km\/h. Progettato per offrire comfort e sostegno, l'F3 \u00e8 dotato di un sistema brevettato di assorbimento degli urti FlexDeck\u00ae, che riduce l'impatto sulle articolazioni di quasi 30%. NAVIGAZIONE SEMPLICE La console Go offre un'interfaccia molto semplice da usare, che visualizza tutti i feedback importanti dell'allenamento. Per una maggiore comodit\u00e0, il pannello di controllo inferiore avvicina i pulsanti e il sistema di avvio rapido Go System\u2122 memorizza le velocit\u00e0 e le posizioni di inclinazione preferite. In questo modo \u00e8 possibile iniziare a pedalare semplicemente premendo un pulsante. \u00c8 inoltre possibile monitorare la frequenza cardiaca utilizzando il sistema di monitoraggio wireless della frequenza cardiaca o i sensori a contatto con il manubrio. ALLENAMENTI La console Go include 13 programmi di allenamento, perfetti per chi desidera una gamma semplificata di programmi tra cui scegliere. \u00c8 inoltre possibile memorizzare fino a 2 profili utente personalizzati per un allenamento pi\u00f9 mirato. L'F3 \u00e8 facile da riporre. Semplice da ripiegare in verticale, include anche una chiusura di sicurezza a prova di bambino per una maggiore sicurezza. Disponibile anche con console Track.<\/p>\n<div class=\"product-attribute-container-desktop desktop-only\">\n<div class=\"additional-attributes-wrapper table-wrapper\"><\/div>\n<\/div>","protected":false},"featured_media":1208,"comment_status":"open","ping_status":"closed","template":"","meta":{"site-sidebar-layout":"default","site-content-layout":"","ast-site-content-layout":"default","site-content-style":"default","site-sidebar-style":"default","ast-global-header-display":"","ast-banner-title-visibility":"","ast-main-header-display":"","ast-hfb-above-header-display":"","ast-hfb-below-header-display":"","ast-hfb-mobile-header-display":"","site-post-title":"","ast-breadcrumbs-content":"","ast-featured-img":"","footer-sml-layout":"","theme-transparent-header-meta":"default","adv-header-id-meta":"","stick-header-meta":"","header-above-stick-meta":"","header-main-stick-meta":"","header-below-stick-meta":"","astra-migrate-meta-layouts":"set","ast-page-background-enabled":"default","ast-page-background-meta":{"desktop":{"background-color":"var(--ast-global-color-5)","background-image":"","background-repeat":"repeat","background-position":"center center","background-size":"auto","background-attachment":"scroll","background-type":"","background-media":"","overlay-type":"","overlay-color":"","overlay-opacity":"","overlay-gradient":""},"tablet":{"background-color":"","background-image":"","background-repeat":"repeat","background-position":"center center","background-size":"auto","background-attachment":"scroll","background-type":"","background-media":"","overlay-type":"","overlay-color":"","overlay-opacity":"","overlay-gradient":""},"mobile":{"background-color":"","background-image":"","background-repeat":"repeat","background-position":"center center","background-size":"auto","background-attachment":"scroll","background-type":"","background-media":"","overlay-type":"","overlay-color":"","overlay-opacity":"","overlay-gradient":""}},"ast-content-background-meta":{"desktop":{"background-color":"var(--ast-global-color-4)","background-image":"","background-repeat":"repeat","background-position":"center center","background-size":"auto","background-attachment":"scroll","background-type":"","background-media":"","overlay-type":"","overlay-color":"","overlay-opacity":"","overlay-gradient":""},"tablet":{"background-color":"var(--ast-global-color-4)","background-image":"","background-repeat":"repeat","background-position":"center center","background-size":"auto","background-attachment":"scroll","background-type":"","background-media":"","overlay-type":"","overlay-color":"","overlay-opacity":"","overlay-gradient":""},"mobile":{"background-color":"var(--ast-global-color-4)","background-image":"","background-repeat":"repeat","background-position":"center center","background-size":"auto","background-attachment":"scroll","background-type":"","background-media":"","overlay-type":"","overlay-color":"","overlay-opacity":"","overlay-gradient":""}}},"product_brand":[],"product_cat":[21],"product_tag":[25],"class_list":{"0":"post-1206","1":"product","2":"type-product","3":"status-publish","4":"has-post-thumbnail","6":"product_cat-treadmills","7":"product_tag-treadmills","8":"desktop-align-left","9":"tablet-align-left","10":"mobile-align-left","12":"first","13":"instock","14":"sale","15":"taxable","16":"shipping-taxable","17":"purchasable","18":"product-type-simple"},"_links":{"self":[{"href":"http:\/\/bestfitnessstore.com\/it\/wp-json\/wp\/v2\/product\/1206","targetHints":{"allow":["GET"]}}],"collection":[{"href":"http:\/\/bestfitnessstore.com\/it\/wp-json\/wp\/v2\/product"}],"about":[{"href":"http:\/\/bestfitnessstore.com\/it\/wp-json\/wp\/v2\/types\/product"}],"replies":[{"embeddable":true,"href":"http:\/\/bestfitnessstore.com\/it\/wp-json\/wp\/v2\/comments?post=1206"}],"wp:featuredmedia":[{"embeddable":true,"href":"http:\/\/bestfitnessstore.com\/it\/wp-json\/wp\/v2\/media\/1208"}],"wp:attachment":[{"href":"http:\/\/bestfitnessstore.com\/it\/wp-json\/wp\/v2\/media?parent=1206"}],"wp:term":[{"taxonomy":"product_brand","embeddable":true,"href":"http:\/\/bestfitnessstore.com\/it\/wp-json\/wp\/v2\/product_brand?post=1206"},{"taxonomy":"product_cat","embeddable":true,"href":"http:\/\/bestfitnessstore.com\/it\/wp-json\/wp\/v2\/product_cat?post=1206"},{"taxonomy":"product_tag","embeddable":true,"href":"http:\/\/bestfitnessstore.com\/it\/wp-json\/wp\/v2\/product_tag?post=1206"}],"curies":[{"name":"wp","href":"https:\/\/api.w.org\/{rel}","templated":true}]}}