{"id":1145,"date":"2025-11-25T10:15:39","date_gmt":"2025-11-25T10:15:39","guid":{"rendered":"https:\/\/bestfitnessstore.com\/?post_type=product&#038;p=1145"},"modified":"2025-11-25T10:15:39","modified_gmt":"2025-11-25T10:15:39","slug":"tapis-roulant-pieghevole-body-power-ft70","status":"publish","type":"product","link":"http:\/\/bestfitnessstore.com\/it\/product\/body-power-ft70-folding-treadmill\/","title":{"rendered":"Body Power FT70 Tapis roulant pieghevole"},"content":{"rendered":"<div class=\"product-attribute-container-desktop desktop-only\">\n<div class=\"additional-attributes-wrapper table-wrapper\">\n<h5>INFORMAZIONI SUL PRODOTTO<\/h5>\n<div class=\"attributes-container\">\n<ul class=\"product-attributes-container\">\n<li><span class=\"specification-title\">Peso della confezione (KG):\u00a0<\/span><span class=\"specification-data\">89.500000<\/span><\/li>\n<li><span class=\"specification-title\">Metodo di alimentazione:\u00a0<\/span><span class=\"specification-data\">Rete elettrica<\/span><\/li>\n<li><span class=\"specification-title\">Monitoraggio della frequenza cardiaca:\u00a0<\/span><span class=\"specification-data\">Sensori integrati<\/span><\/li>\n<li><span class=\"specification-title\">Programmi integrati:\u00a0<\/span><span class=\"specification-data\">36<\/span><\/li>\n<li><span class=\"specification-title\">Dimensioni del prodotto (LxLxH):\u00a0<\/span><span class=\"specification-data\">171,10 x 81,50 x 146,30 cm<\/span><\/li>\n<li><span class=\"specification-title\">Piegato Dimensioni (LxLxH):\u00a0<\/span><span class=\"specification-data\">111,40 x 81,50 x 146,30 cm<\/span><\/li>\n<\/ul>\n<ul class=\"product-attributes-container\">\n<li><span class=\"specification-title\">Peso del prodotto (KG):\u00a0<\/span><span class=\"specification-data\">79.50<\/span><\/li>\n<li><span class=\"specification-title\">Pieghevole:\u00a0<\/span><span class=\"specification-data\">S\u00ec<\/span><\/li>\n<li><span class=\"specification-title\">Peso massimo dell'utente (kg):\u00a0<\/span><span class=\"specification-data\">130,00 (Kg)<\/span><\/li>\n<li><span class=\"specification-title\">Ruote di trasporto:\u00a0<\/span><span class=\"specification-data\">S\u00ec<\/span><\/li>\n<li><span class=\"specification-title\">Dimensioni della scatola (LxLxH):\u00a0<\/span><span class=\"specification-data\">182,50 x 87 x 29,50 cm<\/span><\/li>\n<\/ul>\n<\/div>\n<\/div>\n<\/div>\n<div class=\"product-features\">\n<h5>CARATTERISTICHE AGGIUNTIVE<\/h5>\n<div class=\"more-container\">\n<div class=\"unshow-text\">\n<ul class=\"product-features-container\">\n<li><span class=\"specification-title\">Console:<\/span>\u00a0<span class=\"specification-data\">Display a LED bianco a 3 finestre; pista da corsa a cerchi blu<\/span><\/li>\n<li><span class=\"specification-title\">Feedback della console:<\/span>\u00a0<span class=\"specification-data\">Velocit\u00e0, tempo, distanza, calorie, pulsazioni e pendenza<\/span><\/li>\n<li><span class=\"specification-title\">Motore:<\/span>\u00a0<span class=\"specification-data\">DC 3.0HP<\/span><\/li>\n<li><span class=\"specification-title\">Superficie di corsa:<\/span>\u00a0<span class=\"specification-data\">142 x 50 cm<\/span><\/li>\n<li><span class=\"specification-title\">Velocit\u00e0:<\/span>\u00a0<span class=\"specification-data\">1 - 20 km\/h<\/span><\/li>\n<li><span class=\"specification-title\">Inclinazione:<\/span>\u00a0<span class=\"specification-data\">15 livelli<\/span><\/li>\n<li><span class=\"specification-title\">Telaio pieghevole:<\/span>\u00a0<span class=\"specification-data\">Goccia morbida<\/span><\/li>\n<li><span class=\"specification-title\">Ammortizzazione:<\/span>\u00a0<span class=\"specification-data\">Sistema a 6 cuscini<\/span><\/li>\n<\/ul>\n<\/div>\n<\/div>\n<\/div>\n<div class=\"product-warranty\">\n<h5>GARANZIA<\/h5>\n<div class=\"text-container\"><strong>Uso domestico:<\/strong>\u00a02 anni di garanzia su parti e manodopera. La garanzia non copre i danni o i guasti dovuti a una collocazione impropria, compresi, ma non solo, gli ambienti umidi, polverosi o esterni. Ad esempio, garage, cantine, ecc.\u00a0<a href=\"https:\/\/super-fitness-store.com\/\" target=\"_blank\" rel=\"noopener\">Tapis roulant pieghevole in vendita<\/a><\/div>\n<\/div>","protected":false},"excerpt":{"rendered":"<div id=\"fullDescription\" class=\"full-description\">\n<div class=\"text-container\">\n<p>Il tapis roulant pieghevole Body Power FT70 \u00e8 dotato di un motore a corrente continua da 3HP, un sistema interno pi\u00f9 potente che gestisce la velocit\u00e0 massima di 20 km\/h e 15 livelli di inclinazione. Ha una superficie di corsa di 142 x 50 cm, arricchita da un sistema di ammortizzazione a 6 cuscini per ridurre l'impatto e il rischio di lesioni. Sul manubrio laterale sono integrati i comandi per la velocit\u00e0 e l'inclinazione, oltre a sensori di contatto per il monitoraggio delle pulsazioni in movimento. La console del Body Power FT70 \u00e8 costituita da un display a 3 finestre a LED bianchi che offre una facile visualizzazione di tutti i parametri importanti, tra cui velocit\u00e0, tempo, distanza, calorie, pulsazioni e pendenza. Un programma manuale definito dall'utente, altri 35 programmi integrati e predeterminati e un programma per il calcolo dell'IMC: tutto per garantire un allenamento vario, coinvolgente e stimolante. Grazie alle ruote di trasporto integrate, il Body Power FT70 pu\u00f2 essere spostato facilmente in palestra e riposto con facilit\u00e0 grazie al sistema di ripiegamento a caduta morbida.<\/p>\n<\/div>\n<\/div>\n<div class=\"product-attribute-container-desktop desktop-only\">\n<div class=\"additional-attributes-wrapper table-wrapper\"><\/div>\n<\/div>","protected":false},"featured_media":1149,"comment_status":"open","ping_status":"closed","template":"","meta":{"site-sidebar-layout":"default","site-content-layout":"","ast-site-content-layout":"default","site-content-style":"default","site-sidebar-style":"default","ast-global-header-display":"","ast-banner-title-visibility":"","ast-main-header-display":"","ast-hfb-above-header-display":"","ast-hfb-below-header-display":"","ast-hfb-mobile-header-display":"","site-post-title":"","ast-breadcrumbs-content":"","ast-featured-img":"","footer-sml-layout":"","theme-transparent-header-meta":"default","adv-header-id-meta":"","stick-header-meta":"","header-above-stick-meta":"","header-main-stick-meta":"","header-below-stick-meta":"","astra-migrate-meta-layouts":"set","ast-page-background-enabled":"default","ast-page-background-meta":{"desktop":{"background-color":"var(--ast-global-color-5)","background-image":"","background-repeat":"repeat","background-position":"center center","background-size":"auto","background-attachment":"scroll","background-type":"","background-media":"","overlay-type":"","overlay-color":"","overlay-opacity":"","overlay-gradient":""},"tablet":{"background-color":"","background-image":"","background-repeat":"repeat","background-position":"center center","background-size":"auto","background-attachment":"scroll","background-type":"","background-media":"","overlay-type":"","overlay-color":"","overlay-opacity":"","overlay-gradient":""},"mobile":{"background-color":"","background-image":"","background-repeat":"repeat","background-position":"center center","background-size":"auto","background-attachment":"scroll","background-type":"","background-media":"","overlay-type":"","overlay-color":"","overlay-opacity":"","overlay-gradient":""}},"ast-content-background-meta":{"desktop":{"background-color":"var(--ast-global-color-4)","background-image":"","background-repeat":"repeat","background-position":"center center","background-size":"auto","background-attachment":"scroll","background-type":"","background-media":"","overlay-type":"","overlay-color":"","overlay-opacity":"","overlay-gradient":""},"tablet":{"background-color":"var(--ast-global-color-4)","background-image":"","background-repeat":"repeat","background-position":"center center","background-size":"auto","background-attachment":"scroll","background-type":"","background-media":"","overlay-type":"","overlay-color":"","overlay-opacity":"","overlay-gradient":""},"mobile":{"background-color":"var(--ast-global-color-4)","background-image":"","background-repeat":"repeat","background-position":"center center","background-size":"auto","background-attachment":"scroll","background-type":"","background-media":"","overlay-type":"","overlay-color":"","overlay-opacity":"","overlay-gradient":""}}},"product_brand":[],"product_cat":[21],"product_tag":[25],"class_list":{"0":"post-1145","1":"product","2":"type-product","3":"status-publish","4":"has-post-thumbnail","6":"product_cat-treadmills","7":"product_tag-treadmills","8":"desktop-align-left","9":"tablet-align-left","10":"mobile-align-left","12":"first","13":"instock","14":"sale","15":"taxable","16":"shipping-taxable","17":"purchasable","18":"product-type-simple"},"_links":{"self":[{"href":"http:\/\/bestfitnessstore.com\/it\/wp-json\/wp\/v2\/product\/1145","targetHints":{"allow":["GET"]}}],"collection":[{"href":"http:\/\/bestfitnessstore.com\/it\/wp-json\/wp\/v2\/product"}],"about":[{"href":"http:\/\/bestfitnessstore.com\/it\/wp-json\/wp\/v2\/types\/product"}],"replies":[{"embeddable":true,"href":"http:\/\/bestfitnessstore.com\/it\/wp-json\/wp\/v2\/comments?post=1145"}],"wp:featuredmedia":[{"embeddable":true,"href":"http:\/\/bestfitnessstore.com\/it\/wp-json\/wp\/v2\/media\/1149"}],"wp:attachment":[{"href":"http:\/\/bestfitnessstore.com\/it\/wp-json\/wp\/v2\/media?parent=1145"}],"wp:term":[{"taxonomy":"product_brand","embeddable":true,"href":"http:\/\/bestfitnessstore.com\/it\/wp-json\/wp\/v2\/product_brand?post=1145"},{"taxonomy":"product_cat","embeddable":true,"href":"http:\/\/bestfitnessstore.com\/it\/wp-json\/wp\/v2\/product_cat?post=1145"},{"taxonomy":"product_tag","embeddable":true,"href":"http:\/\/bestfitnessstore.com\/it\/wp-json\/wp\/v2\/product_tag?post=1145"}],"curies":[{"name":"wp","href":"https:\/\/api.w.org\/{rel}","templated":true}]}}