{"id":1124,"date":"2025-11-25T10:01:39","date_gmt":"2025-11-25T10:01:39","guid":{"rendered":"https:\/\/bestfitnessstore.com\/?post_type=product&#038;p=1124"},"modified":"2025-11-25T10:01:39","modified_gmt":"2025-11-25T10:01:39","slug":"vogatore-waterrower-pure-vr3","status":"publish","type":"product","link":"http:\/\/bestfitnessstore.com\/it\/product\/waterrower-pure-vr3-rowing-machine\/","title":{"rendered":"Vogatore WaterRower Pure VR3"},"content":{"rendered":"<div class=\"product-attribute-container-desktop desktop-only\">\n<div class=\"additional-attributes-wrapper table-wrapper\">\n<h5>INFORMAZIONI SUL PRODOTTO<\/h5>\n<div class=\"attributes-container\">\n<ul class=\"product-attributes-container\">\n<li><span class=\"specification-title\">Peso della confezione (KG):\u00a0<\/span><span class=\"specification-data\">35.000000<\/span><\/li>\n<li><span class=\"specification-title\">Metodo di alimentazione:\u00a0<\/span><span class=\"specification-data\">Autoalimentato<\/span><\/li>\n<li><span class=\"specification-title\">Tipo di vogatore:\u00a0<\/span><span class=\"specification-data\">Acqua<\/span><\/li>\n<li><span class=\"specification-title\">Altezza massima dell'utente (cm):\u00a0<\/span><span class=\"specification-data\">208<\/span><\/li>\n<li><span class=\"specification-title\">Peso massimo dell'utente (kg):\u00a0<\/span><span class=\"specification-data\">130,00 (Kg)<\/span><\/li>\n<\/ul>\n<ul class=\"product-attributes-container\">\n<li><span class=\"specification-title\">Peso del prodotto (KG):\u00a0<\/span><span class=\"specification-data\">25<\/span><\/li>\n<li><span class=\"specification-title\">Integrazione delle app:\u00a0<\/span><span class=\"specification-data\">asensei, CityRow, EXR, KinoMap<\/span><\/li>\n<li><span class=\"specification-title\">Ruote di trasporto:\u00a0<\/span><span class=\"specification-data\">S\u00ec<\/span><\/li>\n<li><span class=\"specification-title\">Pieghevole:\u00a0<\/span><span class=\"specification-data\">No<\/span><\/li>\n<li><span class=\"specification-title\">Dimensioni del prodotto (LxLxH):\u00a0<\/span><span class=\"specification-data\">208 x 56 x 45 cm<\/span><\/li>\n<\/ul>\n<\/div>\n<\/div>\n<\/div>\n<div class=\"product-features\">\n<h5>CARATTERISTICHE AGGIUNTIVE<\/h5>\n<div class=\"more-container\">\n<div class=\"unshow-text\">\n<ul class=\"product-features-container\">\n<li><span class=\"specification-title\">Monitor:<\/span>\u00a0<span class=\"specification-data\">Monitoraggio delle prestazioni S4<\/span><\/li>\n<li><span class=\"specification-title\">Materiale del telaio:<\/span>\u00a0<span class=\"specification-data\">Quercia<\/span><\/li>\n<li><span class=\"specification-title\">Potenza:<\/span>\u00a0<span class=\"specification-data\">4x batterie AA<\/span><\/li>\n<li><span class=\"specification-title\">Compatibile con il Bluetooth:<\/span>\u00a0<span class=\"specification-data\">S\u00ec (con ComModule - venduto separatamente)<\/span><\/li>\n<li><span class=\"specification-title\">Dimensioni assemblate (LxLxH):<\/span>\u00a0<span class=\"specification-data\">208 x 56 x 45 cm<\/span><\/li>\n<li><span class=\"specification-title\">Peso (senza acqua):<\/span>\u00a0<span class=\"specification-data\">25 kg<\/span><\/li>\n<li><span class=\"specification-title\">Peso massimo dell'utente:<\/span>\u00a0<span class=\"specification-data\">130 kg \/ 20,5 stone<\/span><\/li>\n<li><span class=\"specification-title\">Altezza massima dell'utente:<\/span>\u00a0<span class=\"specification-data\">208 cm \/ 6 ft 8in<\/span><\/li>\n<li><span class=\"specification-title\">Accessori compatibili (venduti separatamente):<\/span>\u00a0<span class=\"specification-data\">Modulo Com<\/span><\/li>\n<\/ul>\n<\/div>\n<\/div>\n<\/div>\n<div class=\"product-warranty\">\n<h5>GARANZIA<\/h5>\n<div class=\"text-container\"><strong>Uso domestico:<\/strong>\u00a02 anni<\/div>\n<\/div>","protected":false},"excerpt":{"rendered":"<p>La gamma di vogatori WaterRower\u00ae offre un'impareggiabile rappresentazione del canottaggio realistico in acqua e il vogatore WaterRower Pure VR3 non \u00e8 da meno. Si tratta di un'alternativa pi\u00f9 economica alla serie WaterRower\u00ae Original, che incorpora comunque alcune delle caratteristiche brevettate da WaterRower\u00ae che distinguono queste macchine dalle altre. Prodotto negli Stati Uniti, il VR3 vanta un solido telaio in quercia con sezioni in legno pi\u00f9 sottili rispetto agli altri vogatori della gamma. \u00c8 dotato della ruota WaterFly, che simula accuratamente il canottaggio in acqua come nessun altro. Il serbatoio dell'acqua offre una corsa uniforme che grava meno sulle articolazioni e sulla schiena e, man mano che si aumenta il ritmo, aumenta naturalmente anche la resistenza. Ogni movimento \u00e8 fluido e il sedile sagomato del VR3 e il sistema di telaio a doppio binario offrono un'eccellente stabilit\u00e0. Il vogatore WaterRower\u00ae Pure VR3 \u00e8 dotato del monitor delle prestazioni S4, che offre funzionalit\u00e0 avanzate rispetto agli altri monitor LCD Quick-Start standard. Visualizza il tempo, la distanza, la velocit\u00e0, l'intensit\u00e0 e la frequenza delle bracciate e pu\u00f2 connettersi a un'ampia gamma di applicazioni iOS e Android per l'indoor rowing, come Asensei, EXR, WRTV, CityRow e altre (per la connessione Bluetooth \u00e8 necessario il ComModule, venduto separatamente). Il vogatore WaterRower\u00ae Pure VR3 \u00e8 dotato di ruote integrate per il trasporto, che ne facilitano lo spostamento sul pavimento della palestra, e pu\u00f2 essere riposto verticalmente quando non viene utilizzato per risparmiare spazio. WaterRower\u00ae \u00e8 un marchio registrato di WaterRower (UK) Ltd e delle sue affiliate.<\/p>\n<div class=\"product-attribute-container-desktop desktop-only\">\n<div class=\"additional-attributes-wrapper table-wrapper\"><\/div>\n<\/div>","protected":false},"featured_media":1126,"comment_status":"open","ping_status":"closed","template":"","meta":{"site-sidebar-layout":"default","site-content-layout":"","ast-site-content-layout":"default","site-content-style":"default","site-sidebar-style":"default","ast-global-header-display":"","ast-banner-title-visibility":"","ast-main-header-display":"","ast-hfb-above-header-display":"","ast-hfb-below-header-display":"","ast-hfb-mobile-header-display":"","site-post-title":"","ast-breadcrumbs-content":"","ast-featured-img":"","footer-sml-layout":"","theme-transparent-header-meta":"default","adv-header-id-meta":"","stick-header-meta":"","header-above-stick-meta":"","header-main-stick-meta":"","header-below-stick-meta":"","astra-migrate-meta-layouts":"set","ast-page-background-enabled":"default","ast-page-background-meta":{"desktop":{"background-color":"var(--ast-global-color-5)","background-image":"","background-repeat":"repeat","background-position":"center center","background-size":"auto","background-attachment":"scroll","background-type":"","background-media":"","overlay-type":"","overlay-color":"","overlay-opacity":"","overlay-gradient":""},"tablet":{"background-color":"","background-image":"","background-repeat":"repeat","background-position":"center center","background-size":"auto","background-attachment":"scroll","background-type":"","background-media":"","overlay-type":"","overlay-color":"","overlay-opacity":"","overlay-gradient":""},"mobile":{"background-color":"","background-image":"","background-repeat":"repeat","background-position":"center center","background-size":"auto","background-attachment":"scroll","background-type":"","background-media":"","overlay-type":"","overlay-color":"","overlay-opacity":"","overlay-gradient":""}},"ast-content-background-meta":{"desktop":{"background-color":"var(--ast-global-color-4)","background-image":"","background-repeat":"repeat","background-position":"center center","background-size":"auto","background-attachment":"scroll","background-type":"","background-media":"","overlay-type":"","overlay-color":"","overlay-opacity":"","overlay-gradient":""},"tablet":{"background-color":"var(--ast-global-color-4)","background-image":"","background-repeat":"repeat","background-position":"center center","background-size":"auto","background-attachment":"scroll","background-type":"","background-media":"","overlay-type":"","overlay-color":"","overlay-opacity":"","overlay-gradient":""},"mobile":{"background-color":"var(--ast-global-color-4)","background-image":"","background-repeat":"repeat","background-position":"center center","background-size":"auto","background-attachment":"scroll","background-type":"","background-media":"","overlay-type":"","overlay-color":"","overlay-opacity":"","overlay-gradient":""}}},"product_brand":[],"product_cat":[20],"product_tag":[24],"class_list":{"0":"post-1124","1":"product","2":"type-product","3":"status-publish","4":"has-post-thumbnail","6":"product_cat-rowing-machine","7":"product_tag-rowing-machines","8":"desktop-align-left","9":"tablet-align-left","10":"mobile-align-left","12":"first","13":"instock","14":"sale","15":"taxable","16":"shipping-taxable","17":"purchasable","18":"product-type-simple"},"_links":{"self":[{"href":"http:\/\/bestfitnessstore.com\/it\/wp-json\/wp\/v2\/product\/1124","targetHints":{"allow":["GET"]}}],"collection":[{"href":"http:\/\/bestfitnessstore.com\/it\/wp-json\/wp\/v2\/product"}],"about":[{"href":"http:\/\/bestfitnessstore.com\/it\/wp-json\/wp\/v2\/types\/product"}],"replies":[{"embeddable":true,"href":"http:\/\/bestfitnessstore.com\/it\/wp-json\/wp\/v2\/comments?post=1124"}],"wp:featuredmedia":[{"embeddable":true,"href":"http:\/\/bestfitnessstore.com\/it\/wp-json\/wp\/v2\/media\/1126"}],"wp:attachment":[{"href":"http:\/\/bestfitnessstore.com\/it\/wp-json\/wp\/v2\/media?parent=1124"}],"wp:term":[{"taxonomy":"product_brand","embeddable":true,"href":"http:\/\/bestfitnessstore.com\/it\/wp-json\/wp\/v2\/product_brand?post=1124"},{"taxonomy":"product_cat","embeddable":true,"href":"http:\/\/bestfitnessstore.com\/it\/wp-json\/wp\/v2\/product_cat?post=1124"},{"taxonomy":"product_tag","embeddable":true,"href":"http:\/\/bestfitnessstore.com\/it\/wp-json\/wp\/v2\/product_tag?post=1124"}],"curies":[{"name":"wp","href":"https:\/\/api.w.org\/{rel}","templated":true}]}}