{"id":1119,"date":"2025-11-25T09:59:20","date_gmt":"2025-11-25T09:59:20","guid":{"rendered":"https:\/\/bestfitnessstore.com\/?post_type=product&#038;p=1119"},"modified":"2025-11-25T09:59:20","modified_gmt":"2025-11-25T09:59:20","slug":"ergometro-per-le-prestazioni-dellacquaiolo","status":"publish","type":"product","link":"http:\/\/bestfitnessstore.com\/it\/product\/waterrower-performance-ergometer\/","title":{"rendered":"Ergometro WaterRower Performance"},"content":{"rendered":"<div class=\"product-attribute-container-desktop desktop-only\">\n<h4>INFORMAZIONI SUL PRODOTTO<\/h4>\n<p class=\"information-placeholder\">Selezionare l'opzione o le opzioni del prodotto per visualizzare le informazioni sul prodotto.<\/p>\n<div class=\"attributes-container\"><\/div>\n<\/div>\n<div class=\"product-features\">\n<h4>CARATTERISTICHE AGGIUNTIVE<\/h4>\n<div class=\"more-container\">\n<div class=\"unshow-text\">\n<ul class=\"product-features-container\">\n<li><span class=\"specification-title\">Monitor:<\/span>\u00a0<span class=\"specification-data\">App SmartRow (\u00e8 necessario un dispositivo iOS o Android compatibile)<\/span><\/li>\n<li><span class=\"specification-title\">Materiali:<\/span>\u00a0<span class=\"specification-data\">Legno duro degli Appalachi (disponibile in quercia o noce)<\/span><\/li>\n<li><span class=\"specification-title\">Potenza:<\/span>\u00a0<span class=\"specification-data\">3x batterie AA<\/span><\/li>\n<li><span class=\"specification-title\">Compatibile con il Bluetooth:<\/span>\u00a0<span class=\"specification-data\">S\u00ec (con SmartRow incluso)<\/span><\/li>\n<li><span class=\"specification-title\">Monitoraggio della frequenza cardiaca:<\/span>\u00a0<span class=\"specification-data\">Fascia toracica non inclusa<\/span><\/li>\n<li><span class=\"specification-title\">Dimensioni assemblate (LxLxH):<\/span>\u00a0<span class=\"specification-data\">219 x 56 x 92 (braccio della tavoletta sollevato)\/56 (braccio della tavoletta ripiegato) cm<\/span><\/li>\n<li><span class=\"specification-title\">Altezza della seduta:<\/span>\u00a0<span class=\"specification-data\">30 cm<\/span><\/li>\n<li><span class=\"specification-title\">Peso (senza acqua):<\/span>\u00a0<span class=\"specification-data\">31,5 kg<\/span><\/li>\n<li><span class=\"specification-title\">Peso massimo dell'utente:<\/span>\u00a0<span class=\"specification-data\">315 kg \/ 695 lb<\/span><\/li>\n<li><span class=\"specification-title\">Altezza massima dell'utente:<\/span>\u00a0<span class=\"specification-data\">213 cm \/ 7 ft<\/span><\/li>\n<li><span class=\"specification-title\">Accessori compatibili (venduti separatamente):<\/span>\u00a0<span class=\"specification-data\">Supporto per laptop<\/span><\/li>\n<\/ul>\n<\/div>\n<\/div>\n<\/div>\n<div class=\"product-warranty\">\n<h4>GARANZIA<\/h4>\n<div class=\"text-container\">\n<p class=\"warranty-details\">Selezionare le opzioni del prodotto per visualizzare i dettagli della garanzia.<\/p>\n<\/div>\n<\/div>\n<div class=\"product-next-day\">\n<h4>CONSEGNA ESPRESSA<\/h4>\n<div class=\"text-container\">Per molti dei nostri prodotti sono disponibili opzioni di consegna espressa e a data prestabilita, il che significa che il prodotto verr\u00e0 consegnato gi\u00e0 domani o nella data prescelta che pi\u00f9 vi aggrada. Controllare le opzioni di consegna al momento del checkout per verificare la disponibilit\u00e0 per il proprio carrello e codice postale. Si applicano i termini di consegna.<\/div>\n<\/div>","protected":false},"excerpt":{"rendered":"<p>Realizzato a mano negli Stati Uniti, l'Ergometro WaterRower\u00ae Performance \u00e8 progettato per gli appassionati di fitness e per i vogatori che desiderano dati e analisi approfondite sull'allenamento. L'Ergometro Performance \u00e8 dotato della tecnologia SmartRow integrata al posto del Performance Monitor S4 presente sulla WaterRower\u00ae Original Series. SmartRow \u00e8 un misuratore di potenza intelligente che fornisce misurazioni estremamente precise delle prestazioni del WaterRower\u00ae, compresa la potenza erogata. Il Performance Ergomoeter comprende un supporto pieghevole per telefono\/tablet, con i dati sulle prestazioni trasmessi in modalit\u00e0 wireless tramite Bluetooth all'applicazione SmartRow (compatibile con iOS e Android - telefono\/tablet non inclusi). \u00c8 possibile impostare SmartRow per visualizzare i parametri pi\u00f9 importanti per l'utente, tra cui potenza (W), lavoro (J), energia (kCal), lunghezza della corsa (CM), velocit\u00e0 media (\/500m) e molto altro. Con SmartRow, \u00e8 possibile competere in diretta ed essere classificati contro altri utenti del WaterRower\u00ae Performance Ergometer di tutto il mondo e integrarsi con app di fitness tracking come Strava e Apple Health. \u00c8 anche possibile scegliere tra allenamenti preimpostati per principianti, intermedi o avanzati per un allenamento guidato! Il vogatore \u00e8 realizzato a mano in legno di quercia o noce a scelta. Il suo grande serbatoio d'acqua con ruota WaterFly brevettata riproduce fedelmente la sensazione di remare su una vera barca, utilizzando fino a 84% della vostra massa muscolare in ogni bracciata. Non dovete preoccuparvi di regolare manualmente la resistenza: pi\u00f9 forte e veloce remate, pi\u00f9 resistenza sentirete. Una volta terminato l'allenamento, \u00e8 sufficiente ripiegare il braccio del telefono\/tablet e sollevare l'ergometro Performance dall'estremit\u00e0 per riporlo in verticale e risparmiare spazio sul pavimento. Altre caratteristiche includono una pedana commerciale a forma di cuore e un'impugnatura pi\u00f9 ampia e facile da impugnare. WaterRower\u00ae \u00e8 un marchio registrato di WaterRower (UK) Ltd e delle sue affiliate.<\/p>\n<div class=\"product-attribute-container-desktop desktop-only\"><\/div>","protected":false},"featured_media":1123,"comment_status":"open","ping_status":"closed","template":"","meta":{"site-sidebar-layout":"default","site-content-layout":"","ast-site-content-layout":"default","site-content-style":"default","site-sidebar-style":"default","ast-global-header-display":"","ast-banner-title-visibility":"","ast-main-header-display":"","ast-hfb-above-header-display":"","ast-hfb-below-header-display":"","ast-hfb-mobile-header-display":"","site-post-title":"","ast-breadcrumbs-content":"","ast-featured-img":"","footer-sml-layout":"","theme-transparent-header-meta":"default","adv-header-id-meta":"","stick-header-meta":"","header-above-stick-meta":"","header-main-stick-meta":"","header-below-stick-meta":"","astra-migrate-meta-layouts":"set","ast-page-background-enabled":"default","ast-page-background-meta":{"desktop":{"background-color":"var(--ast-global-color-5)","background-image":"","background-repeat":"repeat","background-position":"center center","background-size":"auto","background-attachment":"scroll","background-type":"","background-media":"","overlay-type":"","overlay-color":"","overlay-opacity":"","overlay-gradient":""},"tablet":{"background-color":"","background-image":"","background-repeat":"repeat","background-position":"center center","background-size":"auto","background-attachment":"scroll","background-type":"","background-media":"","overlay-type":"","overlay-color":"","overlay-opacity":"","overlay-gradient":""},"mobile":{"background-color":"","background-image":"","background-repeat":"repeat","background-position":"center center","background-size":"auto","background-attachment":"scroll","background-type":"","background-media":"","overlay-type":"","overlay-color":"","overlay-opacity":"","overlay-gradient":""}},"ast-content-background-meta":{"desktop":{"background-color":"var(--ast-global-color-4)","background-image":"","background-repeat":"repeat","background-position":"center center","background-size":"auto","background-attachment":"scroll","background-type":"","background-media":"","overlay-type":"","overlay-color":"","overlay-opacity":"","overlay-gradient":""},"tablet":{"background-color":"var(--ast-global-color-4)","background-image":"","background-repeat":"repeat","background-position":"center center","background-size":"auto","background-attachment":"scroll","background-type":"","background-media":"","overlay-type":"","overlay-color":"","overlay-opacity":"","overlay-gradient":""},"mobile":{"background-color":"var(--ast-global-color-4)","background-image":"","background-repeat":"repeat","background-position":"center center","background-size":"auto","background-attachment":"scroll","background-type":"","background-media":"","overlay-type":"","overlay-color":"","overlay-opacity":"","overlay-gradient":""}}},"product_brand":[],"product_cat":[20],"product_tag":[24],"class_list":{"0":"post-1119","1":"product","2":"type-product","3":"status-publish","4":"has-post-thumbnail","6":"product_cat-rowing-machine","7":"product_tag-rowing-machines","8":"desktop-align-left","9":"tablet-align-left","10":"mobile-align-left","12":"first","13":"instock","14":"sale","15":"taxable","16":"shipping-taxable","17":"purchasable","18":"product-type-simple"},"_links":{"self":[{"href":"http:\/\/bestfitnessstore.com\/it\/wp-json\/wp\/v2\/product\/1119","targetHints":{"allow":["GET"]}}],"collection":[{"href":"http:\/\/bestfitnessstore.com\/it\/wp-json\/wp\/v2\/product"}],"about":[{"href":"http:\/\/bestfitnessstore.com\/it\/wp-json\/wp\/v2\/types\/product"}],"replies":[{"embeddable":true,"href":"http:\/\/bestfitnessstore.com\/it\/wp-json\/wp\/v2\/comments?post=1119"}],"wp:featuredmedia":[{"embeddable":true,"href":"http:\/\/bestfitnessstore.com\/it\/wp-json\/wp\/v2\/media\/1123"}],"wp:attachment":[{"href":"http:\/\/bestfitnessstore.com\/it\/wp-json\/wp\/v2\/media?parent=1119"}],"wp:term":[{"taxonomy":"product_brand","embeddable":true,"href":"http:\/\/bestfitnessstore.com\/it\/wp-json\/wp\/v2\/product_brand?post=1119"},{"taxonomy":"product_cat","embeddable":true,"href":"http:\/\/bestfitnessstore.com\/it\/wp-json\/wp\/v2\/product_cat?post=1119"},{"taxonomy":"product_tag","embeddable":true,"href":"http:\/\/bestfitnessstore.com\/it\/wp-json\/wp\/v2\/product_tag?post=1119"}],"curies":[{"name":"wp","href":"https:\/\/api.w.org\/{rel}","templated":true}]}}