{"id":1095,"date":"2025-11-25T09:45:03","date_gmt":"2025-11-25T09:45:03","guid":{"rendered":"https:\/\/bestfitnessstore.com\/?post_type=product&#038;p=1095"},"modified":"2025-11-25T09:45:03","modified_gmt":"2025-11-25T09:45:03","slug":"vogatore-proform-750-r","status":"publish","type":"product","link":"http:\/\/bestfitnessstore.com\/it\/product\/proform-750-r-rowing-machine\/","title":{"rendered":"Vogatore ProForm 750 R"},"content":{"rendered":"<div class=\"product-attribute-container-desktop desktop-only\">\n<div class=\"additional-attributes-wrapper table-wrapper\">\n<h4>INFORMAZIONI SUL PRODOTTO<\/h4>\n<div class=\"attributes-container\">\n<ul class=\"product-attributes-container\">\n<li><span class=\"specification-title\">Peso della confezione (KG):\u00a0<\/span><span class=\"specification-data\">55.000000<\/span><\/li>\n<li><span class=\"specification-title\">Integrazione delle app:\u00a0<\/span><span class=\"specification-data\">iFIT<\/span><\/li>\n<li><span class=\"specification-title\">Tipo di vogatore:\u00a0<\/span><span class=\"specification-data\">Magnetico<\/span><\/li>\n<li><span class=\"specification-title\">Pieghevole:\u00a0<\/span><span class=\"specification-data\">S\u00ec<\/span><\/li>\n<li><span class=\"specification-title\">Peso massimo dell'utente (kg):\u00a0<\/span><span class=\"specification-data\">115,00 (Kg)<\/span><\/li>\n<li><span class=\"specification-title\">Dimensioni della scatola (LxLxH):\u00a0<\/span><span class=\"specification-data\">118 x 58 x 65 cm<\/span><\/li>\n<\/ul>\n<ul class=\"product-attributes-container\">\n<li><span class=\"specification-title\">Metodo di alimentazione:\u00a0<\/span><span class=\"specification-data\">Rete elettrica<\/span><\/li>\n<li><span class=\"specification-title\">Supporto per tablet:\u00a0<\/span><span class=\"specification-data\">S\u00ec<\/span><\/li>\n<li><span class=\"specification-title\">Ruote di trasporto:\u00a0<\/span><span class=\"specification-data\">S\u00ec<\/span><\/li>\n<li><span class=\"specification-title\">Monitoraggio della frequenza cardiaca:\u00a0<\/span><span class=\"specification-data\">Fascia toracica<\/span><\/li>\n<li><span class=\"specification-title\">Dimensioni del prodotto (LxLxH):\u00a0<\/span><span class=\"specification-data\">220 x 56 x 116 cm<\/span><\/li>\n<li><span class=\"specification-title\">Piegato Dimensioni (LxLxH):\u00a0<\/span><span class=\"specification-data\">110 x 56 x 114 cm<\/span><\/li>\n<\/ul>\n<\/div>\n<\/div>\n<\/div>\n<div class=\"product-features\">\n<h4>CARATTERISTICHE AGGIUNTIVE<\/h4>\n<div class=\"more-container\">\n<div class=\"unshow-text\">\n<ul class=\"product-features-container\">\n<li><span class=\"specification-title\">SMR\u2122 Resistenza magnetica silenziosa:<\/span>\u00a0<span class=\"specification-data\">Cambi di resistenza fluidi in movimento<\/span><\/li>\n<li><span class=\"specification-title\">Livelli di resistenza:<\/span>\u00a0<span class=\"specification-data\">24<\/span><\/li>\n<li><span class=\"specification-title\">Sedile ergonomico:<\/span>\u00a0<span class=\"specification-data\">Modellato per una migliore vestibilit\u00e0<\/span><\/li>\n<li><span class=\"specification-title\">Pedali:<\/span>\u00a0<span class=\"specification-data\">Oversize e girevole; cinghie in nylon regolabili<\/span><\/li>\n<li><span class=\"specification-title\">Maniglia:<\/span>\u00a0<span class=\"specification-data\">Impugnatura ergonomica Soft Touch<\/span><\/li>\n<li><span class=\"specification-title\">Display:<\/span>\u00a0<span class=\"specification-data\">Display multicolore da 5\u201d ad alto contrasto; angolo della console regolabile<\/span><\/li>\n<li><span class=\"specification-title\">Compatibile con IFIT:<\/span>\u00a0<span class=\"specification-data\">Sperimentate allenamenti virtuali personalizzati guidati dai migliori allenatori del mondo nel comfort di casa vostra (abbonamento iFIT di 30 giorni incluso).<\/span><\/li>\n<li><span class=\"specification-title\">Design salvaspazio:<\/span>\u00a0<span class=\"specification-data\">Innovativo telaio pieghevole<\/span><\/li>\n<li><span class=\"specification-title\">Tecnologia ActivePulse\u2122:<\/span>\u00a0<span class=\"specification-data\">Fascia da braccio non inclusa<\/span><\/li>\n<li><span class=\"specification-title\">Prova IFIT:<\/span>\u00a0<span class=\"specification-data\">Prova di iFIT di 30 giorni inclusa. Per l'attivazione \u00e8 necessaria la carta di credito. L'iscrizione a iFIT si rinnova automaticamente se non viene annullata in anticipo. La prova di 30 giorni si applica solo alle nuove iscrizioni.<\/span><\/li>\n<\/ul>\n<\/div>\n<\/div>\n<\/div>\n<div class=\"product-warranty\">\n<h4>GARANZIA<\/h4>\n<div class=\"text-container\"><strong>Uso domestico:<\/strong>\u00a0Due anni di parti e manodopera (si applicano le condizioni) a condizione che il prodotto venga registrato entro 28 giorni dall'acquisto. La garanzia standard \u00e8 di 12 mesi per parti e manodopera. ICON \u00e8 il produttore di NordicTrack e Pro-Form. Di seguito sono riportate le loro condizioni di garanzia. ICON Health and Fitness, Inc. (ICON) garantisce che questo prodotto \u00e8 privo di difetti di fabbricazione e di materiale, in condizioni d'uso e di manutenzione normali, per un periodo di 12 mesi dalla data di acquisto originale. Nota: le estensioni della garanzia possono essere applicate a questo prodotto a condizione che venga registrato presso il centro di assistenza clienti locale entro 28 giorni dall'acquisto. Per registrare il prodotto e beneficiare di eventuali estensioni della garanzia, compilare la scheda di registrazione della garanzia e inviarla, insieme alla prova d'acquisto, all'indirizzo indicato sul retro della copertina di questo libretto o registrarsi online sul sito iconsupport.eu. I dettagli completi sulle estensioni della garanzia e sulla garanzia del produttore ICON sono disponibili su richiesta presso il centro di assistenza clienti locale o online su iconsupport.eu. Termini La presente garanzia si estende solo all'acquirente originale (l'utente) e non \u00e8 trasferibile. La garanzia non copre 1. la normale usura; 2. qualsiasi adattamento o modifica per migliorare il prodotto rispetto alla sua normale destinazione d'uso, come descritto nel manuale d'uso; 3. i danni derivanti da: 1. la perdita di controllo del prodotto. danni derivanti da: a) trasporto; b) abuso, uso improprio, mancata osservanza delle istruzioni o uso improprio o anormale; c) uso non domestico (incluso, ma non limitato a scopi commerciali, professionali o di noleggio); d) riparazioni non fornite da un fornitore di servizi autorizzato da ICON; e) incidenti, fulmini, acqua, fuoco o qualsiasi altra causa al di fuori del controllo di ICON; f) collocazione impropria, inclusi, ma non solo, ambienti umidi, polverosi o all'aperto (esempi: garage, cantine) ICON non \u00e8 responsabile per danni indiretti, speciali o consequenziali derivanti da o in connessione con l'uso o le prestazioni del prodotto o per danni relativi a perdite economiche, perdita di propriet\u00e0, perdita di ricavi o profitti, perdita di godimento o uso, o costi di rimozione o installazione. La presente garanzia copre i prodotti acquistati e utilizzati all'interno dell'Unione Europea; tuttavia, non tutti i prodotti sono distribuiti in tutti i paesi. Ci\u00f2 potrebbe comportare ritardi nella copertura della garanzia se il prodotto \u00e8 stato acquistato in un paese diverso e non \u00e8 supportato nel paese di residenza. Potrebbe essere necessario eseguire le riparazioni presso un centro di riparazione autorizzato da ICON. ICON si riserva il diritto di estendere o aumentare la copertura. La garanzia si aggiunge e non pregiudica in alcun modo i diritti legali dell'utente ai sensi delle leggi nazionali vigenti, n\u00e9 i diritti dell'utente nei confronti del rivenditore derivanti dal contratto di vendita\/acquisto.<\/div>\n<\/div>\n<div class=\"product-next-day\">\n<h4>CONSEGNA ESPRESSA<\/h4>\n<div class=\"text-container\">Per molti dei nostri prodotti sono disponibili opzioni di consegna espressa e a data prestabilita, il che significa che il prodotto verr\u00e0 consegnato gi\u00e0 domani o nella data prescelta che pi\u00f9 vi aggrada. Controllare le opzioni di consegna al momento del checkout per verificare la disponibilit\u00e0 per il proprio carrello e codice postale. Si applicano i termini di consegna.<\/div>\n<\/div>","protected":false},"excerpt":{"rendered":"<p>Con un esclusivo telaio salvaspazio che si ripiega al centro per massimizzare lo spazio sul pavimento, il vogatore ProForm 750 R \u00e8 l'opzione ideale per le palestre domestiche compatte. 24 livelli di resistenza digitale assicurano che ogni corsa sia impegnativa come si desidera, utilizzando il sistema di resistenza magnetica silenziosa SMR\u2122 di ProForm per cambiare intensit\u00e0 senza attrito. Tutti i punti di contatto sono sovradimensionati per un maggiore comfort, compresi i pedali girevoli con cinghie in nylon regolabili e la barra del sedile in alluminio. Il sedile \u00e8 progettato ergonomicamente e modellato per una migliore vestibilit\u00e0, mentre l'impugnatura \u00e8 realizzata con materiali Soft Touch\u2122 per una presa sicura. Inclinate il display multicolore da 5\u201d ad alto contrasto per trovare l'angolazione ottimale per tenere traccia delle vostre statistiche, riponendo il tablet nel supporto integrato. Scaricate l'App iFIT sul vostro tablet o dispositivo smart, collegatela al vogatore 750 R e potrete godere di una selezione praticamente illimitata di allenamenti personalizzati eseguiti dai migliori allenatori del mondo nel comfort di casa vostra. Accedete a un allenamento ogni giorno, registrate automaticamente i vostri progressi, godetevi i percorsi reali con Google Maps\u2122, gareggiate con i vostri amici, personalizzate l'allenamento in base ai vostri obiettivi specifici e altro ancora (abbonamento iFIT di 30 giorni incluso*). Il vogatore ProForm 750 R beneficia anche della tecnologia ActivePulse (\u00e8 necessaria la fascia da braccio SmartBeat, non inclusa), che regola automaticamente la resistenza per assicurarvi di rimanere nella zona di frequenza cardiaca ideale, e di SmartAdjust, che mette la resistenza nelle mani dei vostri allenatori iFIT. Ascoltate la vostra musica o il vostro allenamento ad alta voce grazie agli altoparlanti da 2 x 2\u201d, oppure collegate le cuffie via Bluetooth per un'esperienza di voga pi\u00f9 silenziosa. * Prova iFIT di 30 giorni inclusa. Per l'attivazione \u00e8 necessaria la carta di credito. L'abbonamento iFIT si rinnova automaticamente se non viene annullato in anticipo. La prova di 30 giorni si applica solo alle nuove iscrizioni. Il tablet mostrato nelle immagini non \u00e8 incluso.<\/p>\n<div class=\"product-attribute-container-desktop desktop-only\">\n<div class=\"additional-attributes-wrapper table-wrapper\"><\/div>\n<\/div>","protected":false},"featured_media":1099,"comment_status":"open","ping_status":"closed","template":"","meta":{"site-sidebar-layout":"default","site-content-layout":"","ast-site-content-layout":"default","site-content-style":"default","site-sidebar-style":"default","ast-global-header-display":"","ast-banner-title-visibility":"","ast-main-header-display":"","ast-hfb-above-header-display":"","ast-hfb-below-header-display":"","ast-hfb-mobile-header-display":"","site-post-title":"","ast-breadcrumbs-content":"","ast-featured-img":"","footer-sml-layout":"","theme-transparent-header-meta":"default","adv-header-id-meta":"","stick-header-meta":"","header-above-stick-meta":"","header-main-stick-meta":"","header-below-stick-meta":"","astra-migrate-meta-layouts":"set","ast-page-background-enabled":"default","ast-page-background-meta":{"desktop":{"background-color":"var(--ast-global-color-5)","background-image":"","background-repeat":"repeat","background-position":"center center","background-size":"auto","background-attachment":"scroll","background-type":"","background-media":"","overlay-type":"","overlay-color":"","overlay-opacity":"","overlay-gradient":""},"tablet":{"background-color":"","background-image":"","background-repeat":"repeat","background-position":"center center","background-size":"auto","background-attachment":"scroll","background-type":"","background-media":"","overlay-type":"","overlay-color":"","overlay-opacity":"","overlay-gradient":""},"mobile":{"background-color":"","background-image":"","background-repeat":"repeat","background-position":"center center","background-size":"auto","background-attachment":"scroll","background-type":"","background-media":"","overlay-type":"","overlay-color":"","overlay-opacity":"","overlay-gradient":""}},"ast-content-background-meta":{"desktop":{"background-color":"var(--ast-global-color-4)","background-image":"","background-repeat":"repeat","background-position":"center center","background-size":"auto","background-attachment":"scroll","background-type":"","background-media":"","overlay-type":"","overlay-color":"","overlay-opacity":"","overlay-gradient":""},"tablet":{"background-color":"var(--ast-global-color-4)","background-image":"","background-repeat":"repeat","background-position":"center center","background-size":"auto","background-attachment":"scroll","background-type":"","background-media":"","overlay-type":"","overlay-color":"","overlay-opacity":"","overlay-gradient":""},"mobile":{"background-color":"var(--ast-global-color-4)","background-image":"","background-repeat":"repeat","background-position":"center center","background-size":"auto","background-attachment":"scroll","background-type":"","background-media":"","overlay-type":"","overlay-color":"","overlay-opacity":"","overlay-gradient":""}}},"product_brand":[],"product_cat":[20],"product_tag":[24],"class_list":{"0":"post-1095","1":"product","2":"type-product","3":"status-publish","4":"has-post-thumbnail","6":"product_cat-rowing-machine","7":"product_tag-rowing-machines","8":"desktop-align-left","9":"tablet-align-left","10":"mobile-align-left","12":"first","13":"instock","14":"sale","15":"taxable","16":"shipping-taxable","17":"purchasable","18":"product-type-simple"},"_links":{"self":[{"href":"http:\/\/bestfitnessstore.com\/it\/wp-json\/wp\/v2\/product\/1095","targetHints":{"allow":["GET"]}}],"collection":[{"href":"http:\/\/bestfitnessstore.com\/it\/wp-json\/wp\/v2\/product"}],"about":[{"href":"http:\/\/bestfitnessstore.com\/it\/wp-json\/wp\/v2\/types\/product"}],"replies":[{"embeddable":true,"href":"http:\/\/bestfitnessstore.com\/it\/wp-json\/wp\/v2\/comments?post=1095"}],"wp:featuredmedia":[{"embeddable":true,"href":"http:\/\/bestfitnessstore.com\/it\/wp-json\/wp\/v2\/media\/1099"}],"wp:attachment":[{"href":"http:\/\/bestfitnessstore.com\/it\/wp-json\/wp\/v2\/media?parent=1095"}],"wp:term":[{"taxonomy":"product_brand","embeddable":true,"href":"http:\/\/bestfitnessstore.com\/it\/wp-json\/wp\/v2\/product_brand?post=1095"},{"taxonomy":"product_cat","embeddable":true,"href":"http:\/\/bestfitnessstore.com\/it\/wp-json\/wp\/v2\/product_cat?post=1095"},{"taxonomy":"product_tag","embeddable":true,"href":"http:\/\/bestfitnessstore.com\/it\/wp-json\/wp\/v2\/product_tag?post=1095"}],"curies":[{"name":"wp","href":"https:\/\/api.w.org\/{rel}","templated":true}]}}